{"id":141,"date":"2015-03-17T07:13:24","date_gmt":"2015-03-17T07:13:24","guid":{"rendered":"http:\/\/blogsaverroes.juntadeandalucia.es\/pre\/ceip\/?page_id=141"},"modified":"2022-01-31T10:52:07","modified_gmt":"2022-01-31T10:52:07","slug":"escolarizacion","status":"publish","type":"page","link":"https:\/\/blogsaverroes.juntadeandalucia.es\/eeimenendezpidalconil\/escolarizacion\/","title":{"rendered":"SECRETAR\u00cdA VIRTUAL"},"content":{"rendered":"<h2><a href=\"https:\/\/blogsaverroes.juntadeandalucia.es\/eeimenendezpidalconil\/files\/2022\/01\/Captura-de-pantalla-2022-01-31-a-las-11.45.19.png\"><img fetchpriority=\"high\" decoding=\"async\" class=\"aligncenter size-full wp-image-2303\" src=\"https:\/\/blogsaverroes.juntadeandalucia.es\/eeimenendezpidalconil\/files\/2022\/01\/Captura-de-pantalla-2022-01-31-a-las-11.45.19.png\" alt=\"\" width=\"630\" height=\"156\" srcset=\"https:\/\/blogsaverroes.juntadeandalucia.es\/eeimenendezpidalconil\/files\/2022\/01\/Captura-de-pantalla-2022-01-31-a-las-11.45.19.png 630w, https:\/\/blogsaverroes.juntadeandalucia.es\/eeimenendezpidalconil\/files\/2022\/01\/Captura-de-pantalla-2022-01-31-a-las-11.45.19-300x74.png 300w\" sizes=\"(max-width: 630px) 100vw, 630px\" \/><\/a><\/h2>\n<h2>PEG: NUEVA PRESENTACI\u00d3N ELECTR\u00d3NICA PARA LOS CENTROS&nbsp;<\/h2>\n<div class=\"collapsedParagraph-txt\">\n<p>Se ha puesto a disposici\u00f3n de la comunidad educativa a trav\u00e9s de la Secretar\u00eda Virtual, un nuevo servicio que permite presentar documentos, escritos y solicitudes diversas en el registro electr\u00f3nico de los centros.<\/p>\n<p><a href=\"https:\/\/www.juntadeandalucia.es\/educacion\/secretariavirtual\/accesoTramite\/439\/\">https:\/\/www.juntadeandalucia.es\/educacion\/secretariavirtual\/accesoTramite\/439\/<\/a><\/p>\n<p>Este nuevo servicio se llama \u00abPresentaci\u00f3n Electr\u00f3nica General\u00bb (PEG) y previa autenticaci\u00f3n, permite que cualquier persona desde internet, presente documentos en el \u00abRegistro Electr\u00f3nico de Entrada\u00bb de los centros.<\/p>\n<\/div>\n<p><a title=\"Procedimiento\" href=\"http:\/\/portal.ced.junta-andalucia.es\/educacion\/webportal\/abaco-portlet\/content\/f2f9bdb4-4717-409f-8dbc-da5b8ed61e38\" target=\"_blank\" rel=\"noopener noreferrer\">Normativa<\/a>&nbsp;sobre el proceso de escolarizaci\u00f3n.<\/p>\n","protected":false},"excerpt":{"rendered":"<p>PEG: NUEVA PRESENTACI\u00d3N ELECTR\u00d3NICA PARA LOS CENTROS&nbsp; Se ha puesto a disposici\u00f3n de la comunidad educativa a trav\u00e9s de la Secretar\u00eda Virtual, un nuevo servicio que permite presentar documentos, escritos y solicitudes diversas en&#46;&#46;&#46;<\/p>\n","protected":false},"author":1,"featured_media":0,"parent":0,"menu_order":0,"comment_status":"closed","ping_status":"open","template":"page-cs.php","meta":{"ngg_post_thumbnail":0,"footnotes":"","_mc_calendar":[]},"aioseo_notices":[],"_links":{"self":[{"href":"https:\/\/blogsaverroes.juntadeandalucia.es\/eeimenendezpidalconil\/wp-json\/wp\/v2\/pages\/141"}],"collection":[{"href":"https:\/\/blogsaverroes.juntadeandalucia.es\/eeimenendezpidalconil\/wp-json\/wp\/v2\/pages"}],"about":[{"href":"https:\/\/blogsaverroes.juntadeandalucia.es\/eeimenendezpidalconil\/wp-json\/wp\/v2\/types\/page"}],"author":[{"embeddable":true,"href":"https:\/\/blogsaverroes.juntadeandalucia.es\/eeimenendezpidalconil\/wp-json\/wp\/v2\/users\/1"}],"replies":[{"embeddable":true,"href":"https:\/\/blogsaverroes.juntadeandalucia.es\/eeimenendezpidalconil\/wp-json\/wp\/v2\/comments?post=141"}],"version-history":[{"count":6,"href":"https:\/\/blogsaverroes.juntadeandalucia.es\/eeimenendezpidalconil\/wp-json\/wp\/v2\/pages\/141\/revisions"}],"predecessor-version":[{"id":2304,"href":"https:\/\/blogsaverroes.juntadeandalucia.es\/eeimenendezpidalconil\/wp-json\/wp\/v2\/pages\/141\/revisions\/2304"}],"wp:attachment":[{"href":"https:\/\/blogsaverroes.juntadeandalucia.es\/eeimenendezpidalconil\/wp-json\/wp\/v2\/media?parent=141"}],"curies":[{"name":"wp","href":"https:\/\/api.w.org\/{rel}","templated":true}]}}