{"id":2581,"date":"2022-03-26T22:10:41","date_gmt":"2022-03-26T22:10:41","guid":{"rendered":"https:\/\/blogsaverroes.juntadeandalucia.es\/eeimenendezpidalconil\/?page_id=2581"},"modified":"2022-03-26T22:56:16","modified_gmt":"2022-03-26T22:56:16","slug":"plan-de-igualdad","status":"publish","type":"page","link":"https:\/\/blogsaverroes.juntadeandalucia.es\/eeimenendezpidalconil\/plan-de-igualdad\/","title":{"rendered":"PLAN DE IGUALDAD"},"content":{"rendered":"\t\t<div data-elementor-type=\"wp-page\" data-elementor-id=\"2581\" class=\"elementor elementor-2581\">\n\t\t\t\t\t\t<section class=\"elementor-section elementor-top-section elementor-element elementor-element-84eaa99 elementor-section-boxed elementor-section-height-default elementor-section-height-default\" data-id=\"84eaa99\" data-element_type=\"section\">\n\t\t\t\t\t\t<div class=\"elementor-container elementor-column-gap-default\">\n\t\t\t\t\t<div class=\"elementor-column elementor-col-100 elementor-top-column elementor-element elementor-element-31e7d32\" data-id=\"31e7d32\" data-element_type=\"column\">\n\t\t\t<div class=\"elementor-widget-wrap elementor-element-populated\">\n\t\t\t\t\t\t<div class=\"elementor-element elementor-element-7c2bd61 elementor-widget elementor-widget-text-editor\" data-id=\"7c2bd61\" data-element_type=\"widget\" data-widget_type=\"text-editor.default\">\n\t\t\t\t<div class=\"elementor-widget-container\">\n\t\t\t\t\t\t\t\t\t<h2 style=\"text-align: center\"><span style=\"color: #800080\"><strong>OBJETIVOS GENERALES:<\/strong><\/span><\/h2><ol><li style=\"text-align: justify\"><span style=\"color: #000000\">Valorar del mismo modo a hombres y mujeres, no expresando diferentes expectativas seg\u00fan el g\u00e9nero del alumnado; valorando por igual el hecho de ser hombre y el de ser mujer.<\/span><\/li><li style=\"text-align: justify\"><span style=\"color: #000000\">Poner especial atenci\u00f3n en el uso del lenguaje no sexista en las aulas y tambi\u00e9n en espacios comunes y en el lenguaje utilizado en la documentaci\u00f3n elaborada por el centro.<\/span><\/li><li style=\"text-align: justify\"><span style=\"color: #000000\">Expresar los mensajes, tanto orales como escritos que vayan dirigidos a la comunidad educativa, en un lenguaje neutro que represente a ambos sexos.<\/span><\/li><li style=\"text-align: justify\"><span style=\"color: #000000\">Visibilizar la presencia y aportaci\u00f3n de las mujeres en espacios y actuaciones propias del centro (carteler\u00eda y otro tipo de se\u00f1alizaci\u00f3n, exposiciones, actividades, d\u00edas conmemorativos, fiestas,&#8230;).<\/span><\/li><li style=\"text-align: justify\"><span style=\"color: #000000\">Incorporar el principio de igualdad entre hombres y mujeres en el proyecto educativo de centro, y especialmente en los contenidos del centro, y especialmente en los contenidos del curr\u00edculum (tanto formal como oculto).<\/span><\/li><li style=\"text-align: justify\"><span style=\"color: #000000\">Seleccionar libros de texto y otros materiales did\u00e1cticos en funci\u00f3n de criterios que respeten el principio de igualdad de oportunidades entre hombres y mujeres, fomentando el uso de materiales que sean de tipo inclusivo y libre de sexismo<\/span><\/li><li style=\"text-align: justify\"><span style=\"color: #000000\">Crear una metodolog\u00eda pedag\u00f3gica que favorezca la interrelaci\u00f3n entre alumnas y alumnos y que est\u00e9 basada en el respeto a la diferencia.<\/span><\/li><\/ol><p style=\"text-align: justify\"><span style=\"color: #000000\">8. Promover en el profesorado un proceso de reflexi\u00f3n y formaci\u00f3n en igualdad<\/span><\/p>\t\t\t\t\t\t\t\t<\/div>\n\t\t\t\t<\/div>\n\t\t\t\t<div class=\"elementor-element elementor-element-bbfcf08 elementor-widget-divider--separator-type-pattern elementor-widget-divider--no-spacing elementor-widget-divider--view-line elementor-widget elementor-widget-divider\" data-id=\"bbfcf08\" data-element_type=\"widget\" data-widget_type=\"divider.default\">\n\t\t\t\t<div class=\"elementor-widget-container\">\n\t\t\t\t\t\t\t<div class=\"elementor-divider\" style=\"--divider-pattern-url: url(&quot;data:image\/svg+xml,%3Csvg xmlns=&#039;http:\/\/www.w3.org\/2000\/svg&#039; preserveAspectRatio=&#039;xMidYMid meet&#039; overflow=&#039;visible&#039; height=&#039;100%&#039; viewBox=&#039;0 0 120 26&#039; fill=&#039;black&#039; stroke=&#039;none&#039;%3E%3Cpath d=&#039;M54,1.6V26h-9V2.5L54,1.6z M69,1.6v23.3L60,26V1.6H69z M24,1.6v23.5l-9-0.6V1.6H24z M30,0l9,0.7v24.5h-9V0z M9,2.5v22H0V3.7L9,2.5z M75,1.6l9,0.9v22h-9V1.6z M99,2.7v21.7h-9V3.8L99,2.7z M114,3.8v20.7l-9-0.5V3.8L114,3.8z&#039;\/%3E%3C\/svg%3E&quot;);\">\n\t\t\t<span class=\"elementor-divider-separator\">\n\t\t\t\t\t\t<\/span>\n\t\t<\/div>\n\t\t\t\t\t\t<\/div>\n\t\t\t\t<\/div>\n\t\t\t\t\t<\/div>\n\t\t<\/div>\n\t\t\t\t\t<\/div>\n\t\t<\/section>\n\t\t\t\t<section class=\"elementor-section elementor-top-section elementor-element elementor-element-6916cce elementor-section-boxed elementor-section-height-default elementor-section-height-default\" data-id=\"6916cce\" data-element_type=\"section\" data-settings=\"{&quot;shape_divider_top&quot;:&quot;opacity-fan&quot;,&quot;shape_divider_bottom&quot;:&quot;opacity-fan&quot;}\">\n\t\t\t\t\t<div class=\"elementor-shape elementor-shape-top\" data-negative=\"false\">\n\t\t\t<svg xmlns=\"http:\/\/www.w3.org\/2000\/svg\" viewBox=\"0 0 283.5 19.6\" preserveAspectRatio=\"none\">\n\t<path class=\"elementor-shape-fill\" style=\"opacity:0.33\" d=\"M0 0L0 18.8 141.8 4.1 283.5 18.8 283.5 0z\"\/>\n\t<path class=\"elementor-shape-fill\" style=\"opacity:0.33\" d=\"M0 0L0 12.6 141.8 4 283.5 12.6 283.5 0z\"\/>\n\t<path class=\"elementor-shape-fill\" style=\"opacity:0.33\" d=\"M0 0L0 6.4 141.8 4 283.5 6.4 283.5 0z\"\/>\n\t<path class=\"elementor-shape-fill\" d=\"M0 0L0 1.2 141.8 4 283.5 1.2 283.5 0z\"\/>\n<\/svg>\t\t<\/div>\n\t\t\t\t<div class=\"elementor-shape elementor-shape-bottom\" data-negative=\"false\">\n\t\t\t<svg xmlns=\"http:\/\/www.w3.org\/2000\/svg\" viewBox=\"0 0 283.5 19.6\" preserveAspectRatio=\"none\">\n\t<path class=\"elementor-shape-fill\" style=\"opacity:0.33\" d=\"M0 0L0 18.8 141.8 4.1 283.5 18.8 283.5 0z\"\/>\n\t<path class=\"elementor-shape-fill\" style=\"opacity:0.33\" d=\"M0 0L0 12.6 141.8 4 283.5 12.6 283.5 0z\"\/>\n\t<path class=\"elementor-shape-fill\" style=\"opacity:0.33\" d=\"M0 0L0 6.4 141.8 4 283.5 6.4 283.5 0z\"\/>\n\t<path class=\"elementor-shape-fill\" d=\"M0 0L0 1.2 141.8 4 283.5 1.2 283.5 0z\"\/>\n<\/svg>\t\t<\/div>\n\t\t\t\t\t<div class=\"elementor-container elementor-column-gap-custom\">\n\t\t\t\t\t<div class=\"elementor-column elementor-col-100 elementor-top-column elementor-element elementor-element-8d9ad22\" data-id=\"8d9ad22\" data-element_type=\"column\">\n\t\t\t<div class=\"elementor-widget-wrap elementor-element-populated\">\n\t\t\t\t\t\t<section class=\"elementor-section elementor-inner-section elementor-element elementor-element-8daf7c9 elementor-section-boxed elementor-section-height-default elementor-section-height-default\" data-id=\"8daf7c9\" data-element_type=\"section\">\n\t\t\t\t\t\t<div class=\"elementor-container elementor-column-gap-default\">\n\t\t\t\t\t<div class=\"elementor-column elementor-col-50 elementor-inner-column elementor-element elementor-element-0c2947a\" data-id=\"0c2947a\" data-element_type=\"column\">\n\t\t\t<div class=\"elementor-widget-wrap elementor-element-populated\">\n\t\t\t\t\t\t<div class=\"elementor-element elementor-element-430ad41 elementor-widget elementor-widget-text-editor\" data-id=\"430ad41\" data-element_type=\"widget\" data-widget_type=\"text-editor.default\">\n\t\t\t\t<div class=\"elementor-widget-container\">\n\t\t\t\t\t\t\t\t\t<p style=\"text-align: center\"><span style=\"color: #800080\"><strong>OBJETIVOS PARA LAS FAMILIAS:\u00a0\u00a0 <\/strong><\/span><\/p><p style=\"text-align: justify\"><span style=\"color: #000000\">\u00a0&#8211; Sensibilizar a las familias sobre la importancia de participar e implicarse en la educaci\u00f3n de sus hijos e hijas.<\/span><\/p><p style=\"text-align: justify\"><span style=\"color: #000000\">&#8211; Favorecer el cambio de actitud de las familias en el uso del juguete de forma no discriminatoria por cuestiones de sexo.<\/span><\/p><p style=\"text-align: justify\"><span style=\"color: #000000\">\u00a0&#8211; Concienciar a las madres y padres de la importancia de no asignar roles por raz\u00f3n de sexo.<\/span><\/p><p style=\"text-align: justify\"><span style=\"color: #000000\">\u00a0&#8211; Valorar y respetar las funciones y trabajos de las distintas personas que integran la familia y fomentar el reparto adecuado de responsabilidades entre todos los miembros, sin que haya discriminaci\u00f3n por raz\u00f3n de sexo.<\/span><\/p><p style=\"text-align: justify\"><span style=\"color: #000000\">&#8211; Reconocer la labor del amo\/a de casa, desarrollando actitudes de respeto y valoraci\u00f3n hacia dicha labor, considerando la importancia de compartir las tareas del hogar.<\/span><\/p>\t\t\t\t\t\t\t\t<\/div>\n\t\t\t\t<\/div>\n\t\t\t\t\t<\/div>\n\t\t<\/div>\n\t\t\t\t<div class=\"elementor-column elementor-col-50 elementor-inner-column elementor-element elementor-element-87a22e2\" data-id=\"87a22e2\" data-element_type=\"column\">\n\t\t\t<div class=\"elementor-widget-wrap elementor-element-populated\">\n\t\t\t\t\t\t<div class=\"elementor-element elementor-element-94512ec elementor-widget elementor-widget-text-editor\" data-id=\"94512ec\" data-element_type=\"widget\" data-widget_type=\"text-editor.default\">\n\t\t\t\t<div class=\"elementor-widget-container\">\n\t\t\t\t\t\t\t\t\t<p style=\"text-align: center\"><span style=\"color: #800080\"><strong>OBJETIVOS PARA EL ALUMNADO:<\/strong><\/span><\/p><p style=\"text-align: justify\"><span style=\"color: #000000\">\u00a0-Desarrollar la autoestima del alumnado evitando la asignaci\u00f3n de roles, estereotipos, valores y comportamientos sexistas.<\/span><\/p><p style=\"text-align: justify\"><span style=\"color: #000000\">\u00a0-Establecer relaciones afectivas satisfactorias, expresando libremente los propios sentimientos, as\u00ed como desarrollar actitudes de ayuda y colaboraci\u00f3n mutua, y de respeto hacia las diferencias individuales.<\/span><\/p><p style=\"text-align: justify\"><span style=\"color: #000000\">\u00a0-Realizar actividades relacionadas con la vida dom\u00e9stica que desarrollen habilidades y destrezas independientemente del sexo y que no refuercen los estereotipos.<\/span><\/p><p style=\"text-align: justify\"><span style=\"color: #000000\">&#8211; Conocer y respetar las distintas normas del juego cooperativo desarrollando habilidades de comunicaci\u00f3n y consenso en grupo.<\/span><\/p><p style=\"text-align: justify\"><span style=\"color: #000000\">\u00a0&#8211; Conocer y valorar las distintas profesiones de los padres y madres con la intenci\u00f3n de que conozcan la importancia de dicho trabajo para la vida familiar.<\/span><\/p>\t\t\t\t\t\t\t\t<\/div>\n\t\t\t\t<\/div>\n\t\t\t\t\t<\/div>\n\t\t<\/div>\n\t\t\t\t\t<\/div>\n\t\t<\/section>\n\t\t\t\t\t<\/div>\n\t\t<\/div>\n\t\t\t\t\t<\/div>\n\t\t<\/section>\n\t\t\t\t<\/div>\n\t\t","protected":false},"excerpt":{"rendered":"<p>OBJETIVOS GENERALES: Valorar del mismo modo a hombres y mujeres, no expresando diferentes expectativas seg\u00fan el g\u00e9nero del alumnado; valorando por igual el hecho de ser hombre y el de ser mujer. Poner especial&#46;&#46;&#46;<\/p>\n","protected":false},"author":11137,"featured_media":0,"parent":0,"menu_order":0,"comment_status":"closed","ping_status":"closed","template":"","meta":{"ngg_post_thumbnail":0,"footnotes":"","_mc_calendar":[]},"aioseo_notices":[],"_links":{"self":[{"href":"https:\/\/blogsaverroes.juntadeandalucia.es\/eeimenendezpidalconil\/wp-json\/wp\/v2\/pages\/2581"}],"collection":[{"href":"https:\/\/blogsaverroes.juntadeandalucia.es\/eeimenendezpidalconil\/wp-json\/wp\/v2\/pages"}],"about":[{"href":"https:\/\/blogsaverroes.juntadeandalucia.es\/eeimenendezpidalconil\/wp-json\/wp\/v2\/types\/page"}],"author":[{"embeddable":true,"href":"https:\/\/blogsaverroes.juntadeandalucia.es\/eeimenendezpidalconil\/wp-json\/wp\/v2\/users\/11137"}],"replies":[{"embeddable":true,"href":"https:\/\/blogsaverroes.juntadeandalucia.es\/eeimenendezpidalconil\/wp-json\/wp\/v2\/comments?post=2581"}],"version-history":[{"count":12,"href":"https:\/\/blogsaverroes.juntadeandalucia.es\/eeimenendezpidalconil\/wp-json\/wp\/v2\/pages\/2581\/revisions"}],"predecessor-version":[{"id":2598,"href":"https:\/\/blogsaverroes.juntadeandalucia.es\/eeimenendezpidalconil\/wp-json\/wp\/v2\/pages\/2581\/revisions\/2598"}],"wp:attachment":[{"href":"https:\/\/blogsaverroes.juntadeandalucia.es\/eeimenendezpidalconil\/wp-json\/wp\/v2\/media?parent=2581"}],"curies":[{"name":"wp","href":"https:\/\/api.w.org\/{rel}","templated":true}]}}