{"id":330,"date":"2023-09-01T07:11:43","date_gmt":"2023-09-01T07:11:43","guid":{"rendered":"http:\/\/blogsaverroes.juntadeandalucia.es\/pre\/ceip\/?page_id=330"},"modified":"2026-03-26T07:03:41","modified_gmt":"2026-03-26T07:03:41","slug":"bibliop","status":"publish","type":"page","link":"https:\/\/blogsaverroes.juntadeandalucia.es\/eeimenendezpidalconil\/biblioteca\/bibliop\/","title":{"rendered":"PRESENTACI\u00d3N DE LA COORDINADORA DE BIBLIOTECA Y RECOMENDACIONES DE LIBROS"},"content":{"rendered":"\t\t<div data-elementor-type=\"wp-page\" data-elementor-id=\"330\" class=\"elementor elementor-330\">\n\t\t\t\t\t\t<section class=\"elementor-section elementor-top-section elementor-element elementor-element-385900c8 elementor-section-boxed elementor-section-height-default elementor-section-height-default\" data-id=\"385900c8\" data-element_type=\"section\">\n\t\t\t\t\t\t<div class=\"elementor-container elementor-column-gap-default\">\n\t\t\t\t\t<div class=\"elementor-column elementor-col-100 elementor-top-column elementor-element elementor-element-7fadd2d7\" data-id=\"7fadd2d7\" data-element_type=\"column\">\n\t\t\t<div class=\"elementor-widget-wrap elementor-element-populated\">\n\t\t\t\t\t\t<div class=\"elementor-element elementor-element-75025a70 elementor-widget elementor-widget-text-editor\" data-id=\"75025a70\" data-element_type=\"widget\" data-widget_type=\"text-editor.default\">\n\t\t\t\t<div class=\"elementor-widget-container\">\n\t\t\t\t\t\t\t\t\t<p>\u00a0<\/p><p style=\"text-align: center\"><strong>\u00a1 Bienvenidos al nuevo curso escolar 2025\/2026 !<\/strong><\/p><p>Durante el presente curso escolar 25\/26, nuestra\u00a0 Coordinadora de Biblioteca ,<strong> Cristina\u00a0 Olmedo Romero,<\/strong> nos presenta con entusiasmo este magn\u00edfico Genially, invit\u00e1ndonos a explorarlo y disfrutarlo.<\/p><div style=\"width: 100%\"><div style=\"position: relative;padding-bottom: 56.25%;padding-top: 0;height: 0\"><iframe src=\"https:\/\/view.genially.com\/68e0c54d1fbdde78a2518930\" width=\"1200\" height=\"675\" frameborder=\"0\" scrolling=\"yes\"><\/iframe><\/div><\/div>\t\t\t\t\t\t\t\t<\/div>\n\t\t\t\t<\/div>\n\t\t\t\t\t<\/div>\n\t\t<\/div>\n\t\t\t\t\t<\/div>\n\t\t<\/section>\n\t\t\t\t<section class=\"elementor-section elementor-top-section elementor-element elementor-element-f9edfad elementor-section-boxed elementor-section-height-default elementor-section-height-default\" data-id=\"f9edfad\" data-element_type=\"section\">\n\t\t\t\t\t\t<div class=\"elementor-container elementor-column-gap-default\">\n\t\t\t\t\t<div class=\"elementor-column elementor-col-50 elementor-top-column elementor-element elementor-element-c952693\" data-id=\"c952693\" data-element_type=\"column\">\n\t\t\t<div class=\"elementor-widget-wrap\">\n\t\t\t\t\t\t\t<\/div>\n\t\t<\/div>\n\t\t\t\t<div class=\"elementor-column elementor-col-50 elementor-top-column elementor-element elementor-element-4b85eae\" data-id=\"4b85eae\" data-element_type=\"column\">\n\t\t\t<div class=\"elementor-widget-wrap\">\n\t\t\t\t\t\t\t<\/div>\n\t\t<\/div>\n\t\t\t\t\t<\/div>\n\t\t<\/section>\n\t\t\t\t<section class=\"elementor-section elementor-top-section elementor-element elementor-element-5446369 elementor-section-boxed elementor-section-height-default elementor-section-height-default\" data-id=\"5446369\" data-element_type=\"section\">\n\t\t\t\t\t\t<div class=\"elementor-container elementor-column-gap-default\">\n\t\t\t\t\t<div class=\"elementor-column elementor-col-100 elementor-top-column elementor-element elementor-element-32940ac\" data-id=\"32940ac\" data-element_type=\"column\">\n\t\t\t<div class=\"elementor-widget-wrap\">\n\t\t\t\t\t\t\t<\/div>\n\t\t<\/div>\n\t\t\t\t\t<\/div>\n\t\t<\/section>\n\t\t\t\t<section class=\"elementor-section elementor-top-section elementor-element elementor-element-c6167fc elementor-section-boxed elementor-section-height-default elementor-section-height-default\" data-id=\"c6167fc\" data-element_type=\"section\">\n\t\t\t\t\t\t<div class=\"elementor-container elementor-column-gap-default\">\n\t\t\t\t\t<div class=\"elementor-column elementor-col-100 elementor-top-column elementor-element elementor-element-3e4edf0\" data-id=\"3e4edf0\" data-element_type=\"column\">\n\t\t\t<div class=\"elementor-widget-wrap elementor-element-populated\">\n\t\t\t\t\t\t<div class=\"elementor-element elementor-element-0c988ee elementor-widget elementor-widget-text-editor\" data-id=\"0c988ee\" data-element_type=\"widget\" data-widget_type=\"text-editor.default\">\n\t\t\t\t<div class=\"elementor-widget-container\">\n\t\t\t\t\t\t\t\t\t<p><br><\/p>\n<p style=\"text-align: center\"><b><br><\/b><\/p><p style=\"text-align: center\"><b><br><\/b><\/p><p style=\"text-align: center\"><b><br><\/b><\/p><p style=\"text-align: center\"><b>Queridas familias como ya sab\u00e9is es muy importante poner libros al alcance de nuestro alumnado. Estos meses de septiembre y octubre os sugiero algunas lecturas de cuentos relacionadas con las siguientes tem\u00e1ticas; por un lado, la<\/b><strong> adaptaci\u00f3n al colegio<\/strong><b>&nbsp; que constituye en algunos peque\u00f1os su primera separaci\u00f3n de la familia. A trav\u00e9s de estos cuentos, podemos ayudarles&nbsp; a ganar seguridad y confianza&nbsp; para afrontar este nuevo paso con serenidad.<\/b><\/p>\n<p style=\"text-align: center\"><b>Por otro lado, aprovecharemos el cambio de estaci\u00f3n y la llegada del<\/b> oto\u00f1o<b>, as\u00ed como la&nbsp; <\/b>fiesta de Halloween <b>para ayudar a los ni\u00f1os a reconocer, expresar y gestionar sus miedos de una manera l\u00fadica.<\/b><\/p>\n<p style=\"text-align: center\"><b>La Coordinadora de la Biblioteca del Centro, Cristina Olmedo Romero, les desea un a\u00f1o lleno de historias m\u00e1gicas, descubrimientos y momentos inolvidables compartidos a trav\u00e9s de la lectura.&nbsp;<\/b><\/p>\n<p style=\"text-align: center\">RECOMENDACIONES DE LECTURA ( SEPTIEMBRE Y OCTUBRE )<\/p>\n<div style=\"width: 100%\">\n<div style=\"position: relative;padding-bottom: 56.25%;padding-top: 0;height: 0\"><iframe src=\"https:\/\/view.genially.com\/68ed4ce5fc58df3cf60aa303\" width=\"1200\" height=\"675\" frameborder=\"0\" scrolling=\"yes\"><\/iframe><\/div>\n<\/div>\n<div style=\"width: 100%\">\n<div style=\"position: relative;padding-bottom: 56.25%;padding-top: 0;height: 0\">&nbsp;<\/div>\n<\/div>\t\t\t\t\t\t\t\t<\/div>\n\t\t\t\t<\/div>\n\t\t\t\t\t<\/div>\n\t\t<\/div>\n\t\t\t\t\t<\/div>\n\t\t<\/section>\n\t\t\t\t<section class=\"elementor-section elementor-top-section elementor-element elementor-element-9a9ee08 elementor-section-boxed elementor-section-height-default elementor-section-height-default\" data-id=\"9a9ee08\" data-element_type=\"section\">\n\t\t\t\t\t\t<div class=\"elementor-container elementor-column-gap-default\">\n\t\t\t\t\t<div class=\"elementor-column elementor-col-100 elementor-top-column elementor-element elementor-element-7da74d2\" data-id=\"7da74d2\" data-element_type=\"column\">\n\t\t\t<div class=\"elementor-widget-wrap elementor-element-populated\">\n\t\t\t\t\t\t<div class=\"elementor-element elementor-element-4386682 elementor-widget elementor-widget-text-editor\" data-id=\"4386682\" data-element_type=\"widget\" data-widget_type=\"text-editor.default\">\n\t\t\t\t<div class=\"elementor-widget-container\">\n\t\t\t\t\t\t\t\t\t<p style=\"text-align: center\">\u00a0<\/p><p style=\"text-align: center\">\u00a0<\/p><p style=\"text-align: center\">\u00a0<\/p><p style=\"text-align: center\">RECOMENDACIONES DE LECTURA ( NOVIEMBRE Y DICIEMBRE )<\/p><div style=\"width: 100%\"><div style=\"position: relative;padding-bottom: 56.25%;padding-top: 0;height: 0\"><iframe src=\"https:\/\/view.genially.com\/68e747908cc227fdee58fbf7\" width=\"1200\" height=\"675\" frameborder=\"0\" scrolling=\"yes\"><\/iframe><\/div><\/div>\t\t\t\t\t\t\t\t<\/div>\n\t\t\t\t<\/div>\n\t\t\t\t\t<\/div>\n\t\t<\/div>\n\t\t\t\t\t<\/div>\n\t\t<\/section>\n\t\t\t\t<section class=\"elementor-section elementor-top-section elementor-element elementor-element-4a09372 elementor-section-boxed elementor-section-height-default elementor-section-height-default\" data-id=\"4a09372\" data-element_type=\"section\">\n\t\t\t\t\t\t<div class=\"elementor-container elementor-column-gap-default\">\n\t\t\t\t\t<div class=\"elementor-column elementor-col-100 elementor-top-column elementor-element elementor-element-57474b3\" data-id=\"57474b3\" data-element_type=\"column\">\n\t\t\t<div class=\"elementor-widget-wrap\">\n\t\t\t\t\t\t\t<\/div>\n\t\t<\/div>\n\t\t\t\t\t<\/div>\n\t\t<\/section>\n\t\t\t\t<section class=\"elementor-section elementor-top-section elementor-element elementor-element-e322dff elementor-section-boxed elementor-section-height-default elementor-section-height-default\" data-id=\"e322dff\" data-element_type=\"section\">\n\t\t\t\t\t\t<div class=\"elementor-container elementor-column-gap-default\">\n\t\t\t\t\t<div class=\"elementor-column elementor-col-100 elementor-top-column elementor-element elementor-element-1591ef1\" data-id=\"1591ef1\" data-element_type=\"column\">\n\t\t\t<div class=\"elementor-widget-wrap\">\n\t\t\t\t\t\t\t<\/div>\n\t\t<\/div>\n\t\t\t\t\t<\/div>\n\t\t<\/section>\n\t\t\t\t<section class=\"elementor-section elementor-top-section elementor-element elementor-element-3cc1b23 elementor-section-boxed elementor-section-height-default elementor-section-height-default\" data-id=\"3cc1b23\" data-element_type=\"section\">\n\t\t\t\t\t\t<div class=\"elementor-container elementor-column-gap-default\">\n\t\t\t\t\t<div class=\"elementor-column elementor-col-100 elementor-top-column elementor-element elementor-element-7326c38\" data-id=\"7326c38\" data-element_type=\"column\">\n\t\t\t<div class=\"elementor-widget-wrap\">\n\t\t\t\t\t\t\t<\/div>\n\t\t<\/div>\n\t\t\t\t\t<\/div>\n\t\t<\/section>\n\t\t\t\t<section class=\"elementor-section elementor-top-section elementor-element elementor-element-5d41c5d elementor-section-boxed elementor-section-height-default elementor-section-height-default\" data-id=\"5d41c5d\" data-element_type=\"section\">\n\t\t\t\t\t\t<div class=\"elementor-container elementor-column-gap-default\">\n\t\t\t\t\t<div class=\"elementor-column elementor-col-100 elementor-top-column elementor-element elementor-element-63de096\" data-id=\"63de096\" data-element_type=\"column\">\n\t\t\t<div class=\"elementor-widget-wrap elementor-element-populated\">\n\t\t\t\t\t\t<div class=\"elementor-element elementor-element-188fc5b elementor-widget elementor-widget-text-editor\" data-id=\"188fc5b\" data-element_type=\"widget\" data-widget_type=\"text-editor.default\">\n\t\t\t\t<div class=\"elementor-widget-container\">\n\t\t\t\t\t\t\t\t\t<p style=\"text-align: center\"><br><\/p>\n<p style=\"text-align: center\"><br><\/p>\n<p style=\"text-align: center\"><br><\/p><p style=\"text-align: center\"><br><\/p><p style=\"text-align: center\"><br><\/p>\n<p style=\"text-align: center\">RECOMENDACIONES DE LECTURA ( ENERO, FEBRERO, MARZO Y ABRIL )<\/p>\n<div style=\"width: 100%\">\n<div style=\"position: relative;padding-bottom: 56.25%;padding-top: 0;height: 0\"><iframe src=\"https:\/\/view.genially.com\/69a3f08e8ca3813ab1fa00a1\" width=\"1200px\" height=\"675px\" frameborder=\"0\" scrolling=\"yes\"><\/iframe><\/div>\n<\/div>\t\t\t\t\t\t\t\t<\/div>\n\t\t\t\t<\/div>\n\t\t\t\t\t<\/div>\n\t\t<\/div>\n\t\t\t\t\t<\/div>\n\t\t<\/section>\n\t\t\t\t<\/div>\n\t\t","protected":false},"excerpt":{"rendered":"<p>\u00a0 \u00a1 Bienvenidos al nuevo curso escolar 2025\/2026 ! Durante el presente curso escolar 25\/26, nuestra\u00a0 Coordinadora de Biblioteca , Cristina\u00a0 Olmedo Romero, nos presenta con entusiasmo este magn\u00edfico Genially, invit\u00e1ndonos a explorarlo y&#46;&#46;&#46;<\/p>\n","protected":false},"author":1,"featured_media":0,"parent":113,"menu_order":2,"comment_status":"closed","ping_status":"open","template":"","meta":{"ngg_post_thumbnail":0,"footnotes":"","_mc_calendar":[]},"aioseo_notices":[],"_links":{"self":[{"href":"https:\/\/blogsaverroes.juntadeandalucia.es\/eeimenendezpidalconil\/wp-json\/wp\/v2\/pages\/330"}],"collection":[{"href":"https:\/\/blogsaverroes.juntadeandalucia.es\/eeimenendezpidalconil\/wp-json\/wp\/v2\/pages"}],"about":[{"href":"https:\/\/blogsaverroes.juntadeandalucia.es\/eeimenendezpidalconil\/wp-json\/wp\/v2\/types\/page"}],"author":[{"embeddable":true,"href":"https:\/\/blogsaverroes.juntadeandalucia.es\/eeimenendezpidalconil\/wp-json\/wp\/v2\/users\/1"}],"replies":[{"embeddable":true,"href":"https:\/\/blogsaverroes.juntadeandalucia.es\/eeimenendezpidalconil\/wp-json\/wp\/v2\/comments?post=330"}],"version-history":[{"count":74,"href":"https:\/\/blogsaverroes.juntadeandalucia.es\/eeimenendezpidalconil\/wp-json\/wp\/v2\/pages\/330\/revisions"}],"predecessor-version":[{"id":5645,"href":"https:\/\/blogsaverroes.juntadeandalucia.es\/eeimenendezpidalconil\/wp-json\/wp\/v2\/pages\/330\/revisions\/5645"}],"up":[{"embeddable":true,"href":"https:\/\/blogsaverroes.juntadeandalucia.es\/eeimenendezpidalconil\/wp-json\/wp\/v2\/pages\/113"}],"wp:attachment":[{"href":"https:\/\/blogsaverroes.juntadeandalucia.es\/eeimenendezpidalconil\/wp-json\/wp\/v2\/media?parent=330"}],"curies":[{"name":"wp","href":"https:\/\/api.w.org\/{rel}","templated":true}]}}