{"id":3535,"date":"2022-11-02T22:28:15","date_gmt":"2022-11-02T22:28:15","guid":{"rendered":"https:\/\/blogsaverroes.juntadeandalucia.es\/eeimenendezpidalconil\/?page_id=3535"},"modified":"2025-10-21T20:26:54","modified_gmt":"2025-10-21T20:26:54","slug":"objetivos","status":"publish","type":"page","link":"https:\/\/blogsaverroes.juntadeandalucia.es\/eeimenendezpidalconil\/objetivos\/","title":{"rendered":"OBJETIVOS GT DUA"},"content":{"rendered":"\t\t<div data-elementor-type=\"wp-page\" data-elementor-id=\"3535\" class=\"elementor elementor-3535\">\n\t\t\t\t\t\t<section class=\"elementor-section elementor-top-section elementor-element elementor-element-dbf709f elementor-section-boxed elementor-section-height-default elementor-section-height-default\" data-id=\"dbf709f\" data-element_type=\"section\">\n\t\t\t\t\t\t<div class=\"elementor-container elementor-column-gap-default\">\n\t\t\t\t\t<div class=\"elementor-column elementor-col-100 elementor-top-column elementor-element elementor-element-9a4deb5\" data-id=\"9a4deb5\" data-element_type=\"column\">\n\t\t\t<div class=\"elementor-widget-wrap elementor-element-populated\">\n\t\t\t\t\t\t<div class=\"elementor-element elementor-element-18bdb86 elementor-widget elementor-widget-text-editor\" data-id=\"18bdb86\" data-element_type=\"widget\" data-widget_type=\"text-editor.default\">\n\t\t\t\t<div class=\"elementor-widget-container\">\n\t\t\t\t\t\t\t\t\t<table style=\"width: 100%;border-color: #000000;background-color: #fcfcfc;height: 858px\" cellspacing=\"0\" cellpadding=\"0\"><tbody><tr style=\"height: 104px\"><td style=\"width: 45.6974%;border-style: solid;border-color: #000000;background-color: #fcfcfc;height: 104px\" colspan=\"2\" valign=\"middle\"><p align=\"center\"><span style=\"color: #000000;font-family: Helvetica;font-size: small\"><b>OBJETIVOS<\/b><\/span><\/p><\/td><td style=\"width: 4.92611%;border-style: solid;border-color: #000000;background-color: #fcfcfc;height: 104px\" colspan=\"2\" valign=\"middle\"><p align=\"center\"><span style=\"color: #000000;font-family: Helvetica;font-size: small\"><b>INDICADORES DE EVALUACI\u00d3N<\/b><\/span><\/p><\/td><\/tr><tr style=\"height: 200px\"><td style=\"width: 45.6974%;height: 200px\" colspan=\"2\" valign=\"middle\"><p>Establecer e identificar barreras en nuestras propuestas\u00a0 did\u00e1cticas y en nuestro centro.<\/p><\/td><td style=\"width: 4.92611%;height: 200px\" colspan=\"2\" valign=\"middle\"><p align=\"justify\"><span style=\"color: #000000;font-family: Helvetica;font-size: small\">Identificar el 80% de propuestas did\u00e1cticas que presenten posibles barreras para la inclusi\u00f3n.<\/span><\/p><\/td><\/tr><tr style=\"height: 200px\"><td style=\"width: 45.6974%;height: 200px\" colspan=\"2\" valign=\"middle\"><p>Dise\u00f1ar actividades multinivelares\u00a0 para aumentar la participaci\u00f3n y aprendizaje de todos.<\/p><\/td><td style=\"width: 4.92611%;height: 200px\" colspan=\"2\" valign=\"middle\"><p align=\"justify\">El 50 % de las actividades dise\u00f1adas incorporar\u00e1 la aplicabilidad del enfoque DUA.<\/p><\/td><\/tr><tr style=\"height: 248px\"><td style=\"width: 45.6974%;height: 248px\" colspan=\"2\" valign=\"middle\"><p>Conocer diferentes herramientas digitales o no digitales, que nos ayuden a la implementaci\u00f3n del DUA en nuestras\u00a0 aulas.<\/p><\/td><td style=\"width: 4.92611%;height: 248px\" colspan=\"2\" valign=\"middle\"><p align=\"justify\">Cada docente utilizar\u00e1 como m\u00ednimo\u00a0 2 herramientas,\u00a0 digitales o no,\u00a0 para su aplicaci\u00f3n en el aula.<\/p><\/td><\/tr><\/tbody><\/table>\t\t\t\t\t\t\t\t<\/div>\n\t\t\t\t<\/div>\n\t\t\t\t\t<\/div>\n\t\t<\/div>\n\t\t\t\t\t<\/div>\n\t\t<\/section>\n\t\t\t\t<\/div>\n\t\t","protected":false},"excerpt":{"rendered":"<p>OBJETIVOS INDICADORES DE EVALUACI\u00d3N Establecer e identificar barreras en nuestras propuestas\u00a0 did\u00e1cticas y en nuestro centro. Identificar el 80% de propuestas did\u00e1cticas que presenten posibles barreras para la inclusi\u00f3n. Dise\u00f1ar actividades multinivelares\u00a0 para aumentar&#46;&#46;&#46;<\/p>\n","protected":false},"author":11137,"featured_media":0,"parent":0,"menu_order":0,"comment_status":"closed","ping_status":"closed","template":"","meta":{"ngg_post_thumbnail":0,"footnotes":"","_mc_calendar":[]},"aioseo_notices":[],"_links":{"self":[{"href":"https:\/\/blogsaverroes.juntadeandalucia.es\/eeimenendezpidalconil\/wp-json\/wp\/v2\/pages\/3535"}],"collection":[{"href":"https:\/\/blogsaverroes.juntadeandalucia.es\/eeimenendezpidalconil\/wp-json\/wp\/v2\/pages"}],"about":[{"href":"https:\/\/blogsaverroes.juntadeandalucia.es\/eeimenendezpidalconil\/wp-json\/wp\/v2\/types\/page"}],"author":[{"embeddable":true,"href":"https:\/\/blogsaverroes.juntadeandalucia.es\/eeimenendezpidalconil\/wp-json\/wp\/v2\/users\/11137"}],"replies":[{"embeddable":true,"href":"https:\/\/blogsaverroes.juntadeandalucia.es\/eeimenendezpidalconil\/wp-json\/wp\/v2\/comments?post=3535"}],"version-history":[{"count":12,"href":"https:\/\/blogsaverroes.juntadeandalucia.es\/eeimenendezpidalconil\/wp-json\/wp\/v2\/pages\/3535\/revisions"}],"predecessor-version":[{"id":5210,"href":"https:\/\/blogsaverroes.juntadeandalucia.es\/eeimenendezpidalconil\/wp-json\/wp\/v2\/pages\/3535\/revisions\/5210"}],"wp:attachment":[{"href":"https:\/\/blogsaverroes.juntadeandalucia.es\/eeimenendezpidalconil\/wp-json\/wp\/v2\/media?parent=3535"}],"curies":[{"name":"wp","href":"https:\/\/api.w.org\/{rel}","templated":true}]}}