{"id":5028,"date":"2025-10-03T17:00:12","date_gmt":"2025-10-03T17:00:12","guid":{"rendered":"https:\/\/blogsaverroes.juntadeandalucia.es\/eeimenendezpidalconil\/?page_id=5028"},"modified":"2025-10-03T17:19:00","modified_gmt":"2025-10-03T17:19:00","slug":"aula-matinal","status":"publish","type":"page","link":"https:\/\/blogsaverroes.juntadeandalucia.es\/eeimenendezpidalconil\/aula-matinal\/","title":{"rendered":"AULA MATINAL"},"content":{"rendered":"<p>El colegio pone a disposici\u00f3n de las familias el servicio de&nbsp; <strong>AULA MATINAL,<\/strong> creado para&nbsp; &nbsp;facilitar la conciliaci\u00f3n laboral y familiar. Este espacio est\u00e1 destinado al alumnado que necesita incorporarse al centro antes del inicio de la jornada escolar.<\/p>\n<p><span style=\"font-weight: 400\">Durante este tiempo, los ni\u00f1os y ni\u00f1as participan en actividades tranquilas y de car\u00e1cter l\u00fadico, dise\u00f1adas para que empiecen el d\u00eda de forma relajada, sin provocar cansancio f\u00edsico ni intelectual.<\/span><\/p>\n<p><span style=\"font-weight: 400\">El <strong>horario es de 7:30&nbsp; a 9:00 horas<\/strong>, momento en que el alumnado ser\u00e1 dirigido a su aula correspondiente junto con la monitora.<\/span><\/p>\n<p><span style=\"font-weight: 400\">El acceso al Aula Matinal podr\u00e1 solicitarse para d\u00edas determinados o con car\u00e1cter continuado, manifestando la familia la opci\u00f3n que se desee al presentar la solicitud del servicio. No obstante, a lo largo del curso podr\u00e1 modificarse la opci\u00f3n elegida, solicit\u00e1ndolo con una antelaci\u00f3n de, al menos, una semana a la prestaci\u00f3n del servicio.<\/span><\/p>\n","protected":false},"excerpt":{"rendered":"<p>El colegio pone a disposici\u00f3n de las familias el servicio de&nbsp; AULA MATINAL, creado para&nbsp; &nbsp;facilitar la conciliaci\u00f3n laboral y familiar. Este espacio est\u00e1 destinado al alumnado que necesita incorporarse al centro antes del&#46;&#46;&#46;<\/p>\n","protected":false},"author":11138,"featured_media":0,"parent":0,"menu_order":0,"comment_status":"closed","ping_status":"closed","template":"","meta":{"ngg_post_thumbnail":0,"footnotes":"","_mc_calendar":[]},"aioseo_notices":[],"_links":{"self":[{"href":"https:\/\/blogsaverroes.juntadeandalucia.es\/eeimenendezpidalconil\/wp-json\/wp\/v2\/pages\/5028"}],"collection":[{"href":"https:\/\/blogsaverroes.juntadeandalucia.es\/eeimenendezpidalconil\/wp-json\/wp\/v2\/pages"}],"about":[{"href":"https:\/\/blogsaverroes.juntadeandalucia.es\/eeimenendezpidalconil\/wp-json\/wp\/v2\/types\/page"}],"author":[{"embeddable":true,"href":"https:\/\/blogsaverroes.juntadeandalucia.es\/eeimenendezpidalconil\/wp-json\/wp\/v2\/users\/11138"}],"replies":[{"embeddable":true,"href":"https:\/\/blogsaverroes.juntadeandalucia.es\/eeimenendezpidalconil\/wp-json\/wp\/v2\/comments?post=5028"}],"version-history":[{"count":3,"href":"https:\/\/blogsaverroes.juntadeandalucia.es\/eeimenendezpidalconil\/wp-json\/wp\/v2\/pages\/5028\/revisions"}],"predecessor-version":[{"id":5033,"href":"https:\/\/blogsaverroes.juntadeandalucia.es\/eeimenendezpidalconil\/wp-json\/wp\/v2\/pages\/5028\/revisions\/5033"}],"wp:attachment":[{"href":"https:\/\/blogsaverroes.juntadeandalucia.es\/eeimenendezpidalconil\/wp-json\/wp\/v2\/media?parent=5028"}],"curies":[{"name":"wp","href":"https:\/\/api.w.org\/{rel}","templated":true}]}}