{"id":5523,"date":"2026-03-24T10:02:33","date_gmt":"2026-03-24T10:02:33","guid":{"rendered":"https:\/\/blogsaverroes.juntadeandalucia.es\/eeimenendezpidalconil\/?page_id=5523"},"modified":"2026-03-24T10:34:37","modified_gmt":"2026-03-24T10:34:37","slug":"biblioweb-seneca","status":"publish","type":"page","link":"https:\/\/blogsaverroes.juntadeandalucia.es\/eeimenendezpidalconil\/biblioweb-seneca\/","title":{"rendered":"BIBLIOWEB S\u00c9NECA"},"content":{"rendered":"\t\t<div data-elementor-type=\"wp-page\" data-elementor-id=\"5523\" class=\"elementor elementor-5523\">\n\t\t\t\t\t\t<section class=\"elementor-section elementor-top-section elementor-element elementor-element-6a2986fc elementor-section-boxed elementor-section-height-default elementor-section-height-default\" data-id=\"6a2986fc\" data-element_type=\"section\">\n\t\t\t\t\t\t<div class=\"elementor-container elementor-column-gap-default\">\n\t\t\t\t\t<div class=\"elementor-column elementor-col-100 elementor-top-column elementor-element elementor-element-8b11d0c\" data-id=\"8b11d0c\" data-element_type=\"column\">\n\t\t\t<div class=\"elementor-widget-wrap elementor-element-populated\">\n\t\t\t\t\t\t<div class=\"elementor-element elementor-element-786842fc elementor-widget elementor-widget-text-editor\" data-id=\"786842fc\" data-element_type=\"widget\" data-widget_type=\"text-editor.default\">\n\t\t\t\t<div class=\"elementor-widget-container\">\n\t\t\t\t\t\t\t\t\t<p style=\"text-align: center\">La<strong> Biblioweb S\u00e9neca<\/strong> es un m\u00f3dulo de gesti\u00f3n bibliotecaria que permite al centro organizar , catalogar y administrar los recursos de la biblioteca escolar, donde se pueden consultar los libros de literatura infantil a trav\u00e9s de internet.<\/p>\n<p style=\"text-align: center\">Escaneando el siguiente<strong> c\u00f3gido Qr<\/strong> pod\u00e9is acceder a la<strong> Biblioweb del Centro:<\/strong><\/p>\n<p><a href=\"https:\/\/blogsaverroes.juntadeandalucia.es\/eeimenendezpidalconil\/files\/2026\/03\/qrcode_324512403_bf6198777cd541945f2b7e905240d7f6.png\"><img fetchpriority=\"high\" decoding=\"async\" class=\"size-medium wp-image-5528 aligncenter\" src=\"https:\/\/blogsaverroes.juntadeandalucia.es\/eeimenendezpidalconil\/files\/2026\/03\/qrcode_324512403_bf6198777cd541945f2b7e905240d7f6-300x300.png\" alt=\"\" width=\"300\" height=\"300\" srcset=\"https:\/\/blogsaverroes.juntadeandalucia.es\/eeimenendezpidalconil\/files\/2026\/03\/qrcode_324512403_bf6198777cd541945f2b7e905240d7f6-300x300.png 300w, https:\/\/blogsaverroes.juntadeandalucia.es\/eeimenendezpidalconil\/files\/2026\/03\/qrcode_324512403_bf6198777cd541945f2b7e905240d7f6-150x150.png 150w, https:\/\/blogsaverroes.juntadeandalucia.es\/eeimenendezpidalconil\/files\/2026\/03\/qrcode_324512403_bf6198777cd541945f2b7e905240d7f6-768x768.png 768w, https:\/\/blogsaverroes.juntadeandalucia.es\/eeimenendezpidalconil\/files\/2026\/03\/qrcode_324512403_bf6198777cd541945f2b7e905240d7f6-80x80.png 80w, https:\/\/blogsaverroes.juntadeandalucia.es\/eeimenendezpidalconil\/files\/2026\/03\/qrcode_324512403_bf6198777cd541945f2b7e905240d7f6-320x320.png 320w, https:\/\/blogsaverroes.juntadeandalucia.es\/eeimenendezpidalconil\/files\/2026\/03\/qrcode_324512403_bf6198777cd541945f2b7e905240d7f6.png 1000w\" sizes=\"(max-width: 300px) 100vw, 300px\" \/><\/a><\/p>\t\t\t\t\t\t\t\t<\/div>\n\t\t\t\t<\/div>\n\t\t\t\t\t<\/div>\n\t\t<\/div>\n\t\t\t\t\t<\/div>\n\t\t<\/section>\n\t\t\t\t<\/div>\n\t\t","protected":false},"excerpt":{"rendered":"<p>La Biblioweb S\u00e9neca es un m\u00f3dulo de gesti\u00f3n bibliotecaria que permite al centro organizar , catalogar y administrar los recursos de la biblioteca escolar, donde se pueden consultar los libros de literatura infantil a&#46;&#46;&#46;<\/p>\n","protected":false},"author":11138,"featured_media":0,"parent":0,"menu_order":0,"comment_status":"closed","ping_status":"closed","template":"","meta":{"ngg_post_thumbnail":0,"footnotes":"","_mc_calendar":[]},"aioseo_notices":[],"_links":{"self":[{"href":"https:\/\/blogsaverroes.juntadeandalucia.es\/eeimenendezpidalconil\/wp-json\/wp\/v2\/pages\/5523"}],"collection":[{"href":"https:\/\/blogsaverroes.juntadeandalucia.es\/eeimenendezpidalconil\/wp-json\/wp\/v2\/pages"}],"about":[{"href":"https:\/\/blogsaverroes.juntadeandalucia.es\/eeimenendezpidalconil\/wp-json\/wp\/v2\/types\/page"}],"author":[{"embeddable":true,"href":"https:\/\/blogsaverroes.juntadeandalucia.es\/eeimenendezpidalconil\/wp-json\/wp\/v2\/users\/11138"}],"replies":[{"embeddable":true,"href":"https:\/\/blogsaverroes.juntadeandalucia.es\/eeimenendezpidalconil\/wp-json\/wp\/v2\/comments?post=5523"}],"version-history":[{"count":7,"href":"https:\/\/blogsaverroes.juntadeandalucia.es\/eeimenendezpidalconil\/wp-json\/wp\/v2\/pages\/5523\/revisions"}],"predecessor-version":[{"id":5535,"href":"https:\/\/blogsaverroes.juntadeandalucia.es\/eeimenendezpidalconil\/wp-json\/wp\/v2\/pages\/5523\/revisions\/5535"}],"wp:attachment":[{"href":"https:\/\/blogsaverroes.juntadeandalucia.es\/eeimenendezpidalconil\/wp-json\/wp\/v2\/media?parent=5523"}],"curies":[{"name":"wp","href":"https:\/\/api.w.org\/{rel}","templated":true}]}}