{"id":5550,"date":"2026-03-24T16:14:02","date_gmt":"2026-03-24T16:14:02","guid":{"rendered":"https:\/\/blogsaverroes.juntadeandalucia.es\/eeimenendezpidalconil\/?page_id=5550"},"modified":"2026-03-25T18:55:12","modified_gmt":"2026-03-25T18:55:12","slug":"nivel-4-anos","status":"publish","type":"page","link":"https:\/\/blogsaverroes.juntadeandalucia.es\/eeimenendezpidalconil\/nivel-4-anos\/","title":{"rendered":"NIVEL 4 A\u00d1OS"},"content":{"rendered":"\t\t<div data-elementor-type=\"wp-page\" data-elementor-id=\"5550\" class=\"elementor elementor-5550\">\n\t\t\t\t\t\t<section class=\"elementor-section elementor-top-section elementor-element elementor-element-8747306 elementor-section-boxed elementor-section-height-default elementor-section-height-default\" data-id=\"8747306\" data-element_type=\"section\">\n\t\t\t\t\t\t<div class=\"elementor-container elementor-column-gap-default\">\n\t\t\t\t\t<div class=\"elementor-column elementor-col-100 elementor-top-column elementor-element elementor-element-79d8763\" data-id=\"79d8763\" data-element_type=\"column\">\n\t\t\t<div class=\"elementor-widget-wrap elementor-element-populated\">\n\t\t\t\t\t\t<div class=\"elementor-element elementor-element-288cd42 elementor-widget elementor-widget-text-editor\" data-id=\"288cd42\" data-element_type=\"widget\" data-widget_type=\"text-editor.default\">\n\t\t\t\t<div class=\"elementor-widget-container\">\n\t\t\t\t\t\t\t\t\t<p><span style=\"font-weight: 400\">Este tablero ha sido creado para compartir con las familias y tutores las canciones, los cuentos y practicar con los juegos interactivos de Ingl\u00e9s de la E.I. MEN\u00c9NDEZ PIDAL.\u00a0<\/span><\/p><p>Deb\u00e9is hacer click en la imagen y os llevar\u00e1 al Padlet, donde podr\u00e9is pinchar en cada uno de los recursos disponibles.<\/p><p>\u00a0<\/p>\t\t\t\t\t\t\t\t<\/div>\n\t\t\t\t<\/div>\n\t\t\t\t<div class=\"elementor-element elementor-element-cbce270 elementor-widget elementor-widget-image\" data-id=\"cbce270\" data-element_type=\"widget\" data-widget_type=\"image.default\">\n\t\t\t\t<div class=\"elementor-widget-container\">\n\t\t\t\t\t\t\t\t\t\t\t\t\t\t\t\t<a href=\"https:\/\/padlet.com\/manoliteacherblog\/ingl-s-4-a-os-eei-men-ndez-pidal-622za312dn6wko8d\">\n\t\t\t\t\t\t\t<img fetchpriority=\"high\" decoding=\"async\" width=\"1600\" height=\"507\" src=\"https:\/\/blogsaverroes.juntadeandalucia.es\/eeimenendezpidalconil\/files\/2026\/03\/4-anos.png\" class=\"attachment-2048x2048 size-2048x2048 wp-image-5617\" alt=\"\" srcset=\"https:\/\/blogsaverroes.juntadeandalucia.es\/eeimenendezpidalconil\/files\/2026\/03\/4-anos.png 1600w, https:\/\/blogsaverroes.juntadeandalucia.es\/eeimenendezpidalconil\/files\/2026\/03\/4-anos-300x95.png 300w, https:\/\/blogsaverroes.juntadeandalucia.es\/eeimenendezpidalconil\/files\/2026\/03\/4-anos-1024x324.png 1024w, https:\/\/blogsaverroes.juntadeandalucia.es\/eeimenendezpidalconil\/files\/2026\/03\/4-anos-768x243.png 768w, https:\/\/blogsaverroes.juntadeandalucia.es\/eeimenendezpidalconil\/files\/2026\/03\/4-anos-1536x486.png 1536w\" sizes=\"(max-width: 1600px) 100vw, 1600px\" \/>\t\t\t\t\t\t\t\t<\/a>\n\t\t\t\t\t\t\t\t\t\t\t\t\t\t\t<\/div>\n\t\t\t\t<\/div>\n\t\t\t\t\t<\/div>\n\t\t<\/div>\n\t\t\t\t\t<\/div>\n\t\t<\/section>\n\t\t\t\t<section class=\"elementor-section elementor-top-section elementor-element elementor-element-00537cb elementor-section-boxed elementor-section-height-default elementor-section-height-default\" data-id=\"00537cb\" data-element_type=\"section\">\n\t\t\t\t\t\t<div class=\"elementor-container elementor-column-gap-default\">\n\t\t\t\t\t<div class=\"elementor-column elementor-col-100 elementor-top-column elementor-element elementor-element-1c13a3d\" data-id=\"1c13a3d\" data-element_type=\"column\">\n\t\t\t<div class=\"elementor-widget-wrap\">\n\t\t\t\t\t\t\t<\/div>\n\t\t<\/div>\n\t\t\t\t\t<\/div>\n\t\t<\/section>\n\t\t\t\t<\/div>\n\t\t","protected":false},"excerpt":{"rendered":"<p>Este tablero ha sido creado para compartir con las familias y tutores las canciones, los cuentos y practicar con los juegos interactivos de Ingl\u00e9s de la E.I. MEN\u00c9NDEZ PIDAL.\u00a0 Deb\u00e9is hacer click en la&#46;&#46;&#46;<\/p>\n","protected":false},"author":11138,"featured_media":0,"parent":0,"menu_order":0,"comment_status":"closed","ping_status":"closed","template":"","meta":{"ngg_post_thumbnail":0,"footnotes":"","_mc_calendar":[]},"aioseo_notices":[],"_links":{"self":[{"href":"https:\/\/blogsaverroes.juntadeandalucia.es\/eeimenendezpidalconil\/wp-json\/wp\/v2\/pages\/5550"}],"collection":[{"href":"https:\/\/blogsaverroes.juntadeandalucia.es\/eeimenendezpidalconil\/wp-json\/wp\/v2\/pages"}],"about":[{"href":"https:\/\/blogsaverroes.juntadeandalucia.es\/eeimenendezpidalconil\/wp-json\/wp\/v2\/types\/page"}],"author":[{"embeddable":true,"href":"https:\/\/blogsaverroes.juntadeandalucia.es\/eeimenendezpidalconil\/wp-json\/wp\/v2\/users\/11138"}],"replies":[{"embeddable":true,"href":"https:\/\/blogsaverroes.juntadeandalucia.es\/eeimenendezpidalconil\/wp-json\/wp\/v2\/comments?post=5550"}],"version-history":[{"count":13,"href":"https:\/\/blogsaverroes.juntadeandalucia.es\/eeimenendezpidalconil\/wp-json\/wp\/v2\/pages\/5550\/revisions"}],"predecessor-version":[{"id":5626,"href":"https:\/\/blogsaverroes.juntadeandalucia.es\/eeimenendezpidalconil\/wp-json\/wp\/v2\/pages\/5550\/revisions\/5626"}],"wp:attachment":[{"href":"https:\/\/blogsaverroes.juntadeandalucia.es\/eeimenendezpidalconil\/wp-json\/wp\/v2\/media?parent=5550"}],"curies":[{"name":"wp","href":"https:\/\/api.w.org\/{rel}","templated":true}]}}