{"id":44,"date":"2015-03-13T08:42:15","date_gmt":"2015-03-13T08:42:15","guid":{"rendered":"http:\/\/blogsaverroes.juntadeandalucia.es\/pre\/ceip\/?page_id=44"},"modified":"2020-11-02T16:39:37","modified_gmt":"2020-11-02T16:39:37","slug":"planes-y-proyectos","status":"publish","type":"page","link":"https:\/\/blogsaverroes.juntadeandalucia.es\/eeiramblamorales\/planes-y-proyectos\/","title":{"rendered":"Planes y Programas"},"content":{"rendered":"<p><img loading=\"lazy\" decoding=\"async\" class=\"alignnone size-medium wp-image-1667\" src=\"https:\/\/blogsaverroes.juntadeandalucia.es\/eeiramblamorales\/files\/2015\/03\/planes-300x150.png\" alt=\"planes\" width=\"300\" height=\"150\" srcset=\"https:\/\/blogsaverroes.juntadeandalucia.es\/eeiramblamorales\/files\/2015\/03\/planes-300x150.png 300w, https:\/\/blogsaverroes.juntadeandalucia.es\/eeiramblamorales\/files\/2015\/03\/planes.png 640w\" sizes=\"(max-width: 300px) 100vw, 300px\" \/><\/p>\n<ul>\n<li><strong>Plan de Igualdad.<\/strong><\/li>\n<li><strong>Escuela Espacio de Paz.<\/strong><\/li>\n<li><strong>Bibliotecas escolares.<\/strong><\/li>\n<li><strong>Plan de Autoprotecci\u00f3n.<\/strong><\/li>\n<li><strong>Transformaci\u00f3n Digital del Centro TDE.<\/strong><\/li>\n<li><strong>Creciendo en Salud.<\/strong><\/li>\n<li><strong>Plan de Prevenci\u00f3n de la Violencia de G\u00e9nero (Pacto de estado contra la violencia de G\u00e9nero).<\/strong><\/li>\n<\/ul>\n","protected":false},"excerpt":{"rendered":"<p>Plan de Igualdad. Escuela Espacio de Paz. Bibliotecas escolares. Plan de Autoprotecci\u00f3n. Transformaci\u00f3n Digital del Centro TDE. Creciendo en Salud. Plan de Prevenci\u00f3n de la Violencia de G\u00e9nero (Pacto de estado contra la violencia&#46;&#46;&#46;<\/p>\n","protected":false},"author":1,"featured_media":0,"parent":0,"menu_order":0,"comment_status":"closed","ping_status":"closed","template":"page-cs.php","meta":{"ngg_post_thumbnail":0,"footnotes":"","_mc_calendar":[]},"aioseo_notices":[],"_links":{"self":[{"href":"https:\/\/blogsaverroes.juntadeandalucia.es\/eeiramblamorales\/wp-json\/wp\/v2\/pages\/44"}],"collection":[{"href":"https:\/\/blogsaverroes.juntadeandalucia.es\/eeiramblamorales\/wp-json\/wp\/v2\/pages"}],"about":[{"href":"https:\/\/blogsaverroes.juntadeandalucia.es\/eeiramblamorales\/wp-json\/wp\/v2\/types\/page"}],"author":[{"embeddable":true,"href":"https:\/\/blogsaverroes.juntadeandalucia.es\/eeiramblamorales\/wp-json\/wp\/v2\/users\/1"}],"replies":[{"embeddable":true,"href":"https:\/\/blogsaverroes.juntadeandalucia.es\/eeiramblamorales\/wp-json\/wp\/v2\/comments?post=44"}],"version-history":[{"count":6,"href":"https:\/\/blogsaverroes.juntadeandalucia.es\/eeiramblamorales\/wp-json\/wp\/v2\/pages\/44\/revisions"}],"predecessor-version":[{"id":2268,"href":"https:\/\/blogsaverroes.juntadeandalucia.es\/eeiramblamorales\/wp-json\/wp\/v2\/pages\/44\/revisions\/2268"}],"wp:attachment":[{"href":"https:\/\/blogsaverroes.juntadeandalucia.es\/eeiramblamorales\/wp-json\/wp\/v2\/media?parent=44"}],"curies":[{"name":"wp","href":"https:\/\/api.w.org\/{rel}","templated":true}]}}