{"id":1050,"date":"2023-01-10T00:20:23","date_gmt":"2023-01-09T23:20:23","guid":{"rendered":"https:\/\/blogsaverroes.juntadeandalucia.es\/eeirioebromotril\/?page_id=1050"},"modified":"2025-09-30T16:44:38","modified_gmt":"2025-09-30T15:44:38","slug":"plan-de-centro","status":"publish","type":"page","link":"https:\/\/blogsaverroes.juntadeandalucia.es\/eeirioebromotril\/plan-de-centro\/","title":{"rendered":"Plan de Centro"},"content":{"rendered":"<p><img loading=\"lazy\" decoding=\"async\" class=\"wp-image-1081 size-large aligncenter\" src=\"https:\/\/blogsaverroes.juntadeandalucia.es\/eeirioebromotril\/files\/2023\/01\/Plan-de-Centro-2-1024x256.png\" alt=\"\" width=\"1024\" height=\"256\" srcset=\"https:\/\/blogsaverroes.juntadeandalucia.es\/eeirioebromotril\/files\/2023\/01\/Plan-de-Centro-2-1024x256.png 1024w, https:\/\/blogsaverroes.juntadeandalucia.es\/eeirioebromotril\/files\/2023\/01\/Plan-de-Centro-2-300x75.png 300w, https:\/\/blogsaverroes.juntadeandalucia.es\/eeirioebromotril\/files\/2023\/01\/Plan-de-Centro-2-768x192.png 768w, https:\/\/blogsaverroes.juntadeandalucia.es\/eeirioebromotril\/files\/2023\/01\/Plan-de-Centro-2-1536x384.png 1536w, https:\/\/blogsaverroes.juntadeandalucia.es\/eeirioebromotril\/files\/2023\/01\/Plan-de-Centro-2.png 1920w\" sizes=\"(max-width: 1024px) 100vw, 1024px\" \/><\/p>\n<table class=\" aligncenter\" style=\"width: 100%;border-collapse: collapse;border-style: dashed;border-color: #000000\">\n<tbody>\n<tr>\n<td style=\"width: 33.3333%\"><a href=\"https:\/\/blogsaverroes.juntadeandalucia.es\/eeirioebromotril\/files\/2025\/03\/ROF.pdf\"><img loading=\"lazy\" decoding=\"async\" class=\"aligncenter wp-image-1076 size-thumbnail\" src=\"https:\/\/blogsaverroes.juntadeandalucia.es\/eeirioebromotril\/files\/2023\/01\/document-3503099_1280-150x150.png\" alt=\"\" width=\"150\" height=\"150\" srcset=\"https:\/\/blogsaverroes.juntadeandalucia.es\/eeirioebromotril\/files\/2023\/01\/document-3503099_1280-150x150.png 150w, https:\/\/blogsaverroes.juntadeandalucia.es\/eeirioebromotril\/files\/2023\/01\/document-3503099_1280-300x300.png 300w, https:\/\/blogsaverroes.juntadeandalucia.es\/eeirioebromotril\/files\/2023\/01\/document-3503099_1280-1024x1024.png 1024w, https:\/\/blogsaverroes.juntadeandalucia.es\/eeirioebromotril\/files\/2023\/01\/document-3503099_1280-768x768.png 768w, https:\/\/blogsaverroes.juntadeandalucia.es\/eeirioebromotril\/files\/2023\/01\/document-3503099_1280.png 1280w\" sizes=\"(max-width: 150px) 100vw, 150px\" \/><\/a><\/td>\n<td style=\"width: 33.3333%\"><a href=\"https:\/\/blogsaverroes.juntadeandalucia.es\/eeirioebromotril\/files\/2025\/09\/Proyecto-Educativo-completo-con-indice.pdf\"><img loading=\"lazy\" decoding=\"async\" class=\"aligncenter wp-image-1074 size-thumbnail\" src=\"https:\/\/blogsaverroes.juntadeandalucia.es\/eeirioebromotril\/files\/2023\/01\/document-7279544_1920-150x150.png\" alt=\"\" width=\"150\" height=\"150\" srcset=\"https:\/\/blogsaverroes.juntadeandalucia.es\/eeirioebromotril\/files\/2023\/01\/document-7279544_1920-150x150.png 150w, https:\/\/blogsaverroes.juntadeandalucia.es\/eeirioebromotril\/files\/2023\/01\/document-7279544_1920-300x300.png 300w, https:\/\/blogsaverroes.juntadeandalucia.es\/eeirioebromotril\/files\/2023\/01\/document-7279544_1920-1024x1024.png 1024w, https:\/\/blogsaverroes.juntadeandalucia.es\/eeirioebromotril\/files\/2023\/01\/document-7279544_1920-768x768.png 768w, https:\/\/blogsaverroes.juntadeandalucia.es\/eeirioebromotril\/files\/2023\/01\/document-7279544_1920-1536x1536.png 1536w, https:\/\/blogsaverroes.juntadeandalucia.es\/eeirioebromotril\/files\/2023\/01\/document-7279544_1920.png 1920w\" sizes=\"(max-width: 150px) 100vw, 150px\" \/><\/a><\/td>\n<td style=\"width: 33.3333%\"><a href=\"https:\/\/blogsaverroes.juntadeandalucia.es\/eeirioebromotril\/files\/2023\/01\/02-PLAN-DE-CENTRO-Rio-Ebro-P-de-gesti\u00f3n.pdf\" target=\"_blank\" rel=\"noopener noreferrer\"><img loading=\"lazy\" decoding=\"async\" class=\"aligncenter wp-image-1075 size-thumbnail\" src=\"https:\/\/blogsaverroes.juntadeandalucia.es\/eeirioebromotril\/files\/2023\/01\/hexagon-2444428_1280-150x150.png\" alt=\"\" width=\"150\" height=\"150\" srcset=\"https:\/\/blogsaverroes.juntadeandalucia.es\/eeirioebromotril\/files\/2023\/01\/hexagon-2444428_1280-150x150.png 150w, https:\/\/blogsaverroes.juntadeandalucia.es\/eeirioebromotril\/files\/2023\/01\/hexagon-2444428_1280-300x300.png 300w, https:\/\/blogsaverroes.juntadeandalucia.es\/eeirioebromotril\/files\/2023\/01\/hexagon-2444428_1280-1024x1024.png 1024w, https:\/\/blogsaverroes.juntadeandalucia.es\/eeirioebromotril\/files\/2023\/01\/hexagon-2444428_1280-768x768.png 768w, https:\/\/blogsaverroes.juntadeandalucia.es\/eeirioebromotril\/files\/2023\/01\/hexagon-2444428_1280.png 1280w\" sizes=\"(max-width: 150px) 100vw, 150px\" \/><\/a><\/td>\n<\/tr>\n<tr>\n<td style=\"width: 33.3333%\"><span style=\"font-family: 'comic sans ms', sans-serif\">Reglamento de organizaci\u00f3n y funcionamiento (R.O.F.)<\/span><\/td>\n<td style=\"width: 33.3333%;text-align: center\"><span style=\"font-family: 'comic sans ms', sans-serif\">Proyecto Educativo<\/span><\/td>\n<td style=\"width: 33.3333%;text-align: center\"><span style=\"font-family: 'comic sans ms', sans-serif\">Proyecto de Gesti\u00f3n<\/span><\/td>\n<\/tr>\n<\/tbody>\n<\/table>\n<p>&nbsp;<\/p>\n<table style=\"border-collapse: collapse;width: 100%\">\n<tbody>\n<tr>\n<td style=\"width: 33.3333%;text-align: center\"><img loading=\"lazy\" decoding=\"async\" class=\"aligncenter wp-image-1075 size-thumbnail\" src=\"https:\/\/blogsaverroes.juntadeandalucia.es\/eeirioebromotril\/files\/2023\/01\/hexagon-2444428_1280-150x150.png\" alt=\"\" width=\"150\" height=\"150\" srcset=\"https:\/\/blogsaverroes.juntadeandalucia.es\/eeirioebromotril\/files\/2023\/01\/hexagon-2444428_1280-150x150.png 150w, https:\/\/blogsaverroes.juntadeandalucia.es\/eeirioebromotril\/files\/2023\/01\/hexagon-2444428_1280-300x300.png 300w, https:\/\/blogsaverroes.juntadeandalucia.es\/eeirioebromotril\/files\/2023\/01\/hexagon-2444428_1280-1024x1024.png 1024w, https:\/\/blogsaverroes.juntadeandalucia.es\/eeirioebromotril\/files\/2023\/01\/hexagon-2444428_1280-768x768.png 768w, https:\/\/blogsaverroes.juntadeandalucia.es\/eeirioebromotril\/files\/2023\/01\/hexagon-2444428_1280.png 1280w\" sizes=\"(max-width: 150px) 100vw, 150px\" \/><\/td>\n<td style=\"width: 33.3333%;text-align: center\"><img loading=\"lazy\" decoding=\"async\" class=\"aligncenter wp-image-1076 size-thumbnail\" src=\"https:\/\/blogsaverroes.juntadeandalucia.es\/eeirioebromotril\/files\/2023\/01\/document-3503099_1280-150x150.png\" alt=\"\" width=\"150\" height=\"150\" srcset=\"https:\/\/blogsaverroes.juntadeandalucia.es\/eeirioebromotril\/files\/2023\/01\/document-3503099_1280-150x150.png 150w, https:\/\/blogsaverroes.juntadeandalucia.es\/eeirioebromotril\/files\/2023\/01\/document-3503099_1280-300x300.png 300w, https:\/\/blogsaverroes.juntadeandalucia.es\/eeirioebromotril\/files\/2023\/01\/document-3503099_1280-1024x1024.png 1024w, https:\/\/blogsaverroes.juntadeandalucia.es\/eeirioebromotril\/files\/2023\/01\/document-3503099_1280-768x768.png 768w, https:\/\/blogsaverroes.juntadeandalucia.es\/eeirioebromotril\/files\/2023\/01\/document-3503099_1280.png 1280w\" sizes=\"(max-width: 150px) 100vw, 150px\" \/><\/td>\n<td style=\"width: 33.3333%;text-align: center\"><img loading=\"lazy\" decoding=\"async\" class=\"aligncenter wp-image-1074 size-thumbnail\" src=\"https:\/\/blogsaverroes.juntadeandalucia.es\/eeirioebromotril\/files\/2023\/01\/document-7279544_1920-150x150.png\" alt=\"\" width=\"150\" height=\"150\" srcset=\"https:\/\/blogsaverroes.juntadeandalucia.es\/eeirioebromotril\/files\/2023\/01\/document-7279544_1920-150x150.png 150w, https:\/\/blogsaverroes.juntadeandalucia.es\/eeirioebromotril\/files\/2023\/01\/document-7279544_1920-300x300.png 300w, https:\/\/blogsaverroes.juntadeandalucia.es\/eeirioebromotril\/files\/2023\/01\/document-7279544_1920-1024x1024.png 1024w, https:\/\/blogsaverroes.juntadeandalucia.es\/eeirioebromotril\/files\/2023\/01\/document-7279544_1920-768x768.png 768w, https:\/\/blogsaverroes.juntadeandalucia.es\/eeirioebromotril\/files\/2023\/01\/document-7279544_1920-1536x1536.png 1536w, https:\/\/blogsaverroes.juntadeandalucia.es\/eeirioebromotril\/files\/2023\/01\/document-7279544_1920.png 1920w\" sizes=\"(max-width: 150px) 100vw, 150px\" \/><\/td>\n<\/tr>\n<tr>\n<td style=\"width: 33.3333%;text-align: center\"><a href=\"https:\/\/blogsaverroes.juntadeandalucia.es\/eeirioebromotril\/files\/2024\/10\/Plan-digital.pdf\"><span style=\"font-family: 'comic sans ms', sans-serif\"><strong>Plan Digital<\/strong><\/span><\/a><\/td>\n<td style=\"width: 33.3333%;text-align: center\"><a href=\"https:\/\/blogsaverroes.juntadeandalucia.es\/eeirioebromotril\/files\/2024\/06\/PLAN-DE-AUTOPROTECCION-completoRio-Ebro.pdf\"><span style=\"font-family: 'comic sans ms', sans-serif\"><strong>Plan de autoprotecci\u00f3n<\/strong><\/span><\/a><\/td>\n<td style=\"width: 33.3333%;text-align: center\"><a href=\"https:\/\/blogsaverroes.juntadeandalucia.es\/eeirioebromotril\/files\/2025\/09\/PLAN-DE-CONVIVENCIA-2025-1.pdf\"><strong><span style=\"font-family: 'comic sans ms', sans-serif\">Plan de convivencia<\/span><\/strong><\/a><\/td>\n<\/tr>\n<\/tbody>\n<\/table>\n<table style=\"border-collapse: collapse;width: 100%\">\n<tbody>\n<tr>\n<td style=\"width: 33.3333%\"><img loading=\"lazy\" decoding=\"async\" class=\"aligncenter wp-image-1074 size-thumbnail\" src=\"https:\/\/blogsaverroes.juntadeandalucia.es\/eeirioebromotril\/files\/2023\/01\/document-7279544_1920-150x150.png\" alt=\"\" width=\"150\" height=\"150\" srcset=\"https:\/\/blogsaverroes.juntadeandalucia.es\/eeirioebromotril\/files\/2023\/01\/document-7279544_1920-150x150.png 150w, https:\/\/blogsaverroes.juntadeandalucia.es\/eeirioebromotril\/files\/2023\/01\/document-7279544_1920-300x300.png 300w, https:\/\/blogsaverroes.juntadeandalucia.es\/eeirioebromotril\/files\/2023\/01\/document-7279544_1920-1024x1024.png 1024w, https:\/\/blogsaverroes.juntadeandalucia.es\/eeirioebromotril\/files\/2023\/01\/document-7279544_1920-768x768.png 768w, https:\/\/blogsaverroes.juntadeandalucia.es\/eeirioebromotril\/files\/2023\/01\/document-7279544_1920-1536x1536.png 1536w, https:\/\/blogsaverroes.juntadeandalucia.es\/eeirioebromotril\/files\/2023\/01\/document-7279544_1920.png 1920w\" sizes=\"(max-width: 150px) 100vw, 150px\" \/><\/td>\n<td style=\"width: 33.3333%\"><img loading=\"lazy\" decoding=\"async\" class=\"aligncenter wp-image-1075 size-thumbnail\" src=\"https:\/\/blogsaverroes.juntadeandalucia.es\/eeirioebromotril\/files\/2023\/01\/hexagon-2444428_1280-150x150.png\" alt=\"\" width=\"150\" height=\"150\" srcset=\"https:\/\/blogsaverroes.juntadeandalucia.es\/eeirioebromotril\/files\/2023\/01\/hexagon-2444428_1280-150x150.png 150w, https:\/\/blogsaverroes.juntadeandalucia.es\/eeirioebromotril\/files\/2023\/01\/hexagon-2444428_1280-300x300.png 300w, https:\/\/blogsaverroes.juntadeandalucia.es\/eeirioebromotril\/files\/2023\/01\/hexagon-2444428_1280-1024x1024.png 1024w, https:\/\/blogsaverroes.juntadeandalucia.es\/eeirioebromotril\/files\/2023\/01\/hexagon-2444428_1280-768x768.png 768w, https:\/\/blogsaverroes.juntadeandalucia.es\/eeirioebromotril\/files\/2023\/01\/hexagon-2444428_1280.png 1280w\" sizes=\"(max-width: 150px) 100vw, 150px\" \/><\/td>\n<td style=\"width: 33.3333%\"><img loading=\"lazy\" decoding=\"async\" class=\"aligncenter wp-image-1076 size-thumbnail\" src=\"https:\/\/blogsaverroes.juntadeandalucia.es\/eeirioebromotril\/files\/2023\/01\/document-3503099_1280-150x150.png\" alt=\"\" width=\"150\" height=\"150\" srcset=\"https:\/\/blogsaverroes.juntadeandalucia.es\/eeirioebromotril\/files\/2023\/01\/document-3503099_1280-150x150.png 150w, https:\/\/blogsaverroes.juntadeandalucia.es\/eeirioebromotril\/files\/2023\/01\/document-3503099_1280-300x300.png 300w, https:\/\/blogsaverroes.juntadeandalucia.es\/eeirioebromotril\/files\/2023\/01\/document-3503099_1280-1024x1024.png 1024w, https:\/\/blogsaverroes.juntadeandalucia.es\/eeirioebromotril\/files\/2023\/01\/document-3503099_1280-768x768.png 768w, https:\/\/blogsaverroes.juntadeandalucia.es\/eeirioebromotril\/files\/2023\/01\/document-3503099_1280.png 1280w\" sizes=\"(max-width: 150px) 100vw, 150px\" \/><\/td>\n<\/tr>\n<tr>\n<td style=\"width: 33.3333%;text-align: center\"><a href=\"https:\/\/blogsaverroes.juntadeandalucia.es\/eeirioebromotril\/files\/2024\/10\/Propuestas-pedagogicas-3-anos.pdf\"><span style=\"font-family: 'comic sans ms', sans-serif\"><strong>Propuesta pedag\u00f3gica 3 a\u00f1os<\/strong><\/span><\/a><\/td>\n<td style=\"width: 33.3333%;text-align: center\"><a href=\"https:\/\/blogsaverroes.juntadeandalucia.es\/eeirioebromotril\/files\/2024\/10\/Propuestas-pedagogicas-4-anos-revisado.pdf\"><span style=\"font-family: 'comic sans ms', sans-serif\"><strong>Propuesta pedag\u00f3gica 4 a\u00f1os<\/strong><\/span><\/a><\/td>\n<td style=\"width: 33.3333%;text-align: center\"><a href=\"https:\/\/blogsaverroes.juntadeandalucia.es\/eeirioebromotril\/files\/2024\/10\/Propuestas-pedagogicas-5-anos.pdf\"><span style=\"font-family: 'comic sans ms', sans-serif\"><strong>Propuesta pedag\u00f3gica 5 a\u00f1os<\/strong><\/span><\/a><\/td>\n<\/tr>\n<\/tbody>\n<\/table>\n<p style=\"text-align: center\">&nbsp;<\/p>\n","protected":false},"excerpt":{"rendered":"<p>Reglamento de organizaci\u00f3n y funcionamiento (R.O.F.) Proyecto Educativo Proyecto de Gesti\u00f3n &nbsp; Plan Digital Plan de autoprotecci\u00f3n Plan de convivencia Propuesta pedag\u00f3gica 3 a\u00f1os Propuesta pedag\u00f3gica 4 a\u00f1os Propuesta pedag\u00f3gica 5 a\u00f1os &nbsp;<\/p>\n","protected":false},"author":13777,"featured_media":0,"parent":0,"menu_order":0,"comment_status":"closed","ping_status":"closed","template":"","meta":{"ngg_post_thumbnail":0,"footnotes":""},"aioseo_notices":[],"_links":{"self":[{"href":"https:\/\/blogsaverroes.juntadeandalucia.es\/eeirioebromotril\/wp-json\/wp\/v2\/pages\/1050"}],"collection":[{"href":"https:\/\/blogsaverroes.juntadeandalucia.es\/eeirioebromotril\/wp-json\/wp\/v2\/pages"}],"about":[{"href":"https:\/\/blogsaverroes.juntadeandalucia.es\/eeirioebromotril\/wp-json\/wp\/v2\/types\/page"}],"author":[{"embeddable":true,"href":"https:\/\/blogsaverroes.juntadeandalucia.es\/eeirioebromotril\/wp-json\/wp\/v2\/users\/13777"}],"replies":[{"embeddable":true,"href":"https:\/\/blogsaverroes.juntadeandalucia.es\/eeirioebromotril\/wp-json\/wp\/v2\/comments?post=1050"}],"version-history":[{"count":22,"href":"https:\/\/blogsaverroes.juntadeandalucia.es\/eeirioebromotril\/wp-json\/wp\/v2\/pages\/1050\/revisions"}],"predecessor-version":[{"id":2170,"href":"https:\/\/blogsaverroes.juntadeandalucia.es\/eeirioebromotril\/wp-json\/wp\/v2\/pages\/1050\/revisions\/2170"}],"wp:attachment":[{"href":"https:\/\/blogsaverroes.juntadeandalucia.es\/eeirioebromotril\/wp-json\/wp\/v2\/media?parent=1050"}],"curies":[{"name":"wp","href":"https:\/\/api.w.org\/{rel}","templated":true}]}}