{"id":1203,"date":"2023-02-09T10:29:26","date_gmt":"2023-02-09T09:29:26","guid":{"rendered":"https:\/\/blogsaverroes.juntadeandalucia.es\/eeirioebromotril\/?page_id=1203"},"modified":"2026-04-09T11:46:03","modified_gmt":"2026-04-09T10:46:03","slug":"actividades-desarrolladas-en-el-centro","status":"publish","type":"page","link":"https:\/\/blogsaverroes.juntadeandalucia.es\/eeirioebromotril\/actividades-desarrolladas-en-el-centro\/","title":{"rendered":"Actividades desarrolladas en el centro"},"content":{"rendered":"<p><img loading=\"lazy\" decoding=\"async\" class=\"aligncenter size-large wp-image-2307\" src=\"https:\/\/blogsaverroes.juntadeandalucia.es\/eeirioebromotril\/files\/2026\/04\/actividades-complementarias.docx_page-0001-725x1024.jpg\" alt=\"\" width=\"725\" height=\"1024\" srcset=\"https:\/\/blogsaverroes.juntadeandalucia.es\/eeirioebromotril\/files\/2026\/04\/actividades-complementarias.docx_page-0001-725x1024.jpg 725w, https:\/\/blogsaverroes.juntadeandalucia.es\/eeirioebromotril\/files\/2026\/04\/actividades-complementarias.docx_page-0001-212x300.jpg 212w, https:\/\/blogsaverroes.juntadeandalucia.es\/eeirioebromotril\/files\/2026\/04\/actividades-complementarias.docx_page-0001-768x1085.jpg 768w, https:\/\/blogsaverroes.juntadeandalucia.es\/eeirioebromotril\/files\/2026\/04\/actividades-complementarias.docx_page-0001-1087x1536.jpg 1087w, https:\/\/blogsaverroes.juntadeandalucia.es\/eeirioebromotril\/files\/2026\/04\/actividades-complementarias.docx_page-0001.jpg 1242w\" sizes=\"(max-width: 725px) 100vw, 725px\" \/><\/p>\n<p><img loading=\"lazy\" decoding=\"async\" class=\"aligncenter size-large wp-image-2308\" src=\"https:\/\/blogsaverroes.juntadeandalucia.es\/eeirioebromotril\/files\/2026\/04\/actividades-complementarias.docx_page-0002-725x1024.jpg\" alt=\"\" width=\"725\" height=\"1024\" srcset=\"https:\/\/blogsaverroes.juntadeandalucia.es\/eeirioebromotril\/files\/2026\/04\/actividades-complementarias.docx_page-0002-725x1024.jpg 725w, https:\/\/blogsaverroes.juntadeandalucia.es\/eeirioebromotril\/files\/2026\/04\/actividades-complementarias.docx_page-0002-212x300.jpg 212w, https:\/\/blogsaverroes.juntadeandalucia.es\/eeirioebromotril\/files\/2026\/04\/actividades-complementarias.docx_page-0002-768x1085.jpg 768w, https:\/\/blogsaverroes.juntadeandalucia.es\/eeirioebromotril\/files\/2026\/04\/actividades-complementarias.docx_page-0002-1087x1536.jpg 1087w, https:\/\/blogsaverroes.juntadeandalucia.es\/eeirioebromotril\/files\/2026\/04\/actividades-complementarias.docx_page-0002.jpg 1242w\" sizes=\"(max-width: 725px) 100vw, 725px\" \/><\/p>\n<p><img loading=\"lazy\" decoding=\"async\" class=\"aligncenter size-large wp-image-2309\" src=\"https:\/\/blogsaverroes.juntadeandalucia.es\/eeirioebromotril\/files\/2026\/04\/actividades-complementarias.docx_page-0003-725x1024.jpg\" alt=\"\" width=\"725\" height=\"1024\" srcset=\"https:\/\/blogsaverroes.juntadeandalucia.es\/eeirioebromotril\/files\/2026\/04\/actividades-complementarias.docx_page-0003-725x1024.jpg 725w, https:\/\/blogsaverroes.juntadeandalucia.es\/eeirioebromotril\/files\/2026\/04\/actividades-complementarias.docx_page-0003-212x300.jpg 212w, https:\/\/blogsaverroes.juntadeandalucia.es\/eeirioebromotril\/files\/2026\/04\/actividades-complementarias.docx_page-0003-768x1085.jpg 768w, https:\/\/blogsaverroes.juntadeandalucia.es\/eeirioebromotril\/files\/2026\/04\/actividades-complementarias.docx_page-0003-1087x1536.jpg 1087w, https:\/\/blogsaverroes.juntadeandalucia.es\/eeirioebromotril\/files\/2026\/04\/actividades-complementarias.docx_page-0003.jpg 1242w\" sizes=\"(max-width: 725px) 100vw, 725px\" \/><\/p>\n<p>&nbsp;<\/p>\n<p>&nbsp;<\/p>\n<p style=\"text-align: center\">&nbsp;<\/p>\n<p>&nbsp;<\/p>\n<p>&nbsp;<\/p>\n<p style=\"text-align: center\">&nbsp;<\/p>\n<p>&nbsp;<\/p>\n<p>&nbsp;<\/p>\n<div class=\"h5p-content\" data-content-id=\"12\"><\/div>\n<p style=\"text-align: center\"><strong>D\u00eda de la Paz<\/strong><\/p>\n<p>&nbsp;<\/p>\n<p>&nbsp;<\/p>\n<p>&nbsp;<\/p>\n<div class=\"h5p-content\" data-content-id=\"5\"><\/div>\n<p style=\"text-align: center\"><strong>D\u00eda de Andaluc\u00eda<\/strong><\/p>\n<p>&nbsp;<\/p>\n<p>&nbsp;<\/p>\n<div style=\"width: 480px;\" class=\"wp-video\"><!--[if lt IE 9]><script>document.createElement('video');<\/script><![endif]-->\n<video class=\"wp-video-shortcode\" id=\"video-1203-1\" width=\"480\" height=\"672\" preload=\"metadata\" controls=\"controls\"><source type=\"video\/mp4\" src=\"https:\/\/blogsaverroes.juntadeandalucia.es\/eeirioebromotril\/files\/2023\/12\/VID-20231218-WA0060.mp4?_=1\" \/><a href=\"https:\/\/blogsaverroes.juntadeandalucia.es\/eeirioebromotril\/files\/2023\/12\/VID-20231218-WA0060.mp4\">https:\/\/blogsaverroes.juntadeandalucia.es\/eeirioebromotril\/files\/2023\/12\/VID-20231218-WA0060.mp4<\/a><\/video><\/div>\n<p>&nbsp;<\/p>\n<p style=\"text-align: center\"><strong>25 N<\/strong><\/p>\n<div class=\"h5p-iframe-wrapper\"><iframe id=\"h5p-iframe-4\" class=\"h5p-iframe\" data-content-id=\"4\" style=\"height:1px\" src=\"about:blank\" frameBorder=\"0\" scrolling=\"no\" title=\"Actividades del colegio\"><\/iframe><\/div>\n<p style=\"text-align: center\"><strong>Jornada l\u00fadica familia-escuela<\/strong><\/p>\n<p>&nbsp;<\/p>\n<p>&nbsp;<\/p>\n<div style=\"width: 640px;\" class=\"wp-video\"><video class=\"wp-video-shortcode\" id=\"video-1203-2\" width=\"640\" height=\"352\" preload=\"metadata\" controls=\"controls\"><source type=\"video\/mp4\" src=\"https:\/\/blogsaverroes.juntadeandalucia.es\/eeirioebromotril\/files\/2023\/02\/VID-20230209-WA0003.mp4?_=2\" \/><a href=\"https:\/\/blogsaverroes.juntadeandalucia.es\/eeirioebromotril\/files\/2023\/02\/VID-20230209-WA0003.mp4\">https:\/\/blogsaverroes.juntadeandalucia.es\/eeirioebromotril\/files\/2023\/02\/VID-20230209-WA0003.mp4<\/a><\/video><\/div>\n<p style=\"text-align: center\"><strong>Halloween<\/strong><\/p>\n<p>&nbsp;<\/p>\n<p>&nbsp;<\/p>\n<div style=\"width: 480px;\" class=\"wp-video\"><video class=\"wp-video-shortcode\" id=\"video-1203-3\" width=\"480\" height=\"368\" preload=\"metadata\" controls=\"controls\"><source type=\"video\/mp4\" src=\"https:\/\/blogsaverroes.juntadeandalucia.es\/eeirioebromotril\/files\/2023\/02\/VID-20221018-WA0013.mp4?_=3\" \/><a href=\"https:\/\/blogsaverroes.juntadeandalucia.es\/eeirioebromotril\/files\/2023\/02\/VID-20221018-WA0013.mp4\">https:\/\/blogsaverroes.juntadeandalucia.es\/eeirioebromotril\/files\/2023\/02\/VID-20221018-WA0013.mp4<\/a><\/video><\/div>\n<p style=\"text-align: center\"><strong>D\u00eda de las escritoras<\/strong><\/p>\n<p style=\"text-align: center\">&nbsp;<\/p>\n<p>&nbsp;<\/p>\n<p>&nbsp;<\/p>\n<p>&nbsp;<\/p>\n<p>&nbsp;<\/p>\n<p>&nbsp;<\/p>\n","protected":false},"excerpt":{"rendered":"<p>&nbsp; &nbsp; &nbsp; &nbsp; &nbsp; &nbsp; &nbsp; &nbsp; D\u00eda de la Paz &nbsp; &nbsp; &nbsp; D\u00eda de Andaluc\u00eda &nbsp; &nbsp; &nbsp; 25 N Jornada l\u00fadica familia-escuela &nbsp; &nbsp; Halloween &nbsp; &nbsp; D\u00eda de las escritoras &nbsp; &nbsp; &nbsp; &nbsp; &nbsp; &nbsp;<\/p>\n","protected":false},"author":13777,"featured_media":0,"parent":0,"menu_order":0,"comment_status":"closed","ping_status":"closed","template":"","meta":{"ngg_post_thumbnail":0,"footnotes":""},"aioseo_notices":[],"_links":{"self":[{"href":"https:\/\/blogsaverroes.juntadeandalucia.es\/eeirioebromotril\/wp-json\/wp\/v2\/pages\/1203"}],"collection":[{"href":"https:\/\/blogsaverroes.juntadeandalucia.es\/eeirioebromotril\/wp-json\/wp\/v2\/pages"}],"about":[{"href":"https:\/\/blogsaverroes.juntadeandalucia.es\/eeirioebromotril\/wp-json\/wp\/v2\/types\/page"}],"author":[{"embeddable":true,"href":"https:\/\/blogsaverroes.juntadeandalucia.es\/eeirioebromotril\/wp-json\/wp\/v2\/users\/13777"}],"replies":[{"embeddable":true,"href":"https:\/\/blogsaverroes.juntadeandalucia.es\/eeirioebromotril\/wp-json\/wp\/v2\/comments?post=1203"}],"version-history":[{"count":24,"href":"https:\/\/blogsaverroes.juntadeandalucia.es\/eeirioebromotril\/wp-json\/wp\/v2\/pages\/1203\/revisions"}],"predecessor-version":[{"id":2310,"href":"https:\/\/blogsaverroes.juntadeandalucia.es\/eeirioebromotril\/wp-json\/wp\/v2\/pages\/1203\/revisions\/2310"}],"wp:attachment":[{"href":"https:\/\/blogsaverroes.juntadeandalucia.es\/eeirioebromotril\/wp-json\/wp\/v2\/media?parent=1203"}],"curies":[{"name":"wp","href":"https:\/\/api.w.org\/{rel}","templated":true}]}}