{"id":1633,"date":"2024-06-11T16:04:18","date_gmt":"2024-06-11T15:04:18","guid":{"rendered":"https:\/\/blogsaverroes.juntadeandalucia.es\/eeirioebromotril\/?page_id=1633"},"modified":"2024-06-11T17:14:29","modified_gmt":"2024-06-11T16:14:29","slug":"programa-de-acogida","status":"publish","type":"page","link":"https:\/\/blogsaverroes.juntadeandalucia.es\/eeirioebromotril\/programa-de-acogida\/","title":{"rendered":"Programa de acogida"},"content":{"rendered":"<p><img loading=\"lazy\" decoding=\"async\" class=\"wp-image-1639 size-medium alignnone\" src=\"https:\/\/blogsaverroes.juntadeandalucia.es\/eeirioebromotril\/files\/2024\/06\/POSTER-PROGRAMA-ACOGIDA-CON-ENLACES_page-0001-212x300.jpg\" alt=\"\" width=\"212\" height=\"300\" srcset=\"https:\/\/blogsaverroes.juntadeandalucia.es\/eeirioebromotril\/files\/2024\/06\/POSTER-PROGRAMA-ACOGIDA-CON-ENLACES_page-0001-212x300.jpg 212w, https:\/\/blogsaverroes.juntadeandalucia.es\/eeirioebromotril\/files\/2024\/06\/POSTER-PROGRAMA-ACOGIDA-CON-ENLACES_page-0001-725x1024.jpg 725w, https:\/\/blogsaverroes.juntadeandalucia.es\/eeirioebromotril\/files\/2024\/06\/POSTER-PROGRAMA-ACOGIDA-CON-ENLACES_page-0001-768x1085.jpg 768w, https:\/\/blogsaverroes.juntadeandalucia.es\/eeirioebromotril\/files\/2024\/06\/POSTER-PROGRAMA-ACOGIDA-CON-ENLACES_page-0001-1087x1536.jpg 1087w, https:\/\/blogsaverroes.juntadeandalucia.es\/eeirioebromotril\/files\/2024\/06\/POSTER-PROGRAMA-ACOGIDA-CON-ENLACES_page-0001-1449x2048.jpg 1449w, https:\/\/blogsaverroes.juntadeandalucia.es\/eeirioebromotril\/files\/2024\/06\/POSTER-PROGRAMA-ACOGIDA-CON-ENLACES_page-0001.jpg 1755w\" sizes=\"(max-width: 212px) 100vw, 212px\" \/><\/p>\n<p>&nbsp;<\/p>\n<p style=\"text-align: center\"><strong><a href=\"https:\/\/drive.google.com\/file\/d\/17jsktBl0fWFfHPI8EKOMiNfeEELMm335\/view\">D\u00edptico informativo<\/a> &nbsp;<\/strong><\/p>\n<p style=\"text-align: center\"><strong><a href=\"https:\/\/www.powtoon.com\/online-presentation\/edsZt9soW09\/?utm_medium=social-share&amp;utm_campaign=workspace+share&amp;utm_source=copy+link&amp;utm_content=edsZt9soW09&amp;utm_po=29348437&amp;mode=movie\">V\u00eddeo de presentaci\u00f3n<\/a><\/strong><\/p>\n<p style=\"text-align: center\"><strong><a href=\"https:\/\/drive.google.com\/file\/d\/1JGvkirgNL1hruGc3hFUVc96LbLZ2xEdZ\/view\">Charla de acogida<\/a><\/strong><\/p>\n","protected":false},"excerpt":{"rendered":"<p>&nbsp; D\u00edptico informativo &nbsp; V\u00eddeo de presentaci\u00f3n Charla de acogida<\/p>\n","protected":false},"author":13777,"featured_media":0,"parent":0,"menu_order":0,"comment_status":"closed","ping_status":"closed","template":"","meta":{"ngg_post_thumbnail":0,"footnotes":""},"aioseo_notices":[],"_links":{"self":[{"href":"https:\/\/blogsaverroes.juntadeandalucia.es\/eeirioebromotril\/wp-json\/wp\/v2\/pages\/1633"}],"collection":[{"href":"https:\/\/blogsaverroes.juntadeandalucia.es\/eeirioebromotril\/wp-json\/wp\/v2\/pages"}],"about":[{"href":"https:\/\/blogsaverroes.juntadeandalucia.es\/eeirioebromotril\/wp-json\/wp\/v2\/types\/page"}],"author":[{"embeddable":true,"href":"https:\/\/blogsaverroes.juntadeandalucia.es\/eeirioebromotril\/wp-json\/wp\/v2\/users\/13777"}],"replies":[{"embeddable":true,"href":"https:\/\/blogsaverroes.juntadeandalucia.es\/eeirioebromotril\/wp-json\/wp\/v2\/comments?post=1633"}],"version-history":[{"count":3,"href":"https:\/\/blogsaverroes.juntadeandalucia.es\/eeirioebromotril\/wp-json\/wp\/v2\/pages\/1633\/revisions"}],"predecessor-version":[{"id":1643,"href":"https:\/\/blogsaverroes.juntadeandalucia.es\/eeirioebromotril\/wp-json\/wp\/v2\/pages\/1633\/revisions\/1643"}],"wp:attachment":[{"href":"https:\/\/blogsaverroes.juntadeandalucia.es\/eeirioebromotril\/wp-json\/wp\/v2\/media?parent=1633"}],"curies":[{"name":"wp","href":"https:\/\/api.w.org\/{rel}","templated":true}]}}