{"id":1810,"date":"2024-11-13T10:22:29","date_gmt":"2024-11-13T09:22:29","guid":{"rendered":"https:\/\/blogsaverroes.juntadeandalucia.es\/eeirioebromotril\/?page_id=1810"},"modified":"2024-11-13T10:29:28","modified_gmt":"2024-11-13T09:29:28","slug":"periodo-de-adaptacion","status":"publish","type":"page","link":"https:\/\/blogsaverroes.juntadeandalucia.es\/eeirioebromotril\/periodo-de-adaptacion\/","title":{"rendered":"Per\u00edodo de adaptaci\u00f3n"},"content":{"rendered":"<p style=\"text-align: justify\">La asistencia a la Escuela es, para los ni\u00f1os y ni\u00f1as, un paso importante en el camino que les llevar\u00e1 a convertirse en adultos. Para muchos de ellos, supone la primera salida del \u00e1mbito familiar y, por tanto, un alejamiento de los modelos de referencia que les aportan seguridad, protecci\u00f3n y afecto. Incluso para aquellos ni\u00f1os\/as que ya han asistido con anterioridad a la guarder\u00eda y, por tanto, han experimentado la separaci\u00f3n familiar, supone un esfuerzo de adaptaci\u00f3n a unos espacios desconocidos, a ritmos y rutinas nuevos, y a compa\u00f1eros y adultos con los que tendr\u00e1n que establecer relaciones.<br \/>\nPero, al mismo tiempo, la Escuela supone una oportunidad para crecer y madurar, para afirmarse en su propia identidad e iniciar, de este modo, el conocimiento y la adaptaci\u00f3n al mundo exterior.<br \/>\nEl ni\u00f1o\/a tiene que ser capaz de asimilar los cambios que supone esta nueva actividad en su vida cotidiana y, por tanto, es normal que se presente como un proceso irregular donde podremos observar avances, retrocesos y sentimientos contradictorios de aceptaci\u00f3n y rechazo. Igualmente, pueden aparecer regresiones y s\u00edntomas diversos.<br \/>\nEl per\u00edodo de adaptaci\u00f3n, por tanto, no tiene una temporalidad fija. Se trata de un per\u00edodo de tiempo indeterminado que depender\u00e1 de cada ni\u00f1o o ni\u00f1a, de sus circunstancias particulares y de la capacidad de la Escuela para amoldarse a las peculiaridades y personalidad del alumnado en concreto.<br \/>\nPara que este proceso se lleve a cabo de manera adecuada es importante mantener una actitud abierta y receptiva, atendiendo a los distintos ritmos de los ni\u00f1os\/as y favoreciendo la manifestaci\u00f3n espont\u00e1nea de sus sentimientos frente a la Escuela y la separaci\u00f3n familiar.<br \/>\nProcuraremos, en todo momento, mantener una atenci\u00f3n individualizada, reforzando la confianza del ni\u00f1o\/a en s\u00ed mismo y potenciando su autoestima, de modo que, progresivamente, vaya adquiriendo seguridad en sus propias capacidades y en el entorno que le rodea.<\/p>\n<p>&nbsp;<\/p>\n<p style=\"text-align: center\"><strong><a href=\"https:\/\/blogsaverroes.juntadeandalucia.es\/eeirioebromotril\/files\/2024\/11\/PROGRAMACION-DEL-PERIODO-DE-APAPTACION.pdf\">Programaci\u00f3n del per\u00edodo de adaptaci\u00f3n<\/a><\/strong><\/p>\n<p>&nbsp;<\/p>\n<p style=\"text-align: center\"><a href=\"https:\/\/blogsaverroes.juntadeandalucia.es\/eeirioebromotril\/files\/2024\/11\/autorizacion-periodo-de-adaptacion.pdf\"><strong>Autorizaci\u00f3n de la familia<\/strong><\/a><\/p>\n<p>&nbsp;<\/p>\n<p style=\"text-align: center\"><strong>Tablas del per\u00edodo de adaptaci\u00f3n para el curso 2024-2025<\/strong><\/p>\n<p>&nbsp;<\/p>\n<p><span style=\"font-size: 8pt\"><strong>PRIMERA SEMANA DEL &nbsp;11 DE SEPTIEMBRE AL 25 DE SEPTIEMBRE<\/strong><\/span><\/p>\n<table width=\"100%\">\n<tbody>\n<tr>\n<td width=\"16%\">&nbsp;<\/td>\n<td width=\"16%\"><strong>&nbsp;<\/strong><\/td>\n<td width=\"16%\"><strong>MARTES 10 DE SEP.<\/strong><\/td>\n<td width=\"16%\"><strong>MIERCOLES 11 SEP.<\/strong><\/td>\n<td width=\"16%\"><strong>JUEVES 12 SEP.<\/strong><\/td>\n<td width=\"16%\"><strong>VIERNES 13 SEP.<\/strong><\/td>\n<\/tr>\n<tr>\n<td width=\"16%\"><strong>HORARIO<\/strong><\/td>\n<td width=\"16%\">&nbsp;<\/td>\n<td width=\"16%\">&nbsp;<\/td>\n<td width=\"16%\">11:30 A 13:50<\/td>\n<td width=\"16%\">11:30 A 13:50<\/td>\n<td width=\"16%\">11:30 A 13:50<\/td>\n<\/tr>\n<\/tbody>\n<\/table>\n<p><span style=\"font-size: 8pt\"><strong>SEGUNDA SEMANA DEL 18 DE SEPTIEMBRE AL 22 DE SEPTIEMBRE<\/strong><\/span><\/p>\n<table width=\"100%\">\n<tbody>\n<tr>\n<td width=\"16%\">&nbsp;<\/td>\n<td width=\"16%\"><strong>LUNES 16 SEP.<\/strong><\/td>\n<td width=\"16%\"><strong>MARTES 17 DE SEP.<\/strong><\/td>\n<td width=\"16%\"><strong>MIERCOLES 18 DE SEP.<\/strong><\/td>\n<td width=\"16%\"><strong>JUEVES 19 DE SEP.<\/strong><\/td>\n<td width=\"16%\"><strong>VIERNES 20 SEP.<\/strong><\/td>\n<\/tr>\n<tr>\n<td width=\"16%\"><strong>HORARIO<\/strong><\/td>\n<td width=\"16%\">11:00 A 13:50<\/td>\n<td width=\"16%\">11:00 A 13:50<\/td>\n<td width=\"16%\">10:30 A 13:50<\/td>\n<td width=\"16%\">10:30 A 13:50<\/td>\n<td width=\"16%\">10:00 A 13:50<\/td>\n<\/tr>\n<tr>\n<td width=\"16%\"><strong>&nbsp;<\/strong><\/td>\n<td width=\"16%\"><strong>LUNES 23 SEP.<\/strong><\/td>\n<td width=\"16%\"><strong>MARTES 24 DE SEP.<\/strong><\/td>\n<td width=\"16%\"><strong>MIERCOLES 25 DE SEP.<\/strong><\/td>\n<td width=\"16%\">&nbsp;<\/td>\n<td width=\"16%\">&nbsp;<\/td>\n<\/tr>\n<tr>\n<td width=\"16%\"><strong>HORARIO<\/strong><\/td>\n<td width=\"16%\">10:00 A 13:50<\/td>\n<td width=\"16%\">09:30 A 13:50<\/td>\n<td width=\"16%\">09:00 A 13:50<\/td>\n<td width=\"16%\">&nbsp;<\/td>\n<td width=\"16%\">&nbsp;<\/td>\n<\/tr>\n<\/tbody>\n<\/table>\n","protected":false},"excerpt":{"rendered":"<p>La asistencia a la Escuela es, para los ni\u00f1os y ni\u00f1as, un paso importante en el camino que les llevar\u00e1 a convertirse en adultos. Para muchos de ellos, supone la primera salida del \u00e1mbito familiar y, por tanto, un alejamiento de los modelos de referencia que les aportan seguridad, protecci\u00f3n y afecto. Incluso para aquellos [&hellip;]<\/p>\n","protected":false},"author":13777,"featured_media":0,"parent":0,"menu_order":0,"comment_status":"closed","ping_status":"closed","template":"","meta":{"ngg_post_thumbnail":0,"footnotes":""},"aioseo_notices":[],"_links":{"self":[{"href":"https:\/\/blogsaverroes.juntadeandalucia.es\/eeirioebromotril\/wp-json\/wp\/v2\/pages\/1810"}],"collection":[{"href":"https:\/\/blogsaverroes.juntadeandalucia.es\/eeirioebromotril\/wp-json\/wp\/v2\/pages"}],"about":[{"href":"https:\/\/blogsaverroes.juntadeandalucia.es\/eeirioebromotril\/wp-json\/wp\/v2\/types\/page"}],"author":[{"embeddable":true,"href":"https:\/\/blogsaverroes.juntadeandalucia.es\/eeirioebromotril\/wp-json\/wp\/v2\/users\/13777"}],"replies":[{"embeddable":true,"href":"https:\/\/blogsaverroes.juntadeandalucia.es\/eeirioebromotril\/wp-json\/wp\/v2\/comments?post=1810"}],"version-history":[{"count":6,"href":"https:\/\/blogsaverroes.juntadeandalucia.es\/eeirioebromotril\/wp-json\/wp\/v2\/pages\/1810\/revisions"}],"predecessor-version":[{"id":1822,"href":"https:\/\/blogsaverroes.juntadeandalucia.es\/eeirioebromotril\/wp-json\/wp\/v2\/pages\/1810\/revisions\/1822"}],"wp:attachment":[{"href":"https:\/\/blogsaverroes.juntadeandalucia.es\/eeirioebromotril\/wp-json\/wp\/v2\/media?parent=1810"}],"curies":[{"name":"wp","href":"https:\/\/api.w.org\/{rel}","templated":true}]}}