{"id":27,"date":"2020-01-09T12:40:13","date_gmt":"2020-01-09T11:40:13","guid":{"rendered":"http:\/\/blogsaverroes.juntadeandalucia.es\/pre\/nuevoceip2v2\/?page_id=27"},"modified":"2024-09-18T08:57:36","modified_gmt":"2024-09-18T07:57:36","slug":"actividades-extraescolares","status":"publish","type":"page","link":"https:\/\/blogsaverroes.juntadeandalucia.es\/eeirioebromotril\/actividades-extraescolares\/","title":{"rendered":"Actividades extraescolares"},"content":{"rendered":"<h2><img loading=\"lazy\" decoding=\"async\" class=\"aligncenter wp-image-1677 size-large\" src=\"https:\/\/blogsaverroes.juntadeandalucia.es\/eeirioebromotril\/files\/2024\/09\/ACTIVIDADESEXTRAESCOLARES2024-20251_page-0001-1024x724.jpg\" alt=\"\" width=\"1024\" height=\"724\" srcset=\"https:\/\/blogsaverroes.juntadeandalucia.es\/eeirioebromotril\/files\/2024\/09\/ACTIVIDADESEXTRAESCOLARES2024-20251_page-0001-1024x724.jpg 1024w, https:\/\/blogsaverroes.juntadeandalucia.es\/eeirioebromotril\/files\/2024\/09\/ACTIVIDADESEXTRAESCOLARES2024-20251_page-0001-300x212.jpg 300w, https:\/\/blogsaverroes.juntadeandalucia.es\/eeirioebromotril\/files\/2024\/09\/ACTIVIDADESEXTRAESCOLARES2024-20251_page-0001-768x543.jpg 768w, https:\/\/blogsaverroes.juntadeandalucia.es\/eeirioebromotril\/files\/2024\/09\/ACTIVIDADESEXTRAESCOLARES2024-20251_page-0001-1536x1085.jpg 1536w, https:\/\/blogsaverroes.juntadeandalucia.es\/eeirioebromotril\/files\/2024\/09\/ACTIVIDADESEXTRAESCOLARES2024-20251_page-0001.jpg 1755w\" sizes=\"(max-width: 1024px) 100vw, 1024px\" \/><\/h2>\n<p><span style=\"font-size: 12pt;color: #000000\"><strong>Se solicita junto con la matr\u00edcula del 1 al 8 de junio. Aunque se puede solicitar, si hay vacantes en los grupos, a lo largo del curso.&nbsp;Horario de 16:00 a 18:00 de lunes a jueves.<\/strong><\/span><\/p>\n<p><span style=\"font-size: 12pt;color: #000000\"><strong>Precio: 17,51 euros al mes.<\/strong><\/span><\/p>\n<p>&nbsp;<\/p>\n<p style=\"text-align: center\"><span style=\"font-size: 12pt;color: #000000\"><strong>Impresos e inscripciones. <\/strong><\/span><\/p>\n<p><strong><a href=\"https:\/\/blogsaverroes.juntadeandalucia.es\/eeirioebromotril\/files\/2024\/09\/ANEXO-II-corregido.pdf\">Anexo II-Solicitud Plan de Apertura<\/a>. <\/strong>Solicitud de Aula matinal, comedor y Actividades Extraescolares. Se solicita con la matr\u00edcula del 1 al 8 de junio. O a lo largo del curso.<\/p>\n<p><strong><a href=\"https:\/\/blogsaverroes.juntadeandalucia.es\/eeirioebromotril\/files\/2023\/01\/002563-A05-V01-00.pdf\">Anexo V-Bonificaci\u00f3n Plan de Apertura<\/a>.<\/strong> Solicitud de subvenci\u00f3n para Aula matinal, Comedor y Actividades Extraescolares.&nbsp;<\/p>\n<p>&nbsp;<\/p>\n<p><span style=\"font-size: 14pt;color: #000000\"><strong><a href=\"https:\/\/www.juntadeandalucia.es\/organismos\/desarrolloeducativoyformacionprofesional\/areas\/educacion-familias\/servicios-complementarios\/paginas\/servicio-extraescolares.html\"><span style=\"font-size: 12pt\">M\u00e1s informaci\u00f3n pulsando aqu\u00ed.<\/span><\/a><\/strong><\/span><\/p>\n<p>&nbsp;<\/p>\n<p>&nbsp;<\/p>\n","protected":false},"excerpt":{"rendered":"<p>Se solicita junto con la matr\u00edcula del 1 al 8 de junio. Aunque se puede solicitar, si hay vacantes en los grupos, a lo largo del curso.&nbsp;Horario de 16:00 a 18:00 de lunes a jueves. Precio: 17,51 euros al mes. &nbsp; Impresos e inscripciones. Anexo II-Solicitud Plan de Apertura. Solicitud de Aula matinal, comedor y [&hellip;]<\/p>\n","protected":false},"author":13780,"featured_media":0,"parent":0,"menu_order":0,"comment_status":"closed","ping_status":"closed","template":"","meta":{"ngg_post_thumbnail":0,"footnotes":""},"aioseo_notices":[],"_links":{"self":[{"href":"https:\/\/blogsaverroes.juntadeandalucia.es\/eeirioebromotril\/wp-json\/wp\/v2\/pages\/27"}],"collection":[{"href":"https:\/\/blogsaverroes.juntadeandalucia.es\/eeirioebromotril\/wp-json\/wp\/v2\/pages"}],"about":[{"href":"https:\/\/blogsaverroes.juntadeandalucia.es\/eeirioebromotril\/wp-json\/wp\/v2\/types\/page"}],"author":[{"embeddable":true,"href":"https:\/\/blogsaverroes.juntadeandalucia.es\/eeirioebromotril\/wp-json\/wp\/v2\/users\/13780"}],"replies":[{"embeddable":true,"href":"https:\/\/blogsaverroes.juntadeandalucia.es\/eeirioebromotril\/wp-json\/wp\/v2\/comments?post=27"}],"version-history":[{"count":14,"href":"https:\/\/blogsaverroes.juntadeandalucia.es\/eeirioebromotril\/wp-json\/wp\/v2\/pages\/27\/revisions"}],"predecessor-version":[{"id":1681,"href":"https:\/\/blogsaverroes.juntadeandalucia.es\/eeirioebromotril\/wp-json\/wp\/v2\/pages\/27\/revisions\/1681"}],"wp:attachment":[{"href":"https:\/\/blogsaverroes.juntadeandalucia.es\/eeirioebromotril\/wp-json\/wp\/v2\/media?parent=27"}],"curies":[{"name":"wp","href":"https:\/\/api.w.org\/{rel}","templated":true}]}}