{"id":616,"date":"2022-02-22T13:47:56","date_gmt":"2022-02-22T12:47:56","guid":{"rendered":"https:\/\/blogsaverroes.juntadeandalucia.es\/eeirioebromotril\/?page_id=616"},"modified":"2024-10-20T10:51:38","modified_gmt":"2024-10-20T09:51:38","slug":"calendario-escolar","status":"publish","type":"page","link":"https:\/\/blogsaverroes.juntadeandalucia.es\/eeirioebromotril\/calendario-escolar\/","title":{"rendered":"Calendario escolar"},"content":{"rendered":"<p><img loading=\"lazy\" decoding=\"async\" class=\"aligncenter wp-image-1688 size-full\" src=\"https:\/\/blogsaverroes.juntadeandalucia.es\/eeirioebromotril\/files\/2024\/09\/1726646887530-146dc6d7-3a50-431c-8914-0c632a4f9b9b_1.jpg\" alt=\"\" width=\"724\" height=\"1024\" srcset=\"https:\/\/blogsaverroes.juntadeandalucia.es\/eeirioebromotril\/files\/2024\/09\/1726646887530-146dc6d7-3a50-431c-8914-0c632a4f9b9b_1.jpg 724w, https:\/\/blogsaverroes.juntadeandalucia.es\/eeirioebromotril\/files\/2024\/09\/1726646887530-146dc6d7-3a50-431c-8914-0c632a4f9b9b_1-212x300.jpg 212w\" sizes=\"(max-width: 724px) 100vw, 724px\" \/><\/p>\n<p>&nbsp;<\/p>\n<p><span style=\"color: #000000;font-size: 14pt\"><strong>D\u00edas festivos: 3 de mayo y 24 de junio de 2025.<\/strong><\/span><\/p>\n<p><span style=\"font-size: 14pt;color: #000000\"><strong>D\u00edas de libre designaci\u00f3n del Consejo Escolar Municipal: 4 de noviembre de 2024, 21 de abril y 5 de mayo de 2025.<\/strong><\/span><\/p>\n","protected":false},"excerpt":{"rendered":"<p>&nbsp; D\u00edas festivos: 3 de mayo y 24 de junio de 2025. D\u00edas de libre designaci\u00f3n del Consejo Escolar Municipal: 4 de noviembre de 2024, 21 de abril y 5 de mayo de 2025.<\/p>\n","protected":false},"author":13777,"featured_media":0,"parent":0,"menu_order":0,"comment_status":"closed","ping_status":"closed","template":"","meta":{"ngg_post_thumbnail":0,"footnotes":""},"aioseo_notices":[],"_links":{"self":[{"href":"https:\/\/blogsaverroes.juntadeandalucia.es\/eeirioebromotril\/wp-json\/wp\/v2\/pages\/616"}],"collection":[{"href":"https:\/\/blogsaverroes.juntadeandalucia.es\/eeirioebromotril\/wp-json\/wp\/v2\/pages"}],"about":[{"href":"https:\/\/blogsaverroes.juntadeandalucia.es\/eeirioebromotril\/wp-json\/wp\/v2\/types\/page"}],"author":[{"embeddable":true,"href":"https:\/\/blogsaverroes.juntadeandalucia.es\/eeirioebromotril\/wp-json\/wp\/v2\/users\/13777"}],"replies":[{"embeddable":true,"href":"https:\/\/blogsaverroes.juntadeandalucia.es\/eeirioebromotril\/wp-json\/wp\/v2\/comments?post=616"}],"version-history":[{"count":15,"href":"https:\/\/blogsaverroes.juntadeandalucia.es\/eeirioebromotril\/wp-json\/wp\/v2\/pages\/616\/revisions"}],"predecessor-version":[{"id":1767,"href":"https:\/\/blogsaverroes.juntadeandalucia.es\/eeirioebromotril\/wp-json\/wp\/v2\/pages\/616\/revisions\/1767"}],"wp:attachment":[{"href":"https:\/\/blogsaverroes.juntadeandalucia.es\/eeirioebromotril\/wp-json\/wp\/v2\/media?parent=616"}],"curies":[{"name":"wp","href":"https:\/\/api.w.org\/{rel}","templated":true}]}}