{"id":656,"date":"2022-02-23T10:42:25","date_gmt":"2022-02-23T09:42:25","guid":{"rendered":"https:\/\/blogsaverroes.juntadeandalucia.es\/eeirioebromotril\/?page_id=656"},"modified":"2025-09-15T18:37:36","modified_gmt":"2025-09-15T17:37:36","slug":"comunidad-educativa","status":"publish","type":"page","link":"https:\/\/blogsaverroes.juntadeandalucia.es\/eeirioebromotril\/comunidad-educativa\/","title":{"rendered":"Comunidad Educativa"},"content":{"rendered":"<h5 style=\"text-align: justifity\"><span style=\"font-family: georgia, palatino, serif;font-size: 12pt\">La importante labor de la comunidad educativa se hace necesaria para un buen funcionamiento de nuestro centro: Consejo Escolar, AMPA, Ayuntamiento, delegados de padres\u2026 son necesarios para la mejora continua.<\/span><\/h5>\n<h3><strong>Consejo Escolar<a href=\"https:\/\/blogsaverroes.juntadeandalucia.es\/ceipreinafabiola\/elecciones-para-la-constitucion-de-los-consejos-escolares-22\/\"><img loading=\"lazy\" decoding=\"async\" class=\"alignright wp-image-4855 size-medium\" src=\"https:\/\/blogsaverroes.juntadeandalucia.es\/ceipreinafabiola\/files\/2016\/12\/banner_consejo_escolar-300x117.jpg\" alt=\"banner_consejo_escolar\" width=\"300\" height=\"117\"><\/a><\/strong><\/h3>\n<ul>\n<li><strong>Director:<\/strong> Sandra Ruiz Chica.<\/li>\n<li><strong>Jefa de Estudios:<\/strong> Carmen M\u00aa G\u00e1lvez Noguera.<\/li>\n<li><strong>Secretaria:<\/strong> Rosana L\u00f3pez Solier.<\/li>\n<li><strong>Representante AMPA:<\/strong> Marie Claire Richardson.<\/li>\n<li><strong>Representantes padres\/madres:<\/strong> Natalie Cabrera V\u00e1zquez, Laura Fern\u00e1ndez Ruiz, Victoria Eugenia Garc\u00eda Mart\u00edn, Lourdes Marta G\u00f3mez Huertas, Agust\u00edn G\u00f3mez Melero, Silvia L\u00f3pez Carrillo.<\/li>\n<li><strong>Representantes profesorado: <\/strong>Encarnaci\u00f3n Barrag\u00e1n S\u00e1nchez, M\u00aa Raquel Barrio Moreno, Concepci\u00f3n Jim\u00e9nez Garc\u00eda, Mar\u00eda Monta\u00f1\u00e9s Padilla, Ver\u00f3nica Ortega Rueda, Eugenia P\u00e9rez Jim\u00e9nez, Irene Torres Mart\u00edn.<\/li>\n<li><strong>Fomento de igualdad:<\/strong> Encarnaci\u00f3n Barrag\u00e1n S\u00e1nchez.<\/li>\n<li><strong>Representante Ayuntamiento:&nbsp;<\/strong>Jos\u00e9 Antonio Rubi\u00f1o Espinosa.<\/li>\n<\/ul>\n<h3>&nbsp;<\/h3>\n<h3>&nbsp;<\/h3>\n<h3><strong>Consejo de Familias<\/strong><\/h3>\n<p><span style=\"font-size: 12pt\">Es el consejo formado por las madres\/padres delegados\/as de cada clase, un miembro del Equipo Directivo, la coordinadora del Plan de Igualdad y miembros del Ampa.&nbsp;<\/span><\/p>\n","protected":false},"excerpt":{"rendered":"<p>La importante labor de la comunidad educativa se hace necesaria para un buen funcionamiento de nuestro centro: Consejo Escolar, AMPA, Ayuntamiento, delegados de padres\u2026 son necesarios para la mejora continua. Consejo Escolar Director: Sandra Ruiz Chica. Jefa de Estudios: Carmen M\u00aa G\u00e1lvez Noguera. Secretaria: Rosana L\u00f3pez Solier. Representante AMPA: Marie Claire Richardson. Representantes padres\/madres: Natalie [&hellip;]<\/p>\n","protected":false},"author":13777,"featured_media":0,"parent":0,"menu_order":0,"comment_status":"closed","ping_status":"closed","template":"","meta":{"ngg_post_thumbnail":0,"footnotes":""},"aioseo_notices":[],"_links":{"self":[{"href":"https:\/\/blogsaverroes.juntadeandalucia.es\/eeirioebromotril\/wp-json\/wp\/v2\/pages\/656"}],"collection":[{"href":"https:\/\/blogsaverroes.juntadeandalucia.es\/eeirioebromotril\/wp-json\/wp\/v2\/pages"}],"about":[{"href":"https:\/\/blogsaverroes.juntadeandalucia.es\/eeirioebromotril\/wp-json\/wp\/v2\/types\/page"}],"author":[{"embeddable":true,"href":"https:\/\/blogsaverroes.juntadeandalucia.es\/eeirioebromotril\/wp-json\/wp\/v2\/users\/13777"}],"replies":[{"embeddable":true,"href":"https:\/\/blogsaverroes.juntadeandalucia.es\/eeirioebromotril\/wp-json\/wp\/v2\/comments?post=656"}],"version-history":[{"count":8,"href":"https:\/\/blogsaverroes.juntadeandalucia.es\/eeirioebromotril\/wp-json\/wp\/v2\/pages\/656\/revisions"}],"predecessor-version":[{"id":2156,"href":"https:\/\/blogsaverroes.juntadeandalucia.es\/eeirioebromotril\/wp-json\/wp\/v2\/pages\/656\/revisions\/2156"}],"wp:attachment":[{"href":"https:\/\/blogsaverroes.juntadeandalucia.es\/eeirioebromotril\/wp-json\/wp\/v2\/media?parent=656"}],"curies":[{"name":"wp","href":"https:\/\/api.w.org\/{rel}","templated":true}]}}