{"id":669,"date":"2022-02-23T11:54:29","date_gmt":"2022-02-23T10:54:29","guid":{"rendered":"https:\/\/blogsaverroes.juntadeandalucia.es\/eeirioebromotril\/?page_id=669"},"modified":"2024-09-18T09:05:34","modified_gmt":"2024-09-18T08:05:34","slug":"auxiliar-de-conversacion","status":"publish","type":"page","link":"https:\/\/blogsaverroes.juntadeandalucia.es\/eeirioebromotril\/auxiliar-de-conversacion\/","title":{"rendered":"Auxiliar de conversaci\u00f3n"},"content":{"rendered":"<p style=\"text-align: justify\"><span style=\"font-size: 12pt\">La presencia de Auxiliares de Conversaci\u00f3n en los Centros Biling\u00fces de la Comunidad Aut\u00f3noma de Andaluc\u00eda aporta una experiencia enriquecedora tanto para el profesorado como para el alumnado del Centro. <\/span><\/p>\n<p style=\"text-align: justify\"><span style=\"font-size: 12pt\">Su funci\u00f3n principal consiste en apoyar al profesorado en la labor docente.<\/span><\/p>\n<p style=\"text-align: justify\"><span style=\"font-size: 12pt\">Entre sus funciones se encuentran:<\/span><\/p>\n<ul>\n<li style=\"text-align: justify\">Ayudar al profesorado &nbsp;en las clases de lengua y cultura durante 12 horas semanales como hablantes nativos y expertos sobre temas de sus respectivos pa\u00edses, con el objetivo de estimular el inter\u00e9s de los alumnos\/as &nbsp;en estas \u00e1reas. Tambi\u00e9n podr\u00e1n hacer presentaciones en clases de m\u00fasica, arte, historia, etc.<\/li>\n<li style=\"text-align: justify\">Los Auxiliares pueden aportar folletos, mapas, libros, peri\u00f3dicos, revistas, postales, ilustraciones, sellos de correos u otra material para ayudar durante las clases. Los materiales sobre las escuelas y localidades de origen pueden ser de inter\u00e9s para el alumnado .<\/li>\n<li style=\"text-align: justify\">El Coordinador\/a del proyecto biling\u00fce, de acuerdo con el equipo directivo, decidir\u00e1 en qu\u00e9 actividades participar\u00e1 el Auxiliar, incluyendo la asistencia a reuniones de profesores\/as , hacer presentaciones en clase y la participaci\u00f3n en actividades extraescolares.<\/li>\n<li style=\"text-align: justify\">Los Auxiliares no tienen plena competencia docente, ni deben ser responsables de la evaluaci\u00f3n, la disciplina o la supervisi\u00f3n del alumnado .<\/li>\n<li>Los Auxiliares podr\u00e1n trabajar con grupos reducidos de alumnos\/as para desarrollar habilidades de comunicaci\u00f3n oral y escrita y promover el entendimiento cultural.<\/li>\n<\/ul>\n<p style=\"text-align: justify\"><span style=\"font-size: 12pt\">Con car\u00e1cter general, los Auxiliares podr\u00e1n igualmente impartir dos horas de clase de conversaci\u00f3n semanal destinadas a los maestros especialistas en ingl\u00e9s y otros docentes del propio&nbsp;centro con conocimientos de ingl\u00e9s e involucrados en el proyecto biling\u00fce.&nbsp; La finalidad de estas dos horas complementarias ser\u00e1 practicar el ingl\u00e9s como lengua vehicular de las clases y facilitar la elaboraci\u00f3n de materiales did\u00e1cticos para su aplicaci\u00f3n en el aula. La organizaci\u00f3n y coordinaci\u00f3n de estas horas correr\u00e1n a cargo del Director\/a y del Coordinador\/a del Centro, quienes deber\u00e1n certificar mensualmente su realizaci\u00f3n.<\/span><\/p>\n<p style=\"font-weight: 400;text-align: justify\"><span style=\"font-size: 12pt\">Ya son ocho cursos los que venimos contando con el&nbsp;&nbsp;Apoyo de un Auxiliar de conversaci\u00f3n con atenci\u00f3n al Centro de 12 horas.&nbsp;&nbsp;EL&nbsp;&nbsp;Auxiliar de Conversaci\u00f3n&nbsp;&nbsp;no podr\u00e1 impartir docencia en solitario y siempre deber\u00e1 estar acompa\u00f1ado por el profesor tutor\/a. Las funciones del auxiliar de conversaci\u00f3n establecidas en nuestro Proyecto son:<\/span><\/p>\n<ul>\n<li style=\"font-weight: 400\"><span style=\"font-size: 12pt\">Pr\u00e1cticas especificas de conversaci\u00f3n con el profesorado.<\/span><\/li>\n<li style=\"font-weight: 400\"><span style=\"font-size: 12pt\">Participaci\u00f3n en las actividades en el aula.<\/span><\/li>\n<li style=\"font-weight: 400\"><span style=\"font-size: 12pt\">Colaboraci\u00f3n en la decoraci\u00f3n del centro<\/span><\/li>\n<li style=\"font-weight: 400\"><span style=\"font-size: 12pt\">Colaboraci\u00f3n en la b\u00fasqueda de recursos&nbsp;&nbsp;inform\u00e1ticos y audiovisuales.<\/span><\/li>\n<li style=\"font-weight: 400\"><span style=\"font-size: 12pt\">Ense\u00f1anza de la cultura y civilizaci\u00f3n en su pa\u00eds.<\/span><\/li>\n<li style=\"font-weight: 400\"><span style=\"font-size: 12pt\">Otras tareas afines.<\/span><\/li>\n<\/ul>\n<p style=\"font-weight: 400;text-align: justify\"><span style=\"font-size: 12pt\">El&nbsp;&nbsp;Auxiliar de Conversaci\u00f3n participar\u00e1 en las actividades extraescolares de diferente \u00edndole: culturales, deportivas, salidas al entorno etc.<\/span><\/p>\n<p><strong><a href=\"https:\/\/blogsaverroes.juntadeandalucia.es\/eeirioebromotril\/files\/2023\/03\/Ficha-Informativa-para-AACC-.docx\">Ficha informativa para los auxiliares<\/a><\/strong><\/p>\n<p><strong><a href=\"https:\/\/blogsaverroes.juntadeandalucia.es\/eeirioebromotril\/files\/2023\/03\/Ficha-Informativa-para-AACC-English.docx\">Ficha informativa para los auxiliares en ingl\u00e9s<\/a><\/strong><\/p>\n","protected":false},"excerpt":{"rendered":"<p>La presencia de Auxiliares de Conversaci\u00f3n en los Centros Biling\u00fces de la Comunidad Aut\u00f3noma de Andaluc\u00eda aporta una experiencia enriquecedora tanto para el profesorado como para el alumnado del Centro. Su funci\u00f3n principal consiste en apoyar al profesorado en la labor docente. Entre sus funciones se encuentran: Ayudar al profesorado &nbsp;en las clases de lengua [&hellip;]<\/p>\n","protected":false},"author":13777,"featured_media":0,"parent":0,"menu_order":0,"comment_status":"closed","ping_status":"closed","template":"","meta":{"ngg_post_thumbnail":0,"footnotes":""},"aioseo_notices":[],"_links":{"self":[{"href":"https:\/\/blogsaverroes.juntadeandalucia.es\/eeirioebromotril\/wp-json\/wp\/v2\/pages\/669"}],"collection":[{"href":"https:\/\/blogsaverroes.juntadeandalucia.es\/eeirioebromotril\/wp-json\/wp\/v2\/pages"}],"about":[{"href":"https:\/\/blogsaverroes.juntadeandalucia.es\/eeirioebromotril\/wp-json\/wp\/v2\/types\/page"}],"author":[{"embeddable":true,"href":"https:\/\/blogsaverroes.juntadeandalucia.es\/eeirioebromotril\/wp-json\/wp\/v2\/users\/13777"}],"replies":[{"embeddable":true,"href":"https:\/\/blogsaverroes.juntadeandalucia.es\/eeirioebromotril\/wp-json\/wp\/v2\/comments?post=669"}],"version-history":[{"count":5,"href":"https:\/\/blogsaverroes.juntadeandalucia.es\/eeirioebromotril\/wp-json\/wp\/v2\/pages\/669\/revisions"}],"predecessor-version":[{"id":1686,"href":"https:\/\/blogsaverroes.juntadeandalucia.es\/eeirioebromotril\/wp-json\/wp\/v2\/pages\/669\/revisions\/1686"}],"wp:attachment":[{"href":"https:\/\/blogsaverroes.juntadeandalucia.es\/eeirioebromotril\/wp-json\/wp\/v2\/media?parent=669"}],"curies":[{"name":"wp","href":"https:\/\/api.w.org\/{rel}","templated":true}]}}