{"id":777,"date":"2022-11-09T19:56:57","date_gmt":"2022-11-09T18:56:57","guid":{"rendered":"https:\/\/blogsaverroes.juntadeandalucia.es\/eeirioebromotril\/?page_id=777"},"modified":"2025-04-30T18:11:42","modified_gmt":"2025-04-30T17:11:42","slug":"transformacion-digital-educativa","status":"publish","type":"page","link":"https:\/\/blogsaverroes.juntadeandalucia.es\/eeirioebromotril\/transformacion-digital-educativa\/","title":{"rendered":"Transformaci\u00f3n digital educativa"},"content":{"rendered":"<p><img loading=\"lazy\" decoding=\"async\" class=\"aligncenter size-medium wp-image-893\" src=\"https:\/\/blogsaverroes.juntadeandalucia.es\/eeirioebromotril\/files\/2022\/11\/descarga-300x122.png\" alt=\"\" width=\"300\" height=\"122\" srcset=\"https:\/\/blogsaverroes.juntadeandalucia.es\/eeirioebromotril\/files\/2022\/11\/descarga-300x122.png 300w, https:\/\/blogsaverroes.juntadeandalucia.es\/eeirioebromotril\/files\/2022\/11\/descarga.png 353w\" sizes=\"(max-width: 300px) 100vw, 300px\" \/><\/p>\n<p style=\"text-align: center\"><a href=\"https:\/\/educacionadistancia.juntadeandalucia.es\/centros\/granada\/\"><strong>ACCESO A LA PLATAFORMA<\/strong><\/a><\/p>\n<p style=\"text-align: justify\"><strong>Moodle Centros<\/strong>&nbsp;es una herramienta de gesti\u00f3n de aprendizaje (LMS), de Software Libre y gratuito, que est\u00e1 concebida para ayudar al profesorado a crear comunidades de aprendizaje en l\u00ednea, facilitando la gesti\u00f3n de contenidos, la comunicaci\u00f3n y la evaluaci\u00f3n.&nbsp;<\/p>\n<p style=\"text-align: justify\"><strong>Moodle<\/strong>&nbsp;es un sistema para el Manejo del Aprendizaje en l\u00ednea gratuito,&nbsp;<strong>que<\/strong>&nbsp;les permite a los educadores la creaci\u00f3n de sus propios sitios web privados, llenos de cursos din\u00e1micos&nbsp;<strong>que<\/strong>&nbsp;extienden el aprendizaje, en cualquier momento, en cualquier sitio.<\/p>\n<p style=\"text-align: justify\">Para acceder a la plataforma&nbsp;<strong>Moodle<\/strong>&nbsp;(nombre de usuario y contrase\u00f1a), espacio web que ofrece la Consejer\u00eda de Educaci\u00f3n y Deporte para la formaci\u00f3n a distancia, deb\u00e9is entrar en aplicaci\u00f3n de&nbsp;<strong>iPasen<\/strong>&nbsp;y acceder a comunicaciones. En los mensajes, podr\u00e9is encontrar uno con el asunto ADMINISTRADOR PASEN, en el cuerpo de la comunicaci\u00f3n est\u00e1 el nombre de usuario y la contrase\u00f1a del alumnado a la&nbsp;<strong>Moodle<\/strong>.<\/p>\n<p style=\"text-align: center\"><a href=\"https:\/\/www.canva.com\/design\/DAE7zAq_aWg\/kBICVJvNRwfzmWFegP68nA\/view?utm_content=DAE7zAq_aWg&amp;utm_campaign=designshare&amp;utm_medium=link&amp;utm_source=publishsharelink\"><strong>\u00bfC\u00f3mo conseguir las claves de acceso?<\/strong><\/a><\/p>\n<figure id=\"attachment_894\" aria-describedby=\"caption-attachment-894\" style=\"width: 150px\" class=\"wp-caption alignleft\"><img loading=\"lazy\" decoding=\"async\" class=\"wp-image-894 size-thumbnail\" src=\"https:\/\/blogsaverroes.juntadeandalucia.es\/eeirioebromotril\/files\/2022\/11\/unnamed-150x150.png\" alt=\"\" width=\"150\" height=\"150\" srcset=\"https:\/\/blogsaverroes.juntadeandalucia.es\/eeirioebromotril\/files\/2022\/11\/unnamed-150x150.png 150w, https:\/\/blogsaverroes.juntadeandalucia.es\/eeirioebromotril\/files\/2022\/11\/unnamed-300x300.png 300w, https:\/\/blogsaverroes.juntadeandalucia.es\/eeirioebromotril\/files\/2022\/11\/unnamed.png 512w\" sizes=\"(max-width: 150px) 100vw, 150px\" \/><figcaption id=\"caption-attachment-894\" class=\"wp-caption-text\">Ipasen<\/figcaption><\/figure>\n<p style=\"text-align: justify\"><strong>iPasen<\/strong>&nbsp;es una plataforma que permite la comunicaci\u00f3n entre los centros educativos y las familias. Con iPasen, los padres, madres y tutores\/as legales pueden hacer un seguimiento de las calificaciones, las faltas del alumnado, comunicarse con el tutor\/a, etc.<\/p>\n<p><a href=\"https:\/\/play.google.com\/store\/apps\/details?id=juntadeandalucia.ced.pasen&amp;hl=es&amp;gl=US\" target=\"_blank\" rel=\"noopener noreferrer\">Aqu\u00ed puedes descargar la aplicaci\u00f3n<\/a><\/p>\n<p><a href=\"https:\/\/seneca.juntadeandalucia.es\/seneca\/jsp\/portalpasen\/\"><strong>Acceso a la plataforma<\/strong><\/a><\/p>\n<p><a href=\"https:\/\/www.youtube.com\/watch?v=bjQmLlB_v14\"><strong>Autologin<\/strong><\/a><\/p>\n<p><a href=\"https:\/\/www.juntadeandalucia.es\/educacion\/portals\/web\/ipasen\"><strong>Informaci\u00f3n<\/strong><\/a><\/p>\n<p>&nbsp;<\/p>\n<p><a href=\"https:\/\/blogsaverroes.juntadeandalucia.es\/eeirioebromotril\/files\/2024\/03\/guia_concilia-tic_2022.pdf\"><img loading=\"lazy\" decoding=\"async\" class=\"aligncenter size-medium wp-image-1555\" src=\"https:\/\/blogsaverroes.juntadeandalucia.es\/eeirioebromotril\/files\/2024\/03\/Captura-de-pantalla-2024-03-12-134332-300x300.png\" alt=\"\" width=\"300\" height=\"300\" srcset=\"https:\/\/blogsaverroes.juntadeandalucia.es\/eeirioebromotril\/files\/2024\/03\/Captura-de-pantalla-2024-03-12-134332-300x300.png 300w, https:\/\/blogsaverroes.juntadeandalucia.es\/eeirioebromotril\/files\/2024\/03\/Captura-de-pantalla-2024-03-12-134332-150x150.png 150w, https:\/\/blogsaverroes.juntadeandalucia.es\/eeirioebromotril\/files\/2024\/03\/Captura-de-pantalla-2024-03-12-134332.png 763w\" sizes=\"(max-width: 300px) 100vw, 300px\" \/><\/a><\/p>\n<p><img loading=\"lazy\" decoding=\"async\" class=\"aligncenter wp-image-2119 size-large\" src=\"https:\/\/blogsaverroes.juntadeandalucia.es\/eeirioebromotril\/files\/2025\/04\/1-410x1024.png\" alt=\"\" width=\"410\" height=\"1024\" srcset=\"https:\/\/blogsaverroes.juntadeandalucia.es\/eeirioebromotril\/files\/2025\/04\/1-410x1024.png 410w, https:\/\/blogsaverroes.juntadeandalucia.es\/eeirioebromotril\/files\/2025\/04\/1-120x300.png 120w, https:\/\/blogsaverroes.juntadeandalucia.es\/eeirioebromotril\/files\/2025\/04\/1-768x1920.png 768w, https:\/\/blogsaverroes.juntadeandalucia.es\/eeirioebromotril\/files\/2025\/04\/1.png 800w\" sizes=\"(max-width: 410px) 100vw, 410px\" \/><\/p>\n<p><img loading=\"lazy\" decoding=\"async\" class=\"aligncenter wp-image-2118 size-large\" src=\"https:\/\/blogsaverroes.juntadeandalucia.es\/eeirioebromotril\/files\/2025\/04\/2-410x1024.png\" alt=\"\" width=\"410\" height=\"1024\" srcset=\"https:\/\/blogsaverroes.juntadeandalucia.es\/eeirioebromotril\/files\/2025\/04\/2-410x1024.png 410w, https:\/\/blogsaverroes.juntadeandalucia.es\/eeirioebromotril\/files\/2025\/04\/2-120x300.png 120w, https:\/\/blogsaverroes.juntadeandalucia.es\/eeirioebromotril\/files\/2025\/04\/2-768x1920.png 768w, https:\/\/blogsaverroes.juntadeandalucia.es\/eeirioebromotril\/files\/2025\/04\/2.png 800w\" sizes=\"(max-width: 410px) 100vw, 410px\" \/><\/p>\n","protected":false},"excerpt":{"rendered":"<p>ACCESO A LA PLATAFORMA Moodle Centros&nbsp;es una herramienta de gesti\u00f3n de aprendizaje (LMS), de Software Libre y gratuito, que est\u00e1 concebida para ayudar al profesorado a crear comunidades de aprendizaje en l\u00ednea, facilitando la gesti\u00f3n de contenidos, la comunicaci\u00f3n y la evaluaci\u00f3n.&nbsp; Moodle&nbsp;es un sistema para el Manejo del Aprendizaje en l\u00ednea gratuito,&nbsp;que&nbsp;les permite a [&hellip;]<\/p>\n","protected":false},"author":13777,"featured_media":0,"parent":0,"menu_order":0,"comment_status":"closed","ping_status":"closed","template":"","meta":{"ngg_post_thumbnail":0,"footnotes":""},"aioseo_notices":[],"_links":{"self":[{"href":"https:\/\/blogsaverroes.juntadeandalucia.es\/eeirioebromotril\/wp-json\/wp\/v2\/pages\/777"}],"collection":[{"href":"https:\/\/blogsaverroes.juntadeandalucia.es\/eeirioebromotril\/wp-json\/wp\/v2\/pages"}],"about":[{"href":"https:\/\/blogsaverroes.juntadeandalucia.es\/eeirioebromotril\/wp-json\/wp\/v2\/types\/page"}],"author":[{"embeddable":true,"href":"https:\/\/blogsaverroes.juntadeandalucia.es\/eeirioebromotril\/wp-json\/wp\/v2\/users\/13777"}],"replies":[{"embeddable":true,"href":"https:\/\/blogsaverroes.juntadeandalucia.es\/eeirioebromotril\/wp-json\/wp\/v2\/comments?post=777"}],"version-history":[{"count":8,"href":"https:\/\/blogsaverroes.juntadeandalucia.es\/eeirioebromotril\/wp-json\/wp\/v2\/pages\/777\/revisions"}],"predecessor-version":[{"id":2120,"href":"https:\/\/blogsaverroes.juntadeandalucia.es\/eeirioebromotril\/wp-json\/wp\/v2\/pages\/777\/revisions\/2120"}],"wp:attachment":[{"href":"https:\/\/blogsaverroes.juntadeandalucia.es\/eeirioebromotril\/wp-json\/wp\/v2\/media?parent=777"}],"curies":[{"name":"wp","href":"https:\/\/api.w.org\/{rel}","templated":true}]}}