{"id":791,"date":"2022-11-09T20:02:55","date_gmt":"2022-11-09T19:02:55","guid":{"rendered":"https:\/\/blogsaverroes.juntadeandalucia.es\/eeirioebromotril\/?page_id=791"},"modified":"2025-06-11T20:00:07","modified_gmt":"2025-06-11T19:00:07","slug":"matematicas","status":"publish","type":"page","link":"https:\/\/blogsaverroes.juntadeandalucia.es\/eeirioebromotril\/matematicas\/","title":{"rendered":"Matem\u00e1ticas"},"content":{"rendered":"<p style=\"text-align: center\"><span style=\"font-size: 18pt\"><strong>PROGRAMACI\u00d3N DE ABN<\/strong><\/span><\/p>\n<p>&nbsp;<\/p>\n<p><span style=\"font-size: 14pt\"><strong><a href=\"https:\/\/blogsaverroes.juntadeandalucia.es\/eeirioebromotril\/files\/2024\/09\/TABLA-ABN-5-ANOS-1.pdf\">Indicadores 5 a\u00f1os&nbsp;<\/a> &nbsp; &nbsp; &nbsp; &nbsp; &nbsp; &nbsp; <a href=\"https:\/\/blogsaverroes.juntadeandalucia.es\/eeirioebromotril\/files\/2024\/09\/TABLA-ABN-4-ANOS.pdf\">Indicadores 4 a\u00f1os<\/a>&nbsp; &nbsp; &nbsp; &nbsp; &nbsp; &nbsp;<a href=\"https:\/\/blogsaverroes.juntadeandalucia.es\/eeirioebromotril\/files\/2024\/09\/TABLA-ABN-3-ANOS-1.pdf\">Indicadores 3 a\u00f1os<\/a><\/strong><\/span><\/p>\n<p><span style=\"color: #008000;font-size: 14pt\"><strong><a href=\"https:\/\/blogsaverroes.juntadeandalucia.es\/eeirioebromotril\/files\/2024\/09\/tabla-de-saberes-5-anos-logicos-matematicos-1.pdf\">Saberes 5 a\u00f1os<\/a>&nbsp; &nbsp; &nbsp; &nbsp; &nbsp; &nbsp; &nbsp; &nbsp; &nbsp; &nbsp; &nbsp; <a href=\"https:\/\/blogsaverroes.juntadeandalucia.es\/eeirioebromotril\/files\/2024\/09\/tabla-4-anos-trimestrales-saberes-matematicas.pdf\">Saberes 4 a\u00f1os&nbsp;<\/a> &nbsp; &nbsp; &nbsp; &nbsp; &nbsp; &nbsp; &nbsp; &nbsp; <a href=\"https:\/\/blogsaverroes.juntadeandalucia.es\/eeirioebromotril\/files\/2024\/09\/tabla-3-anos-trimestrales-saberes-matematicas-2.pdf\">Saberes 3 a\u00f1os<\/a><\/strong><\/span><\/p>\n<p><a href=\"https:\/\/blogsaverroes.juntadeandalucia.es\/eeirioebromotril\/files\/2022\/05\/PROGRAMACI\u00d3N-MATEMATICAS-NIVEL-5-A\u00d1OS.pdf\" target=\"_blank\" rel=\"noopener noreferrer\"><img loading=\"lazy\" decoding=\"async\" class=\"alignleft wp-image-1134 size-medium\" src=\"https:\/\/blogsaverroes.juntadeandalucia.es\/eeirioebromotril\/files\/2023\/01\/Programa-de-matem\u00e1ticas-de-185x300.png\" alt=\"\" width=\"185\" height=\"300\" srcset=\"https:\/\/blogsaverroes.juntadeandalucia.es\/eeirioebromotril\/files\/2023\/01\/Programa-de-matem\u00e1ticas-de-185x300.png 185w, https:\/\/blogsaverroes.juntadeandalucia.es\/eeirioebromotril\/files\/2023\/01\/Programa-de-matem\u00e1ticas-de-630x1024.png 630w, https:\/\/blogsaverroes.juntadeandalucia.es\/eeirioebromotril\/files\/2023\/01\/Programa-de-matem\u00e1ticas-de-768x1248.png 768w, https:\/\/blogsaverroes.juntadeandalucia.es\/eeirioebromotril\/files\/2023\/01\/Programa-de-matem\u00e1ticas-de-946x1536.png 946w, https:\/\/blogsaverroes.juntadeandalucia.es\/eeirioebromotril\/files\/2023\/01\/Programa-de-matem\u00e1ticas-de.png 1182w\" sizes=\"(max-width: 185px) 100vw, 185px\" \/><\/a><a href=\"https:\/\/blogsaverroes.juntadeandalucia.es\/eeirioebromotril\/files\/2022\/05\/PROGRAMACI\u00d3N-MATEMATICAS-NIVEL-4-A\u00d1OS.pdf\" target=\"_blank\" rel=\"noopener noreferrer\"><img loading=\"lazy\" decoding=\"async\" class=\"alignleft wp-image-1133 size-medium\" src=\"https:\/\/blogsaverroes.juntadeandalucia.es\/eeirioebromotril\/files\/2023\/01\/Programa-de-matem\u00e1ticas-de-1-203x300.png\" alt=\"\" width=\"203\" height=\"300\" srcset=\"https:\/\/blogsaverroes.juntadeandalucia.es\/eeirioebromotril\/files\/2023\/01\/Programa-de-matem\u00e1ticas-de-1-203x300.png 203w, https:\/\/blogsaverroes.juntadeandalucia.es\/eeirioebromotril\/files\/2023\/01\/Programa-de-matem\u00e1ticas-de-1-694x1024.png 694w, https:\/\/blogsaverroes.juntadeandalucia.es\/eeirioebromotril\/files\/2023\/01\/Programa-de-matem\u00e1ticas-de-1-768x1133.png 768w, https:\/\/blogsaverroes.juntadeandalucia.es\/eeirioebromotril\/files\/2023\/01\/Programa-de-matem\u00e1ticas-de-1-1042x1536.png 1042w, https:\/\/blogsaverroes.juntadeandalucia.es\/eeirioebromotril\/files\/2023\/01\/Programa-de-matem\u00e1ticas-de-1.png 1302w\" sizes=\"(max-width: 203px) 100vw, 203px\" \/><\/a><a href=\"https:\/\/blogsaverroes.juntadeandalucia.es\/eeirioebromotril\/files\/2022\/05\/PROGRAMACION-MATEMATICAS-NIVEL-3-A\u00d1OS.pdf\" target=\"_blank\" rel=\"noopener noreferrer\"><img loading=\"lazy\" decoding=\"async\" class=\"alignleft wp-image-1135 size-medium\" src=\"https:\/\/blogsaverroes.juntadeandalucia.es\/eeirioebromotril\/files\/2023\/01\/Icono-programa-de-matem\u00e1ticas-3-a\u00f1os-189x300.png\" alt=\"\" width=\"189\" height=\"300\" srcset=\"https:\/\/blogsaverroes.juntadeandalucia.es\/eeirioebromotril\/files\/2023\/01\/Icono-programa-de-matem\u00e1ticas-3-a\u00f1os-189x300.png 189w, https:\/\/blogsaverroes.juntadeandalucia.es\/eeirioebromotril\/files\/2023\/01\/Icono-programa-de-matem\u00e1ticas-3-a\u00f1os-646x1024.png 646w, https:\/\/blogsaverroes.juntadeandalucia.es\/eeirioebromotril\/files\/2023\/01\/Icono-programa-de-matem\u00e1ticas-3-a\u00f1os-768x1217.png 768w, https:\/\/blogsaverroes.juntadeandalucia.es\/eeirioebromotril\/files\/2023\/01\/Icono-programa-de-matem\u00e1ticas-3-a\u00f1os-970x1536.png 970w, https:\/\/blogsaverroes.juntadeandalucia.es\/eeirioebromotril\/files\/2023\/01\/Icono-programa-de-matem\u00e1ticas-3-a\u00f1os.png 1212w\" sizes=\"(max-width: 189px) 100vw, 189px\" \/><\/a><\/p>\n<p>&nbsp;<\/p>\n<p>&nbsp;<\/p>\n<p>&nbsp;<\/p>\n<p>&nbsp;<\/p>\n<p>&nbsp;<\/p>\n<p>&nbsp;<\/p>\n<p>&nbsp;<\/p>\n<p>&nbsp;<\/p>\n<p>&nbsp;<\/p>\n<p>&nbsp;<\/p>\n","protected":false},"excerpt":{"rendered":"<p>PROGRAMACI\u00d3N DE ABN &nbsp; Indicadores 5 a\u00f1os&nbsp; &nbsp; &nbsp; &nbsp; &nbsp; &nbsp; &nbsp; Indicadores 4 a\u00f1os&nbsp; &nbsp; &nbsp; &nbsp; &nbsp; &nbsp;Indicadores 3 a\u00f1os Saberes 5 a\u00f1os&nbsp; &nbsp; &nbsp; &nbsp; &nbsp; &nbsp; &nbsp; &nbsp; &nbsp; &nbsp; &nbsp; Saberes 4 a\u00f1os&nbsp; &nbsp; &nbsp; &nbsp; &nbsp; &nbsp; &nbsp; &nbsp; &nbsp; Saberes 3 a\u00f1os &nbsp; &nbsp; &nbsp; &nbsp; &nbsp; [&hellip;]<\/p>\n","protected":false},"author":13777,"featured_media":0,"parent":0,"menu_order":0,"comment_status":"closed","ping_status":"closed","template":"","meta":{"ngg_post_thumbnail":0,"footnotes":""},"aioseo_notices":[],"_links":{"self":[{"href":"https:\/\/blogsaverroes.juntadeandalucia.es\/eeirioebromotril\/wp-json\/wp\/v2\/pages\/791"}],"collection":[{"href":"https:\/\/blogsaverroes.juntadeandalucia.es\/eeirioebromotril\/wp-json\/wp\/v2\/pages"}],"about":[{"href":"https:\/\/blogsaverroes.juntadeandalucia.es\/eeirioebromotril\/wp-json\/wp\/v2\/types\/page"}],"author":[{"embeddable":true,"href":"https:\/\/blogsaverroes.juntadeandalucia.es\/eeirioebromotril\/wp-json\/wp\/v2\/users\/13777"}],"replies":[{"embeddable":true,"href":"https:\/\/blogsaverroes.juntadeandalucia.es\/eeirioebromotril\/wp-json\/wp\/v2\/comments?post=791"}],"version-history":[{"count":13,"href":"https:\/\/blogsaverroes.juntadeandalucia.es\/eeirioebromotril\/wp-json\/wp\/v2\/pages\/791\/revisions"}],"predecessor-version":[{"id":2149,"href":"https:\/\/blogsaverroes.juntadeandalucia.es\/eeirioebromotril\/wp-json\/wp\/v2\/pages\/791\/revisions\/2149"}],"wp:attachment":[{"href":"https:\/\/blogsaverroes.juntadeandalucia.es\/eeirioebromotril\/wp-json\/wp\/v2\/media?parent=791"}],"curies":[{"name":"wp","href":"https:\/\/api.w.org\/{rel}","templated":true}]}}