{"id":793,"date":"2022-11-09T20:02:55","date_gmt":"2022-11-09T19:02:55","guid":{"rendered":"https:\/\/blogsaverroes.juntadeandalucia.es\/eeirioebromotril\/?page_id=793"},"modified":"2023-01-29T20:51:56","modified_gmt":"2023-01-29T19:51:56","slug":"diversidad","status":"publish","type":"page","link":"https:\/\/blogsaverroes.juntadeandalucia.es\/eeirioebromotril\/diversidad\/","title":{"rendered":"Diversidad"},"content":{"rendered":"<p style=\"text-align: center\"><strong>ATENCI\u00d3N A LA DIVERSIDAD<\/strong><\/p>\n<p style=\"text-align: justify\">Se realizar\u00e1 una programaci\u00f3n adaptada a aquellos alumnos\/as con dificultades de aprendizaje o alg\u00fan tipo de discapacidad.<\/p>\n<p style=\"text-align: justify\">Estos alumnos\/as recibir\u00e1n la atenci\u00f3n del profesorado de apoyo y, en su caso, de los especialistas en Pedagog\u00eda Terap\u00e9utica o Audici\u00f3n y Lenguaje.<\/p>\n<p style=\"text-align: justify\">Trabajamos los contextos para&#8230;<\/p>\n<ul>\n<li><span style=\"font-size: 10pt\">Ofrecer las mismas oportunidades.<\/span><\/li>\n<li><span style=\"font-size: 10pt\">Detectar las posibles necesidades.<\/span><\/li>\n<li><span style=\"font-size: 10pt\">Dar los apoyos necesarios.<\/span><\/li>\n<li><span style=\"font-size: 10pt\">Prevenir desigualdades.<\/span><\/li>\n<li><span style=\"font-size: 10pt\">Conseguir la participaci\u00f3n de todos los alumnos\/as.<\/span><\/li>\n<\/ul>\n","protected":false},"excerpt":{"rendered":"<p>ATENCI\u00d3N A LA DIVERSIDAD Se realizar\u00e1 una programaci\u00f3n adaptada a aquellos alumnos\/as con dificultades de aprendizaje o alg\u00fan tipo de discapacidad. Estos alumnos\/as recibir\u00e1n la atenci\u00f3n del profesorado de apoyo y, en su caso, de los especialistas en Pedagog\u00eda Terap\u00e9utica o Audici\u00f3n y Lenguaje. Trabajamos los contextos para&#8230; Ofrecer las mismas oportunidades. Detectar las posibles [&hellip;]<\/p>\n","protected":false},"author":13777,"featured_media":0,"parent":0,"menu_order":0,"comment_status":"closed","ping_status":"closed","template":"","meta":{"ngg_post_thumbnail":0,"footnotes":""},"aioseo_notices":[],"_links":{"self":[{"href":"https:\/\/blogsaverroes.juntadeandalucia.es\/eeirioebromotril\/wp-json\/wp\/v2\/pages\/793"}],"collection":[{"href":"https:\/\/blogsaverroes.juntadeandalucia.es\/eeirioebromotril\/wp-json\/wp\/v2\/pages"}],"about":[{"href":"https:\/\/blogsaverroes.juntadeandalucia.es\/eeirioebromotril\/wp-json\/wp\/v2\/types\/page"}],"author":[{"embeddable":true,"href":"https:\/\/blogsaverroes.juntadeandalucia.es\/eeirioebromotril\/wp-json\/wp\/v2\/users\/13777"}],"replies":[{"embeddable":true,"href":"https:\/\/blogsaverroes.juntadeandalucia.es\/eeirioebromotril\/wp-json\/wp\/v2\/comments?post=793"}],"version-history":[{"count":3,"href":"https:\/\/blogsaverroes.juntadeandalucia.es\/eeirioebromotril\/wp-json\/wp\/v2\/pages\/793\/revisions"}],"predecessor-version":[{"id":1163,"href":"https:\/\/blogsaverroes.juntadeandalucia.es\/eeirioebromotril\/wp-json\/wp\/v2\/pages\/793\/revisions\/1163"}],"wp:attachment":[{"href":"https:\/\/blogsaverroes.juntadeandalucia.es\/eeirioebromotril\/wp-json\/wp\/v2\/media?parent=793"}],"curies":[{"name":"wp","href":"https:\/\/api.w.org\/{rel}","templated":true}]}}