{"id":43,"date":"2015-04-12T08:39:52","date_gmt":"2015-04-12T08:39:52","guid":{"rendered":"http:\/\/blogsaverroes.juntadeandalucia.es\/efjuanjo\/?page_id=43"},"modified":"2015-04-23T17:39:04","modified_gmt":"2015-04-23T17:39:04","slug":"inicio","status":"publish","type":"page","link":"https:\/\/blogsaverroes.juntadeandalucia.es\/efjuanjo\/inicio\/","title":{"rendered":"INICIO"},"content":{"rendered":"<p>Hola!<\/p>\n<p>Mi nombre es <strong>Juan Jos\u00e9 Puerta Melguizo<\/strong> y soy profesor de <strong>Educaci\u00f3n F\u00edsica<\/strong> en el <strong>IES Pedro Pablo L\u00f3pez de los Arcos de Ibros<\/strong>.<\/p>\n<p>El principal objetivo es presentar una serie de<strong> recursos y materiales<\/strong> relacionados con el mundo de la <strong>Educaci\u00f3n F\u00edsica<\/strong> que puedan servir de ayuda o de amplaci\u00f3n a todas las personas interesadas (especialmente al alumnado).<\/p>\n<p>En principio podremos encontrar diversas secciones:<\/p>\n<p>&#8211; una para cada curso de la ESO<\/p>\n<p>&#8211; otra sobre Actividades y Proyectos<\/p>\n<p>&#8211; MUJER y el deporte<\/p>\n<p>&#8211; LIBROS<\/p>\n<p>&#8211; WEBS y BLOGS<\/p>\n","protected":false},"excerpt":{"rendered":"<p>Hola! Mi nombre es Juan Jos\u00e9 Puerta Melguizo y soy profesor de Educaci\u00f3n F\u00edsica en el IES Pedro Pablo L\u00f3pez de los Arcos de Ibros. El principal objetivo es presentar una serie de recursos&#46;&#46;&#46;<\/p>\n","protected":false},"author":1651,"featured_media":0,"parent":0,"menu_order":1,"comment_status":"closed","ping_status":"closed","template":"","meta":{"ngg_post_thumbnail":0,"footnotes":""},"aioseo_notices":[],"_links":{"self":[{"href":"https:\/\/blogsaverroes.juntadeandalucia.es\/efjuanjo\/wp-json\/wp\/v2\/pages\/43"}],"collection":[{"href":"https:\/\/blogsaverroes.juntadeandalucia.es\/efjuanjo\/wp-json\/wp\/v2\/pages"}],"about":[{"href":"https:\/\/blogsaverroes.juntadeandalucia.es\/efjuanjo\/wp-json\/wp\/v2\/types\/page"}],"author":[{"embeddable":true,"href":"https:\/\/blogsaverroes.juntadeandalucia.es\/efjuanjo\/wp-json\/wp\/v2\/users\/1651"}],"replies":[{"embeddable":true,"href":"https:\/\/blogsaverroes.juntadeandalucia.es\/efjuanjo\/wp-json\/wp\/v2\/comments?post=43"}],"version-history":[{"count":8,"href":"https:\/\/blogsaverroes.juntadeandalucia.es\/efjuanjo\/wp-json\/wp\/v2\/pages\/43\/revisions"}],"predecessor-version":[{"id":133,"href":"https:\/\/blogsaverroes.juntadeandalucia.es\/efjuanjo\/wp-json\/wp\/v2\/pages\/43\/revisions\/133"}],"wp:attachment":[{"href":"https:\/\/blogsaverroes.juntadeandalucia.es\/efjuanjo\/wp-json\/wp\/v2\/media?parent=43"}],"curies":[{"name":"wp","href":"https:\/\/api.w.org\/{rel}","templated":true}]}}