{"id":206,"date":"2020-02-12T08:09:58","date_gmt":"2020-02-12T07:09:58","guid":{"rendered":"http:\/\/blogsaverroes.juntadeandalucia.es\/pre\/nuevoceip2v2\/?page_id=206"},"modified":"2023-03-23T09:10:27","modified_gmt":"2023-03-23T08:10:27","slug":"novedades","status":"publish","type":"page","link":"https:\/\/blogsaverroes.juntadeandalucia.es\/ei-la-alcazaba\/novedades\/","title":{"rendered":"Novedades"},"content":{"rendered":"<div class=\"pt-cv-wrapper et_smooth_scroll_disabled\"><div class=\"pt-cv-view pt-cv-grid pt-cv-colsys\" id=\"pt-cv-view-6ff817bh92\"><div data-id=\"pt-cv-page-1\" class=\"pt-cv-page\" data-cvc=\"3\"><div class=\"col-md-4 col-sm-6 col-xs-12 pt-cv-content-item pt-cv-1-col\" ><div class='pt-cv-ifield'><a href=\"https:\/\/blogsaverroes.juntadeandalucia.es\/ei-la-alcazaba\/1a-semana-de-la-ciencia-del-21-al-25-de-enero\/\" class=\"_self pt-cv-href-thumbnail pt-cv-thumb-default\" target=\"_self\" ><img loading=\"lazy\" decoding=\"async\" width=\"400\" height=\"250\" src=\"https:\/\/blogsaverroes.juntadeandalucia.es\/ei-la-alcazaba\/files\/2020\/02\/paper-3213924_1920-1024x645-1-400x250.jpg\" class=\"pt-cv-thumbnail\" alt=\"\" \/><\/a>\n<h4 class=\"pt-cv-title\"><a href=\"https:\/\/blogsaverroes.juntadeandalucia.es\/ei-la-alcazaba\/1a-semana-de-la-ciencia-del-21-al-25-de-enero\/\" class=\"_self\" target=\"_self\" >1\u00aa SEMANA DE LA CIENCIA  DEL 21 AL 25 DE ENERO<\/a><\/h4>\n<div class=\"pt-cv-content\">Durante la semana del 21 al 25 de enero, se han realizado en nuestro ciclo ...<br \/><div class=\"pt-cv-rmwrap\"><a href=\"https:\/\/blogsaverroes.juntadeandalucia.es\/ei-la-alcazaba\/1a-semana-de-la-ciencia-del-21-al-25-de-enero\/\" class=\"_self pt-cv-readmore btn btn-success\" target=\"_self\">Leer M\u00e1s<\/a><\/div><\/div><\/div><\/div>\n<div class=\"col-md-4 col-sm-6 col-xs-12 pt-cv-content-item pt-cv-1-col\" ><div class='pt-cv-ifield'><a href=\"https:\/\/blogsaverroes.juntadeandalucia.es\/ei-la-alcazaba\/lucy-y-zacarias-nos-visitan\/\" class=\"_self pt-cv-href-thumbnail pt-cv-thumb-default\" target=\"_self\" ><img loading=\"lazy\" decoding=\"async\" width=\"400\" height=\"250\" src=\"https:\/\/blogsaverroes.juntadeandalucia.es\/ei-la-alcazaba\/files\/2020\/02\/life-coach-27-400x250.jpg\" class=\"pt-cv-thumbnail\" alt=\"\" \/><\/a>\n<h4 class=\"pt-cv-title\"><a href=\"https:\/\/blogsaverroes.juntadeandalucia.es\/ei-la-alcazaba\/lucy-y-zacarias-nos-visitan\/\" class=\"_self\" target=\"_self\" >Lucy y Zacar\u00edas nos visitan en clase<\/a><\/h4>\n<div class=\"pt-cv-content\">Un d\u00eda estaba haciendo un dictado para el repaso de c y z. Surgieron Lucy ...<br \/><div class=\"pt-cv-rmwrap\"><a href=\"https:\/\/blogsaverroes.juntadeandalucia.es\/ei-la-alcazaba\/lucy-y-zacarias-nos-visitan\/\" class=\"_self pt-cv-readmore btn btn-success\" target=\"_self\">Leer M\u00e1s<\/a><\/div><\/div><\/div><\/div>\n<div class=\"col-md-4 col-sm-6 col-xs-12 pt-cv-content-item pt-cv-1-col\" ><div class='pt-cv-ifield'><a href=\"https:\/\/blogsaverroes.juntadeandalucia.es\/ei-la-alcazaba\/celebracion-dia-de-andalucia-2019\/\" class=\"_self pt-cv-href-thumbnail pt-cv-thumb-default\" target=\"_self\" ><img loading=\"lazy\" decoding=\"async\" width=\"400\" height=\"250\" src=\"https:\/\/blogsaverroes.juntadeandalucia.es\/ei-la-alcazaba\/files\/2020\/02\/SAN-VALENTIN-1024x360-1-400x250.jpg\" class=\"pt-cv-thumbnail\" alt=\"\" \/><\/a>\n<h4 class=\"pt-cv-title\"><a href=\"https:\/\/blogsaverroes.juntadeandalucia.es\/ei-la-alcazaba\/celebracion-dia-de-andalucia-2019\/\" class=\"_self\" target=\"_self\" >Celebraci\u00f3n D\u00eda de Andaluc\u00eda 2019<\/a><\/h4>\n<div class=\"pt-cv-content\">El mi\u00e9rcoles d\u00eda 27 de febrero celebramos el D\u00eda de Andaluc\u00eda llevando a cabo las ...<br \/><div class=\"pt-cv-rmwrap\"><a href=\"https:\/\/blogsaverroes.juntadeandalucia.es\/ei-la-alcazaba\/celebracion-dia-de-andalucia-2019\/\" class=\"_self pt-cv-readmore btn btn-success\" target=\"_self\">Leer M\u00e1s<\/a><\/div><\/div><\/div><\/div>\n<div class=\"col-md-4 col-sm-6 col-xs-12 pt-cv-content-item pt-cv-1-col\" ><div class='pt-cv-ifield'><a href=\"https:\/\/blogsaverroes.juntadeandalucia.es\/ei-la-alcazaba\/ix-semana-cultural\/\" class=\"_self pt-cv-href-thumbnail pt-cv-thumb-default\" target=\"_self\" ><img loading=\"lazy\" decoding=\"async\" width=\"400\" height=\"250\" src=\"https:\/\/blogsaverroes.juntadeandalucia.es\/ei-la-alcazaba\/files\/2020\/02\/online-3412473_1280-1024x682-1-400x250.jpg\" class=\"pt-cv-thumbnail\" alt=\"\" \/><\/a>\n<h4 class=\"pt-cv-title\"><a href=\"https:\/\/blogsaverroes.juntadeandalucia.es\/ei-la-alcazaba\/ix-semana-cultural\/\" class=\"_self\" target=\"_self\" >IX Semana Cultural<\/a><\/h4>\n<div class=\"pt-cv-content\">Este a\u00f1o celebramos la IX Semana Cultural en nuestro colegio del 8 al 12 de ...<br \/><div class=\"pt-cv-rmwrap\"><a href=\"https:\/\/blogsaverroes.juntadeandalucia.es\/ei-la-alcazaba\/ix-semana-cultural\/\" class=\"_self pt-cv-readmore btn btn-success\" target=\"_self\">Leer M\u00e1s<\/a><\/div><\/div><\/div><\/div>\n<div class=\"col-md-4 col-sm-6 col-xs-12 pt-cv-content-item pt-cv-1-col\" ><div class='pt-cv-ifield'><a href=\"https:\/\/blogsaverroes.juntadeandalucia.es\/ei-la-alcazaba\/reunion-de-inicio-de-curso-para-las-familias-de-5-anos\/\" class=\"_self pt-cv-href-thumbnail pt-cv-thumb-default\" target=\"_self\" ><img loading=\"lazy\" decoding=\"async\" width=\"400\" height=\"250\" src=\"https:\/\/blogsaverroes.juntadeandalucia.es\/ei-la-alcazaba\/files\/2020\/01\/Lucy-y-Zacar\u00edas-1024x553-1-400x250.jpeg\" class=\"pt-cv-thumbnail\" alt=\"\" \/><\/a>\n<h4 class=\"pt-cv-title\"><a href=\"https:\/\/blogsaverroes.juntadeandalucia.es\/ei-la-alcazaba\/reunion-de-inicio-de-curso-para-las-familias-de-5-anos\/\" class=\"_self\" target=\"_self\" >Reuni\u00f3n de inicio de curso para las familias de 5 a\u00f1os<\/a><\/h4>\n<div class=\"pt-cv-content\">Se convoca a las familias del alumnado de 5 a\u00f1os a nuestra reuni\u00f3n inicial del ...<br \/><div class=\"pt-cv-rmwrap\"><a href=\"https:\/\/blogsaverroes.juntadeandalucia.es\/ei-la-alcazaba\/reunion-de-inicio-de-curso-para-las-familias-de-5-anos\/\" class=\"_self pt-cv-readmore btn btn-success\" target=\"_self\">Leer M\u00e1s<\/a><\/div><\/div><\/div><\/div>\n<div class=\"col-md-4 col-sm-6 col-xs-12 pt-cv-content-item pt-cv-1-col\" ><div class='pt-cv-ifield'><a href=\"https:\/\/blogsaverroes.juntadeandalucia.es\/ei-la-alcazaba\/convocatoria-asamblea-general-del-ampa\/\" class=\"_self pt-cv-href-thumbnail pt-cv-thumb-default\" target=\"_self\" ><img loading=\"lazy\" decoding=\"async\" width=\"400\" height=\"250\" src=\"https:\/\/blogsaverroes.juntadeandalucia.es\/ei-la-alcazaba\/files\/2020\/01\/drg-400x250.jpg\" class=\"pt-cv-thumbnail\" alt=\"\" \/><\/a>\n<h4 class=\"pt-cv-title\"><a href=\"https:\/\/blogsaverroes.juntadeandalucia.es\/ei-la-alcazaba\/convocatoria-asamblea-general-del-ampa\/\" class=\"_self\" target=\"_self\" >Convocatoria Asamblea General del AMPA<\/a><\/h4>\n<div class=\"pt-cv-content\">El AMPA del Centro va a celebrar pr\u00f3ximamente elecciones (martes 22 de octubre de 2019) ...<br \/><div class=\"pt-cv-rmwrap\"><a href=\"https:\/\/blogsaverroes.juntadeandalucia.es\/ei-la-alcazaba\/convocatoria-asamblea-general-del-ampa\/\" class=\"_self pt-cv-readmore btn btn-success\" target=\"_self\">Leer M\u00e1s<\/a><\/div><\/div><\/div><\/div><\/div><\/div><\/div>\n","protected":false},"excerpt":{"rendered":"","protected":false},"author":17749,"featured_media":0,"parent":0,"menu_order":0,"comment_status":"closed","ping_status":"closed","template":"","meta":{"_et_pb_use_builder":"","_et_pb_old_content":"","_et_gb_content_width":"","ngg_post_thumbnail":0,"footnotes":""},"aioseo_notices":[],"_links":{"self":[{"href":"https:\/\/blogsaverroes.juntadeandalucia.es\/ei-la-alcazaba\/wp-json\/wp\/v2\/pages\/206"}],"collection":[{"href":"https:\/\/blogsaverroes.juntadeandalucia.es\/ei-la-alcazaba\/wp-json\/wp\/v2\/pages"}],"about":[{"href":"https:\/\/blogsaverroes.juntadeandalucia.es\/ei-la-alcazaba\/wp-json\/wp\/v2\/types\/page"}],"author":[{"embeddable":true,"href":"https:\/\/blogsaverroes.juntadeandalucia.es\/ei-la-alcazaba\/wp-json\/wp\/v2\/users\/17749"}],"replies":[{"embeddable":true,"href":"https:\/\/blogsaverroes.juntadeandalucia.es\/ei-la-alcazaba\/wp-json\/wp\/v2\/comments?post=206"}],"version-history":[{"count":1,"href":"https:\/\/blogsaverroes.juntadeandalucia.es\/ei-la-alcazaba\/wp-json\/wp\/v2\/pages\/206\/revisions"}],"predecessor-version":[{"id":546,"href":"https:\/\/blogsaverroes.juntadeandalucia.es\/ei-la-alcazaba\/wp-json\/wp\/v2\/pages\/206\/revisions\/546"}],"wp:attachment":[{"href":"https:\/\/blogsaverroes.juntadeandalucia.es\/ei-la-alcazaba\/wp-json\/wp\/v2\/media?parent=206"}],"curies":[{"name":"wp","href":"https:\/\/api.w.org\/{rel}","templated":true}]}}