{"id":1661,"date":"2025-04-19T12:00:28","date_gmt":"2025-04-19T11:00:28","guid":{"rendered":"https:\/\/blogsaverroes.juntadeandalucia.es\/ei-los-almendros\/?page_id=1661"},"modified":"2025-04-19T12:10:48","modified_gmt":"2025-04-19T11:10:48","slug":"personal","status":"publish","type":"page","link":"https:\/\/blogsaverroes.juntadeandalucia.es\/ei-los-almendros\/personal\/","title":{"rendered":"Personal"},"content":{"rendered":"<p>[et_pb_section fb_built=&#8221;1&#8243; _builder_version=&#8221;4.16&#8243; global_colors_info=&#8221;{}&#8221;][et_pb_row _builder_version=&#8221;4.16&#8243; background_size=&#8221;initial&#8221; background_position=&#8221;top_left&#8221; background_repeat=&#8221;repeat&#8221; global_colors_info=&#8221;{}&#8221;][et_pb_column type=&#8221;4_4&#8243; _builder_version=&#8221;4.16&#8243; custom_padding=&#8221;|||&#8221; global_colors_info=&#8221;{}&#8221; custom_padding__hover=&#8221;|||&#8221;][et_pb_text _builder_version=&#8221;4.24.2&#8243; background_size=&#8221;initial&#8221; background_position=&#8221;top_left&#8221; background_repeat=&#8221;repeat&#8221; hover_enabled=&#8221;0&#8243; global_colors_info=&#8221;{}&#8221; sticky_enabled=&#8221;0&#8243;]<\/p>\n<p><img loading=\"lazy\" decoding=\"async\" class=\"aligncenter wp-image-1673\" src=\"https:\/\/blogsaverroes.juntadeandalucia.es\/ei-los-almendros\/files\/2025\/04\/personal-rotulo.png\" alt=\"\" width=\"600\" height=\"620\" srcset=\"https:\/\/blogsaverroes.juntadeandalucia.es\/ei-los-almendros\/files\/2025\/04\/personal-rotulo.png 600w, https:\/\/blogsaverroes.juntadeandalucia.es\/ei-los-almendros\/files\/2025\/04\/personal-rotulo-480x496.png 480w\" sizes=\"(min-width: 0px) and (max-width: 480px) 480px, (min-width: 481px) 600px, 100vw\" \/><\/p>\n<p>En el centro trabajamos 19 profesionales a jornada completa.<\/p>\n<p>Al ser un centro de titularidad de la Junta de Andaluc\u00eda, todos los trabajadores contamos con la titulaci\u00f3n exigida por la normativa andaluza para cada categor\u00eda. De igual modo, dado que tenemos servicio de <a href=\"https:\/\/blogsaverroes.juntadeandalucia.es\/ei-los-almendros\/comedor-escolar\/\"><span style=\"text-decoration: underline\">comedor<\/span><\/a>, todos los empleados del centro tambi\u00e9n contamos con el Certificado Oficial de Manipulador de Alimentos.<\/p>\n<p>Los trabajadores nos agrupamos en diferentes categor\u00edas seg\u00fan las diversas funciones que se realizan en el centro: El equipo educativo est\u00e1 formado por una educadora y 10 t\u00e9cnicos superiores en educaci\u00f3n infantil, el personal de limpieza y alojamiento lo componen 5 personas, el equipo de cocina lo integran 2 personas, y por \u00faltimo, las tareas de gesti\u00f3n, administraci\u00f3n y organizaci\u00f3n del centro son llevadas a cabo por una directora.<\/p>\n<p>Para las labores de mantenimiento del centro contamos con diferentes empresas de distintos \u00e1mbitos a las que recurrimos cuando es necesario.<\/p>\n<p>Todos trabajamos aportando nuestro conocimiento y experiencia al buen funcionamiento del centro y por encima de todo trabajamos para el bienestar de los ni\u00f1os y ni\u00f1as que se educan con nosotros.<\/p>\n<p>[\/et_pb_text][\/et_pb_column][\/et_pb_row][\/et_pb_section]<\/p>\n","protected":false},"excerpt":{"rendered":"<p>En el centro trabajamos 19 profesionales a jornada completa. Al ser un centro de titularidad de la Junta de Andaluc\u00eda, todos los trabajadores contamos con la titulaci\u00f3n exigida por la normativa andaluza para cada categor\u00eda. De igual modo, dado que tenemos servicio de comedor, todos los empleados del centro tambi\u00e9n contamos con el Certificado Oficial [&hellip;]<\/p>\n","protected":false},"author":20839,"featured_media":0,"parent":0,"menu_order":0,"comment_status":"closed","ping_status":"closed","template":"","meta":{"_et_pb_use_builder":"on","_et_pb_old_content":"<p>Personal<\/p>","_et_gb_content_width":"","ngg_post_thumbnail":0,"footnotes":""},"aioseo_notices":[],"_links":{"self":[{"href":"https:\/\/blogsaverroes.juntadeandalucia.es\/ei-los-almendros\/wp-json\/wp\/v2\/pages\/1661"}],"collection":[{"href":"https:\/\/blogsaverroes.juntadeandalucia.es\/ei-los-almendros\/wp-json\/wp\/v2\/pages"}],"about":[{"href":"https:\/\/blogsaverroes.juntadeandalucia.es\/ei-los-almendros\/wp-json\/wp\/v2\/types\/page"}],"author":[{"embeddable":true,"href":"https:\/\/blogsaverroes.juntadeandalucia.es\/ei-los-almendros\/wp-json\/wp\/v2\/users\/20839"}],"replies":[{"embeddable":true,"href":"https:\/\/blogsaverroes.juntadeandalucia.es\/ei-los-almendros\/wp-json\/wp\/v2\/comments?post=1661"}],"version-history":[{"count":5,"href":"https:\/\/blogsaverroes.juntadeandalucia.es\/ei-los-almendros\/wp-json\/wp\/v2\/pages\/1661\/revisions"}],"predecessor-version":[{"id":1674,"href":"https:\/\/blogsaverroes.juntadeandalucia.es\/ei-los-almendros\/wp-json\/wp\/v2\/pages\/1661\/revisions\/1674"}],"wp:attachment":[{"href":"https:\/\/blogsaverroes.juntadeandalucia.es\/ei-los-almendros\/wp-json\/wp\/v2\/media?parent=1661"}],"curies":[{"name":"wp","href":"https:\/\/api.w.org\/{rel}","templated":true}]}}