{"id":452,"date":"2020-03-04T08:34:09","date_gmt":"2020-03-04T07:34:09","guid":{"rendered":"http:\/\/blogsaverroes.juntadeandalucia.es\/pre\/nuevoceipv2\/?page_id=452"},"modified":"2025-09-08T18:45:14","modified_gmt":"2025-09-08T17:45:14","slug":"calendario","status":"publish","type":"page","link":"https:\/\/blogsaverroes.juntadeandalucia.es\/ei-los-almendros\/calendario\/","title":{"rendered":"Calendario"},"content":{"rendered":"<p>[et_pb_section fb_built=&#8221;1&#8243; _builder_version=&#8221;4.16&#8243; global_colors_info=&#8221;{}&#8221;][et_pb_row _builder_version=&#8221;4.16&#8243; background_size=&#8221;initial&#8221; background_position=&#8221;top_left&#8221; background_repeat=&#8221;repeat&#8221; global_colors_info=&#8221;{}&#8221;][et_pb_column type=&#8221;4_4&#8243; _builder_version=&#8221;4.16&#8243; custom_padding=&#8221;|||&#8221; global_colors_info=&#8221;{}&#8221; custom_padding__hover=&#8221;|||&#8221;][et_pb_image src=&#8221;https:\/\/blogsaverroes.juntadeandalucia.es\/ei-los-almendros\/files\/2025\/04\/calendar_640.jpg&#8221; alt=&#8221;Entrada principal&#8221; title_text=&#8221;calendar_640&#8243; admin_label=&#8221;Imagen de la portada&#8221; _builder_version=&#8221;4.24.2&#8243; z_index_tablet=&#8221;500&#8243; box_shadow_horizontal_tablet=&#8221;0px&#8221; box_shadow_vertical_tablet=&#8221;0px&#8221; box_shadow_blur_tablet=&#8221;40px&#8221; box_shadow_spread_tablet=&#8221;0px&#8221; global_colors_info=&#8221;{}&#8221;][\/et_pb_image][et_pb_text admin_label=&#8221;Texto descriptivo&#8221; _builder_version=&#8221;4.24.2&#8243; z_index_tablet=&#8221;500&#8243; custom_css_free_form=&#8221;selector ul {margin-left:5ex}&#8221; text_text_shadow_horizontal_length_tablet=&#8221;0px&#8221; text_text_shadow_vertical_length_tablet=&#8221;0px&#8221; text_text_shadow_blur_strength_tablet=&#8221;1px&#8221; link_text_shadow_horizontal_length_tablet=&#8221;0px&#8221; link_text_shadow_vertical_length_tablet=&#8221;0px&#8221; link_text_shadow_blur_strength_tablet=&#8221;1px&#8221; ul_text_shadow_horizontal_length_tablet=&#8221;0px&#8221; ul_text_shadow_vertical_length_tablet=&#8221;0px&#8221; ul_text_shadow_blur_strength_tablet=&#8221;1px&#8221; ol_text_shadow_horizontal_length_tablet=&#8221;0px&#8221; ol_text_shadow_vertical_length_tablet=&#8221;0px&#8221; ol_text_shadow_blur_strength_tablet=&#8221;1px&#8221; quote_text_shadow_horizontal_length_tablet=&#8221;0px&#8221; quote_text_shadow_vertical_length_tablet=&#8221;0px&#8221; quote_text_shadow_blur_strength_tablet=&#8221;1px&#8221; header_text_shadow_horizontal_length_tablet=&#8221;0px&#8221; header_text_shadow_vertical_length_tablet=&#8221;0px&#8221; header_text_shadow_blur_strength_tablet=&#8221;1px&#8221; header_2_text_shadow_horizontal_length_tablet=&#8221;0px&#8221; header_2_text_shadow_vertical_length_tablet=&#8221;0px&#8221; header_2_text_shadow_blur_strength_tablet=&#8221;1px&#8221; header_3_text_shadow_horizontal_length_tablet=&#8221;0px&#8221; header_3_text_shadow_vertical_length_tablet=&#8221;0px&#8221; header_3_text_shadow_blur_strength_tablet=&#8221;1px&#8221; header_4_text_shadow_horizontal_length_tablet=&#8221;0px&#8221; header_4_text_shadow_vertical_length_tablet=&#8221;0px&#8221; header_4_text_shadow_blur_strength_tablet=&#8221;1px&#8221; header_5_text_shadow_horizontal_length_tablet=&#8221;0px&#8221; header_5_text_shadow_vertical_length_tablet=&#8221;0px&#8221; header_5_text_shadow_blur_strength_tablet=&#8221;1px&#8221; header_6_text_shadow_horizontal_length_tablet=&#8221;0px&#8221; header_6_text_shadow_vertical_length_tablet=&#8221;0px&#8221; header_6_text_shadow_blur_strength_tablet=&#8221;1px&#8221; box_shadow_horizontal_tablet=&#8221;0px&#8221; box_shadow_vertical_tablet=&#8221;0px&#8221; box_shadow_blur_tablet=&#8221;40px&#8221; box_shadow_spread_tablet=&#8221;0px&#8221; global_colors_info=&#8221;{}&#8221;]<\/p>\n<h2>Calendario y horario escolar<\/h2>\n<p>La escuela infantil \u201cLos Almendros\u201d ofrece una atenci\u00f3n educativa diaria, de lunes a viernes,&nbsp;<strong>todos los d\u00edas del a\u00f1o excepto: los festivos locales, los festivos nacionales, el d\u00eda de la comunidad educativa y el mes de agosto<\/strong>.<\/p>\n<p>Con car\u00e1cter general, el horario de apertura ser\u00e1 de 7:30 a 17:00 horas, ininterrumpidamente. Dentro de este intervalo se realizan las siguientes actividades:<\/p>\n<ol type=\"square\">\n<li>En el per\u00edodo de tiempo comprendido entre las 7:30 horas y las 9:00 horas se ofrece el servicio de <span style=\"text-decoration: underline\"><a href=\"https:\/\/blogsaverroes.juntadeandalucia.es\/ei-los-almendros\/aula-matinal\/\">aula matinal<\/a><\/span>.<\/li>\n<li>El per\u00edodo de atenci\u00f3n socio educativa comprende desde las 9:00 horas hasta las 17:00 horas.\n<ul type=\"disc\">\n<li>El horario de entrada al servicio de atenci\u00f3n socio educativa es de 9:00 a 9:30 horas.<\/li>\n<li>El horario de salida es de 13:30 a 14:00.<\/li>\n<\/ul>\n<\/li>\n<li>Los ni\u00f1os y ni\u00f1as que se quedan a siestas tienen 2 turnos de salida: A las 15:30 para el primer turno y <span style=\"text-decoration: underline\"><a href=\"https:\/\/blogsaverroes.juntadeandalucia.es\/ei-los-almendros\/aula-tarde\/\">aula de tarde<\/a><\/span> de 15:30 a 17:00.<\/li>\n<\/ol>\n<p>La necesidad de permanencia de un ni\u00f1o o ni\u00f1a en el centro infantil por un periodo superior a ocho horas diarias deber\u00e1 ser justificada por los padres y madres aportando la documentaci\u00f3n que acredite tal necesidad a la direcci\u00f3n del Centro, para su remisi\u00f3n a la Delegaci\u00f3n Provincial de la Consejer\u00eda competente en materia de educaci\u00f3n en Granada, a fin de que \u00e9sta valore y autorice, en su caso, dicha solicitud.<\/p>\n<p>En los per\u00edodos de Navidad, Semana Santa y Julio el servicio de atenci\u00f3n a los ni\u00f1os y ni\u00f1as lo presta la empresa <span style=\"text-decoration: underline\"><a href=\"https:\/\/www.grupo-senda.com\/\">Senda<\/a><\/span>. El servicio de comedor en estos per\u00edodos se ofrece a trav\u00e9s de la empresa de catering <span style=\"text-decoration: underline\"><a href=\"https:\/\/www.facebook.com\/entresaboresmotril\/?locale=es_ES\">Entre sabores<\/a><\/span> respetando el men\u00fa del centro escolar.<\/p>\n<p>[\/et_pb_text][\/et_pb_column][\/et_pb_row][\/et_pb_section]<\/p>\n","protected":false},"excerpt":{"rendered":"<p>Calendario y horario escolar La escuela infantil \u201cLos Almendros\u201d ofrece una atenci\u00f3n educativa diaria, de lunes a viernes,&nbsp;todos los d\u00edas del a\u00f1o excepto: los festivos locales, los festivos nacionales, el d\u00eda de la comunidad educativa y el mes de agosto. Con car\u00e1cter general, el horario de apertura ser\u00e1 de 7:30 a 17:00 horas, ininterrumpidamente. Dentro [&hellip;]<\/p>\n","protected":false},"author":7051,"featured_media":0,"parent":0,"menu_order":0,"comment_status":"closed","ping_status":"closed","template":"","meta":{"_et_pb_use_builder":"on","_et_pb_old_content":"","_et_gb_content_width":"","ngg_post_thumbnail":0,"footnotes":""},"aioseo_notices":[],"_links":{"self":[{"href":"https:\/\/blogsaverroes.juntadeandalucia.es\/ei-los-almendros\/wp-json\/wp\/v2\/pages\/452"}],"collection":[{"href":"https:\/\/blogsaverroes.juntadeandalucia.es\/ei-los-almendros\/wp-json\/wp\/v2\/pages"}],"about":[{"href":"https:\/\/blogsaverroes.juntadeandalucia.es\/ei-los-almendros\/wp-json\/wp\/v2\/types\/page"}],"author":[{"embeddable":true,"href":"https:\/\/blogsaverroes.juntadeandalucia.es\/ei-los-almendros\/wp-json\/wp\/v2\/users\/7051"}],"replies":[{"embeddable":true,"href":"https:\/\/blogsaverroes.juntadeandalucia.es\/ei-los-almendros\/wp-json\/wp\/v2\/comments?post=452"}],"version-history":[{"count":20,"href":"https:\/\/blogsaverroes.juntadeandalucia.es\/ei-los-almendros\/wp-json\/wp\/v2\/pages\/452\/revisions"}],"predecessor-version":[{"id":1940,"href":"https:\/\/blogsaverroes.juntadeandalucia.es\/ei-los-almendros\/wp-json\/wp\/v2\/pages\/452\/revisions\/1940"}],"wp:attachment":[{"href":"https:\/\/blogsaverroes.juntadeandalucia.es\/ei-los-almendros\/wp-json\/wp\/v2\/media?parent=452"}],"curies":[{"name":"wp","href":"https:\/\/api.w.org\/{rel}","templated":true}]}}