{"id":2340,"date":"2020-08-20T21:59:55","date_gmt":"2020-08-20T21:59:55","guid":{"rendered":"https:\/\/blogsaverroes.juntadeandalucia.es\/eiadelfa\/?page_id=2340"},"modified":"2022-10-09T15:06:19","modified_gmt":"2022-10-09T15:06:19","slug":"claustro","status":"publish","type":"page","link":"https:\/\/blogsaverroes.juntadeandalucia.es\/eiadelfa\/claustro\/","title":{"rendered":"CLAUSTRO"},"content":{"rendered":"<p><strong>TUTORA DE TRES A\u00d1OS:<\/strong> Sandra Linares Mac\u00edas.<\/p>\n<p><strong>TUTORA DE CUATRO A\u00d1OS:<\/strong> Mar\u00eda Dolores &nbsp;Moreno Mart\u00edn.<\/p>\n<p><strong>TUTORA DE CINCO A\u00d1OS<\/strong>: Talia &nbsp;Velasco Gonz\u00e1lez.<\/p>\n<p><strong>MAESTRAS DE APOYO:&nbsp; &nbsp;<\/strong>Antonia Pilar&nbsp;Enr\u00edquez Villalobos.<\/p>\n<p>&nbsp; &nbsp; &nbsp; &nbsp; &nbsp; &nbsp; &nbsp; &nbsp; &nbsp; &nbsp; &nbsp; &nbsp; &nbsp; &nbsp; &nbsp; &nbsp; &nbsp; &nbsp; &nbsp; &nbsp; &nbsp; &nbsp; &nbsp; &nbsp; &nbsp; &nbsp; &nbsp; Mar\u00eda Dolores&nbsp; Moreno Mart\u00edn.<\/p>\n<p>&nbsp; &nbsp; &nbsp; &nbsp; &nbsp; &nbsp; &nbsp; &nbsp; &nbsp; &nbsp; &nbsp; &nbsp; &nbsp; &nbsp; &nbsp; &nbsp; &nbsp; &nbsp; &nbsp; &nbsp; &nbsp; &nbsp; &nbsp; &nbsp; &nbsp; &nbsp; &nbsp; Carmen M\u00aa Mart\u00edn Carrasquilla.<\/p>\n<p>&nbsp;<\/p>\n<p><strong>MAESTRA DE AUDICI\u00d3N Y LENGUAJE:<\/strong> Noelia Perujo P\u00e9rez.<\/p>\n<p><strong>MAESTRA DE RELIGI\u00d3N:<\/strong> Rosario Dolores &nbsp;S\u00e1nchez L\u00f3pez.<\/p>\n<p><strong>MAESTRA DE PEDAGOG\u00cdA TERAP\u00c9UTICA:<\/strong> Alicia Cazorla Calder\u00f3n.<\/p>\n","protected":false},"excerpt":{"rendered":"<p>TUTORA DE TRES A\u00d1OS: Sandra Linares Mac\u00edas. TUTORA DE CUATRO A\u00d1OS: Mar\u00eda Dolores &nbsp;Moreno Mart\u00edn. TUTORA DE CINCO A\u00d1OS: Talia &nbsp;Velasco Gonz\u00e1lez. MAESTRAS DE APOYO:&nbsp;&hellip;<\/p>\n","protected":false},"author":10395,"featured_media":0,"parent":0,"menu_order":0,"comment_status":"closed","ping_status":"closed","template":"","meta":{"ngg_post_thumbnail":0,"footnotes":"","_mc_calendar":[]},"aioseo_notices":[],"_links":{"self":[{"href":"https:\/\/blogsaverroes.juntadeandalucia.es\/eiadelfa\/wp-json\/wp\/v2\/pages\/2340"}],"collection":[{"href":"https:\/\/blogsaverroes.juntadeandalucia.es\/eiadelfa\/wp-json\/wp\/v2\/pages"}],"about":[{"href":"https:\/\/blogsaverroes.juntadeandalucia.es\/eiadelfa\/wp-json\/wp\/v2\/types\/page"}],"author":[{"embeddable":true,"href":"https:\/\/blogsaverroes.juntadeandalucia.es\/eiadelfa\/wp-json\/wp\/v2\/users\/10395"}],"replies":[{"embeddable":true,"href":"https:\/\/blogsaverroes.juntadeandalucia.es\/eiadelfa\/wp-json\/wp\/v2\/comments?post=2340"}],"version-history":[{"count":5,"href":"https:\/\/blogsaverroes.juntadeandalucia.es\/eiadelfa\/wp-json\/wp\/v2\/pages\/2340\/revisions"}],"predecessor-version":[{"id":3107,"href":"https:\/\/blogsaverroes.juntadeandalucia.es\/eiadelfa\/wp-json\/wp\/v2\/pages\/2340\/revisions\/3107"}],"wp:attachment":[{"href":"https:\/\/blogsaverroes.juntadeandalucia.es\/eiadelfa\/wp-json\/wp\/v2\/media?parent=2340"}],"curies":[{"name":"wp","href":"https:\/\/api.w.org\/{rel}","templated":true}]}}