{"id":2342,"date":"2020-08-20T22:00:19","date_gmt":"2020-08-20T22:00:19","guid":{"rendered":"https:\/\/blogsaverroes.juntadeandalucia.es\/eiadelfa\/?page_id=2342"},"modified":"2021-11-28T11:43:21","modified_gmt":"2021-11-28T11:43:21","slug":"tutoras","status":"publish","type":"page","link":"https:\/\/blogsaverroes.juntadeandalucia.es\/eiadelfa\/tutoras\/","title":{"rendered":"TUTORAS"},"content":{"rendered":"<p>3 a\u00f1os CARMEN MART\u00cdNEZ MART\u00cdN \/ VANESA PORRAS NIETO<\/p>\n<p>4 a\u00f1os TALIA VELASCO GONZALEZ \/ MIRIAM MU\u00d1OZ GONZ\u00c1LEZ<\/p>\n<p>5 a\u00f1os SANDRA MAR\u00cdA LINARES MACIAS<\/p>\n<p>&nbsp;<\/p>\n","protected":false},"excerpt":{"rendered":"<p>3 a\u00f1os CARMEN MART\u00cdNEZ MART\u00cdN \/ VANESA PORRAS NIETO 4 a\u00f1os TALIA VELASCO GONZALEZ \/ MIRIAM MU\u00d1OZ GONZ\u00c1LEZ 5 a\u00f1os SANDRA MAR\u00cdA LINARES MACIAS &nbsp;<\/p>\n","protected":false},"author":10395,"featured_media":0,"parent":0,"menu_order":0,"comment_status":"closed","ping_status":"closed","template":"","meta":{"ngg_post_thumbnail":0,"footnotes":"","_mc_calendar":[]},"aioseo_notices":[],"_links":{"self":[{"href":"https:\/\/blogsaverroes.juntadeandalucia.es\/eiadelfa\/wp-json\/wp\/v2\/pages\/2342"}],"collection":[{"href":"https:\/\/blogsaverroes.juntadeandalucia.es\/eiadelfa\/wp-json\/wp\/v2\/pages"}],"about":[{"href":"https:\/\/blogsaverroes.juntadeandalucia.es\/eiadelfa\/wp-json\/wp\/v2\/types\/page"}],"author":[{"embeddable":true,"href":"https:\/\/blogsaverroes.juntadeandalucia.es\/eiadelfa\/wp-json\/wp\/v2\/users\/10395"}],"replies":[{"embeddable":true,"href":"https:\/\/blogsaverroes.juntadeandalucia.es\/eiadelfa\/wp-json\/wp\/v2\/comments?post=2342"}],"version-history":[{"count":6,"href":"https:\/\/blogsaverroes.juntadeandalucia.es\/eiadelfa\/wp-json\/wp\/v2\/pages\/2342\/revisions"}],"predecessor-version":[{"id":2884,"href":"https:\/\/blogsaverroes.juntadeandalucia.es\/eiadelfa\/wp-json\/wp\/v2\/pages\/2342\/revisions\/2884"}],"wp:attachment":[{"href":"https:\/\/blogsaverroes.juntadeandalucia.es\/eiadelfa\/wp-json\/wp\/v2\/media?parent=2342"}],"curies":[{"name":"wp","href":"https:\/\/api.w.org\/{rel}","templated":true}]}}