{"id":2344,"date":"2020-08-20T22:00:37","date_gmt":"2020-08-20T22:00:37","guid":{"rendered":"https:\/\/blogsaverroes.juntadeandalucia.es\/eiadelfa\/?page_id=2344"},"modified":"2021-11-28T11:42:26","modified_gmt":"2021-11-28T11:42:26","slug":"apoyo","status":"publish","type":"page","link":"https:\/\/blogsaverroes.juntadeandalucia.es\/eiadelfa\/apoyo\/","title":{"rendered":"APOYO"},"content":{"rendered":"\r\n<p>Apoyo de 4 y 5 a\u00f1os: CARMEN M. MARTIN CARRASQUILLA<\/p>\r\n\r\n\r\n\r\n<p>Apoyo de 3 y 4 a\u00f1os: FRANCISCO JES\u00daS PACHECO ARIAS<\/p>\r\n\r\n\r\n\r\n<p>&nbsp;<\/p>\r\n","protected":false},"excerpt":{"rendered":"<p>Apoyo de 4 y 5 a\u00f1os: CARMEN M. MARTIN CARRASQUILLA Apoyo de 3 y 4 a\u00f1os: FRANCISCO JES\u00daS PACHECO ARIAS &nbsp;<\/p>\n","protected":false},"author":10395,"featured_media":0,"parent":0,"menu_order":0,"comment_status":"closed","ping_status":"closed","template":"","meta":{"ngg_post_thumbnail":0,"footnotes":"","_mc_calendar":[]},"aioseo_notices":[],"_links":{"self":[{"href":"https:\/\/blogsaverroes.juntadeandalucia.es\/eiadelfa\/wp-json\/wp\/v2\/pages\/2344"}],"collection":[{"href":"https:\/\/blogsaverroes.juntadeandalucia.es\/eiadelfa\/wp-json\/wp\/v2\/pages"}],"about":[{"href":"https:\/\/blogsaverroes.juntadeandalucia.es\/eiadelfa\/wp-json\/wp\/v2\/types\/page"}],"author":[{"embeddable":true,"href":"https:\/\/blogsaverroes.juntadeandalucia.es\/eiadelfa\/wp-json\/wp\/v2\/users\/10395"}],"replies":[{"embeddable":true,"href":"https:\/\/blogsaverroes.juntadeandalucia.es\/eiadelfa\/wp-json\/wp\/v2\/comments?post=2344"}],"version-history":[{"count":3,"href":"https:\/\/blogsaverroes.juntadeandalucia.es\/eiadelfa\/wp-json\/wp\/v2\/pages\/2344\/revisions"}],"predecessor-version":[{"id":2883,"href":"https:\/\/blogsaverroes.juntadeandalucia.es\/eiadelfa\/wp-json\/wp\/v2\/pages\/2344\/revisions\/2883"}],"wp:attachment":[{"href":"https:\/\/blogsaverroes.juntadeandalucia.es\/eiadelfa\/wp-json\/wp\/v2\/media?parent=2344"}],"curies":[{"name":"wp","href":"https:\/\/api.w.org\/{rel}","templated":true}]}}