{"id":2346,"date":"2020-08-20T22:00:53","date_gmt":"2020-08-20T22:00:53","guid":{"rendered":"https:\/\/blogsaverroes.juntadeandalucia.es\/eiadelfa\/?page_id=2346"},"modified":"2021-11-28T11:44:38","modified_gmt":"2021-11-28T11:44:38","slug":"especialistas","status":"publish","type":"page","link":"https:\/\/blogsaverroes.juntadeandalucia.es\/eiadelfa\/especialistas\/","title":{"rendered":"ESPECIALISTAS"},"content":{"rendered":"<p>AUDICI\u00d3N Y LENGUAJE: NOELIA PERUJO P\u00c9REZ<\/p>\n<p>PEDAGOG\u00cdA TERAP\u00c9UTICA: IRENE CONDE NEGRI&nbsp;<\/p>\n<p>RELIGI\u00d3N: MIRIAM SANTOS&nbsp; N\u00da\u00d1EZ<\/p>\n<p>&nbsp;<\/p>\n","protected":false},"excerpt":{"rendered":"<p>AUDICI\u00d3N Y LENGUAJE: NOELIA PERUJO P\u00c9REZ PEDAGOG\u00cdA TERAP\u00c9UTICA: IRENE CONDE NEGRI&nbsp; RELIGI\u00d3N: MIRIAM SANTOS&nbsp; N\u00da\u00d1EZ &nbsp;<\/p>\n","protected":false},"author":10395,"featured_media":0,"parent":0,"menu_order":0,"comment_status":"closed","ping_status":"closed","template":"","meta":{"ngg_post_thumbnail":0,"footnotes":"","_mc_calendar":[]},"aioseo_notices":[],"_links":{"self":[{"href":"https:\/\/blogsaverroes.juntadeandalucia.es\/eiadelfa\/wp-json\/wp\/v2\/pages\/2346"}],"collection":[{"href":"https:\/\/blogsaverroes.juntadeandalucia.es\/eiadelfa\/wp-json\/wp\/v2\/pages"}],"about":[{"href":"https:\/\/blogsaverroes.juntadeandalucia.es\/eiadelfa\/wp-json\/wp\/v2\/types\/page"}],"author":[{"embeddable":true,"href":"https:\/\/blogsaverroes.juntadeandalucia.es\/eiadelfa\/wp-json\/wp\/v2\/users\/10395"}],"replies":[{"embeddable":true,"href":"https:\/\/blogsaverroes.juntadeandalucia.es\/eiadelfa\/wp-json\/wp\/v2\/comments?post=2346"}],"version-history":[{"count":4,"href":"https:\/\/blogsaverroes.juntadeandalucia.es\/eiadelfa\/wp-json\/wp\/v2\/pages\/2346\/revisions"}],"predecessor-version":[{"id":2885,"href":"https:\/\/blogsaverroes.juntadeandalucia.es\/eiadelfa\/wp-json\/wp\/v2\/pages\/2346\/revisions\/2885"}],"wp:attachment":[{"href":"https:\/\/blogsaverroes.juntadeandalucia.es\/eiadelfa\/wp-json\/wp\/v2\/media?parent=2346"}],"curies":[{"name":"wp","href":"https:\/\/api.w.org\/{rel}","templated":true}]}}