{"id":35,"date":"2015-03-13T08:21:43","date_gmt":"2015-03-13T08:21:43","guid":{"rendered":"http:\/\/blogsaverroes.juntadeandalucia.es\/pre\/ceip\/?page_id=35"},"modified":"2022-11-23T08:50:32","modified_gmt":"2022-11-23T08:50:32","slug":"el-centro-2","status":"publish","type":"page","link":"https:\/\/blogsaverroes.juntadeandalucia.es\/eiadelfa\/el-centro-2\/","title":{"rendered":"DATOS DEL CENTRO Y UBICACI\u00d3N"},"content":{"rendered":"<p>&nbsp;<\/p>\n<h4><iframe loading=\"lazy\" src=\"https:\/\/www.google.com\/maps\/embed?pb=!1m14!1m8!1m3!1d799.5319214351837!2d-4.434781179998614!3d36.719494549132754!3m2!1i1024!2i768!4f13.1!3m3!1m2!1s0x0%3A0x3935c432005dd1c2!2sEscuela%20de%20Educaci%C3%B3n%20Infantil%20Adelfa!5e0!3m2!1ses!2ses!4v1597777124227!5m2!1ses!2ses\" width=\"600\" height=\"450\" frameborder=\"0\"><\/iframe><\/h4>\n<h4><a href=\"https:\/\/blogsaverroes.juntadeandalucia.es\/eiadelfa\/files\/2022\/10\/IMG_20221019_104438-scaled.jpg\"><img loading=\"lazy\" decoding=\"async\" class=\"alignnone size-medium wp-image-3124\" src=\"https:\/\/blogsaverroes.juntadeandalucia.es\/eiadelfa\/files\/2022\/10\/IMG_20221019_104438-300x225.jpg\" alt=\"\" width=\"300\" height=\"225\" srcset=\"https:\/\/blogsaverroes.juntadeandalucia.es\/eiadelfa\/files\/2022\/10\/IMG_20221019_104438-300x225.jpg 300w, https:\/\/blogsaverroes.juntadeandalucia.es\/eiadelfa\/files\/2022\/10\/IMG_20221019_104438-1024x768.jpg 1024w, https:\/\/blogsaverroes.juntadeandalucia.es\/eiadelfa\/files\/2022\/10\/IMG_20221019_104438-768x576.jpg 768w, https:\/\/blogsaverroes.juntadeandalucia.es\/eiadelfa\/files\/2022\/10\/IMG_20221019_104438-1536x1152.jpg 1536w, https:\/\/blogsaverroes.juntadeandalucia.es\/eiadelfa\/files\/2022\/10\/IMG_20221019_104438-2048x1536.jpg 2048w\" sizes=\"(max-width: 300px) 100vw, 300px\" \/>&nbsp;&nbsp;&nbsp; <\/a><a href=\"https:\/\/blogsaverroes.juntadeandalucia.es\/eiadelfa\/files\/2022\/10\/IMG_20221019_104516-scaled.jpg\"><img loading=\"lazy\" decoding=\"async\" class=\"alignnone size-medium wp-image-3125\" src=\"https:\/\/blogsaverroes.juntadeandalucia.es\/eiadelfa\/files\/2022\/10\/IMG_20221019_104516-300x225.jpg\" alt=\"\" width=\"300\" height=\"225\" srcset=\"https:\/\/blogsaverroes.juntadeandalucia.es\/eiadelfa\/files\/2022\/10\/IMG_20221019_104516-300x225.jpg 300w, https:\/\/blogsaverroes.juntadeandalucia.es\/eiadelfa\/files\/2022\/10\/IMG_20221019_104516-1024x768.jpg 1024w, https:\/\/blogsaverroes.juntadeandalucia.es\/eiadelfa\/files\/2022\/10\/IMG_20221019_104516-768x576.jpg 768w, https:\/\/blogsaverroes.juntadeandalucia.es\/eiadelfa\/files\/2022\/10\/IMG_20221019_104516-1536x1152.jpg 1536w, https:\/\/blogsaverroes.juntadeandalucia.es\/eiadelfa\/files\/2022\/10\/IMG_20221019_104516-2048x1536.jpg 2048w\" sizes=\"(max-width: 300px) 100vw, 300px\" \/><\/a><\/h4>\n<h4>DATOS DE CONTACTO<\/h4>\n<p>Colegio&nbsp; p\u00fablico de Educaci\u00f3n Infantil Adelfa&nbsp;<\/p>\n<p><strong>Direcci\u00f3n:<\/strong>&nbsp; Calle Santa Elena n.1, 29007 M\u00c1LAGA<\/p>\n<p><strong>Tel\u00e9fono: 951 298 796<\/strong><br \/>\n<strong>Email:<\/strong> 29009481.edu@juntadeandalucia.es<\/p>\n<p>&nbsp;&nbsp;&nbsp;&nbsp;&nbsp;&nbsp;&nbsp;&nbsp;&nbsp;&nbsp;&nbsp;&nbsp;&nbsp;&nbsp;&nbsp; secretaria.adelfa@gmail.com<\/p>\n<h4><strong>Horarios:<br \/>\n<\/strong><\/h4>\n<p>Secretaria: lunes y mi\u00e9rcoles de 9:30 a 10:30 horas.<\/p>\n<p>Aula matinal: desde las 7:30 hasta las 8:55 horas.<\/p>\n<p>Actividades extraescolares:&nbsp; de lunes a jueves de 16:00 a 18:00 horas.<\/p>\n<p>AMPA: horario de tarde. (hora por determinar).<\/p>\n<h4><strong>Oferta educativa: <a title=\"Educaci\u00f3n infantil\" href=\"https:\/\/blogsaverroes.juntadeandalucia.es\/eiadelfa\/educacion-infantil\/\">enlazar <\/a><\/strong><\/h4>\n<h4>&nbsp;<\/h4>\n<p><!-- default-view.php -->\n<div\n\tclass=\"ngg-galleryoverview default-view\n\t ngg-ajax-pagination-none\t\"\n\tid=\"ngg-gallery-7bd57b0a1e84a07a972d91eb4118437e-1\">\n\n\t\t<!-- Thumbnails -->\n\t\t\t\t<div id=\"ngg-image-0\" class=\"ngg-gallery-thumbnail-box\n\t\t\t\t\t\t\t\t\t\t\t\"\n\t\t\t>\n\t\t\t\t\t\t<div class=\"ngg-gallery-thumbnail\">\n\t\t\t<a href=\"https:\/\/blogsaverroes.juntadeandalucia.es\/eiadelfa\/wp-content\/uploads\/sites\/797\/nggallery\/el-centro\/instalacion01.jpg\"\n\t\t\t\ttitle=\"\"\n\t\t\t\tdata-src=\"https:\/\/blogsaverroes.juntadeandalucia.es\/eiadelfa\/wp-content\/uploads\/sites\/797\/nggallery\/el-centro\/instalacion01.jpg\"\n\t\t\t\tdata-thumbnail=\"https:\/\/blogsaverroes.juntadeandalucia.es\/eiadelfa\/wp-content\/uploads\/sites\/797\/nggallery\/el-centro\/thumbs\/thumbs_instalacion01.jpg\"\n\t\t\t\tdata-image-id=\"14\"\n\t\t\t\tdata-title=\"instalacion01\"\n\t\t\t\tdata-description=\"\"\n\t\t\t\tdata-image-slug=\"instalacion01-1\"\n\t\t\t\tclass=\"ngg-fancybox\" rel=\"7bd57b0a1e84a07a972d91eb4118437e\">\n\t\t\t\t<img\n\t\t\t\t\ttitle=\"instalacion01\"\n\t\t\t\t\talt=\"instalacion01\"\n\t\t\t\t\tsrc=\"https:\/\/blogsaverroes.juntadeandalucia.es\/eiadelfa\/wp-content\/uploads\/sites\/797\/nggallery\/el-centro\/thumbs\/thumbs_instalacion01.jpg\"\n\t\t\t\t\twidth=\"120\"\n\t\t\t\t\theight=\"90\"\n\t\t\t\t\tstyle=\"max-width:100%;\"\n\t\t\t\t\/>\n\t\t\t<\/a>\n\t\t<\/div>\n\t\t\t\t\t\t\t<\/div>\n\t\t\t\n\t\t\t\t<div id=\"ngg-image-1\" class=\"ngg-gallery-thumbnail-box\n\t\t\t\t\t\t\t\t\t\t\t\"\n\t\t\t>\n\t\t\t\t\t\t<div class=\"ngg-gallery-thumbnail\">\n\t\t\t<a href=\"https:\/\/blogsaverroes.juntadeandalucia.es\/eiadelfa\/wp-content\/uploads\/sites\/797\/nggallery\/el-centro\/instalacion02.jpg\"\n\t\t\t\ttitle=\"\"\n\t\t\t\tdata-src=\"https:\/\/blogsaverroes.juntadeandalucia.es\/eiadelfa\/wp-content\/uploads\/sites\/797\/nggallery\/el-centro\/instalacion02.jpg\"\n\t\t\t\tdata-thumbnail=\"https:\/\/blogsaverroes.juntadeandalucia.es\/eiadelfa\/wp-content\/uploads\/sites\/797\/nggallery\/el-centro\/thumbs\/thumbs_instalacion02.jpg\"\n\t\t\t\tdata-image-id=\"15\"\n\t\t\t\tdata-title=\"instalacion02\"\n\t\t\t\tdata-description=\"\"\n\t\t\t\tdata-image-slug=\"instalacion02-1\"\n\t\t\t\tclass=\"ngg-fancybox\" rel=\"7bd57b0a1e84a07a972d91eb4118437e\">\n\t\t\t\t<img\n\t\t\t\t\ttitle=\"instalacion02\"\n\t\t\t\t\talt=\"instalacion02\"\n\t\t\t\t\tsrc=\"https:\/\/blogsaverroes.juntadeandalucia.es\/eiadelfa\/wp-content\/uploads\/sites\/797\/nggallery\/el-centro\/thumbs\/thumbs_instalacion02.jpg\"\n\t\t\t\t\twidth=\"120\"\n\t\t\t\t\theight=\"90\"\n\t\t\t\t\tstyle=\"max-width:100%;\"\n\t\t\t\t\/>\n\t\t\t<\/a>\n\t\t<\/div>\n\t\t\t\t\t\t\t<\/div>\n\t\t\t\n\t\t\t\t<div id=\"ngg-image-2\" class=\"ngg-gallery-thumbnail-box\n\t\t\t\t\t\t\t\t\t\t\t\"\n\t\t\t>\n\t\t\t\t\t\t<div class=\"ngg-gallery-thumbnail\">\n\t\t\t<a href=\"https:\/\/blogsaverroes.juntadeandalucia.es\/eiadelfa\/wp-content\/uploads\/sites\/797\/nggallery\/el-centro\/instalacion03.jpg\"\n\t\t\t\ttitle=\"\"\n\t\t\t\tdata-src=\"https:\/\/blogsaverroes.juntadeandalucia.es\/eiadelfa\/wp-content\/uploads\/sites\/797\/nggallery\/el-centro\/instalacion03.jpg\"\n\t\t\t\tdata-thumbnail=\"https:\/\/blogsaverroes.juntadeandalucia.es\/eiadelfa\/wp-content\/uploads\/sites\/797\/nggallery\/el-centro\/thumbs\/thumbs_instalacion03.jpg\"\n\t\t\t\tdata-image-id=\"16\"\n\t\t\t\tdata-title=\"instalacion03\"\n\t\t\t\tdata-description=\"\"\n\t\t\t\tdata-image-slug=\"instalacion03-1\"\n\t\t\t\tclass=\"ngg-fancybox\" rel=\"7bd57b0a1e84a07a972d91eb4118437e\">\n\t\t\t\t<img\n\t\t\t\t\ttitle=\"instalacion03\"\n\t\t\t\t\talt=\"instalacion03\"\n\t\t\t\t\tsrc=\"https:\/\/blogsaverroes.juntadeandalucia.es\/eiadelfa\/wp-content\/uploads\/sites\/797\/nggallery\/el-centro\/thumbs\/thumbs_instalacion03.jpg\"\n\t\t\t\t\twidth=\"120\"\n\t\t\t\t\theight=\"90\"\n\t\t\t\t\tstyle=\"max-width:100%;\"\n\t\t\t\t\/>\n\t\t\t<\/a>\n\t\t<\/div>\n\t\t\t\t\t\t\t<\/div>\n\t\t\t\n\t\t\t\t<div id=\"ngg-image-3\" class=\"ngg-gallery-thumbnail-box\n\t\t\t\t\t\t\t\t\t\t\t\"\n\t\t\t>\n\t\t\t\t\t\t<div class=\"ngg-gallery-thumbnail\">\n\t\t\t<a href=\"https:\/\/blogsaverroes.juntadeandalucia.es\/eiadelfa\/wp-content\/uploads\/sites\/797\/nggallery\/el-centro\/instalacion04.jpg\"\n\t\t\t\ttitle=\"\"\n\t\t\t\tdata-src=\"https:\/\/blogsaverroes.juntadeandalucia.es\/eiadelfa\/wp-content\/uploads\/sites\/797\/nggallery\/el-centro\/instalacion04.jpg\"\n\t\t\t\tdata-thumbnail=\"https:\/\/blogsaverroes.juntadeandalucia.es\/eiadelfa\/wp-content\/uploads\/sites\/797\/nggallery\/el-centro\/thumbs\/thumbs_instalacion04.jpg\"\n\t\t\t\tdata-image-id=\"17\"\n\t\t\t\tdata-title=\"instalacion04\"\n\t\t\t\tdata-description=\"\"\n\t\t\t\tdata-image-slug=\"instalacion04-1\"\n\t\t\t\tclass=\"ngg-fancybox\" rel=\"7bd57b0a1e84a07a972d91eb4118437e\">\n\t\t\t\t<img\n\t\t\t\t\ttitle=\"instalacion04\"\n\t\t\t\t\talt=\"instalacion04\"\n\t\t\t\t\tsrc=\"https:\/\/blogsaverroes.juntadeandalucia.es\/eiadelfa\/wp-content\/uploads\/sites\/797\/nggallery\/el-centro\/thumbs\/thumbs_instalacion04.jpg\"\n\t\t\t\t\twidth=\"120\"\n\t\t\t\t\theight=\"90\"\n\t\t\t\t\tstyle=\"max-width:100%;\"\n\t\t\t\t\/>\n\t\t\t<\/a>\n\t\t<\/div>\n\t\t\t\t\t\t\t<\/div>\n\t\t\t\n\t\n\t<br style=\"clear: both\" \/>\n\n\t\t<div class=\"slideshowlink\">\n\t\t<a href='https:\/\/blogsaverroes.juntadeandalucia.es\/eiadelfa\/el-centro-2\/nggallery\/slideshow'>[Mostrar presentaci\u00f3n de diapositivas]<\/a>\n\n\t<\/div>\n\t\n\t\t<!-- Pagination -->\n\t\t<div class='ngg-clear'><\/div>\t<\/div>\n<\/p>\n","protected":false},"excerpt":{"rendered":"<p>&nbsp; &nbsp;&nbsp;&nbsp; DATOS DE CONTACTO Colegio&nbsp; p\u00fablico de Educaci\u00f3n Infantil Adelfa&nbsp; Direcci\u00f3n:&nbsp; Calle Santa Elena n.1, 29007 M\u00c1LAGA Tel\u00e9fono: 951 298 796 Email: 29009481.edu@juntadeandalucia.es &nbsp;&nbsp;&nbsp;&nbsp;&nbsp;&nbsp;&nbsp;&nbsp;&nbsp;&nbsp;&nbsp;&nbsp;&nbsp;&nbsp;&nbsp;&hellip;<\/p>\n","protected":false},"author":1,"featured_media":0,"parent":0,"menu_order":0,"comment_status":"closed","ping_status":"closed","template":"","meta":{"ngg_post_thumbnail":0,"footnotes":"","_mc_calendar":[]},"aioseo_notices":[],"_links":{"self":[{"href":"https:\/\/blogsaverroes.juntadeandalucia.es\/eiadelfa\/wp-json\/wp\/v2\/pages\/35"}],"collection":[{"href":"https:\/\/blogsaverroes.juntadeandalucia.es\/eiadelfa\/wp-json\/wp\/v2\/pages"}],"about":[{"href":"https:\/\/blogsaverroes.juntadeandalucia.es\/eiadelfa\/wp-json\/wp\/v2\/types\/page"}],"author":[{"embeddable":true,"href":"https:\/\/blogsaverroes.juntadeandalucia.es\/eiadelfa\/wp-json\/wp\/v2\/users\/1"}],"replies":[{"embeddable":true,"href":"https:\/\/blogsaverroes.juntadeandalucia.es\/eiadelfa\/wp-json\/wp\/v2\/comments?post=35"}],"version-history":[{"count":27,"href":"https:\/\/blogsaverroes.juntadeandalucia.es\/eiadelfa\/wp-json\/wp\/v2\/pages\/35\/revisions"}],"predecessor-version":[{"id":3231,"href":"https:\/\/blogsaverroes.juntadeandalucia.es\/eiadelfa\/wp-json\/wp\/v2\/pages\/35\/revisions\/3231"}],"wp:attachment":[{"href":"https:\/\/blogsaverroes.juntadeandalucia.es\/eiadelfa\/wp-json\/wp\/v2\/media?parent=35"}],"curies":[{"name":"wp","href":"https:\/\/api.w.org\/{rel}","templated":true}]}}