{"id":77,"date":"2015-03-16T06:54:56","date_gmt":"2015-03-16T06:54:56","guid":{"rendered":"http:\/\/blogsaverroes.juntadeandalucia.es\/pre\/ceip\/?page_id=77"},"modified":"2020-08-29T15:02:41","modified_gmt":"2020-08-29T15:02:41","slug":"secretaria","status":"publish","type":"page","link":"https:\/\/blogsaverroes.juntadeandalucia.es\/eiadelfa\/secretaria\/","title":{"rendered":"SECRETAR\u00cdA"},"content":{"rendered":"<p style=\"text-align: center\"><strong>HORARIO DE SECRETARIA<\/strong><\/p>\n<p>CON CITA PREVIA AL TEL\u00c9FONO : 951 298 796<\/p>\n<p><strong>LUNES:<\/strong> 10:00h &#8211; 11:00h<\/p>\n<p><strong>MARTES<\/strong>: 12:00h &#8211; 13:00h&nbsp;<\/p>\n<p>TR\u00c1MITES: admisi\u00f3n, matr\u00edculas, aula matinal, actividades extraescolares, becas<\/p>\n<p>PLAZOS:<\/p>\n<p>DOCUMENTACI\u00d3N:<\/p>\n<p>&nbsp;<\/p>\n<p>&nbsp;<\/p>\n<p>&nbsp;<\/p>\n<p>&nbsp;<\/p>\n","protected":false},"excerpt":{"rendered":"<p>HORARIO DE SECRETARIA CON CITA PREVIA AL TEL\u00c9FONO : 951 298 796 LUNES: 10:00h &#8211; 11:00h MARTES: 12:00h &#8211; 13:00h&nbsp; TR\u00c1MITES: admisi\u00f3n, matr\u00edculas, aula matinal,&hellip;<\/p>\n","protected":false},"author":1,"featured_media":0,"parent":0,"menu_order":0,"comment_status":"closed","ping_status":"open","template":"","meta":{"ngg_post_thumbnail":0,"footnotes":"","_mc_calendar":[]},"aioseo_notices":[],"_links":{"self":[{"href":"https:\/\/blogsaverroes.juntadeandalucia.es\/eiadelfa\/wp-json\/wp\/v2\/pages\/77"}],"collection":[{"href":"https:\/\/blogsaverroes.juntadeandalucia.es\/eiadelfa\/wp-json\/wp\/v2\/pages"}],"about":[{"href":"https:\/\/blogsaverroes.juntadeandalucia.es\/eiadelfa\/wp-json\/wp\/v2\/types\/page"}],"author":[{"embeddable":true,"href":"https:\/\/blogsaverroes.juntadeandalucia.es\/eiadelfa\/wp-json\/wp\/v2\/users\/1"}],"replies":[{"embeddable":true,"href":"https:\/\/blogsaverroes.juntadeandalucia.es\/eiadelfa\/wp-json\/wp\/v2\/comments?post=77"}],"version-history":[{"count":8,"href":"https:\/\/blogsaverroes.juntadeandalucia.es\/eiadelfa\/wp-json\/wp\/v2\/pages\/77\/revisions"}],"predecessor-version":[{"id":2396,"href":"https:\/\/blogsaverroes.juntadeandalucia.es\/eiadelfa\/wp-json\/wp\/v2\/pages\/77\/revisions\/2396"}],"wp:attachment":[{"href":"https:\/\/blogsaverroes.juntadeandalucia.es\/eiadelfa\/wp-json\/wp\/v2\/media?parent=77"}],"curies":[{"name":"wp","href":"https:\/\/api.w.org\/{rel}","templated":true}]}}