{"id":82,"date":"2015-03-16T06:59:55","date_gmt":"2015-03-16T06:59:55","guid":{"rendered":"http:\/\/blogsaverroes.juntadeandalucia.es\/pre\/ceip\/?page_id=82"},"modified":"2021-11-14T21:49:08","modified_gmt":"2021-11-14T21:49:08","slug":"horarios","status":"publish","type":"page","link":"https:\/\/blogsaverroes.juntadeandalucia.es\/eiadelfa\/horarios\/","title":{"rendered":"HORARIOS"},"content":{"rendered":"<p style=\"text-align: center\"><strong>HORARIOS<\/strong><\/p>\n<p><strong>LECTIVO:<\/strong> 9:00h &#8211; 14:00h<\/p>\n<p><strong>AULA MATINAL:<\/strong> 7:30h &#8211; 9:00h<\/p>\n<p><strong>ACTIVIDADES EXTRAESCOLARES:<\/strong><\/p>\n<p>LUNES:&nbsp; INGL\u00c9S Y&nbsp; TEATRO MUSICAL DE 16:00h A 18:00h.<\/p>\n<p>MI\u00c9RCOLES: INGL\u00c9S Y&nbsp; TEATRO MUSICAL DE 16:00h A 18:00h.<\/p>\n","protected":false},"excerpt":{"rendered":"<p>HORARIOS LECTIVO: 9:00h &#8211; 14:00h AULA MATINAL: 7:30h &#8211; 9:00h ACTIVIDADES EXTRAESCOLARES: LUNES:&nbsp; INGL\u00c9S Y&nbsp; TEATRO MUSICAL DE 16:00h A 18:00h. MI\u00c9RCOLES: INGL\u00c9S Y&nbsp; TEATRO&hellip;<\/p>\n","protected":false},"author":1,"featured_media":0,"parent":0,"menu_order":0,"comment_status":"closed","ping_status":"closed","template":"","meta":{"ngg_post_thumbnail":0,"footnotes":"","_mc_calendar":[]},"aioseo_notices":[],"_links":{"self":[{"href":"https:\/\/blogsaverroes.juntadeandalucia.es\/eiadelfa\/wp-json\/wp\/v2\/pages\/82"}],"collection":[{"href":"https:\/\/blogsaverroes.juntadeandalucia.es\/eiadelfa\/wp-json\/wp\/v2\/pages"}],"about":[{"href":"https:\/\/blogsaverroes.juntadeandalucia.es\/eiadelfa\/wp-json\/wp\/v2\/types\/page"}],"author":[{"embeddable":true,"href":"https:\/\/blogsaverroes.juntadeandalucia.es\/eiadelfa\/wp-json\/wp\/v2\/users\/1"}],"replies":[{"embeddable":true,"href":"https:\/\/blogsaverroes.juntadeandalucia.es\/eiadelfa\/wp-json\/wp\/v2\/comments?post=82"}],"version-history":[{"count":7,"href":"https:\/\/blogsaverroes.juntadeandalucia.es\/eiadelfa\/wp-json\/wp\/v2\/pages\/82\/revisions"}],"predecessor-version":[{"id":2824,"href":"https:\/\/blogsaverroes.juntadeandalucia.es\/eiadelfa\/wp-json\/wp\/v2\/pages\/82\/revisions\/2824"}],"wp:attachment":[{"href":"https:\/\/blogsaverroes.juntadeandalucia.es\/eiadelfa\/wp-json\/wp\/v2\/media?parent=82"}],"curies":[{"name":"wp","href":"https:\/\/api.w.org\/{rel}","templated":true}]}}