{"id":871,"date":"2015-03-16T07:25:46","date_gmt":"2015-03-16T07:25:46","guid":{"rendered":"http:\/\/blogsaverroes.juntadeandalucia.es\/pre\/ceip\/?page_id=106"},"modified":"2022-11-09T10:43:39","modified_gmt":"2022-11-09T10:43:39","slug":"actividades-extraescolares","status":"publish","type":"page","link":"https:\/\/blogsaverroes.juntadeandalucia.es\/eiadelfa\/actividades-extraescolares\/","title":{"rendered":"ACTIVIDADES EXTRAESCOLARES"},"content":{"rendered":"<p>&nbsp;<\/p>\n<table style=\"width: 100%;border-collapse: collapse;background-color: #91b5e5;border-color: #295af0;border-style: inset\">\n<tbody>\n<tr>\n<td style=\"width: 100%;background-color: #b8f2eb\">\n<p style=\"text-align: center\"><strong>Ingl\u00e9s<\/strong><\/p>\n<p style=\"text-align: center\">Horario: Lunes y Mi\u00e9rcoles de 16:00h a 17:00h<\/p>\n<\/td>\n<\/tr>\n<\/tbody>\n<\/table>\n<p>&nbsp;<\/p>\n<table style=\"width: 100%;border-collapse: collapse;background-color: #f2ad63;border-color: #e39414;border-style: inset\">\n<tbody>\n<tr>\n<td style=\"width: 100%;background-color: #ffeaba\">\n<p style=\"text-align: center\"><strong>Teatro Musical<\/strong><\/p>\n<p style=\"text-align: center\">Horario: Lunes y Mi\u00e9rcoles de 17:00h a 18:00h<\/p>\n<\/td>\n<\/tr>\n<\/tbody>\n<\/table>\n<p>&nbsp;<\/p>\n<table style=\"width: 100%;border-collapse: collapse;background-color: #91f58c;border-color: #2a8f28;border-style: inset\">\n<tbody>\n<tr>\n<td style=\"width: 100%;background-color: #8ffc83\">\n<p style=\"text-align: center\"><strong>Multideporte<\/strong><\/p>\n<p style=\"text-align: center\">Horario: Martes y Jueves de 16:00h a 18:00h<\/p>\n<\/td>\n<\/tr>\n<\/tbody>\n<\/table>\n<p style=\"text-align: center\">Precios: 16,81 \u20ac por actividad.<\/p>\n","protected":false},"excerpt":{"rendered":"<p>&nbsp; Ingl\u00e9s Horario: Lunes y Mi\u00e9rcoles de 16:00h a 17:00h &nbsp; Teatro Musical Horario: Lunes y Mi\u00e9rcoles de 17:00h a 18:00h &nbsp; Multideporte Horario: Martes&hellip;<\/p>\n","protected":false},"author":1,"featured_media":0,"parent":0,"menu_order":0,"comment_status":"closed","ping_status":"closed","template":"","meta":{"ngg_post_thumbnail":0,"footnotes":"","_mc_calendar":[]},"aioseo_notices":[],"_links":{"self":[{"href":"https:\/\/blogsaverroes.juntadeandalucia.es\/eiadelfa\/wp-json\/wp\/v2\/pages\/871"}],"collection":[{"href":"https:\/\/blogsaverroes.juntadeandalucia.es\/eiadelfa\/wp-json\/wp\/v2\/pages"}],"about":[{"href":"https:\/\/blogsaverroes.juntadeandalucia.es\/eiadelfa\/wp-json\/wp\/v2\/types\/page"}],"author":[{"embeddable":true,"href":"https:\/\/blogsaverroes.juntadeandalucia.es\/eiadelfa\/wp-json\/wp\/v2\/users\/1"}],"replies":[{"embeddable":true,"href":"https:\/\/blogsaverroes.juntadeandalucia.es\/eiadelfa\/wp-json\/wp\/v2\/comments?post=871"}],"version-history":[{"count":28,"href":"https:\/\/blogsaverroes.juntadeandalucia.es\/eiadelfa\/wp-json\/wp\/v2\/pages\/871\/revisions"}],"predecessor-version":[{"id":3211,"href":"https:\/\/blogsaverroes.juntadeandalucia.es\/eiadelfa\/wp-json\/wp\/v2\/pages\/871\/revisions\/3211"}],"wp:attachment":[{"href":"https:\/\/blogsaverroes.juntadeandalucia.es\/eiadelfa\/wp-json\/wp\/v2\/media?parent=871"}],"curies":[{"name":"wp","href":"https:\/\/api.w.org\/{rel}","templated":true}]}}