{"id":2372,"date":"2020-11-08T17:38:19","date_gmt":"2020-11-08T17:38:19","guid":{"rendered":"https:\/\/blogsaverroes.juntadeandalucia.es\/eibarajas\/?page_id=2372"},"modified":"2021-09-24T14:28:29","modified_gmt":"2021-09-24T14:28:29","slug":"ampa","status":"publish","type":"page","link":"https:\/\/blogsaverroes.juntadeandalucia.es\/eibarajas\/ampa\/","title":{"rendered":"AMPA DEL CENTRO"},"content":{"rendered":"<p>A.M.P.A. \u201cBLANCANIEVES\u201d&nbsp; E.I. \u201cBARAJAS\u201d.<\/p>\n<p>&nbsp;<\/p>\n<p>Teniendo en cuenta el derecho a la participaci\u00f3n de las familias en la educaci\u00f3n de sus hijos\/as, y que lo hacemos a trav\u00e9s de las Asociaciones de madres y padres del alumnado y del consejo Escolar, lo que permite abordar de manera colectiva los problemas y organizar soluciones y actividades para conseguir unos fines comunes.<\/p>\n<p>As\u00ed surge una asociaci\u00f3n de madres y padres en el curso 2001-2002, siendo unos puntos principales:<\/p>\n<p>JUNTA DIRECTIVA.<\/p>\n<p>Es el \u00f3rgano de representaci\u00f3n de la asociaci\u00f3n y est\u00e1 encargado de gestionar y representar los intereses de la misma.<\/p>\n<p>S\u00f3lo puede formar parte de ella personas asociadas.<\/p>\n<p>La Junta Directiva puede reunirse de manera informal cada vez que sea necesario aunque con una Orden del d\u00eda y levantando acta de los acuerdos alcanzados.<\/p>\n<p>&nbsp;&nbsp;&nbsp; FUNCIONAMIENTO DE LA AMPA.<\/p>\n<p>La persona asociada a la AMPA \u201cBlancanieves\u201d, tiene unos derechos y deberes, destacando entre otros:<\/p>\n<p>-Derechos:<\/p>\n<ul>\n<li>Participar en las actividades de la asociaci\u00f3n y ser elegidos miembros de la Junta<\/li>\n<li>Ser informados de la composici\u00f3n de los \u00f3rganos de gobierno, de su estado de cuentas.<\/li>\n<li>Impugnar los acuerdos de los \u00f3rganos de la asociaci\u00f3n.<\/li>\n<\/ul>\n<p>-Deberes:<\/p>\n<p>&#8211; Compartir las finalidades de la asociaci\u00f3n.<\/p>\n<p>&#8211; Pagar las cuotas y otras aportaciones.<\/p>\n<p>&#8211; Acatar y cumplir los acuerdos v\u00e1lidamente adoptados.<\/p>\n<p>Debe existir una relaci\u00f3n fluida entre la Asociaci\u00f3n de madres y padres y el Equipo Directivo que favorezca la colaboraci\u00f3n necesaria para el buen funcionamiento del Centro, estableci\u00e9ndose reuniones peri\u00f3dicas que facilites el entendimiento mutuo.<\/p>\n<p>GESTI\u00d3N ECON\u00d3MICA:<\/p>\n<p>Para la financiaci\u00f3n de la AMPA se dispone de:<\/p>\n<ul>\n<li>Cuotas: son fijadas por la asamblea general y son los ingresos fijos con los que realmente cuenta la Asociaci\u00f3n.<\/li>\n<\/ul>\n<p>Subvenciones: Es la fuente de financiaci\u00f3n m\u00e1s importante. Esta requiere la elaboraci\u00f3n de un proyecto el cu\u00e1l debe ser aprobado por Diputaci\u00f3n<\/p>\n","protected":false},"excerpt":{"rendered":"<p>A.M.P.A. \u201cBLANCANIEVES\u201d&nbsp; E.I. \u201cBARAJAS\u201d. &nbsp; Teniendo en cuenta el derecho a la participaci\u00f3n de las familias en la educaci\u00f3n de sus hijos\/as, y que lo hacemos a trav\u00e9s de las Asociaciones de madres y&#46;&#46;&#46;<\/p>\n","protected":false},"author":3593,"featured_media":0,"parent":0,"menu_order":0,"comment_status":"closed","ping_status":"closed","template":"","meta":{"ngg_post_thumbnail":0,"footnotes":"","_mc_calendar":[]},"aioseo_notices":[],"_links":{"self":[{"href":"https:\/\/blogsaverroes.juntadeandalucia.es\/eibarajas\/wp-json\/wp\/v2\/pages\/2372"}],"collection":[{"href":"https:\/\/blogsaverroes.juntadeandalucia.es\/eibarajas\/wp-json\/wp\/v2\/pages"}],"about":[{"href":"https:\/\/blogsaverroes.juntadeandalucia.es\/eibarajas\/wp-json\/wp\/v2\/types\/page"}],"author":[{"embeddable":true,"href":"https:\/\/blogsaverroes.juntadeandalucia.es\/eibarajas\/wp-json\/wp\/v2\/users\/3593"}],"replies":[{"embeddable":true,"href":"https:\/\/blogsaverroes.juntadeandalucia.es\/eibarajas\/wp-json\/wp\/v2\/comments?post=2372"}],"version-history":[{"count":6,"href":"https:\/\/blogsaverroes.juntadeandalucia.es\/eibarajas\/wp-json\/wp\/v2\/pages\/2372\/revisions"}],"predecessor-version":[{"id":2718,"href":"https:\/\/blogsaverroes.juntadeandalucia.es\/eibarajas\/wp-json\/wp\/v2\/pages\/2372\/revisions\/2718"}],"wp:attachment":[{"href":"https:\/\/blogsaverroes.juntadeandalucia.es\/eibarajas\/wp-json\/wp\/v2\/media?parent=2372"}],"curies":[{"name":"wp","href":"https:\/\/api.w.org\/{rel}","templated":true}]}}