{"id":2399,"date":"2021-03-06T19:04:31","date_gmt":"2021-03-06T19:04:31","guid":{"rendered":"https:\/\/blogsaverroes.juntadeandalucia.es\/eibarajas\/?page_id=2399"},"modified":"2022-02-25T12:18:15","modified_gmt":"2022-02-25T12:18:15","slug":"escolarizacion-2021-2022","status":"publish","type":"page","link":"https:\/\/blogsaverroes.juntadeandalucia.es\/eibarajas\/escolarizacion-2021-2022\/","title":{"rendered":"ESCOLARIZACI\u00d3N 2022\/2023"},"content":{"rendered":"<div dir=\"auto\">Del 1 al 31 de Marzo se abre el plazo de solicitud de admisi\u00f3n para el alumnado de nueva incorporaci\u00f3n a nuestro centro.&nbsp; Las solicitudes pueden hacerse de manera presencial, en horario de secretar\u00eda, o telem\u00e1tica<\/div>\n<div dir=\"auto\"><span class=\"pq6dq46d tbxw36s4 knj5qynh kvgmc6g5 ditlmg2l oygrvhab nvdbi5me sf5mxxl7 gl3lb2sf hhz5lgdu\"><img loading=\"lazy\" decoding=\"async\" src=\"https:\/\/static.xx.fbcdn.net\/images\/emoji.php\/v9\/tac\/1\/16\/1f4cc.png\" alt=\"\ud83d\udccc\" width=\"16\" height=\"16\"><\/span>Toda la informaci\u00f3n pueden encontrarla en el portal de escolarizaci\u00f3n de la Consejer\u00eda de Educaci\u00f3n<\/div>\n<div dir=\"auto\"><a class=\"oajrlxb2 g5ia77u1 qu0x051f esr5mh6w e9989ue4 r7d6kgcz rq0escxv nhd2j8a9 nc684nl6 p7hjln8o kvgmc6g5 cxmmr5t8 oygrvhab hcukyx3x jb3vyjys rz4wbd8a qt6c0cv9 a8nywdso i1ao9s8h esuyzwwr f1sip0of lzcic4wl py34i1dx gpro0wi8\" role=\"link\" href=\"https:\/\/www.juntadeandalucia.es\/educacion\/portals\/web\/escolarizacion?fbclid=IwAR0LNqFAGyFAUmZ6YsMgJc0LSIFjMnB-FXc5yqliD5raxD4QFy2RtCiXLyE\" target=\"_blank\" rel=\"nofollow noopener noreferrer\">https:\/\/www.juntadeandalucia.es\/&#8230;\/web\/escolarizacion&#8230;<\/a><\/div>\n<div dir=\"auto\">Si tienes dudas puedes llamarnos al tel\u00e9fono <span class=\"pq6dq46d tbxw36s4 knj5qynh kvgmc6g5 ditlmg2l oygrvhab nvdbi5me sf5mxxl7 gl3lb2sf hhz5lgdu\"><img loading=\"lazy\" decoding=\"async\" src=\"https:\/\/static.xx.fbcdn.net\/images\/emoji.php\/v9\/t22\/1\/16\/260e.png\" alt=\"\u260e\ufe0f\" width=\"16\" height=\"16\"><\/span> 950579537 de 09:30 a 11:30 y de 12:30 a 13:30. De lunes a viernes.<\/div>\n<div dir=\"auto\"><span class=\"pq6dq46d tbxw36s4 knj5qynh kvgmc6g5 ditlmg2l oygrvhab nvdbi5me sf5mxxl7 gl3lb2sf hhz5lgdu\"><img loading=\"lazy\" decoding=\"async\" src=\"https:\/\/static.xx.fbcdn.net\/images\/emoji.php\/v9\/t2d\/1\/16\/1f4cd.png\" alt=\"\ud83d\udccd\" width=\"16\" height=\"16\"><\/span>Plazo de presentaci\u00f3n del 1 al 31 de marzo .<\/div>\n<div dir=\"auto\">&nbsp;<\/div>\n<div dir=\"auto\">\n<p><strong>PREINSCRIPCI\u00d3N DE MATR\u00cdCULAS<\/strong><\/p>\n<p><strong>CURSO 2022 \u2013 2023<\/strong><\/p>\n<p><strong>PLAZO PARA SOLICITAR PLAZA: DEL 1 AL 31 DE MARZO<\/strong><\/p>\n<p><strong>Podr\u00e1n presentar la solicitud el alumnado de educaci\u00f3n infantil de nuevo ingreso o que cambien de centro.<\/strong><\/p>\n<p><strong>&nbsp;<\/strong><strong><u>RECOGIDA DE SOLICITUDES:<\/u><\/strong><strong>DE LUNES A VIERNES EN HORARIO DE 9:30 A 11:30<\/strong><\/p>\n<p><strong><u>ENTREGA DE SOLICITUDES:<\/u><\/strong><strong>MARTES Y MI\u00c9RCOLES EN HORARIO DE 9:30 A 13:30<\/strong><\/p>\n<\/div>\n","protected":false},"excerpt":{"rendered":"<p>Del 1 al 31 de Marzo se abre el plazo de solicitud de admisi\u00f3n para el alumnado de nueva incorporaci\u00f3n a nuestro centro.&nbsp; Las solicitudes pueden hacerse de manera presencial, en horario de secretar\u00eda,&#46;&#46;&#46;<\/p>\n","protected":false},"author":3593,"featured_media":0,"parent":0,"menu_order":0,"comment_status":"closed","ping_status":"closed","template":"","meta":{"ngg_post_thumbnail":0,"footnotes":"","_mc_calendar":[]},"aioseo_notices":[],"_links":{"self":[{"href":"https:\/\/blogsaverroes.juntadeandalucia.es\/eibarajas\/wp-json\/wp\/v2\/pages\/2399"}],"collection":[{"href":"https:\/\/blogsaverroes.juntadeandalucia.es\/eibarajas\/wp-json\/wp\/v2\/pages"}],"about":[{"href":"https:\/\/blogsaverroes.juntadeandalucia.es\/eibarajas\/wp-json\/wp\/v2\/types\/page"}],"author":[{"embeddable":true,"href":"https:\/\/blogsaverroes.juntadeandalucia.es\/eibarajas\/wp-json\/wp\/v2\/users\/3593"}],"replies":[{"embeddable":true,"href":"https:\/\/blogsaverroes.juntadeandalucia.es\/eibarajas\/wp-json\/wp\/v2\/comments?post=2399"}],"version-history":[{"count":7,"href":"https:\/\/blogsaverroes.juntadeandalucia.es\/eibarajas\/wp-json\/wp\/v2\/pages\/2399\/revisions"}],"predecessor-version":[{"id":3301,"href":"https:\/\/blogsaverroes.juntadeandalucia.es\/eibarajas\/wp-json\/wp\/v2\/pages\/2399\/revisions\/3301"}],"wp:attachment":[{"href":"https:\/\/blogsaverroes.juntadeandalucia.es\/eibarajas\/wp-json\/wp\/v2\/media?parent=2399"}],"curies":[{"name":"wp","href":"https:\/\/api.w.org\/{rel}","templated":true}]}}