{"id":2414,"date":"2020-11-19T11:31:56","date_gmt":"2020-11-19T11:31:56","guid":{"rendered":"https:\/\/blogsaverroes.juntadeandalucia.es\/eibarajas\/?page_id=2414"},"modified":"2020-11-24T10:06:15","modified_gmt":"2020-11-24T10:06:15","slug":"blogs","status":"publish","type":"page","link":"https:\/\/blogsaverroes.juntadeandalucia.es\/eibarajas\/blogs\/","title":{"rendered":"MEDIOS DE DIFUSION \/ BUENAS PR\u00c1CTICAS"},"content":{"rendered":"<h1 style=\"text-align: center\"><span style=\"color: #339966\">MEDIOS DE DIFUSI\u00d3N &#8211; BUENAS PR\u00c1CTICAS<\/span><\/h1>\n<p style=\"text-align: center\"><span style=\"color: #000000\">Las <strong>\u00abBuenas Pr\u00e1cticas Educativas\u00bb<\/strong> de la Escuela Infantil Barajas se difunden a trav\u00e9s de los siguientes medios:<\/span><\/p>\n<p><a title=\"EEI BARAJAS\" href=\"https:\/\/escuelainfantilbarajas.blogspot.com\/\" target=\"_blank\" rel=\"noopener noreferrer\"><img loading=\"lazy\" decoding=\"async\" class=\"alignnone wp-image-2422\" src=\"https:\/\/blogsaverroes.juntadeandalucia.es\/eibarajas\/files\/2020\/11\/blog.png\" alt=\"\" width=\"111\" height=\"111\" srcset=\"https:\/\/blogsaverroes.juntadeandalucia.es\/eibarajas\/files\/2020\/11\/blog.png 225w, https:\/\/blogsaverroes.juntadeandalucia.es\/eibarajas\/files\/2020\/11\/blog-150x150.png 150w, https:\/\/blogsaverroes.juntadeandalucia.es\/eibarajas\/files\/2020\/11\/blog-100x100.png 100w, https:\/\/blogsaverroes.juntadeandalucia.es\/eibarajas\/files\/2020\/11\/blog-24x24.png 24w, https:\/\/blogsaverroes.juntadeandalucia.es\/eibarajas\/files\/2020\/11\/blog-36x36.png 36w, https:\/\/blogsaverroes.juntadeandalucia.es\/eibarajas\/files\/2020\/11\/blog-48x48.png 48w\" sizes=\"(max-width: 111px) 100vw, 111px\" \/><\/a>&nbsp; &nbsp; &nbsp; &nbsp; &nbsp; &nbsp; &nbsp; <a title=\"FACEBOOK\" href=\"https:\/\/www.facebook.com\/eei.barajas\" target=\"_blank\" rel=\"noopener noreferrer\"><img loading=\"lazy\" decoding=\"async\" class=\"alignnone wp-image-2423\" src=\"https:\/\/blogsaverroes.juntadeandalucia.es\/eibarajas\/files\/2020\/11\/facebook-300x300.jpg\" alt=\"\" width=\"124\" height=\"124\" srcset=\"https:\/\/blogsaverroes.juntadeandalucia.es\/eibarajas\/files\/2020\/11\/facebook-300x300.jpg 300w, https:\/\/blogsaverroes.juntadeandalucia.es\/eibarajas\/files\/2020\/11\/facebook-150x150.jpg 150w, https:\/\/blogsaverroes.juntadeandalucia.es\/eibarajas\/files\/2020\/11\/facebook-100x100.jpg 100w, https:\/\/blogsaverroes.juntadeandalucia.es\/eibarajas\/files\/2020\/11\/facebook-24x24.jpg 24w, https:\/\/blogsaverroes.juntadeandalucia.es\/eibarajas\/files\/2020\/11\/facebook-36x36.jpg 36w, https:\/\/blogsaverroes.juntadeandalucia.es\/eibarajas\/files\/2020\/11\/facebook-48x48.jpg 48w, https:\/\/blogsaverroes.juntadeandalucia.es\/eibarajas\/files\/2020\/11\/facebook.jpg 600w\" sizes=\"(max-width: 124px) 100vw, 124px\" \/><\/a>&nbsp; &nbsp; &nbsp; &nbsp; &nbsp;&nbsp;<a title=\"YOUTUBE\" href=\"https:\/\/www.youtube.com\/channel\/UCGD7VcmH4t2698R0EQR9TAQ\" target=\"_blank\" rel=\"noopener noreferrer\"><img loading=\"lazy\" decoding=\"async\" class=\"alignnone wp-image-2424\" src=\"https:\/\/blogsaverroes.juntadeandalucia.es\/eibarajas\/files\/2020\/11\/youutbe-300x151.jpg\" alt=\"\" width=\"198\" height=\"99\" srcset=\"https:\/\/blogsaverroes.juntadeandalucia.es\/eibarajas\/files\/2020\/11\/youutbe-300x151.jpg 300w, https:\/\/blogsaverroes.juntadeandalucia.es\/eibarajas\/files\/2020\/11\/youutbe-768x386.jpg 768w, https:\/\/blogsaverroes.juntadeandalucia.es\/eibarajas\/files\/2020\/11\/youutbe-24x12.jpg 24w, https:\/\/blogsaverroes.juntadeandalucia.es\/eibarajas\/files\/2020\/11\/youutbe-36x18.jpg 36w, https:\/\/blogsaverroes.juntadeandalucia.es\/eibarajas\/files\/2020\/11\/youutbe-48x24.jpg 48w, https:\/\/blogsaverroes.juntadeandalucia.es\/eibarajas\/files\/2020\/11\/youutbe.jpg 806w\" sizes=\"(max-width: 198px) 100vw, 198px\" \/><\/a><\/p>\n<p>Blog EEI Barajas&nbsp; &nbsp; &nbsp; &nbsp; &nbsp; &nbsp; &nbsp; &nbsp; &nbsp; Facebook&nbsp; &nbsp; &nbsp; &nbsp; &nbsp; &nbsp; &nbsp; &nbsp; &nbsp; &nbsp; &nbsp; &nbsp; &nbsp; Youtube<\/p>\n<p><a title=\"ECOESCUELA\" href=\"https:\/\/ecoescuelabarajas.blogspot.com\/\" target=\"_blank\" rel=\"noopener noreferrer\"><img loading=\"lazy\" decoding=\"async\" class=\"alignnone wp-image-2422\" src=\"https:\/\/blogsaverroes.juntadeandalucia.es\/eibarajas\/files\/2020\/11\/blog.png\" alt=\"\" width=\"111\" height=\"111\" srcset=\"https:\/\/blogsaverroes.juntadeandalucia.es\/eibarajas\/files\/2020\/11\/blog.png 225w, https:\/\/blogsaverroes.juntadeandalucia.es\/eibarajas\/files\/2020\/11\/blog-150x150.png 150w, https:\/\/blogsaverroes.juntadeandalucia.es\/eibarajas\/files\/2020\/11\/blog-100x100.png 100w, https:\/\/blogsaverroes.juntadeandalucia.es\/eibarajas\/files\/2020\/11\/blog-24x24.png 24w, https:\/\/blogsaverroes.juntadeandalucia.es\/eibarajas\/files\/2020\/11\/blog-36x36.png 36w, https:\/\/blogsaverroes.juntadeandalucia.es\/eibarajas\/files\/2020\/11\/blog-48x48.png 48w\" sizes=\"(max-width: 111px) 100vw, 111px\" \/><\/a>&nbsp; &nbsp; &nbsp; &nbsp; &nbsp; &nbsp; &nbsp; &nbsp;<a title=\"PAZ E IGUALDAD\" href=\"https:\/\/barajaslapazsesiembraenlaescuela.blogspot.com\/\" target=\"_blank\" rel=\"noopener noreferrer\"><img loading=\"lazy\" decoding=\"async\" class=\"alignnone wp-image-2422\" src=\"https:\/\/blogsaverroes.juntadeandalucia.es\/eibarajas\/files\/2020\/11\/blog.png\" alt=\"\" width=\"111\" height=\"111\" srcset=\"https:\/\/blogsaverroes.juntadeandalucia.es\/eibarajas\/files\/2020\/11\/blog.png 225w, https:\/\/blogsaverroes.juntadeandalucia.es\/eibarajas\/files\/2020\/11\/blog-150x150.png 150w, https:\/\/blogsaverroes.juntadeandalucia.es\/eibarajas\/files\/2020\/11\/blog-100x100.png 100w, https:\/\/blogsaverroes.juntadeandalucia.es\/eibarajas\/files\/2020\/11\/blog-24x24.png 24w, https:\/\/blogsaverroes.juntadeandalucia.es\/eibarajas\/files\/2020\/11\/blog-36x36.png 36w, https:\/\/blogsaverroes.juntadeandalucia.es\/eibarajas\/files\/2020\/11\/blog-48x48.png 48w\" sizes=\"(max-width: 111px) 100vw, 111px\" \/><\/a>&nbsp; &nbsp; &nbsp; &nbsp; &nbsp; &nbsp; &nbsp; &nbsp; <a title=\"BIBLIOTECA\" href=\"https:\/\/conviveaprendiendoaleer.blogspot.com\/\" target=\"_blank\" rel=\"noopener noreferrer\"><img loading=\"lazy\" decoding=\"async\" class=\"alignnone wp-image-2422\" src=\"https:\/\/blogsaverroes.juntadeandalucia.es\/eibarajas\/files\/2020\/11\/blog.png\" alt=\"\" width=\"111\" height=\"111\" srcset=\"https:\/\/blogsaverroes.juntadeandalucia.es\/eibarajas\/files\/2020\/11\/blog.png 225w, https:\/\/blogsaverroes.juntadeandalucia.es\/eibarajas\/files\/2020\/11\/blog-150x150.png 150w, https:\/\/blogsaverroes.juntadeandalucia.es\/eibarajas\/files\/2020\/11\/blog-100x100.png 100w, https:\/\/blogsaverroes.juntadeandalucia.es\/eibarajas\/files\/2020\/11\/blog-24x24.png 24w, https:\/\/blogsaverroes.juntadeandalucia.es\/eibarajas\/files\/2020\/11\/blog-36x36.png 36w, https:\/\/blogsaverroes.juntadeandalucia.es\/eibarajas\/files\/2020\/11\/blog-48x48.png 48w\" sizes=\"(max-width: 111px) 100vw, 111px\" \/><\/a>&nbsp;<\/p>\n<p>&nbsp; &nbsp;Ecoescuela&nbsp; &nbsp; &nbsp; &nbsp; &nbsp; &nbsp; &nbsp; &nbsp; &nbsp; &nbsp; &nbsp;Paz e Igualdad&nbsp; &nbsp; &nbsp; &nbsp; &nbsp; &nbsp; &nbsp; &nbsp; &nbsp; &nbsp; Biblioteca<\/p>\n<p style=\"text-align: center\">Descubre el d\u00eda a d\u00eda de la escuela,&nbsp; nuestras celebraciones, planes, proyectos&nbsp; y la gran variedad de actividades de nuestros ni\u00f1os y ni\u00f1as.&nbsp;<\/p>\n<h2 style=\"text-align: center\"><span style=\"color: #ff0000\"><strong><span style=\"color: #000000\">Escuela<\/span> ABIERTA <span style=\"color: #000000\">&nbsp;Escuela<\/span> INTERACTIVA<\/strong><\/span><\/h2>\n","protected":false},"excerpt":{"rendered":"<p>MEDIOS DE DIFUSI\u00d3N &#8211; BUENAS PR\u00c1CTICAS Las \u00abBuenas Pr\u00e1cticas Educativas\u00bb de la Escuela Infantil Barajas se difunden a trav\u00e9s de los siguientes medios: &nbsp; &nbsp; &nbsp; &nbsp; &nbsp; &nbsp; &nbsp; &nbsp; &nbsp; &nbsp; &nbsp;&#46;&#46;&#46;<\/p>\n","protected":false},"author":3593,"featured_media":0,"parent":0,"menu_order":0,"comment_status":"closed","ping_status":"closed","template":"","meta":{"ngg_post_thumbnail":0,"footnotes":"","_mc_calendar":[]},"aioseo_notices":[],"_links":{"self":[{"href":"https:\/\/blogsaverroes.juntadeandalucia.es\/eibarajas\/wp-json\/wp\/v2\/pages\/2414"}],"collection":[{"href":"https:\/\/blogsaverroes.juntadeandalucia.es\/eibarajas\/wp-json\/wp\/v2\/pages"}],"about":[{"href":"https:\/\/blogsaverroes.juntadeandalucia.es\/eibarajas\/wp-json\/wp\/v2\/types\/page"}],"author":[{"embeddable":true,"href":"https:\/\/blogsaverroes.juntadeandalucia.es\/eibarajas\/wp-json\/wp\/v2\/users\/3593"}],"replies":[{"embeddable":true,"href":"https:\/\/blogsaverroes.juntadeandalucia.es\/eibarajas\/wp-json\/wp\/v2\/comments?post=2414"}],"version-history":[{"count":7,"href":"https:\/\/blogsaverroes.juntadeandalucia.es\/eibarajas\/wp-json\/wp\/v2\/pages\/2414\/revisions"}],"predecessor-version":[{"id":2428,"href":"https:\/\/blogsaverroes.juntadeandalucia.es\/eibarajas\/wp-json\/wp\/v2\/pages\/2414\/revisions\/2428"}],"wp:attachment":[{"href":"https:\/\/blogsaverroes.juntadeandalucia.es\/eibarajas\/wp-json\/wp\/v2\/media?parent=2414"}],"curies":[{"name":"wp","href":"https:\/\/api.w.org\/{rel}","templated":true}]}}