{"id":3275,"date":"2022-02-15T10:43:34","date_gmt":"2022-02-15T10:43:34","guid":{"rendered":"https:\/\/blogsaverroes.juntadeandalucia.es\/eibarajas\/?page_id=3275"},"modified":"2022-02-15T10:47:05","modified_gmt":"2022-02-15T10:47:05","slug":"transito-de-infantil-a-primaria","status":"publish","type":"page","link":"https:\/\/blogsaverroes.juntadeandalucia.es\/eibarajas\/transito-de-infantil-a-primaria\/","title":{"rendered":"PROGRAMA DE TR\u00c1NSITO DE INFANTIL A PRIMARIA"},"content":{"rendered":"<p>El centro E.I. Barajas est\u00e1 adscrito al C.Pr Andr\u00e9s Manj\u00f3n.Dentro de las actividades del Programa de tr\u00e1nsito de infantil a primaria tenemos las siguientes:Actividades dirigidas a las familias y Actividades dirigidas al alumnado de 5 a\u00f1os.<\/p>\n<p>Familias.<\/p>\n<p>Para conocer mejor el centro podeis consultar el siguiente enlace:<\/p>\n<p>&nbsp;<\/p>\n<p><iframe class=\"wp-embedded-content\" sandbox=\"allow-scripts\" security=\"restricted\" title=\"PRESENTACI\u00d3n\" frameborder='0' width='1200' height='675' src='https:\/\/view.genially.com\/61dc53423192fc0e048f0755#?secret=r0IYH9iV5c' data-secret='r0IYH9iV5c' scrolling='yes'><\/iframe><\/p>\n<p>Alumnado.<\/p>\n<p><a href=\"https:\/\/blogsaverroes.juntadeandalucia.es\/eibarajas\/files\/2022\/02\/transito-infantil.pdf\">transito infantil<\/a><\/p>\n","protected":false},"excerpt":{"rendered":"<p>El centro E.I. Barajas est\u00e1 adscrito al C.Pr Andr\u00e9s Manj\u00f3n.Dentro de las actividades del Programa de tr\u00e1nsito de infantil a primaria tenemos las siguientes:Actividades dirigidas a las familias y Actividades dirigidas al alumnado de&#46;&#46;&#46;<\/p>\n","protected":false},"author":3593,"featured_media":0,"parent":0,"menu_order":0,"comment_status":"closed","ping_status":"closed","template":"","meta":{"ngg_post_thumbnail":0,"footnotes":"","_mc_calendar":[]},"aioseo_notices":[],"_links":{"self":[{"href":"https:\/\/blogsaverroes.juntadeandalucia.es\/eibarajas\/wp-json\/wp\/v2\/pages\/3275"}],"collection":[{"href":"https:\/\/blogsaverroes.juntadeandalucia.es\/eibarajas\/wp-json\/wp\/v2\/pages"}],"about":[{"href":"https:\/\/blogsaverroes.juntadeandalucia.es\/eibarajas\/wp-json\/wp\/v2\/types\/page"}],"author":[{"embeddable":true,"href":"https:\/\/blogsaverroes.juntadeandalucia.es\/eibarajas\/wp-json\/wp\/v2\/users\/3593"}],"replies":[{"embeddable":true,"href":"https:\/\/blogsaverroes.juntadeandalucia.es\/eibarajas\/wp-json\/wp\/v2\/comments?post=3275"}],"version-history":[{"count":2,"href":"https:\/\/blogsaverroes.juntadeandalucia.es\/eibarajas\/wp-json\/wp\/v2\/pages\/3275\/revisions"}],"predecessor-version":[{"id":3279,"href":"https:\/\/blogsaverroes.juntadeandalucia.es\/eibarajas\/wp-json\/wp\/v2\/pages\/3275\/revisions\/3279"}],"wp:attachment":[{"href":"https:\/\/blogsaverroes.juntadeandalucia.es\/eibarajas\/wp-json\/wp\/v2\/media?parent=3275"}],"curies":[{"name":"wp","href":"https:\/\/api.w.org\/{rel}","templated":true}]}}