{"id":35,"date":"2015-03-13T08:21:43","date_gmt":"2015-03-13T08:21:43","guid":{"rendered":"http:\/\/blogsaverroes.juntadeandalucia.es\/pre\/ceip\/?page_id=35"},"modified":"2022-03-28T08:47:02","modified_gmt":"2022-03-28T08:47:02","slug":"el-centro-2","status":"publish","type":"page","link":"https:\/\/blogsaverroes.juntadeandalucia.es\/eibarajas\/el-centro-2\/","title":{"rendered":"Datos del centro"},"content":{"rendered":"<h4>&nbsp;<\/h4>\n<h4><a href=\"https:\/\/blogsaverroes.juntadeandalucia.es\/eibarajas\/files\/2020\/10\/mapa-2-1.png\"><img loading=\"lazy\" decoding=\"async\" class=\"alignnone size-medium wp-image-2257\" src=\"https:\/\/blogsaverroes.juntadeandalucia.es\/eibarajas\/files\/2020\/10\/mapa-2-1-300x160.png\" alt=\"\" width=\"300\" height=\"160\" srcset=\"https:\/\/blogsaverroes.juntadeandalucia.es\/eibarajas\/files\/2020\/10\/mapa-2-1-300x160.png 300w, https:\/\/blogsaverroes.juntadeandalucia.es\/eibarajas\/files\/2020\/10\/mapa-2-1-24x13.png 24w, https:\/\/blogsaverroes.juntadeandalucia.es\/eibarajas\/files\/2020\/10\/mapa-2-1-36x19.png 36w, https:\/\/blogsaverroes.juntadeandalucia.es\/eibarajas\/files\/2020\/10\/mapa-2-1-48x26.png 48w, https:\/\/blogsaverroes.juntadeandalucia.es\/eibarajas\/files\/2020\/10\/mapa-2-1.png 547w\" sizes=\"(max-width: 300px) 100vw, 300px\" \/><\/a><\/h4>\n<h4>Datos de contacto<\/h4>\n<h2><span style=\"color: #008080\"><strong>ESCUELA&nbsp; INFANTIL&nbsp; BARAJAS<\/strong><\/span><\/h2>\n<p><strong>Direcci\u00f3n:<\/strong>&nbsp; Parque F\u00e9lix Rodr\u00edguez de la Fuente s\/n,&nbsp; Berja ( Almer\u00eda) 04760<\/p>\n<p><strong>Tel\u00e9fono:&nbsp; <\/strong>950 57 95 37<strong> \/ FAX:&nbsp; <\/strong>950 57 96 22<\/p>\n<p>&nbsp;&nbsp;&nbsp;&nbsp;&nbsp;&nbsp;&nbsp;&nbsp;&nbsp;&nbsp;&nbsp;&nbsp;&nbsp;&nbsp;&nbsp;&nbsp;&nbsp;&nbsp;&nbsp;&nbsp;&nbsp;&nbsp; 697955747<br \/>\n<strong>Email:&nbsp;<\/strong>04004541.edu@juntadeandalucia.es<\/p>\n<ul>\n<li><strong>Horarios del Centro<\/strong><\/li>\n<\/ul>\n<p>Lunes a Viernes de 09:00 horas&nbsp; a&nbsp; &nbsp;14:00 horas<\/p>\n<ul>\n<li><strong>Servicios Complementarios<\/strong><\/li>\n<\/ul>\n<p>Aula Matinal:&nbsp; Lunes a Viernes de&nbsp; 07:30 horas&nbsp; a&nbsp; &nbsp;09:00 horas<\/p>\n<p>Comedor Escolar: Lunes a Viernes de 14:00 horas&nbsp; &nbsp; a&nbsp; &nbsp; 16:00 horas<\/p>\n<h4><strong>Oferta educativa<\/strong><\/h4>\n<p>Segundo ciclo de Educaci\u00f3n Infantil ( 3, 4 y 5 a\u00f1os)<\/p>\n<p>Servicios complementarios de comedor y aula matinal.<\/p>\n<h4>Instalaciones<\/h4>\n<p><a href=\"https:\/\/blogsaverroes.juntadeandalucia.es\/eibarajas\/files\/2022\/03\/DSC00845-scaled.jpg\"><img loading=\"lazy\" decoding=\"async\" class=\"alignnone size-medium wp-image-3565\" src=\"https:\/\/blogsaverroes.juntadeandalucia.es\/eibarajas\/files\/2022\/03\/DSC00845-300x225.jpg\" alt=\"\" width=\"300\" height=\"225\" srcset=\"https:\/\/blogsaverroes.juntadeandalucia.es\/eibarajas\/files\/2022\/03\/DSC00845-300x225.jpg 300w, https:\/\/blogsaverroes.juntadeandalucia.es\/eibarajas\/files\/2022\/03\/DSC00845-1024x768.jpg 1024w, https:\/\/blogsaverroes.juntadeandalucia.es\/eibarajas\/files\/2022\/03\/DSC00845-768x576.jpg 768w, https:\/\/blogsaverroes.juntadeandalucia.es\/eibarajas\/files\/2022\/03\/DSC00845-1536x1152.jpg 1536w, https:\/\/blogsaverroes.juntadeandalucia.es\/eibarajas\/files\/2022\/03\/DSC00845-2048x1536.jpg 2048w, https:\/\/blogsaverroes.juntadeandalucia.es\/eibarajas\/files\/2022\/03\/DSC00845-scaled.jpg 1600w\" sizes=\"(max-width: 300px) 100vw, 300px\" \/><\/a> <a href=\"https:\/\/blogsaverroes.juntadeandalucia.es\/eibarajas\/files\/2022\/03\/DSC00847-scaled.jpg\"><img loading=\"lazy\" decoding=\"async\" class=\"alignnone size-medium wp-image-3566\" src=\"https:\/\/blogsaverroes.juntadeandalucia.es\/eibarajas\/files\/2022\/03\/DSC00847-300x225.jpg\" alt=\"\" width=\"300\" height=\"225\" srcset=\"https:\/\/blogsaverroes.juntadeandalucia.es\/eibarajas\/files\/2022\/03\/DSC00847-300x225.jpg 300w, https:\/\/blogsaverroes.juntadeandalucia.es\/eibarajas\/files\/2022\/03\/DSC00847-1024x768.jpg 1024w, https:\/\/blogsaverroes.juntadeandalucia.es\/eibarajas\/files\/2022\/03\/DSC00847-768x576.jpg 768w, https:\/\/blogsaverroes.juntadeandalucia.es\/eibarajas\/files\/2022\/03\/DSC00847-1536x1152.jpg 1536w, https:\/\/blogsaverroes.juntadeandalucia.es\/eibarajas\/files\/2022\/03\/DSC00847-2048x1536.jpg 2048w, https:\/\/blogsaverroes.juntadeandalucia.es\/eibarajas\/files\/2022\/03\/DSC00847-scaled.jpg 1600w\" sizes=\"(max-width: 300px) 100vw, 300px\" \/><\/a> <a href=\"https:\/\/blogsaverroes.juntadeandalucia.es\/eibarajas\/files\/2022\/03\/DSC00849-scaled.jpg\"><img loading=\"lazy\" decoding=\"async\" class=\"alignnone size-medium wp-image-3567\" src=\"https:\/\/blogsaverroes.juntadeandalucia.es\/eibarajas\/files\/2022\/03\/DSC00849-300x225.jpg\" alt=\"\" width=\"300\" height=\"225\" srcset=\"https:\/\/blogsaverroes.juntadeandalucia.es\/eibarajas\/files\/2022\/03\/DSC00849-300x225.jpg 300w, https:\/\/blogsaverroes.juntadeandalucia.es\/eibarajas\/files\/2022\/03\/DSC00849-1024x768.jpg 1024w, https:\/\/blogsaverroes.juntadeandalucia.es\/eibarajas\/files\/2022\/03\/DSC00849-768x576.jpg 768w, https:\/\/blogsaverroes.juntadeandalucia.es\/eibarajas\/files\/2022\/03\/DSC00849-1536x1152.jpg 1536w, https:\/\/blogsaverroes.juntadeandalucia.es\/eibarajas\/files\/2022\/03\/DSC00849-2048x1536.jpg 2048w, https:\/\/blogsaverroes.juntadeandalucia.es\/eibarajas\/files\/2022\/03\/DSC00849-scaled.jpg 1600w\" sizes=\"(max-width: 300px) 100vw, 300px\" \/><\/a> <a href=\"https:\/\/blogsaverroes.juntadeandalucia.es\/eibarajas\/files\/2022\/03\/DSC00853-scaled.jpg\"><img loading=\"lazy\" decoding=\"async\" class=\"alignnone size-medium wp-image-3568\" src=\"https:\/\/blogsaverroes.juntadeandalucia.es\/eibarajas\/files\/2022\/03\/DSC00853-300x225.jpg\" alt=\"\" width=\"300\" height=\"225\" srcset=\"https:\/\/blogsaverroes.juntadeandalucia.es\/eibarajas\/files\/2022\/03\/DSC00853-300x225.jpg 300w, https:\/\/blogsaverroes.juntadeandalucia.es\/eibarajas\/files\/2022\/03\/DSC00853-1024x768.jpg 1024w, https:\/\/blogsaverroes.juntadeandalucia.es\/eibarajas\/files\/2022\/03\/DSC00853-768x576.jpg 768w, https:\/\/blogsaverroes.juntadeandalucia.es\/eibarajas\/files\/2022\/03\/DSC00853-1536x1152.jpg 1536w, https:\/\/blogsaverroes.juntadeandalucia.es\/eibarajas\/files\/2022\/03\/DSC00853-2048x1536.jpg 2048w, https:\/\/blogsaverroes.juntadeandalucia.es\/eibarajas\/files\/2022\/03\/DSC00853-scaled.jpg 1600w\" sizes=\"(max-width: 300px) 100vw, 300px\" \/><\/a> <a href=\"https:\/\/blogsaverroes.juntadeandalucia.es\/eibarajas\/files\/2022\/03\/DSC00854-scaled.jpg\"><img loading=\"lazy\" decoding=\"async\" class=\"alignnone size-medium wp-image-3569\" src=\"https:\/\/blogsaverroes.juntadeandalucia.es\/eibarajas\/files\/2022\/03\/DSC00854-300x225.jpg\" alt=\"\" width=\"300\" height=\"225\" srcset=\"https:\/\/blogsaverroes.juntadeandalucia.es\/eibarajas\/files\/2022\/03\/DSC00854-300x225.jpg 300w, https:\/\/blogsaverroes.juntadeandalucia.es\/eibarajas\/files\/2022\/03\/DSC00854-1024x768.jpg 1024w, https:\/\/blogsaverroes.juntadeandalucia.es\/eibarajas\/files\/2022\/03\/DSC00854-768x576.jpg 768w, https:\/\/blogsaverroes.juntadeandalucia.es\/eibarajas\/files\/2022\/03\/DSC00854-1536x1152.jpg 1536w, https:\/\/blogsaverroes.juntadeandalucia.es\/eibarajas\/files\/2022\/03\/DSC00854-2048x1536.jpg 2048w, https:\/\/blogsaverroes.juntadeandalucia.es\/eibarajas\/files\/2022\/03\/DSC00854-scaled.jpg 1600w\" sizes=\"(max-width: 300px) 100vw, 300px\" \/><\/a> <a href=\"https:\/\/blogsaverroes.juntadeandalucia.es\/eibarajas\/files\/2022\/03\/DSC00856-scaled.jpg\"><img loading=\"lazy\" decoding=\"async\" class=\"alignnone size-medium wp-image-3570\" src=\"https:\/\/blogsaverroes.juntadeandalucia.es\/eibarajas\/files\/2022\/03\/DSC00856-300x225.jpg\" alt=\"\" width=\"300\" height=\"225\" srcset=\"https:\/\/blogsaverroes.juntadeandalucia.es\/eibarajas\/files\/2022\/03\/DSC00856-300x225.jpg 300w, https:\/\/blogsaverroes.juntadeandalucia.es\/eibarajas\/files\/2022\/03\/DSC00856-1024x768.jpg 1024w, https:\/\/blogsaverroes.juntadeandalucia.es\/eibarajas\/files\/2022\/03\/DSC00856-768x576.jpg 768w, https:\/\/blogsaverroes.juntadeandalucia.es\/eibarajas\/files\/2022\/03\/DSC00856-1536x1152.jpg 1536w, https:\/\/blogsaverroes.juntadeandalucia.es\/eibarajas\/files\/2022\/03\/DSC00856-2048x1536.jpg 2048w, https:\/\/blogsaverroes.juntadeandalucia.es\/eibarajas\/files\/2022\/03\/DSC00856-scaled.jpg 1600w\" sizes=\"(max-width: 300px) 100vw, 300px\" \/><\/a> <a href=\"https:\/\/blogsaverroes.juntadeandalucia.es\/eibarajas\/files\/2022\/03\/DSCN0028.jpg\"><img loading=\"lazy\" decoding=\"async\" class=\"alignnone size-medium wp-image-3571\" src=\"https:\/\/blogsaverroes.juntadeandalucia.es\/eibarajas\/files\/2022\/03\/DSCN0028-300x225.jpg\" alt=\"\" width=\"300\" height=\"225\" srcset=\"https:\/\/blogsaverroes.juntadeandalucia.es\/eibarajas\/files\/2022\/03\/DSCN0028-300x225.jpg 300w, https:\/\/blogsaverroes.juntadeandalucia.es\/eibarajas\/files\/2022\/03\/DSCN0028-1024x768.jpg 1024w, https:\/\/blogsaverroes.juntadeandalucia.es\/eibarajas\/files\/2022\/03\/DSCN0028-768x576.jpg 768w, https:\/\/blogsaverroes.juntadeandalucia.es\/eibarajas\/files\/2022\/03\/DSCN0028-1536x1152.jpg 1536w, https:\/\/blogsaverroes.juntadeandalucia.es\/eibarajas\/files\/2022\/03\/DSCN0028-2048x1536.jpg 2048w, https:\/\/blogsaverroes.juntadeandalucia.es\/eibarajas\/files\/2022\/03\/DSCN0028.jpg 1600w\" sizes=\"(max-width: 300px) 100vw, 300px\" \/><\/a> <a href=\"https:\/\/blogsaverroes.juntadeandalucia.es\/eibarajas\/files\/2022\/03\/DSCN0036.jpg\"><img loading=\"lazy\" decoding=\"async\" class=\"alignnone size-medium wp-image-3572\" src=\"https:\/\/blogsaverroes.juntadeandalucia.es\/eibarajas\/files\/2022\/03\/DSCN0036-300x225.jpg\" alt=\"\" width=\"300\" height=\"225\" srcset=\"https:\/\/blogsaverroes.juntadeandalucia.es\/eibarajas\/files\/2022\/03\/DSCN0036-300x225.jpg 300w, https:\/\/blogsaverroes.juntadeandalucia.es\/eibarajas\/files\/2022\/03\/DSCN0036-1024x768.jpg 1024w, https:\/\/blogsaverroes.juntadeandalucia.es\/eibarajas\/files\/2022\/03\/DSCN0036-768x576.jpg 768w, https:\/\/blogsaverroes.juntadeandalucia.es\/eibarajas\/files\/2022\/03\/DSCN0036-1536x1152.jpg 1536w, https:\/\/blogsaverroes.juntadeandalucia.es\/eibarajas\/files\/2022\/03\/DSCN0036-2048x1536.jpg 2048w, https:\/\/blogsaverroes.juntadeandalucia.es\/eibarajas\/files\/2022\/03\/DSCN0036.jpg 1600w\" sizes=\"(max-width: 300px) 100vw, 300px\" \/><\/a> <a href=\"https:\/\/blogsaverroes.juntadeandalucia.es\/eibarajas\/files\/2022\/03\/DSCN0038.jpg\"><img loading=\"lazy\" decoding=\"async\" class=\"alignnone size-medium wp-image-3573\" src=\"https:\/\/blogsaverroes.juntadeandalucia.es\/eibarajas\/files\/2022\/03\/DSCN0038-300x225.jpg\" alt=\"\" width=\"300\" height=\"225\" srcset=\"https:\/\/blogsaverroes.juntadeandalucia.es\/eibarajas\/files\/2022\/03\/DSCN0038-300x225.jpg 300w, https:\/\/blogsaverroes.juntadeandalucia.es\/eibarajas\/files\/2022\/03\/DSCN0038-1024x768.jpg 1024w, https:\/\/blogsaverroes.juntadeandalucia.es\/eibarajas\/files\/2022\/03\/DSCN0038-768x576.jpg 768w, https:\/\/blogsaverroes.juntadeandalucia.es\/eibarajas\/files\/2022\/03\/DSCN0038-1536x1152.jpg 1536w, https:\/\/blogsaverroes.juntadeandalucia.es\/eibarajas\/files\/2022\/03\/DSCN0038-2048x1536.jpg 2048w, https:\/\/blogsaverroes.juntadeandalucia.es\/eibarajas\/files\/2022\/03\/DSCN0038.jpg 1600w\" sizes=\"(max-width: 300px) 100vw, 300px\" \/><\/a> <a href=\"https:\/\/blogsaverroes.juntadeandalucia.es\/eibarajas\/files\/2022\/03\/DSCN0040.jpg\"><img loading=\"lazy\" decoding=\"async\" class=\"alignnone size-medium wp-image-3574\" src=\"https:\/\/blogsaverroes.juntadeandalucia.es\/eibarajas\/files\/2022\/03\/DSCN0040-300x225.jpg\" alt=\"\" width=\"300\" height=\"225\" srcset=\"https:\/\/blogsaverroes.juntadeandalucia.es\/eibarajas\/files\/2022\/03\/DSCN0040-300x225.jpg 300w, https:\/\/blogsaverroes.juntadeandalucia.es\/eibarajas\/files\/2022\/03\/DSCN0040-1024x768.jpg 1024w, https:\/\/blogsaverroes.juntadeandalucia.es\/eibarajas\/files\/2022\/03\/DSCN0040-768x576.jpg 768w, https:\/\/blogsaverroes.juntadeandalucia.es\/eibarajas\/files\/2022\/03\/DSCN0040-1536x1152.jpg 1536w, https:\/\/blogsaverroes.juntadeandalucia.es\/eibarajas\/files\/2022\/03\/DSCN0040-2048x1536.jpg 2048w, https:\/\/blogsaverroes.juntadeandalucia.es\/eibarajas\/files\/2022\/03\/DSCN0040.jpg 1600w\" sizes=\"(max-width: 300px) 100vw, 300px\" \/><\/a> <a href=\"https:\/\/blogsaverroes.juntadeandalucia.es\/eibarajas\/files\/2022\/03\/DSCN0043.jpg\"><img loading=\"lazy\" decoding=\"async\" class=\"alignnone size-medium wp-image-3575\" src=\"https:\/\/blogsaverroes.juntadeandalucia.es\/eibarajas\/files\/2022\/03\/DSCN0043-300x225.jpg\" alt=\"\" width=\"300\" height=\"225\" srcset=\"https:\/\/blogsaverroes.juntadeandalucia.es\/eibarajas\/files\/2022\/03\/DSCN0043-300x225.jpg 300w, https:\/\/blogsaverroes.juntadeandalucia.es\/eibarajas\/files\/2022\/03\/DSCN0043-1024x768.jpg 1024w, https:\/\/blogsaverroes.juntadeandalucia.es\/eibarajas\/files\/2022\/03\/DSCN0043-768x576.jpg 768w, https:\/\/blogsaverroes.juntadeandalucia.es\/eibarajas\/files\/2022\/03\/DSCN0043-1536x1152.jpg 1536w, https:\/\/blogsaverroes.juntadeandalucia.es\/eibarajas\/files\/2022\/03\/DSCN0043-2048x1536.jpg 2048w, https:\/\/blogsaverroes.juntadeandalucia.es\/eibarajas\/files\/2022\/03\/DSCN0043.jpg 1600w\" sizes=\"(max-width: 300px) 100vw, 300px\" \/><\/a> <a href=\"https:\/\/blogsaverroes.juntadeandalucia.es\/eibarajas\/files\/2022\/03\/DSCN9267.jpg\"><img loading=\"lazy\" decoding=\"async\" class=\"alignnone size-medium wp-image-3576\" src=\"https:\/\/blogsaverroes.juntadeandalucia.es\/eibarajas\/files\/2022\/03\/DSCN9267-300x225.jpg\" alt=\"\" width=\"300\" height=\"225\" srcset=\"https:\/\/blogsaverroes.juntadeandalucia.es\/eibarajas\/files\/2022\/03\/DSCN9267-300x225.jpg 300w, https:\/\/blogsaverroes.juntadeandalucia.es\/eibarajas\/files\/2022\/03\/DSCN9267-1024x768.jpg 1024w, https:\/\/blogsaverroes.juntadeandalucia.es\/eibarajas\/files\/2022\/03\/DSCN9267-768x576.jpg 768w, https:\/\/blogsaverroes.juntadeandalucia.es\/eibarajas\/files\/2022\/03\/DSCN9267-1536x1152.jpg 1536w, https:\/\/blogsaverroes.juntadeandalucia.es\/eibarajas\/files\/2022\/03\/DSCN9267-2048x1536.jpg 2048w, https:\/\/blogsaverroes.juntadeandalucia.es\/eibarajas\/files\/2022\/03\/DSCN9267.jpg 1600w\" sizes=\"(max-width: 300px) 100vw, 300px\" \/><\/a><\/p>\n","protected":false},"excerpt":{"rendered":"<p>&nbsp; Datos de contacto ESCUELA&nbsp; INFANTIL&nbsp; BARAJAS Direcci\u00f3n:&nbsp; Parque F\u00e9lix Rodr\u00edguez de la Fuente s\/n,&nbsp; Berja ( Almer\u00eda) 04760 Tel\u00e9fono:&nbsp; 950 57 95 37 \/ FAX:&nbsp; 950 57 96 22 &nbsp;&nbsp;&nbsp;&nbsp;&nbsp;&nbsp;&nbsp;&nbsp;&nbsp;&nbsp;&nbsp;&nbsp;&nbsp;&nbsp;&nbsp;&nbsp;&nbsp;&nbsp;&nbsp;&nbsp;&nbsp;&nbsp; 697955747 Email:&nbsp;04004541.edu@juntadeandalucia.es Horarios&#46;&#46;&#46;<\/p>\n","protected":false},"author":1,"featured_media":0,"parent":0,"menu_order":0,"comment_status":"closed","ping_status":"open","template":"page-cs.php","meta":{"ngg_post_thumbnail":0,"footnotes":"","_mc_calendar":[]},"aioseo_notices":[],"_links":{"self":[{"href":"https:\/\/blogsaverroes.juntadeandalucia.es\/eibarajas\/wp-json\/wp\/v2\/pages\/35"}],"collection":[{"href":"https:\/\/blogsaverroes.juntadeandalucia.es\/eibarajas\/wp-json\/wp\/v2\/pages"}],"about":[{"href":"https:\/\/blogsaverroes.juntadeandalucia.es\/eibarajas\/wp-json\/wp\/v2\/types\/page"}],"author":[{"embeddable":true,"href":"https:\/\/blogsaverroes.juntadeandalucia.es\/eibarajas\/wp-json\/wp\/v2\/users\/1"}],"replies":[{"embeddable":true,"href":"https:\/\/blogsaverroes.juntadeandalucia.es\/eibarajas\/wp-json\/wp\/v2\/comments?post=35"}],"version-history":[{"count":27,"href":"https:\/\/blogsaverroes.juntadeandalucia.es\/eibarajas\/wp-json\/wp\/v2\/pages\/35\/revisions"}],"predecessor-version":[{"id":3579,"href":"https:\/\/blogsaverroes.juntadeandalucia.es\/eibarajas\/wp-json\/wp\/v2\/pages\/35\/revisions\/3579"}],"wp:attachment":[{"href":"https:\/\/blogsaverroes.juntadeandalucia.es\/eibarajas\/wp-json\/wp\/v2\/media?parent=35"}],"curies":[{"name":"wp","href":"https:\/\/api.w.org\/{rel}","templated":true}]}}