{"id":3867,"date":"2022-11-14T18:38:14","date_gmt":"2022-11-14T18:38:14","guid":{"rendered":"https:\/\/blogsaverroes.juntadeandalucia.es\/eibarajas\/?page_id=3867"},"modified":"2023-10-20T08:49:33","modified_gmt":"2023-10-20T08:49:33","slug":"educacion-para-la-salud","status":"publish","type":"page","link":"https:\/\/blogsaverroes.juntadeandalucia.es\/eibarajas\/educacion-para-la-salud\/","title":{"rendered":"EDUCACI\u00d3N PARA LA SALUD"},"content":{"rendered":"<p>En esta p\u00e1gina ofrecemos informaciones interesantes para la educaci\u00f3n para la salud ofrecida entre otras fuentes por la enfermera escolar.<\/p>\n<p>VACUNACI\u00d3N GRIPE INFANTIL 23\/24<\/p>\n<p><a href=\"https:\/\/blogsaverroes.juntadeandalucia.es\/eibarajas\/files\/2023\/10\/NOTA-INFORMATIVA-VAC-GRIPE-2023-3-1.pdf\">NOTA INFORMATIVA VAC GRIPE 2023 <\/a><\/p>\n<p>PEDICULOSIS<\/p>\n<p><a href=\"https:\/\/blogsaverroes.juntadeandalucia.es\/eibarajas\/files\/2022\/11\/folleto_piojos.pdf\">Folleto_piojos<\/a><\/p>\n<p><a href=\"https:\/\/blogsaverroes.juntadeandalucia.es\/eibarajas\/files\/2022\/11\/educacion_para_la_salud_splitpdf_page109-111.pdf\">Consejos para prevenirlos.<\/a><\/p>\n<p>&nbsp;<\/p>\n<p>VACUNACI\u00d3N GRIPE<\/p>\n<p>La gripe en los ni\u00f1os y ni\u00f1as puede ser m\u00e1s grave de lo que creemos.Es muy importante vacunarles<\/p>\n<p><a href=\"https:\/\/www.andavac.es\/la-gripe-en-los-ninos-puede-ser-mas-grave-de-lo-que-creemos\/\">https:\/\/www.andavac.es\/la-gripe-en-los-ninos-puede-ser-mas-grave-de-lo-que-creemos\/<\/a><\/p>\n<p><a href=\"https:\/\/blogsaverroes.juntadeandalucia.es\/eibarajas\/files\/2022\/11\/Vacuacion-gripe-poblacion-infantil.pdf\">Vacuacion-gripe-poblacion-infantil<\/a><\/p>\n<p><a href=\"https:\/\/blogsaverroes.juntadeandalucia.es\/eibarajas\/files\/2022\/11\/carta-a-padres.pdf\">Carta a familias<\/a><\/p>\n<p>ALIMENTACI\u00d3N<\/p>\n<p><a href=\"https:\/\/blogsaverroes.juntadeandalucia.es\/eibarajas\/files\/2022\/11\/PIRAMIDE_ALIMENTACION_REV-3.pdf\">PIRAMIDE_ALIMENTACION_<\/a><\/p>\n<p>CRISIS EPIL\u00c9PTICAS.<\/p>\n<p><a href=\"https:\/\/blogsaverroes.juntadeandalucia.es\/eibarajas\/files\/2023\/05\/PROTOCOLO-ANTE-CRISIS-EPILEPTICAS.pdf\">PROTOCOLO ANTE CRISIS EPILEPTICAS<\/a><\/p>\n<p>ASMA<\/p>\n<p><a href=\"https:\/\/blogsaverroes.juntadeandalucia.es\/eibarajas\/files\/2022\/11\/ASMA-CAS.pdf\">ASMA<\/a><\/p>\n<p>OLA DE CALOR<\/p>\n<p><a href=\"https:\/\/blogsaverroes.juntadeandalucia.es\/eibarajas\/files\/2023\/05\/INSTRUCCIONES-DE-5-DE-MAYO-DE-2023-DE-LA-VICECONSEJER\u00cdA-OLAS-DE-CALOR-Y-TEMPERATURAS-EXCEPCIONALES.pdf\">INSTRUCCIONES DE 5 DE MAYO DE 2023 DE LA VICECONSEJER\u00cdA OLAS DE CALOR Y TEMPERATURAS EXCEPCIONALES<\/a><\/p>\n<p><a href=\"https:\/\/blogsaverroes.juntadeandalucia.es\/eibarajas\/files\/2023\/05\/PROTOCOLO-ALTAS-TEMPERATURAS-2023-v4.pdf\">PROTOCOLO ALTAS TEMPERATURAS 2023 v4<\/a><\/p>\n<p><a href=\"https:\/\/blogsaverroes.juntadeandalucia.es\/eibarajas\/files\/2023\/05\/IMG-20230511-WA0000.jpg\"><img loading=\"lazy\" decoding=\"async\" class=\"aligncenter size-large wp-image-4210\" src=\"https:\/\/blogsaverroes.juntadeandalucia.es\/eibarajas\/files\/2023\/05\/IMG-20230511-WA0000-797x1024.jpg\" alt=\"\" width=\"782\" height=\"1005\" srcset=\"https:\/\/blogsaverroes.juntadeandalucia.es\/eibarajas\/files\/2023\/05\/IMG-20230511-WA0000-797x1024.jpg 797w, https:\/\/blogsaverroes.juntadeandalucia.es\/eibarajas\/files\/2023\/05\/IMG-20230511-WA0000-234x300.jpg 234w, https:\/\/blogsaverroes.juntadeandalucia.es\/eibarajas\/files\/2023\/05\/IMG-20230511-WA0000-768x986.jpg 768w, https:\/\/blogsaverroes.juntadeandalucia.es\/eibarajas\/files\/2023\/05\/IMG-20230511-WA0000.jpg 989w\" sizes=\"(max-width: 782px) 100vw, 782px\" \/><\/a><\/p>\n<p><a href=\"https:\/\/blogsaverroes.juntadeandalucia.es\/eibarajas\/files\/2023\/05\/IMG-20230515-WA0019.jpg\"><img loading=\"lazy\" decoding=\"async\" class=\"aligncenter size-large wp-image-4215\" src=\"https:\/\/blogsaverroes.juntadeandalucia.es\/eibarajas\/files\/2023\/05\/IMG-20230515-WA0019-914x1024.jpg\" alt=\"\" width=\"782\" height=\"876\" srcset=\"https:\/\/blogsaverroes.juntadeandalucia.es\/eibarajas\/files\/2023\/05\/IMG-20230515-WA0019-914x1024.jpg 914w, https:\/\/blogsaverroes.juntadeandalucia.es\/eibarajas\/files\/2023\/05\/IMG-20230515-WA0019-268x300.jpg 268w, https:\/\/blogsaverroes.juntadeandalucia.es\/eibarajas\/files\/2023\/05\/IMG-20230515-WA0019-768x860.jpg 768w, https:\/\/blogsaverroes.juntadeandalucia.es\/eibarajas\/files\/2023\/05\/IMG-20230515-WA0019.jpg 1080w\" sizes=\"(max-width: 782px) 100vw, 782px\" \/><\/a><\/p>\n<p><a href=\"https:\/\/blogsaverroes.juntadeandalucia.es\/eibarajas\/files\/2023\/06\/consejos-calor-colegios.pdf\"><strong>CONSEJOS CALOR COLEGIOS.<\/strong><\/a><\/p>\n<p>&nbsp;<\/p>\n<p><a href=\"https:\/\/blogsaverroes.juntadeandalucia.es\/eibarajas\/files\/2023\/06\/IMG-20230613-WA0000.jpg\"><img loading=\"lazy\" decoding=\"async\" class=\"aligncenter size-large wp-image-4345\" src=\"https:\/\/blogsaverroes.juntadeandalucia.es\/eibarajas\/files\/2023\/06\/IMG-20230613-WA0000-724x1024.jpg\" alt=\"\" width=\"724\" height=\"1024\" srcset=\"https:\/\/blogsaverroes.juntadeandalucia.es\/eibarajas\/files\/2023\/06\/IMG-20230613-WA0000-724x1024.jpg 724w, https:\/\/blogsaverroes.juntadeandalucia.es\/eibarajas\/files\/2023\/06\/IMG-20230613-WA0000-212x300.jpg 212w, https:\/\/blogsaverroes.juntadeandalucia.es\/eibarajas\/files\/2023\/06\/IMG-20230613-WA0000-768x1086.jpg 768w, https:\/\/blogsaverroes.juntadeandalucia.es\/eibarajas\/files\/2023\/06\/IMG-20230613-WA0000-1086x1536.jpg 1086w, https:\/\/blogsaverroes.juntadeandalucia.es\/eibarajas\/files\/2023\/06\/IMG-20230613-WA0000.jpg 1131w\" sizes=\"(max-width: 724px) 100vw, 724px\" \/><\/a><\/p>\n<p><strong><span style=\"color: #993366\">PROCESOS INFECCIOSOS.<\/span><\/strong><\/p>\n<p><a href=\"https:\/\/blogsaverroes.juntadeandalucia.es\/eibarajas\/files\/2023\/06\/educacion_para_la_salud_splitpdf_page112-116.pdf\">CONSEJOS DE HIGIENE Y PREVENCI\u00d3N<\/a><\/p>\n","protected":false},"excerpt":{"rendered":"<p>En esta p\u00e1gina ofrecemos informaciones interesantes para la educaci\u00f3n para la salud ofrecida entre otras fuentes por la enfermera escolar. VACUNACI\u00d3N GRIPE INFANTIL 23\/24 NOTA INFORMATIVA VAC GRIPE 2023 PEDICULOSIS Folleto_piojos Consejos para prevenirlos.&#46;&#46;&#46;<\/p>\n","protected":false},"author":3593,"featured_media":0,"parent":0,"menu_order":0,"comment_status":"closed","ping_status":"closed","template":"","meta":{"ngg_post_thumbnail":0,"footnotes":"","_mc_calendar":[]},"aioseo_notices":[],"_links":{"self":[{"href":"https:\/\/blogsaverroes.juntadeandalucia.es\/eibarajas\/wp-json\/wp\/v2\/pages\/3867"}],"collection":[{"href":"https:\/\/blogsaverroes.juntadeandalucia.es\/eibarajas\/wp-json\/wp\/v2\/pages"}],"about":[{"href":"https:\/\/blogsaverroes.juntadeandalucia.es\/eibarajas\/wp-json\/wp\/v2\/types\/page"}],"author":[{"embeddable":true,"href":"https:\/\/blogsaverroes.juntadeandalucia.es\/eibarajas\/wp-json\/wp\/v2\/users\/3593"}],"replies":[{"embeddable":true,"href":"https:\/\/blogsaverroes.juntadeandalucia.es\/eibarajas\/wp-json\/wp\/v2\/comments?post=3867"}],"version-history":[{"count":14,"href":"https:\/\/blogsaverroes.juntadeandalucia.es\/eibarajas\/wp-json\/wp\/v2\/pages\/3867\/revisions"}],"predecessor-version":[{"id":4460,"href":"https:\/\/blogsaverroes.juntadeandalucia.es\/eibarajas\/wp-json\/wp\/v2\/pages\/3867\/revisions\/4460"}],"wp:attachment":[{"href":"https:\/\/blogsaverroes.juntadeandalucia.es\/eibarajas\/wp-json\/wp\/v2\/media?parent=3867"}],"curies":[{"name":"wp","href":"https:\/\/api.w.org\/{rel}","templated":true}]}}