{"id":35,"date":"2015-03-13T08:21:43","date_gmt":"2015-03-13T08:21:43","guid":{"rendered":"http:\/\/blogsaverroes.juntadeandalucia.es\/pre\/ceip\/?page_id=35"},"modified":"2022-07-25T20:54:22","modified_gmt":"2022-07-25T20:54:22","slug":"el-centro-2","status":"publish","type":"page","link":"https:\/\/blogsaverroes.juntadeandalucia.es\/eiclaracampoamor\/el-centro-2\/","title":{"rendered":"Datos del centro"},"content":{"rendered":"<h2>ESCUELA INFANTIL CLARA CAMPOAMOR<\/h2>\n<h4>DATOS DE CONTACTO<\/h4>\n<p><strong>Direcci\u00f3n:<\/strong> C\/Clara Campoamor,&nbsp; N\u00ba9,&nbsp; 14857 Nueva Carteya, C\u00f3rdoba<\/p>\n<p><strong>Tel\u00e9fono: <\/strong>653 886 672<\/p>\n<p><strong>Email:<\/strong> 14011031.edu@juntadeandalucia.es<\/p>\n<h4><strong>HORARIOS<\/strong><\/h4>\n<p>DE LUNES A VIERNES: 07:30 &#8211; 17:00<\/p>\n<h4>OFERTA&nbsp; EDUCATIVA<\/h4>\n<p>En la Escuela Infantil \u00abClara Campoamor\u00bb se puede cursar el 1\u00ba Ciclo de Educaci\u00f3n Infantil. El cu\u00e1l, abarca a ni\u00f1os y ni\u00f1as de los 0 a los 3 a\u00f1os.<\/p>\n<p style=\"text-align: justify\">El primer ciclo de Educaci\u00f3n infantil contribuye al desarrollo equilibrado de las capacidades afectivas, motrices, cognitivas y de comunicaci\u00f3n y lenguaje de los ni\u00f1os y ni\u00f1as desde el nacimiento hasta los 3 a\u00f1os de edad.<\/p>\n<p style=\"text-align: justify\">La Educaci\u00f3n Infantil ayudar\u00e1 de forma decisiva al desarrollo y aprendizaje de los ni\u00f1os y las ni\u00f1as desde los primeros a\u00f1os de su vida. Desarrollar\u00e1 las capacidades y competencias necesarias para su integraci\u00f3n activa en la sociedad y posibilitar\u00e1 aprendizajes relevantes en continua interacci\u00f3n con el medio f\u00edsico, natural, social y cultural a trav\u00e9s de la utilizaci\u00f3n de diversos lenguajes.<\/p>\n<p style=\"text-align: justify\">La incorporaci\u00f3n a la escuela infantil de las ni\u00f1as y los ni\u00f1os en estas edades va a suponer entrar en contacto con una realidad cada vez m\u00e1s amplia y diversa, multiplic\u00e1ndose las oportunidades de interaccionar con lo que les rodea. Las distintas situaciones vividas y las m\u00faltiples experiencias que la escuela les procura, les&nbsp; permitir\u00e1 tomar conciencia del medio en el que transcurre nuestra vida y del que formamos parte.<\/p>\n<h4>Instalaciones<\/h4>\n<p><!-- default-view.php -->\n<div\n\tclass=\"ngg-galleryoverview default-view\n\t ngg-ajax-pagination-none\t\"\n\tid=\"ngg-gallery-7bd57b0a1e84a07a972d91eb4118437e-1\">\n\n\t\t<!-- Thumbnails -->\n\t\t\t\t<div id=\"ngg-image-0\" class=\"ngg-gallery-thumbnail-box\n\t\t\t\t\t\t\t\t\t\t\t\"\n\t\t\t>\n\t\t\t\t\t\t<div class=\"ngg-gallery-thumbnail\">\n\t\t\t<a href=\"https:\/\/blogsaverroes.juntadeandalucia.es\/eiclaracampoamor\/wp-content\/uploads\/sites\/797\/nggallery\/el-centro\/instalacion01.jpg\"\n\t\t\t\ttitle=\"\"\n\t\t\t\tdata-src=\"https:\/\/blogsaverroes.juntadeandalucia.es\/eiclaracampoamor\/wp-content\/uploads\/sites\/797\/nggallery\/el-centro\/instalacion01.jpg\"\n\t\t\t\tdata-thumbnail=\"https:\/\/blogsaverroes.juntadeandalucia.es\/eiclaracampoamor\/wp-content\/uploads\/sites\/797\/nggallery\/el-centro\/thumbs\/thumbs_instalacion01.jpg\"\n\t\t\t\tdata-image-id=\"14\"\n\t\t\t\tdata-title=\"instalacion01\"\n\t\t\t\tdata-description=\"\"\n\t\t\t\tdata-image-slug=\"instalacion01-1\"\n\t\t\t\tclass=\"ngg-fancybox\" rel=\"7bd57b0a1e84a07a972d91eb4118437e\">\n\t\t\t\t<img\n\t\t\t\t\ttitle=\"instalacion01\"\n\t\t\t\t\talt=\"instalacion01\"\n\t\t\t\t\tsrc=\"https:\/\/blogsaverroes.juntadeandalucia.es\/eiclaracampoamor\/wp-content\/uploads\/sites\/797\/nggallery\/el-centro\/thumbs\/thumbs_instalacion01.jpg\"\n\t\t\t\t\twidth=\"120\"\n\t\t\t\t\theight=\"90\"\n\t\t\t\t\tstyle=\"max-width:100%;\"\n\t\t\t\t\/>\n\t\t\t<\/a>\n\t\t<\/div>\n\t\t\t\t\t\t\t<\/div>\n\t\t\t\n\t\t\t\t<div id=\"ngg-image-1\" class=\"ngg-gallery-thumbnail-box\n\t\t\t\t\t\t\t\t\t\t\t\"\n\t\t\t>\n\t\t\t\t\t\t<div class=\"ngg-gallery-thumbnail\">\n\t\t\t<a href=\"https:\/\/blogsaverroes.juntadeandalucia.es\/eiclaracampoamor\/wp-content\/uploads\/sites\/797\/nggallery\/el-centro\/instalacion02.jpg\"\n\t\t\t\ttitle=\"\"\n\t\t\t\tdata-src=\"https:\/\/blogsaverroes.juntadeandalucia.es\/eiclaracampoamor\/wp-content\/uploads\/sites\/797\/nggallery\/el-centro\/instalacion02.jpg\"\n\t\t\t\tdata-thumbnail=\"https:\/\/blogsaverroes.juntadeandalucia.es\/eiclaracampoamor\/wp-content\/uploads\/sites\/797\/nggallery\/el-centro\/thumbs\/thumbs_instalacion02.jpg\"\n\t\t\t\tdata-image-id=\"15\"\n\t\t\t\tdata-title=\"instalacion02\"\n\t\t\t\tdata-description=\"\"\n\t\t\t\tdata-image-slug=\"instalacion02-1\"\n\t\t\t\tclass=\"ngg-fancybox\" rel=\"7bd57b0a1e84a07a972d91eb4118437e\">\n\t\t\t\t<img\n\t\t\t\t\ttitle=\"instalacion02\"\n\t\t\t\t\talt=\"instalacion02\"\n\t\t\t\t\tsrc=\"https:\/\/blogsaverroes.juntadeandalucia.es\/eiclaracampoamor\/wp-content\/uploads\/sites\/797\/nggallery\/el-centro\/thumbs\/thumbs_instalacion02.jpg\"\n\t\t\t\t\twidth=\"120\"\n\t\t\t\t\theight=\"90\"\n\t\t\t\t\tstyle=\"max-width:100%;\"\n\t\t\t\t\/>\n\t\t\t<\/a>\n\t\t<\/div>\n\t\t\t\t\t\t\t<\/div>\n\t\t\t\n\t\t\t\t<div id=\"ngg-image-2\" class=\"ngg-gallery-thumbnail-box\n\t\t\t\t\t\t\t\t\t\t\t\"\n\t\t\t>\n\t\t\t\t\t\t<div class=\"ngg-gallery-thumbnail\">\n\t\t\t<a href=\"https:\/\/blogsaverroes.juntadeandalucia.es\/eiclaracampoamor\/wp-content\/uploads\/sites\/797\/nggallery\/el-centro\/instalacion03.jpg\"\n\t\t\t\ttitle=\"\"\n\t\t\t\tdata-src=\"https:\/\/blogsaverroes.juntadeandalucia.es\/eiclaracampoamor\/wp-content\/uploads\/sites\/797\/nggallery\/el-centro\/instalacion03.jpg\"\n\t\t\t\tdata-thumbnail=\"https:\/\/blogsaverroes.juntadeandalucia.es\/eiclaracampoamor\/wp-content\/uploads\/sites\/797\/nggallery\/el-centro\/thumbs\/thumbs_instalacion03.jpg\"\n\t\t\t\tdata-image-id=\"16\"\n\t\t\t\tdata-title=\"instalacion03\"\n\t\t\t\tdata-description=\"\"\n\t\t\t\tdata-image-slug=\"instalacion03-1\"\n\t\t\t\tclass=\"ngg-fancybox\" rel=\"7bd57b0a1e84a07a972d91eb4118437e\">\n\t\t\t\t<img\n\t\t\t\t\ttitle=\"instalacion03\"\n\t\t\t\t\talt=\"instalacion03\"\n\t\t\t\t\tsrc=\"https:\/\/blogsaverroes.juntadeandalucia.es\/eiclaracampoamor\/wp-content\/uploads\/sites\/797\/nggallery\/el-centro\/thumbs\/thumbs_instalacion03.jpg\"\n\t\t\t\t\twidth=\"120\"\n\t\t\t\t\theight=\"90\"\n\t\t\t\t\tstyle=\"max-width:100%;\"\n\t\t\t\t\/>\n\t\t\t<\/a>\n\t\t<\/div>\n\t\t\t\t\t\t\t<\/div>\n\t\t\t\n\t\t\t\t<div id=\"ngg-image-3\" class=\"ngg-gallery-thumbnail-box\n\t\t\t\t\t\t\t\t\t\t\t\"\n\t\t\t>\n\t\t\t\t\t\t<div class=\"ngg-gallery-thumbnail\">\n\t\t\t<a href=\"https:\/\/blogsaverroes.juntadeandalucia.es\/eiclaracampoamor\/wp-content\/uploads\/sites\/797\/nggallery\/el-centro\/instalacion04.jpg\"\n\t\t\t\ttitle=\"\"\n\t\t\t\tdata-src=\"https:\/\/blogsaverroes.juntadeandalucia.es\/eiclaracampoamor\/wp-content\/uploads\/sites\/797\/nggallery\/el-centro\/instalacion04.jpg\"\n\t\t\t\tdata-thumbnail=\"https:\/\/blogsaverroes.juntadeandalucia.es\/eiclaracampoamor\/wp-content\/uploads\/sites\/797\/nggallery\/el-centro\/thumbs\/thumbs_instalacion04.jpg\"\n\t\t\t\tdata-image-id=\"17\"\n\t\t\t\tdata-title=\"instalacion04\"\n\t\t\t\tdata-description=\"\"\n\t\t\t\tdata-image-slug=\"instalacion04-1\"\n\t\t\t\tclass=\"ngg-fancybox\" rel=\"7bd57b0a1e84a07a972d91eb4118437e\">\n\t\t\t\t<img\n\t\t\t\t\ttitle=\"instalacion04\"\n\t\t\t\t\talt=\"instalacion04\"\n\t\t\t\t\tsrc=\"https:\/\/blogsaverroes.juntadeandalucia.es\/eiclaracampoamor\/wp-content\/uploads\/sites\/797\/nggallery\/el-centro\/thumbs\/thumbs_instalacion04.jpg\"\n\t\t\t\t\twidth=\"120\"\n\t\t\t\t\theight=\"90\"\n\t\t\t\t\tstyle=\"max-width:100%;\"\n\t\t\t\t\/>\n\t\t\t<\/a>\n\t\t<\/div>\n\t\t\t\t\t\t\t<\/div>\n\t\t\t\n\t\n\t<br style=\"clear: both\" \/>\n\n\t\t<div class=\"slideshowlink\">\n\t\t<a href='https:\/\/blogsaverroes.juntadeandalucia.es\/eiclaracampoamor\/el-centro-2\/nggallery\/slideshow'>[Mostrar presentaci\u00f3n de diapositivas]<\/a>\n\n\t<\/div>\n\t\n\t\t<!-- Pagination -->\n\t\t<div class='ngg-clear'><\/div>\t<\/div>\n<\/p>\n","protected":false},"excerpt":{"rendered":"<p>ESCUELA INFANTIL CLARA CAMPOAMOR DATOS DE CONTACTO Direcci\u00f3n: C\/Clara Campoamor,&nbsp; N\u00ba9,&nbsp; 14857 Nueva Carteya, C\u00f3rdoba Tel\u00e9fono: 653 886 672 Email: 14011031.edu@juntadeandalucia.es HORARIOS DE LUNES A VIERNES: 07:30 &#8211; 17:00 OFERTA&nbsp; EDUCATIVA En la Escuela&#46;&#46;&#46;<\/p>\n","protected":false},"author":1,"featured_media":0,"parent":0,"menu_order":0,"comment_status":"closed","ping_status":"open","template":"","meta":{"ngg_post_thumbnail":0,"footnotes":"","_mc_calendar":[]},"aioseo_notices":[],"_links":{"self":[{"href":"https:\/\/blogsaverroes.juntadeandalucia.es\/eiclaracampoamor\/wp-json\/wp\/v2\/pages\/35"}],"collection":[{"href":"https:\/\/blogsaverroes.juntadeandalucia.es\/eiclaracampoamor\/wp-json\/wp\/v2\/pages"}],"about":[{"href":"https:\/\/blogsaverroes.juntadeandalucia.es\/eiclaracampoamor\/wp-json\/wp\/v2\/types\/page"}],"author":[{"embeddable":true,"href":"https:\/\/blogsaverroes.juntadeandalucia.es\/eiclaracampoamor\/wp-json\/wp\/v2\/users\/1"}],"replies":[{"embeddable":true,"href":"https:\/\/blogsaverroes.juntadeandalucia.es\/eiclaracampoamor\/wp-json\/wp\/v2\/comments?post=35"}],"version-history":[{"count":32,"href":"https:\/\/blogsaverroes.juntadeandalucia.es\/eiclaracampoamor\/wp-json\/wp\/v2\/pages\/35\/revisions"}],"predecessor-version":[{"id":2196,"href":"https:\/\/blogsaverroes.juntadeandalucia.es\/eiclaracampoamor\/wp-json\/wp\/v2\/pages\/35\/revisions\/2196"}],"wp:attachment":[{"href":"https:\/\/blogsaverroes.juntadeandalucia.es\/eiclaracampoamor\/wp-json\/wp\/v2\/media?parent=35"}],"curies":[{"name":"wp","href":"https:\/\/api.w.org\/{rel}","templated":true}]}}