{"id":15,"date":"2019-02-18T12:08:46","date_gmt":"2019-02-18T12:08:46","guid":{"rendered":"https:\/\/blogsaverroes.juntadeandalucia.es\/eicruzdejuarez\/?page_id=15"},"modified":"2024-05-30T17:00:10","modified_gmt":"2024-05-30T17:00:10","slug":"nuestro-centro","status":"publish","type":"page","link":"https:\/\/blogsaverroes.juntadeandalucia.es\/eicruzdejuarez\/nuestro-centro\/","title":{"rendered":"Nuestro Centro"},"content":{"rendered":"<p><span style=\"font-family: georgia, palatino, serif\">Estimadas familias:<\/span><\/p>\n<p><span style=\"font-family: georgia, palatino, serif\"> Nuestra escuela infantil busca la incorporaci\u00f3n al mundo de hoy y el acercamiento continuo a las familias que forman nuestra comunidad educativa. Nuestra Web pretende ser una mano tendida para contribuir al mejor desarrollo de vuestros hijos e hijas, la informaci\u00f3n necesaria para tener un clima de convivencia c\u00e1lido y adecuado y un funcionamiento efectivo, un canal de acceso a otros espacios con los que poder dar respuesta a vuestras inquietudes, una muestra de nuestro trabajo que busca la calidad como medio para ofrecer mucho m\u00e1s cada curso y un extenso repertorio m\u00e1s de posibilidades que, esperamos, est\u00e9is dispuestos a descubrir.<\/span><\/p>\n<p><span style=\"font-family: georgia, palatino, serif\">Educar es una tarea que nos une y a la que debemos enfrentarnos con ilusi\u00f3n y ha de contar con la participaci\u00f3n general.<\/span><\/p>\n<p><span style=\"font-family: georgia, palatino, serif\"> Queremos agradeceros a todas las personas que hac\u00e9is posible \u201ccualquier sue\u00f1o\u201d, por dar lo necesario para ofrecer las oportunidades que nuestros ni\u00f1os y ni\u00f1as merecen.<\/span><\/p>\n<p><span style=\"font-family: georgia, palatino, serif\"> Con todo nuestro afecto, <\/span><\/p>\n<p><span style=\"font-family: georgia, palatino, serif\">el claustro de profesorado.<\/span><\/p>\n","protected":false},"excerpt":{"rendered":"<p>Estimadas familias: Nuestra escuela infantil busca la incorporaci\u00f3n al mundo de hoy y el acercamiento continuo a las familias que forman nuestra comunidad educativa. Nuestra Web pretende ser una mano tendida para contribuir al mejor desarrollo de vuestros hijos e hijas, la informaci\u00f3n necesaria para tener un clima de convivencia c\u00e1lido y adecuado y un &hellip; <\/p>\n<p><a class=\"more-link btn\" href=\"https:\/\/blogsaverroes.juntadeandalucia.es\/eicruzdejuarez\/nuestro-centro\/\">Seguir leyendo<\/a><\/p>\n","protected":false},"author":7188,"featured_media":0,"parent":0,"menu_order":0,"comment_status":"closed","ping_status":"closed","template":"","meta":{"ngg_post_thumbnail":0,"footnotes":""},"aioseo_notices":[],"_links":{"self":[{"href":"https:\/\/blogsaverroes.juntadeandalucia.es\/eicruzdejuarez\/wp-json\/wp\/v2\/pages\/15"}],"collection":[{"href":"https:\/\/blogsaverroes.juntadeandalucia.es\/eicruzdejuarez\/wp-json\/wp\/v2\/pages"}],"about":[{"href":"https:\/\/blogsaverroes.juntadeandalucia.es\/eicruzdejuarez\/wp-json\/wp\/v2\/types\/page"}],"author":[{"embeddable":true,"href":"https:\/\/blogsaverroes.juntadeandalucia.es\/eicruzdejuarez\/wp-json\/wp\/v2\/users\/7188"}],"replies":[{"embeddable":true,"href":"https:\/\/blogsaverroes.juntadeandalucia.es\/eicruzdejuarez\/wp-json\/wp\/v2\/comments?post=15"}],"version-history":[{"count":7,"href":"https:\/\/blogsaverroes.juntadeandalucia.es\/eicruzdejuarez\/wp-json\/wp\/v2\/pages\/15\/revisions"}],"predecessor-version":[{"id":1924,"href":"https:\/\/blogsaverroes.juntadeandalucia.es\/eicruzdejuarez\/wp-json\/wp\/v2\/pages\/15\/revisions\/1924"}],"wp:attachment":[{"href":"https:\/\/blogsaverroes.juntadeandalucia.es\/eicruzdejuarez\/wp-json\/wp\/v2\/media?parent=15"}],"curies":[{"name":"wp","href":"https:\/\/api.w.org\/{rel}","templated":true}]}}