{"id":56,"date":"2019-02-18T12:22:23","date_gmt":"2019-02-18T12:22:23","guid":{"rendered":"https:\/\/blogsaverroes.juntadeandalucia.es\/eicruzdejuarez\/?page_id=56"},"modified":"2025-05-26T07:38:53","modified_gmt":"2025-05-26T07:38:53","slug":"consejo-escolar","status":"publish","type":"page","link":"https:\/\/blogsaverroes.juntadeandalucia.es\/eicruzdejuarez\/consejo-escolar\/","title":{"rendered":"Consejo Escolar"},"content":{"rendered":"<p><span style=\"font-family: georgia, palatino, serif;font-size: 14pt\">Equipo Directivo:<\/span><\/p>\n<ul style=\"list-style-type: circle\">\n<li><span style=\"font-family: georgia, palatino, serif;font-size: 14pt\"><strong>M\u00aa de la Paz Pastor Bravo (Directora).<\/strong><\/span><\/li>\n<\/ul>\n<p>&nbsp;<\/p>\n<p><span style=\"font-family: georgia, palatino, serif;font-size: 14pt\">Representantes del profesorado:<\/span><\/p>\n<ul style=\"list-style-type: circle\">\n<li><span style=\"font-family: georgia, palatino, serif;font-size: 14pt\"><strong>M\u00aa Dolores Ballesteros Ramos.<\/strong><\/span><\/li>\n<li><span style=\"font-family: georgia, palatino, serif;font-size: 14pt\"><strong>Nuria S\u00e1nchez Utrilla.<\/strong><\/span><\/li>\n<\/ul>\n<p>&nbsp;<\/p>\n<p><span style=\"font-family: georgia, palatino, serif;font-size: 14pt\">Representantes de padres y madres de alumnos\/as:<\/span><\/p>\n<ul style=\"list-style-type: circle\">\n<li><span style=\"font-family: georgia, palatino, serif;font-size: 14pt\"><strong>Gloria Herrero Serrano.<\/strong><\/span><\/li>\n<li><span style=\"font-family: georgia, palatino, serif;font-size: 14pt\"><b>Roger Castell Ruiz.<\/b><\/span><\/li>\n<\/ul>\n<p>&nbsp;<\/p>\n<p><span style=\"font-family: georgia, palatino, serif;font-size: 14pt\">Representante del Personal de Administraci\u00f3n y Servicios:<\/span><\/p>\n<ul style=\"list-style-type: circle\">\n<li><span style=\"font-family: georgia, palatino, serif;font-size: 14pt\"><strong>Rafael \u00c1ngel Villatoro Guerrero<\/strong><\/span><\/li>\n<\/ul>\n<p>&nbsp;<\/p>\n<p><span style=\"font-family: georgia, palatino, serif;font-size: 14pt\">Representante del Ayuntamiento:<\/span><\/p>\n<ul style=\"list-style-type: circle\">\n<li><span style=\"font-family: georgia, palatino, serif;font-size: 14pt\"><strong>Jos\u00e9 Manuel Romero Rojano.<\/strong><\/span><\/li>\n<\/ul>\n<p>&nbsp;<\/p>\n<p>&nbsp;<\/p>\n","protected":false},"excerpt":{"rendered":"<p>Equipo Directivo: M\u00aa de la Paz Pastor Bravo (Directora). &nbsp; Representantes del profesorado: M\u00aa Dolores Ballesteros Ramos. Nuria S\u00e1nchez Utrilla. &nbsp; Representantes de padres y madres de alumnos\/as: Gloria Herrero Serrano. Roger Castell Ruiz. &nbsp; Representante del Personal de Administraci\u00f3n y Servicios: Rafael \u00c1ngel Villatoro Guerrero &nbsp; Representante del Ayuntamiento: Jos\u00e9 Manuel Romero Rojano. &nbsp; &hellip; <\/p>\n<p><a class=\"more-link btn\" href=\"https:\/\/blogsaverroes.juntadeandalucia.es\/eicruzdejuarez\/consejo-escolar\/\">Seguir leyendo<\/a><\/p>\n","protected":false},"author":7188,"featured_media":0,"parent":0,"menu_order":0,"comment_status":"closed","ping_status":"closed","template":"","meta":{"ngg_post_thumbnail":0,"footnotes":""},"aioseo_notices":[],"_links":{"self":[{"href":"https:\/\/blogsaverroes.juntadeandalucia.es\/eicruzdejuarez\/wp-json\/wp\/v2\/pages\/56"}],"collection":[{"href":"https:\/\/blogsaverroes.juntadeandalucia.es\/eicruzdejuarez\/wp-json\/wp\/v2\/pages"}],"about":[{"href":"https:\/\/blogsaverroes.juntadeandalucia.es\/eicruzdejuarez\/wp-json\/wp\/v2\/types\/page"}],"author":[{"embeddable":true,"href":"https:\/\/blogsaverroes.juntadeandalucia.es\/eicruzdejuarez\/wp-json\/wp\/v2\/users\/7188"}],"replies":[{"embeddable":true,"href":"https:\/\/blogsaverroes.juntadeandalucia.es\/eicruzdejuarez\/wp-json\/wp\/v2\/comments?post=56"}],"version-history":[{"count":11,"href":"https:\/\/blogsaverroes.juntadeandalucia.es\/eicruzdejuarez\/wp-json\/wp\/v2\/pages\/56\/revisions"}],"predecessor-version":[{"id":2290,"href":"https:\/\/blogsaverroes.juntadeandalucia.es\/eicruzdejuarez\/wp-json\/wp\/v2\/pages\/56\/revisions\/2290"}],"wp:attachment":[{"href":"https:\/\/blogsaverroes.juntadeandalucia.es\/eicruzdejuarez\/wp-json\/wp\/v2\/media?parent=56"}],"curies":[{"name":"wp","href":"https:\/\/api.w.org\/{rel}","templated":true}]}}