{"id":58,"date":"2019-02-18T12:22:40","date_gmt":"2019-02-18T12:22:40","guid":{"rendered":"https:\/\/blogsaverroes.juntadeandalucia.es\/eicruzdejuarez\/?page_id=58"},"modified":"2025-06-27T09:37:19","modified_gmt":"2025-06-27T09:37:19","slug":"materiales-curriculares","status":"publish","type":"page","link":"https:\/\/blogsaverroes.juntadeandalucia.es\/eicruzdejuarez\/materiales-curriculares\/","title":{"rendered":"Materiales curriculares"},"content":{"rendered":"<p style=\"text-align: center\"><span style=\"font-size: 18pt\"><strong>MATERIALES CURRICULARES CURSO 2025\/2026<\/strong><\/span><\/p>\n<p><strong>NIVEL 3 A\u00d1OS:<\/strong><\/p>\n<ul>\n<li><strong>Proyecto de trabajo:<\/strong> <em>\u201cCu\u00e1ntas emociones\u201d <\/em>Editorial ANAYA. Preparados, listos, \u00a1ya! Nivel 1. ISBN 978-84-143-3735-6.<\/li>\n<li><strong>Religi\u00f3n<\/strong>: <em>\u201cS\u00edgueme\u201d<\/em>. Editorial ANAYA. Nivel 3 a\u00f1os. ISBN<\/li>\n<li><strong>Atenci\u00f3n educativa<\/strong> (si no cursa religi\u00f3n):\n<ul>\n<li><em>Pack de 3 cuentos con libro de actividades \u201c<\/em>Cuento y siento\u201d. Editorial ANAYA. ISBN 9788469877265\n<ul>\n<li><em>\u201cUn cuaderno de nubes\u201d<\/em> (alegr\u00eda).<\/li>\n<li><em>\u201cLa f\u00e1brica de las l\u00e1grimas\u201d<\/em> (tristeza).<\/li>\n<li><em>\u201cUn truco de miedo\u201d<\/em> (miedo).<\/li>\n<\/ul>\n<\/li>\n<\/ul>\n<\/li>\n<\/ul>\n<p>&nbsp;<\/p>\n<p><strong>NIVEL 4 A\u00d1OS:<\/strong><\/p>\n<ul>\n<li><strong>Proyecto de trabajo<\/strong>: <em>\u201c\u00bfC\u00f3mo funciona el cuerpo humano?\u201d<\/em>. Editorial Anaya. Preparados, listos, \u00a1ya! Nivel 2. ISBN 978-84-143-4390-6.<\/li>\n<li><strong>Religi\u00f3n<\/strong>: <em>\u201cS\u00edgueme\u201d<\/em>. Editorial ANAYA. Nivel 4 a\u00f1os. ISBN<\/li>\n<li><strong>Atenci\u00f3n educativa<\/strong> (si no cursa religi\u00f3n):\n<ul>\n<li><em>Pack de 3 cuentos con libro de actividades \u201c<\/em>Cuento y siento\u201d. Editorial ANAYA. ISBN 9788469877296\n<ul>\n<li><em>\u201cNo te enfades\u2026 \u00a1sopla!\u201d<\/em> (enfado).<\/li>\n<li><em>\u201cEl poder de la amistad\u201d<\/em> (amor).<\/li>\n<li><em>\u201c\u00a1Para ti!\u201d<\/em> (generosidad).<\/li>\n<\/ul>\n<\/li>\n<\/ul>\n<\/li>\n<\/ul>\n<p><strong>&nbsp;<\/strong><\/p>\n<p><strong>NIVEL 5 A\u00d1OS:<\/strong><\/p>\n<ul>\n<li><strong>Proyecto de trabajo: <\/strong><em>\u201cLos castillos\u201d.<\/em> Editorial ANAYA. Por proyectos. ISBN 978-84-667-8813-7<\/li>\n<li><strong>Proyecto de trabajo: <\/strong><em>\u201cLas flores\u201d.<\/em> Editorial ANAYA. Por proyectos. ISBN 978-84-667-8817-5<\/li>\n<li><strong>Religi\u00f3n: <\/strong><em>\u201cS\u00edgueme\u201d<\/em>. Editorial ANAYA. Nivel 5 a\u00f1os. ISBN9788414338261<\/li>\n<li><strong>Atenci\u00f3n educativa <\/strong>(si no cursa religi\u00f3n):\n<ul>\n<li><em>Pack de 3 cuentos con libro de actividades \u201c<\/em>Cuento y siento\u201d. Editorial ANAYA. ISBN 9788469877326\n<ul>\n<li><em>\u201cViolines contra dragones\u201d<\/em> (gratitud y verg\u00fcenza).<\/li>\n<li><em>\u201c\u00bfQu\u00e9 es eso? \u00a1Puaj!\u201d<\/em> (curiosidad y asco).<\/li>\n<li><em>\u201c\u00a1Ohhhh!\u201d <\/em>(envidia y admiraci\u00f3n).<\/li>\n<\/ul>\n<\/li>\n<\/ul>\n<\/li>\n<\/ul>\n","protected":false},"excerpt":{"rendered":"<p>MATERIALES CURRICULARES CURSO 2025\/2026 NIVEL 3 A\u00d1OS: Proyecto de trabajo: \u201cCu\u00e1ntas emociones\u201d Editorial ANAYA. Preparados, listos, \u00a1ya! Nivel 1. ISBN 978-84-143-3735-6. Religi\u00f3n: \u201cS\u00edgueme\u201d. Editorial ANAYA. Nivel 3 a\u00f1os. ISBN Atenci\u00f3n educativa (si no cursa religi\u00f3n): Pack de 3 cuentos con libro de actividades \u201cCuento y siento\u201d. Editorial ANAYA. ISBN 9788469877265 \u201cUn cuaderno de nubes\u201d (alegr\u00eda). &hellip; <\/p>\n<p><a class=\"more-link btn\" href=\"https:\/\/blogsaverroes.juntadeandalucia.es\/eicruzdejuarez\/materiales-curriculares\/\">Seguir leyendo<\/a><\/p>\n","protected":false},"author":7188,"featured_media":0,"parent":0,"menu_order":0,"comment_status":"closed","ping_status":"closed","template":"","meta":{"ngg_post_thumbnail":0,"footnotes":""},"aioseo_notices":[],"_links":{"self":[{"href":"https:\/\/blogsaverroes.juntadeandalucia.es\/eicruzdejuarez\/wp-json\/wp\/v2\/pages\/58"}],"collection":[{"href":"https:\/\/blogsaverroes.juntadeandalucia.es\/eicruzdejuarez\/wp-json\/wp\/v2\/pages"}],"about":[{"href":"https:\/\/blogsaverroes.juntadeandalucia.es\/eicruzdejuarez\/wp-json\/wp\/v2\/types\/page"}],"author":[{"embeddable":true,"href":"https:\/\/blogsaverroes.juntadeandalucia.es\/eicruzdejuarez\/wp-json\/wp\/v2\/users\/7188"}],"replies":[{"embeddable":true,"href":"https:\/\/blogsaverroes.juntadeandalucia.es\/eicruzdejuarez\/wp-json\/wp\/v2\/comments?post=58"}],"version-history":[{"count":27,"href":"https:\/\/blogsaverroes.juntadeandalucia.es\/eicruzdejuarez\/wp-json\/wp\/v2\/pages\/58\/revisions"}],"predecessor-version":[{"id":2319,"href":"https:\/\/blogsaverroes.juntadeandalucia.es\/eicruzdejuarez\/wp-json\/wp\/v2\/pages\/58\/revisions\/2319"}],"wp:attachment":[{"href":"https:\/\/blogsaverroes.juntadeandalucia.es\/eicruzdejuarez\/wp-json\/wp\/v2\/media?parent=58"}],"curies":[{"name":"wp","href":"https:\/\/api.w.org\/{rel}","templated":true}]}}