{"id":898,"date":"2020-06-29T20:18:09","date_gmt":"2020-06-29T20:18:09","guid":{"rendered":"https:\/\/blogsaverroes.juntadeandalucia.es\/eicruzdejuarez\/?page_id=898"},"modified":"2026-02-19T14:51:42","modified_gmt":"2026-02-19T14:51:42","slug":"biblioteca","status":"publish","type":"page","link":"https:\/\/blogsaverroes.juntadeandalucia.es\/eicruzdejuarez\/biblioteca\/","title":{"rendered":"BIBLIOTECA"},"content":{"rendered":"<p>En nuestra biblioteca utilizamos la metodolog\u00eda de ambientes de aprendizaje. Es el primero que hemos creado. Desde esta perspectiva, el espacio est\u00e1 dise\u00f1ado para ser mucho m\u00e1s que un lugar donde los ni\u00f1os toman libros prestados. Se convierte en un entorno din\u00e1mico y estimulante donde se promueve el amor por la lectura y el aprendizaje aut\u00f3nomo.<\/p>\n<p>El ambiente est\u00e1 organizado en diferentes zonas o rincones que fomentan la exploraci\u00f3n y la curiosidad. Tenemos rinc\u00f3n de relajaci\u00f3n para disfrutar de los libros, un \u00e1rea de lectura interactiva, un espacio para dramatizaci\u00f3n de historias, mesa de luz para crear historias incre\u00edbles, un rinc\u00f3n de letras y una zona de creaci\u00f3n art\u00edstica inspirada en los libros.&nbsp;<\/p>\n<p>Los ni\u00f1os tienen la libertad de moverse y elegir las actividades que m\u00e1s les interesen, lo cual promueve su autonom\u00eda y toma de decisiones. Desde esta perspectiva, las maestras, en lugar de dirigir cada actividad, actuamos como facilitadoras, observando y apoyando a los ni\u00f1os y ni\u00f1as en su proceso de descubrimiento y aprendizaje. Podemos guiar una discusi\u00f3n sobre una historia le\u00edda, ayudar en la dramatizaci\u00f3n de un cuento, o fomentar la creaci\u00f3n de obras de arte basadas en las lecturas.<\/p>\n<p>Esta metodolog\u00eda favorece el aprendizaje hol\u00edstico, ya que los ni\u00f1os y ni\u00f1as desarrollan habilidades ling\u00fc\u00edsticas, sociales, emocionales y cognitivas en un entorno rico en est\u00edmulos y experiencias. Adem\u00e1s, al integrar la lectura con otras actividades creativas y l\u00fadicas, se logra que los ni\u00f1os asocien la biblioteca con un lugar de disfrute y descubrimiento continuo, cultivando as\u00ed una actitud positiva hacia la lectura y el aprendizaje desde temprana edad.<\/p>\n<p><img loading=\"lazy\" decoding=\"async\" class=\"aligncenter wp-image-1941 size-medium\" src=\"https:\/\/blogsaverroes.juntadeandalucia.es\/eicruzdejuarez\/files\/2024\/05\/Copia-de-Diseno-sin-titulo-300x212.jpg\" alt=\"\" width=\"300\" height=\"212\" srcset=\"https:\/\/blogsaverroes.juntadeandalucia.es\/eicruzdejuarez\/files\/2024\/05\/Copia-de-Diseno-sin-titulo-300x212.jpg 300w, https:\/\/blogsaverroes.juntadeandalucia.es\/eicruzdejuarez\/files\/2024\/05\/Copia-de-Diseno-sin-titulo-1024x724.jpg 1024w, https:\/\/blogsaverroes.juntadeandalucia.es\/eicruzdejuarez\/files\/2024\/05\/Copia-de-Diseno-sin-titulo-768x543.jpg 768w, https:\/\/blogsaverroes.juntadeandalucia.es\/eicruzdejuarez\/files\/2024\/05\/Copia-de-Diseno-sin-titulo-1536x1086.jpg 1536w, https:\/\/blogsaverroes.juntadeandalucia.es\/eicruzdejuarez\/files\/2024\/05\/Copia-de-Diseno-sin-titulo.jpg 2000w\" sizes=\"(max-width: 300px) 100vw, 300px\" \/> <img loading=\"lazy\" decoding=\"async\" class=\"aligncenter wp-image-1940 size-medium\" src=\"https:\/\/blogsaverroes.juntadeandalucia.es\/eicruzdejuarez\/files\/2024\/05\/Diseno-sin-titulo-300x212.jpg\" alt=\"\" width=\"300\" height=\"212\" srcset=\"https:\/\/blogsaverroes.juntadeandalucia.es\/eicruzdejuarez\/files\/2024\/05\/Diseno-sin-titulo-300x212.jpg 300w, https:\/\/blogsaverroes.juntadeandalucia.es\/eicruzdejuarez\/files\/2024\/05\/Diseno-sin-titulo-1024x724.jpg 1024w, https:\/\/blogsaverroes.juntadeandalucia.es\/eicruzdejuarez\/files\/2024\/05\/Diseno-sin-titulo-768x543.jpg 768w, https:\/\/blogsaverroes.juntadeandalucia.es\/eicruzdejuarez\/files\/2024\/05\/Diseno-sin-titulo-1536x1086.jpg 1536w, https:\/\/blogsaverroes.juntadeandalucia.es\/eicruzdejuarez\/files\/2024\/05\/Diseno-sin-titulo.jpg 2000w\" sizes=\"(max-width: 300px) 100vw, 300px\" \/> <img loading=\"lazy\" decoding=\"async\" class=\"aligncenter wp-image-1939 size-medium\" src=\"https:\/\/blogsaverroes.juntadeandalucia.es\/eicruzdejuarez\/files\/2024\/05\/Copia-de-Diseno-sin-titulo-1-300x212.jpg\" alt=\"\" width=\"300\" height=\"212\" srcset=\"https:\/\/blogsaverroes.juntadeandalucia.es\/eicruzdejuarez\/files\/2024\/05\/Copia-de-Diseno-sin-titulo-1-300x212.jpg 300w, https:\/\/blogsaverroes.juntadeandalucia.es\/eicruzdejuarez\/files\/2024\/05\/Copia-de-Diseno-sin-titulo-1-1024x724.jpg 1024w, https:\/\/blogsaverroes.juntadeandalucia.es\/eicruzdejuarez\/files\/2024\/05\/Copia-de-Diseno-sin-titulo-1-768x543.jpg 768w, https:\/\/blogsaverroes.juntadeandalucia.es\/eicruzdejuarez\/files\/2024\/05\/Copia-de-Diseno-sin-titulo-1-1536x1086.jpg 1536w, https:\/\/blogsaverroes.juntadeandalucia.es\/eicruzdejuarez\/files\/2024\/05\/Copia-de-Diseno-sin-titulo-1.jpg 1600w\" sizes=\"(max-width: 300px) 100vw, 300px\" \/> <img loading=\"lazy\" decoding=\"async\" class=\"aligncenter wp-image-1938 size-medium\" src=\"https:\/\/blogsaverroes.juntadeandalucia.es\/eicruzdejuarez\/files\/2024\/05\/Copia-de-Copia-de-Diseno-sin-titulo-300x212.jpg\" alt=\"\" width=\"300\" height=\"212\" srcset=\"https:\/\/blogsaverroes.juntadeandalucia.es\/eicruzdejuarez\/files\/2024\/05\/Copia-de-Copia-de-Diseno-sin-titulo-300x212.jpg 300w, https:\/\/blogsaverroes.juntadeandalucia.es\/eicruzdejuarez\/files\/2024\/05\/Copia-de-Copia-de-Diseno-sin-titulo-1024x724.jpg 1024w, https:\/\/blogsaverroes.juntadeandalucia.es\/eicruzdejuarez\/files\/2024\/05\/Copia-de-Copia-de-Diseno-sin-titulo-768x543.jpg 768w, https:\/\/blogsaverroes.juntadeandalucia.es\/eicruzdejuarez\/files\/2024\/05\/Copia-de-Copia-de-Diseno-sin-titulo-1536x1086.jpg 1536w, https:\/\/blogsaverroes.juntadeandalucia.es\/eicruzdejuarez\/files\/2024\/05\/Copia-de-Copia-de-Diseno-sin-titulo.jpg 1600w\" sizes=\"(max-width: 300px) 100vw, 300px\" \/> <img loading=\"lazy\" decoding=\"async\" class=\"aligncenter wp-image-1937 size-medium\" src=\"https:\/\/blogsaverroes.juntadeandalucia.es\/eicruzdejuarez\/files\/2024\/05\/Copia-de-Copia-de-Copia-de-Diseno-sin-titulo-300x212.jpg\" alt=\"\" width=\"300\" height=\"212\" srcset=\"https:\/\/blogsaverroes.juntadeandalucia.es\/eicruzdejuarez\/files\/2024\/05\/Copia-de-Copia-de-Copia-de-Diseno-sin-titulo-300x212.jpg 300w, https:\/\/blogsaverroes.juntadeandalucia.es\/eicruzdejuarez\/files\/2024\/05\/Copia-de-Copia-de-Copia-de-Diseno-sin-titulo-1024x724.jpg 1024w, https:\/\/blogsaverroes.juntadeandalucia.es\/eicruzdejuarez\/files\/2024\/05\/Copia-de-Copia-de-Copia-de-Diseno-sin-titulo-768x543.jpg 768w, https:\/\/blogsaverroes.juntadeandalucia.es\/eicruzdejuarez\/files\/2024\/05\/Copia-de-Copia-de-Copia-de-Diseno-sin-titulo-1536x1086.jpg 1536w, https:\/\/blogsaverroes.juntadeandalucia.es\/eicruzdejuarez\/files\/2024\/05\/Copia-de-Copia-de-Copia-de-Diseno-sin-titulo.jpg 1600w\" sizes=\"(max-width: 300px) 100vw, 300px\" \/> <img loading=\"lazy\" decoding=\"async\" class=\"aligncenter wp-image-1936 size-medium\" src=\"https:\/\/blogsaverroes.juntadeandalucia.es\/eicruzdejuarez\/files\/2024\/05\/Copia-de-Copia-de-Copia-de-Copia-de-Diseno-sin-titulo-300x212.jpg\" alt=\"\" width=\"300\" height=\"212\" srcset=\"https:\/\/blogsaverroes.juntadeandalucia.es\/eicruzdejuarez\/files\/2024\/05\/Copia-de-Copia-de-Copia-de-Copia-de-Diseno-sin-titulo-300x212.jpg 300w, https:\/\/blogsaverroes.juntadeandalucia.es\/eicruzdejuarez\/files\/2024\/05\/Copia-de-Copia-de-Copia-de-Copia-de-Diseno-sin-titulo-1024x724.jpg 1024w, https:\/\/blogsaverroes.juntadeandalucia.es\/eicruzdejuarez\/files\/2024\/05\/Copia-de-Copia-de-Copia-de-Copia-de-Diseno-sin-titulo-768x543.jpg 768w, https:\/\/blogsaverroes.juntadeandalucia.es\/eicruzdejuarez\/files\/2024\/05\/Copia-de-Copia-de-Copia-de-Copia-de-Diseno-sin-titulo-1536x1086.jpg 1536w, https:\/\/blogsaverroes.juntadeandalucia.es\/eicruzdejuarez\/files\/2024\/05\/Copia-de-Copia-de-Copia-de-Copia-de-Diseno-sin-titulo.jpg 1600w\" sizes=\"(max-width: 300px) 100vw, 300px\" \/> <img loading=\"lazy\" decoding=\"async\" class=\"aligncenter wp-image-1935 size-medium\" src=\"https:\/\/blogsaverroes.juntadeandalucia.es\/eicruzdejuarez\/files\/2024\/05\/Copia-de-Copia-de-Copia-de-Copia-de-Copia-de-Diseno-sin-titulo-300x212.jpg\" alt=\"\" width=\"300\" height=\"212\" srcset=\"https:\/\/blogsaverroes.juntadeandalucia.es\/eicruzdejuarez\/files\/2024\/05\/Copia-de-Copia-de-Copia-de-Copia-de-Copia-de-Diseno-sin-titulo-300x212.jpg 300w, https:\/\/blogsaverroes.juntadeandalucia.es\/eicruzdejuarez\/files\/2024\/05\/Copia-de-Copia-de-Copia-de-Copia-de-Copia-de-Diseno-sin-titulo-1024x724.jpg 1024w, https:\/\/blogsaverroes.juntadeandalucia.es\/eicruzdejuarez\/files\/2024\/05\/Copia-de-Copia-de-Copia-de-Copia-de-Copia-de-Diseno-sin-titulo-768x543.jpg 768w, https:\/\/blogsaverroes.juntadeandalucia.es\/eicruzdejuarez\/files\/2024\/05\/Copia-de-Copia-de-Copia-de-Copia-de-Copia-de-Diseno-sin-titulo-1536x1086.jpg 1536w, https:\/\/blogsaverroes.juntadeandalucia.es\/eicruzdejuarez\/files\/2024\/05\/Copia-de-Copia-de-Copia-de-Copia-de-Copia-de-Diseno-sin-titulo.jpg 1600w\" sizes=\"(max-width: 300px) 100vw, 300px\" \/> <img loading=\"lazy\" decoding=\"async\" class=\"aligncenter wp-image-1934 size-medium\" src=\"https:\/\/blogsaverroes.juntadeandalucia.es\/eicruzdejuarez\/files\/2024\/05\/Copia-de-Copia-de-Copia-de-Copia-de-Copia-de-Copia-de-Copia-de-Diseno-sin-titulo-300x212.jpg\" alt=\"\" width=\"300\" height=\"212\" srcset=\"https:\/\/blogsaverroes.juntadeandalucia.es\/eicruzdejuarez\/files\/2024\/05\/Copia-de-Copia-de-Copia-de-Copia-de-Copia-de-Copia-de-Copia-de-Diseno-sin-titulo-300x212.jpg 300w, https:\/\/blogsaverroes.juntadeandalucia.es\/eicruzdejuarez\/files\/2024\/05\/Copia-de-Copia-de-Copia-de-Copia-de-Copia-de-Copia-de-Copia-de-Diseno-sin-titulo-1024x724.jpg 1024w, https:\/\/blogsaverroes.juntadeandalucia.es\/eicruzdejuarez\/files\/2024\/05\/Copia-de-Copia-de-Copia-de-Copia-de-Copia-de-Copia-de-Copia-de-Diseno-sin-titulo-768x543.jpg 768w, https:\/\/blogsaverroes.juntadeandalucia.es\/eicruzdejuarez\/files\/2024\/05\/Copia-de-Copia-de-Copia-de-Copia-de-Copia-de-Copia-de-Copia-de-Diseno-sin-titulo-1536x1086.jpg 1536w, https:\/\/blogsaverroes.juntadeandalucia.es\/eicruzdejuarez\/files\/2024\/05\/Copia-de-Copia-de-Copia-de-Copia-de-Copia-de-Copia-de-Copia-de-Diseno-sin-titulo.jpg 1600w\" sizes=\"(max-width: 300px) 100vw, 300px\" \/> <img loading=\"lazy\" decoding=\"async\" class=\"aligncenter wp-image-1933 size-medium\" src=\"https:\/\/blogsaverroes.juntadeandalucia.es\/eicruzdejuarez\/files\/2024\/05\/Copia-de-Copia-de-Copia-de-Copia-de-Copia-de-Copia-de-Diseno-sin-titulo-300x212.jpg\" alt=\"\" width=\"300\" height=\"212\" srcset=\"https:\/\/blogsaverroes.juntadeandalucia.es\/eicruzdejuarez\/files\/2024\/05\/Copia-de-Copia-de-Copia-de-Copia-de-Copia-de-Copia-de-Diseno-sin-titulo-300x212.jpg 300w, https:\/\/blogsaverroes.juntadeandalucia.es\/eicruzdejuarez\/files\/2024\/05\/Copia-de-Copia-de-Copia-de-Copia-de-Copia-de-Copia-de-Diseno-sin-titulo-1024x724.jpg 1024w, https:\/\/blogsaverroes.juntadeandalucia.es\/eicruzdejuarez\/files\/2024\/05\/Copia-de-Copia-de-Copia-de-Copia-de-Copia-de-Copia-de-Diseno-sin-titulo-768x543.jpg 768w, https:\/\/blogsaverroes.juntadeandalucia.es\/eicruzdejuarez\/files\/2024\/05\/Copia-de-Copia-de-Copia-de-Copia-de-Copia-de-Copia-de-Diseno-sin-titulo-1536x1086.jpg 1536w, https:\/\/blogsaverroes.juntadeandalucia.es\/eicruzdejuarez\/files\/2024\/05\/Copia-de-Copia-de-Copia-de-Copia-de-Copia-de-Copia-de-Diseno-sin-titulo.jpg 1600w\" sizes=\"(max-width: 300px) 100vw, 300px\" \/> <img loading=\"lazy\" decoding=\"async\" class=\"aligncenter wp-image-1932 size-medium\" src=\"https:\/\/blogsaverroes.juntadeandalucia.es\/eicruzdejuarez\/files\/2024\/05\/Copia-de-Copia-de-Copia-de-Copia-de-Copia-de-Copia-de-Copia-de-Copia-de-Diseno-sin-titulo-300x212.jpg\" alt=\"\" width=\"300\" height=\"212\" srcset=\"https:\/\/blogsaverroes.juntadeandalucia.es\/eicruzdejuarez\/files\/2024\/05\/Copia-de-Copia-de-Copia-de-Copia-de-Copia-de-Copia-de-Copia-de-Copia-de-Diseno-sin-titulo-300x212.jpg 300w, https:\/\/blogsaverroes.juntadeandalucia.es\/eicruzdejuarez\/files\/2024\/05\/Copia-de-Copia-de-Copia-de-Copia-de-Copia-de-Copia-de-Copia-de-Copia-de-Diseno-sin-titulo-1024x724.jpg 1024w, https:\/\/blogsaverroes.juntadeandalucia.es\/eicruzdejuarez\/files\/2024\/05\/Copia-de-Copia-de-Copia-de-Copia-de-Copia-de-Copia-de-Copia-de-Copia-de-Diseno-sin-titulo-768x543.jpg 768w, https:\/\/blogsaverroes.juntadeandalucia.es\/eicruzdejuarez\/files\/2024\/05\/Copia-de-Copia-de-Copia-de-Copia-de-Copia-de-Copia-de-Copia-de-Copia-de-Diseno-sin-titulo-1536x1086.jpg 1536w, https:\/\/blogsaverroes.juntadeandalucia.es\/eicruzdejuarez\/files\/2024\/05\/Copia-de-Copia-de-Copia-de-Copia-de-Copia-de-Copia-de-Copia-de-Copia-de-Diseno-sin-titulo.jpg 1600w\" sizes=\"(max-width: 300px) 100vw, 300px\" \/> <img loading=\"lazy\" decoding=\"async\" class=\"aligncenter wp-image-1931 size-medium\" src=\"https:\/\/blogsaverroes.juntadeandalucia.es\/eicruzdejuarez\/files\/2024\/05\/Copia-de-Copia-de-Copia-de-Copia-de-Copia-de-Copia-de-Copia-de-Copia-de-Copia-de-Copia-de-Diseno-sin-titulo-300x212.jpg\" alt=\"\" width=\"300\" height=\"212\" srcset=\"https:\/\/blogsaverroes.juntadeandalucia.es\/eicruzdejuarez\/files\/2024\/05\/Copia-de-Copia-de-Copia-de-Copia-de-Copia-de-Copia-de-Copia-de-Copia-de-Copia-de-Copia-de-Diseno-sin-titulo-300x212.jpg 300w, https:\/\/blogsaverroes.juntadeandalucia.es\/eicruzdejuarez\/files\/2024\/05\/Copia-de-Copia-de-Copia-de-Copia-de-Copia-de-Copia-de-Copia-de-Copia-de-Copia-de-Copia-de-Diseno-sin-titulo-1024x724.jpg 1024w, https:\/\/blogsaverroes.juntadeandalucia.es\/eicruzdejuarez\/files\/2024\/05\/Copia-de-Copia-de-Copia-de-Copia-de-Copia-de-Copia-de-Copia-de-Copia-de-Copia-de-Copia-de-Diseno-sin-titulo-768x543.jpg 768w, https:\/\/blogsaverroes.juntadeandalucia.es\/eicruzdejuarez\/files\/2024\/05\/Copia-de-Copia-de-Copia-de-Copia-de-Copia-de-Copia-de-Copia-de-Copia-de-Copia-de-Copia-de-Diseno-sin-titulo-1536x1086.jpg 1536w, https:\/\/blogsaverroes.juntadeandalucia.es\/eicruzdejuarez\/files\/2024\/05\/Copia-de-Copia-de-Copia-de-Copia-de-Copia-de-Copia-de-Copia-de-Copia-de-Copia-de-Copia-de-Diseno-sin-titulo.jpg 1600w\" sizes=\"(max-width: 300px) 100vw, 300px\" \/> <img loading=\"lazy\" decoding=\"async\" class=\"aligncenter wp-image-1930 size-medium\" src=\"https:\/\/blogsaverroes.juntadeandalucia.es\/eicruzdejuarez\/files\/2024\/05\/Copia-de-Copia-de-Copia-de-Copia-de-Copia-de-Copia-de-Copia-de-Copia-de-Copia-de-Copia-de-Copia-de-Diseno-sin-titulo-300x212.jpg\" alt=\"\" width=\"300\" height=\"212\" srcset=\"https:\/\/blogsaverroes.juntadeandalucia.es\/eicruzdejuarez\/files\/2024\/05\/Copia-de-Copia-de-Copia-de-Copia-de-Copia-de-Copia-de-Copia-de-Copia-de-Copia-de-Copia-de-Copia-de-Diseno-sin-titulo-300x212.jpg 300w, https:\/\/blogsaverroes.juntadeandalucia.es\/eicruzdejuarez\/files\/2024\/05\/Copia-de-Copia-de-Copia-de-Copia-de-Copia-de-Copia-de-Copia-de-Copia-de-Copia-de-Copia-de-Copia-de-Diseno-sin-titulo-1024x724.jpg 1024w, https:\/\/blogsaverroes.juntadeandalucia.es\/eicruzdejuarez\/files\/2024\/05\/Copia-de-Copia-de-Copia-de-Copia-de-Copia-de-Copia-de-Copia-de-Copia-de-Copia-de-Copia-de-Copia-de-Diseno-sin-titulo-768x543.jpg 768w, https:\/\/blogsaverroes.juntadeandalucia.es\/eicruzdejuarez\/files\/2024\/05\/Copia-de-Copia-de-Copia-de-Copia-de-Copia-de-Copia-de-Copia-de-Copia-de-Copia-de-Copia-de-Copia-de-Diseno-sin-titulo-1536x1086.jpg 1536w, https:\/\/blogsaverroes.juntadeandalucia.es\/eicruzdejuarez\/files\/2024\/05\/Copia-de-Copia-de-Copia-de-Copia-de-Copia-de-Copia-de-Copia-de-Copia-de-Copia-de-Copia-de-Copia-de-Diseno-sin-titulo.jpg 1600w\" sizes=\"(max-width: 300px) 100vw, 300px\" \/> <img loading=\"lazy\" decoding=\"async\" class=\"aligncenter wp-image-1929 size-medium\" src=\"https:\/\/blogsaverroes.juntadeandalucia.es\/eicruzdejuarez\/files\/2024\/05\/Copia-de-Copia-de-Copia-de-Copia-de-Copia-de-Copia-de-Copia-de-Copia-de-Copia-de-Diseno-sin-titulo-300x212.jpg\" alt=\"\" width=\"300\" height=\"212\" srcset=\"https:\/\/blogsaverroes.juntadeandalucia.es\/eicruzdejuarez\/files\/2024\/05\/Copia-de-Copia-de-Copia-de-Copia-de-Copia-de-Copia-de-Copia-de-Copia-de-Copia-de-Diseno-sin-titulo-300x212.jpg 300w, https:\/\/blogsaverroes.juntadeandalucia.es\/eicruzdejuarez\/files\/2024\/05\/Copia-de-Copia-de-Copia-de-Copia-de-Copia-de-Copia-de-Copia-de-Copia-de-Copia-de-Diseno-sin-titulo-1024x724.jpg 1024w, https:\/\/blogsaverroes.juntadeandalucia.es\/eicruzdejuarez\/files\/2024\/05\/Copia-de-Copia-de-Copia-de-Copia-de-Copia-de-Copia-de-Copia-de-Copia-de-Copia-de-Diseno-sin-titulo-768x543.jpg 768w, https:\/\/blogsaverroes.juntadeandalucia.es\/eicruzdejuarez\/files\/2024\/05\/Copia-de-Copia-de-Copia-de-Copia-de-Copia-de-Copia-de-Copia-de-Copia-de-Copia-de-Diseno-sin-titulo-1536x1086.jpg 1536w, https:\/\/blogsaverroes.juntadeandalucia.es\/eicruzdejuarez\/files\/2024\/05\/Copia-de-Copia-de-Copia-de-Copia-de-Copia-de-Copia-de-Copia-de-Copia-de-Copia-de-Diseno-sin-titulo.jpg 1600w\" sizes=\"(max-width: 300px) 100vw, 300px\" \/><\/p>\n<p>&nbsp;<\/p>\n<h1 style=\"text-align: center\"><span style=\"font-size: 24pt\">Conoce nuestra colecci\u00f3n aqu\u00ed: <strong><a title=\"Biblioteca de centro\" href=\"https:\/\/seneca.juntadeandalucia.es\/seneca\/biblioweb\/catalogo\/14600644\" target=\"_blank\" rel=\"noopener noreferrer\">Biblioteca de centro<\/a><\/strong><\/span><\/h1>\n<p>&nbsp;<\/p>\n<p style=\"text-align: center\"><span style=\"font-size: 36pt;color: #333399\"><strong>ADEM\u00c1S&#8230;<\/strong><\/span><\/p>\n<p style=\"text-align: center\"><strong>CLUB DE LECTURA ESCUELA INFANTIL CRUZ DE JU\u00c1REZ<\/strong><\/p>\n<p><img loading=\"lazy\" decoding=\"async\" class=\"aligncenter wp-image-2377\" src=\"https:\/\/blogsaverroes.juntadeandalucia.es\/eicruzdejuarez\/files\/2025\/10\/INFO-CLUB-DE-LECTURA.jpg\" alt=\"\" width=\"392\" height=\"490\" srcset=\"https:\/\/blogsaverroes.juntadeandalucia.es\/eicruzdejuarez\/files\/2025\/10\/INFO-CLUB-DE-LECTURA.jpg 1080w, https:\/\/blogsaverroes.juntadeandalucia.es\/eicruzdejuarez\/files\/2025\/10\/INFO-CLUB-DE-LECTURA-240x300.jpg 240w, https:\/\/blogsaverroes.juntadeandalucia.es\/eicruzdejuarez\/files\/2025\/10\/INFO-CLUB-DE-LECTURA-819x1024.jpg 819w, https:\/\/blogsaverroes.juntadeandalucia.es\/eicruzdejuarez\/files\/2025\/10\/INFO-CLUB-DE-LECTURA-768x960.jpg 768w, https:\/\/blogsaverroes.juntadeandalucia.es\/eicruzdejuarez\/files\/2025\/10\/INFO-CLUB-DE-LECTURA-750x938.jpg 750w\" sizes=\"(max-width: 392px) 100vw, 392px\" \/><\/p>\n<p style=\"text-align: center\"><a href=\"https:\/\/docs.google.com\/forms\/d\/e\/1FAIpQLSfEn-j6XsAwZMYpmJTc8fqEJL2-TZcD92Dle3Sfirq7a92eiQ\/viewform\">Pincha aqu\u00ed para inscribirte: CLUB DE LECTURA en nuestra biblioteca<\/a><\/p>\n<p>&nbsp;<\/p>\n<p style=\"text-align: center\"><span style=\"font-size: 24pt\"><strong>Y PARA ESTAR INFORMADO\/A ACERCA DE NUESTRO CLUB DE LECTURA&#8230;.<\/strong><\/span><\/p>\n<p style=\"text-align: center\"><a href=\"https:\/\/miclubdelecturamola.blogspot.com\/\"><span style=\"font-size: 18pt;color: #ff0000\"><strong>VISITA NUETRO BLOG PINCHANDO AQU\u00cd<\/strong><\/span><\/a><\/p>\n","protected":false},"excerpt":{"rendered":"<p>En nuestra biblioteca utilizamos la metodolog\u00eda de ambientes de aprendizaje. Es el primero que hemos creado. Desde esta perspectiva, el espacio est\u00e1 dise\u00f1ado para ser mucho m\u00e1s que un lugar donde los ni\u00f1os toman libros prestados. Se convierte en un entorno din\u00e1mico y estimulante donde se promueve el amor por la lectura y el aprendizaje &hellip; <\/p>\n<p><a class=\"more-link btn\" href=\"https:\/\/blogsaverroes.juntadeandalucia.es\/eicruzdejuarez\/biblioteca\/\">Seguir leyendo<\/a><\/p>\n","protected":false},"author":7188,"featured_media":0,"parent":0,"menu_order":0,"comment_status":"closed","ping_status":"closed","template":"","meta":{"ngg_post_thumbnail":0,"footnotes":""},"aioseo_notices":[],"_links":{"self":[{"href":"https:\/\/blogsaverroes.juntadeandalucia.es\/eicruzdejuarez\/wp-json\/wp\/v2\/pages\/898"}],"collection":[{"href":"https:\/\/blogsaverroes.juntadeandalucia.es\/eicruzdejuarez\/wp-json\/wp\/v2\/pages"}],"about":[{"href":"https:\/\/blogsaverroes.juntadeandalucia.es\/eicruzdejuarez\/wp-json\/wp\/v2\/types\/page"}],"author":[{"embeddable":true,"href":"https:\/\/blogsaverroes.juntadeandalucia.es\/eicruzdejuarez\/wp-json\/wp\/v2\/users\/7188"}],"replies":[{"embeddable":true,"href":"https:\/\/blogsaverroes.juntadeandalucia.es\/eicruzdejuarez\/wp-json\/wp\/v2\/comments?post=898"}],"version-history":[{"count":15,"href":"https:\/\/blogsaverroes.juntadeandalucia.es\/eicruzdejuarez\/wp-json\/wp\/v2\/pages\/898\/revisions"}],"predecessor-version":[{"id":2480,"href":"https:\/\/blogsaverroes.juntadeandalucia.es\/eicruzdejuarez\/wp-json\/wp\/v2\/pages\/898\/revisions\/2480"}],"wp:attachment":[{"href":"https:\/\/blogsaverroes.juntadeandalucia.es\/eicruzdejuarez\/wp-json\/wp\/v2\/media?parent=898"}],"curies":[{"name":"wp","href":"https:\/\/api.w.org\/{rel}","templated":true}]}}