{"id":10149,"date":"2020-10-21T16:34:43","date_gmt":"2020-10-21T15:34:43","guid":{"rendered":"https:\/\/blogsaverroes.juntadeandalucia.es\/eielcastillo\/?page_id=10149"},"modified":"2022-09-24T19:18:06","modified_gmt":"2022-09-24T18:18:06","slug":"pasen-ipasen","status":"publish","type":"page","link":"https:\/\/blogsaverroes.juntadeandalucia.es\/eielcastillo\/?page_id=10149","title":{"rendered":"PASEN \/  iPASEN"},"content":{"rendered":"<h2><span style=\"text-decoration: underline;color: #003300\"><strong>APLICACI\u00d3N PASEN-iPASEN<\/strong><\/span><\/h2>\n<p style=\"text-align: justify\"><a href=\"https:\/\/blogsaverroes.juntadeandalucia.es\/eielcastillo\/files\/2021\/06\/Imagen_nuevo-iPASEN.png\"><img loading=\"lazy\" decoding=\"async\" class=\"size-full wp-image-11210 alignleft\" src=\"https:\/\/blogsaverroes.juntadeandalucia.es\/eielcastillo\/files\/2021\/06\/Imagen_nuevo-iPASEN.png\" alt=\"\" width=\"121\" height=\"120\"><\/a>La Consejer\u00eda de Educaci\u00f3n de la Junta de Andaluc\u00eda dispone de un servicio que permite la comunicaci\u00f3n entre los distintos miembros de la comunidad educativa (tutores\/as legales, alumnado, cargos directivos y profesorado), se llama <strong><span style=\"color: #003300\">PASEN<\/span><\/strong>, si la utilizamos en el ordenador.<\/p>\n<h4><a href=\"https:\/\/seneca.juntadeandalucia.es\/seneca\/jsp\/portalpasen\/\">https:\/\/seneca.juntadeandalucia.es\/seneca\/jsp\/portalpasen\/<\/a><\/h4>\n<p>&nbsp;<\/p>\n<p>En el caso de utilizarla en el m\u00f3vil, seguramente m\u00e1s r\u00e1pido y&nbsp; pr\u00e1ctico, se llama <span style=\"color: #003300\"><strong>iPASEN.<\/strong><\/span><\/p>\n<p><a href=\"https:\/\/view.genial.ly\/62939f6ae3d3700018512d99\/presentation-descargar-ipasen\"><strong>Para descargarla te ayudamos con esta presentaci\u00f3n sencilla y de elaboraci\u00f3n propia.<\/strong><\/a><\/p>\n<p>&nbsp;<\/p>\n<p>Puedes ver este video de la p\u00e1gina de la consejer\u00eda de Educaci\u00f3n de la Junta de Andaluc\u00eda.<\/p>\n<p><iframe loading=\"lazy\" src=\"https:\/\/www.youtube.com\/embed\/oZAcWLRNFQ0\" width=\"640\" height=\"362\" frameborder=\"0\"><span style=\"width: 0px;overflow: hidden;line-height: 0\" data-mce-type=\"bookmark\" class=\"mce_SELRES_start\">\ufeff<\/span><\/iframe>&nbsp;<\/p>\n<p>&nbsp;<\/p>\n<p style=\"text-align: justify\">&nbsp;Este servicio de valor a\u00f1adido se apoya en una aplicaci\u00f3n Web que act\u00faa de canal de comunicaci\u00f3n y que ofrece a todos los agentes de la Comunidad Educativa la posibilidad de mantener un di\u00e1logo fluido y cotidiano, a\u00fan para aquellos que por diversos motivos, ya sean personales, laborales o de cualquier otro origen, no puedan llevarlo a cabo del modo tradicional.<\/p>\n<p style=\"text-align: justify\"><strong>iPASEN<\/strong>&nbsp; es un canal a trav\u00e9s del que todos nuestros datos van a estar mucho m\u00e1s seguros, ofrece una serie de funcionalidades que podemos encontrar en la web de la Consejer\u00eda de Educaci\u00f3n.<\/p>\n<p style=\"text-align: justify\">Hablamos de una aplicaci\u00f3n oficial, en la que aparecer\u00e1n todos los hijos o hijas que tengamos escolarizados en el centro que sea de nuestra comunidad aut\u00f3noma.<\/p>\n<p><span style=\"color: #008000\"><strong>Desde nuestro centro, para facilitar a las familias, el conocimiento de iPASEN y que puedan desarrollar determinadas actuaciones b\u00b4sicas, hemos hecho estos manuales sencillos:<\/strong><\/span><\/p>\n<ul>\n<li>Manual: <a href=\"https:\/\/blogsaverroes.juntadeandalucia.es\/eielcastillo\/files\/2022\/09\/Manual_ComunicarAusencia_iPASEN.pdf\">&#8220;\u00bfC\u00f3mo justificar una ausencia ya registrada por el tutor\/a o c\u00f3mo comunicar una ausencia antes de que se produzca?&#8221;<\/a><\/li>\n<li>Manual: <a href=\"https:\/\/blogsaverroes.juntadeandalucia.es\/eielcastillo\/files\/2022\/09\/Manual_Autorizaciones-firmas_iPASEN.pdf\">&#8220;\u00bfC\u00f3mo firmar una autorizaci\u00f3n, por ejemplo de salida del centro?&#8221;<\/a><\/li>\n<li>Manual: <a href=\"https:\/\/blogsaverroes.juntadeandalucia.es\/eielcastillo\/files\/2022\/09\/Manual_AutorizacionesRecogidaMenores_iPASEN.pdf\">&#8220;\u00bfC\u00f3mo registrar a adultos autorizados para recoger a mi hijo\/a?&#8221;<\/a><\/li>\n<\/ul>\n","protected":false},"excerpt":{"rendered":"<p>APLICACI\u00d3N PASEN-iPASEN La Consejer\u00eda de Educaci\u00f3n de la Junta de Andaluc\u00eda dispone de un servicio que permite la comunicaci\u00f3n entre los distintos miembros de la&hellip;<\/p>\n","protected":false},"author":3249,"featured_media":0,"parent":0,"menu_order":0,"comment_status":"closed","ping_status":"closed","template":"","meta":{"ngg_post_thumbnail":0,"footnotes":"","_mc_calendar":[]},"aioseo_notices":[],"_links":{"self":[{"href":"https:\/\/blogsaverroes.juntadeandalucia.es\/eielcastillo\/index.php?rest_route=\/wp\/v2\/pages\/10149"}],"collection":[{"href":"https:\/\/blogsaverroes.juntadeandalucia.es\/eielcastillo\/index.php?rest_route=\/wp\/v2\/pages"}],"about":[{"href":"https:\/\/blogsaverroes.juntadeandalucia.es\/eielcastillo\/index.php?rest_route=\/wp\/v2\/types\/page"}],"author":[{"embeddable":true,"href":"https:\/\/blogsaverroes.juntadeandalucia.es\/eielcastillo\/index.php?rest_route=\/wp\/v2\/users\/3249"}],"replies":[{"embeddable":true,"href":"https:\/\/blogsaverroes.juntadeandalucia.es\/eielcastillo\/index.php?rest_route=%2Fwp%2Fv2%2Fcomments&post=10149"}],"version-history":[{"count":18,"href":"https:\/\/blogsaverroes.juntadeandalucia.es\/eielcastillo\/index.php?rest_route=\/wp\/v2\/pages\/10149\/revisions"}],"predecessor-version":[{"id":13641,"href":"https:\/\/blogsaverroes.juntadeandalucia.es\/eielcastillo\/index.php?rest_route=\/wp\/v2\/pages\/10149\/revisions\/13641"}],"wp:attachment":[{"href":"https:\/\/blogsaverroes.juntadeandalucia.es\/eielcastillo\/index.php?rest_route=%2Fwp%2Fv2%2Fmedia&parent=10149"}],"curies":[{"name":"wp","href":"https:\/\/api.w.org\/{rel}","templated":true}]}}