{"id":10227,"date":"2020-11-07T21:21:43","date_gmt":"2020-11-07T20:21:43","guid":{"rendered":"https:\/\/blogsaverroes.juntadeandalucia.es\/eielcastillo\/?page_id=10227"},"modified":"2022-07-26T19:58:55","modified_gmt":"2022-07-26T18:58:55","slug":"actividades-octubre-2020","status":"publish","type":"page","link":"https:\/\/blogsaverroes.juntadeandalucia.es\/eielcastillo\/?page_id=10227","title":{"rendered":"Actividades octubre 2020"},"content":{"rendered":"<div class=\"entry-content cf\">\n<h5 style=\"text-align: justify\">El centro, una vez aprobado por los \u00f3rganos de coordinaci\u00f3n docente,&nbsp; publicar\u00e1 cada mes&nbsp; unos carteles informativos donde se har\u00e1 referencia a las actividades complementarias que se prevean. Esa informaci\u00f3n la comparte primero el jefe de estudios con las madres delegadas, despu\u00e9s se suele trasladar a las familias, lo haremos a trav\u00e9s de Pasen\/iPasen.<\/h5>\n<h5 style=\"text-align: justify\">&nbsp;&nbsp; En esta p\u00e1gina web tendr\u00e1n oportunidad de acceder a los referidos carteles y a algunas im\u00e1genes tomadas a t\u00edtulo informativo para la comunidad educativa, siempre en los t\u00e9rminos establecidos en el Plan de Centro.<\/h5>\n<p>&nbsp; <a href=\"https:\/\/blogsaverroes.juntadeandalucia.es\/eielcastillo\/?page_id=3201\"><img loading=\"lazy\" decoding=\"async\" class=\" wp-image-5513 alignleft\" src=\"https:\/\/blogsaverroes.juntadeandalucia.es\/eielcastillo\/files\/2018\/08\/Boton-acceso-albumdeimagenes.jpg\" alt=\"\" width=\"141\" height=\"71\" srcset=\"https:\/\/blogsaverroes.juntadeandalucia.es\/eielcastillo\/files\/2018\/08\/Boton-acceso-albumdeimagenes.jpg 283w, https:\/\/blogsaverroes.juntadeandalucia.es\/eielcastillo\/files\/2018\/08\/Boton-acceso-albumdeimagenes-280x142.jpg 280w, https:\/\/blogsaverroes.juntadeandalucia.es\/eielcastillo\/files\/2018\/08\/Boton-acceso-albumdeimagenes-24x12.jpg 24w, https:\/\/blogsaverroes.juntadeandalucia.es\/eielcastillo\/files\/2018\/08\/Boton-acceso-albumdeimagenes-36x18.jpg 36w, https:\/\/blogsaverroes.juntadeandalucia.es\/eielcastillo\/files\/2018\/08\/Boton-acceso-albumdeimagenes-48x24.jpg 48w\" sizes=\"(max-width: 141px) 100vw, 141px\" \/><\/a> Con la finalizaci\u00f3n del curso, todas las im\u00e1genes recopiladas pasar\u00e1n a formar parte del <strong><a href=\"https:\/\/blogsaverroes.juntadeandalucia.es\/eielcastillo\/?page_id=8062\">\u00c1LBUM DE IM\u00c1GENES.<\/a><\/strong><\/p>\n<p>&nbsp;<\/p>\n<\/div>\n<h3><span style=\"color: #ff0000\"><strong>ACTIVIDADES COMPLEMENTARIAS&nbsp; OCTUBRE 2020<\/strong><\/span><\/h3>\n<p><a href=\"https:\/\/blogsaverroes.juntadeandalucia.es\/eielcastillo\/files\/2020\/11\/cartel_octubre2020.pdf\">Ver Cartel octubre 2020<\/a><em><br \/>\n<\/em><\/p>\n<hr>\n<p><span style=\"text-decoration: underline\"><span style=\"color: #0000ff;text-decoration: underline\">Videos de la decoraci\u00f3n del centro:<\/span><\/span><\/p>\n<p><iframe loading=\"lazy\" src=\"https:\/\/www.youtube.com\/embed\/cgUWgEGvQ7w\" width=\"640\" height=\"362\" frameborder=\"0\"><span style=\"width: 0px;overflow: hidden;line-height: 0\" data-mce-type=\"bookmark\" class=\"mce_SELRES_start\">\ufeff<\/span><\/iframe>&nbsp;<\/p>\n<p><iframe loading=\"lazy\" src=\"https:\/\/www.youtube.com\/embed\/o5mUHhaFi0g\" width=\"640\" height=\"362\" frameborder=\"0\"><span style=\"width: 0px;overflow: hidden;line-height: 0\" data-mce-type=\"bookmark\" class=\"mce_SELRES_start\">\ufeff<\/span><\/iframe>&nbsp;<\/p>\n<p><iframe loading=\"lazy\" src=\"https:\/\/www.youtube.com\/embed\/B-1T9tApNo0\" width=\"640\" height=\"362\" frameborder=\"0\"><span style=\"width: 0px;overflow: hidden;line-height: 0\" data-mce-type=\"bookmark\" class=\"mce_SELRES_start\">\ufeff<\/span><\/iframe>&nbsp;<\/p>\n<p>&nbsp;<\/p>\n<p><span style=\"text-decoration: underline\"><span style=\"color: #0000ff;text-decoration: underline\">Video actividad AMPA:<\/span><\/span><\/p>\n<p><iframe loading=\"lazy\" src=\"https:\/\/www.youtube.com\/embed\/V14hCFeYHNI\" width=\"640\" height=\"362\" frameborder=\"0\"><span style=\"width: 0px;overflow: hidden;line-height: 0\" data-mce-type=\"bookmark\" class=\"mce_SELRES_start\">\ufeff<\/span><\/iframe>&nbsp;<\/p>\n<p>&nbsp;<\/p>\n","protected":false},"excerpt":{"rendered":"<p>El centro, una vez aprobado por los \u00f3rganos de coordinaci\u00f3n docente,&nbsp; publicar\u00e1 cada mes&nbsp; unos carteles informativos donde se har\u00e1 referencia a las actividades complementarias&hellip;<\/p>\n","protected":false},"author":3249,"featured_media":0,"parent":10213,"menu_order":1,"comment_status":"closed","ping_status":"closed","template":"","meta":{"ngg_post_thumbnail":0,"footnotes":"","_mc_calendar":[]},"aioseo_notices":[],"_links":{"self":[{"href":"https:\/\/blogsaverroes.juntadeandalucia.es\/eielcastillo\/index.php?rest_route=\/wp\/v2\/pages\/10227"}],"collection":[{"href":"https:\/\/blogsaverroes.juntadeandalucia.es\/eielcastillo\/index.php?rest_route=\/wp\/v2\/pages"}],"about":[{"href":"https:\/\/blogsaverroes.juntadeandalucia.es\/eielcastillo\/index.php?rest_route=\/wp\/v2\/types\/page"}],"author":[{"embeddable":true,"href":"https:\/\/blogsaverroes.juntadeandalucia.es\/eielcastillo\/index.php?rest_route=\/wp\/v2\/users\/3249"}],"replies":[{"embeddable":true,"href":"https:\/\/blogsaverroes.juntadeandalucia.es\/eielcastillo\/index.php?rest_route=%2Fwp%2Fv2%2Fcomments&post=10227"}],"version-history":[{"count":12,"href":"https:\/\/blogsaverroes.juntadeandalucia.es\/eielcastillo\/index.php?rest_route=\/wp\/v2\/pages\/10227\/revisions"}],"predecessor-version":[{"id":13386,"href":"https:\/\/blogsaverroes.juntadeandalucia.es\/eielcastillo\/index.php?rest_route=\/wp\/v2\/pages\/10227\/revisions\/13386"}],"up":[{"embeddable":true,"href":"https:\/\/blogsaverroes.juntadeandalucia.es\/eielcastillo\/index.php?rest_route=\/wp\/v2\/pages\/10213"}],"wp:attachment":[{"href":"https:\/\/blogsaverroes.juntadeandalucia.es\/eielcastillo\/index.php?rest_route=%2Fwp%2Fv2%2Fmedia&parent=10227"}],"curies":[{"name":"wp","href":"https:\/\/api.w.org\/{rel}","templated":true}]}}