{"id":10879,"date":"2021-04-15T09:43:12","date_gmt":"2021-04-15T08:43:12","guid":{"rendered":"https:\/\/blogsaverroes.juntadeandalucia.es\/eielcastillo\/?page_id=10879"},"modified":"2022-07-26T19:52:09","modified_gmt":"2022-07-26T18:52:09","slug":"actividades-abril-2021","status":"publish","type":"page","link":"https:\/\/blogsaverroes.juntadeandalucia.es\/eielcastillo\/?page_id=10879","title":{"rendered":"Actividades abril 2021"},"content":{"rendered":"<div class=\"entry-content cf\">\n<h5 style=\"text-align: justify\">El centro, una vez aprobado por los \u00f3rganos de coordinaci\u00f3n docente,&nbsp; publicar\u00e1 cada mes&nbsp; unos carteles informativos donde se har\u00e1 referencia a las actividades complementarias que se prevean. Esa informaci\u00f3n la comparte primero el jefe de estudios con las madres delegadas, despu\u00e9s se suele trasladar a las familias, lo haremos a trav\u00e9s de Pasen\/iPasen.<\/h5>\n<h5 style=\"text-align: justify\">&nbsp;&nbsp; En esta p\u00e1gina web tendr\u00e1n oportunidad de acceder a los referidos carteles y a algunas im\u00e1genes tomadas a t\u00edtulo informativo para la comunidad educativa, siempre en los t\u00e9rminos establecidos en el Plan de Centro.<\/h5>\n<p>&nbsp; <a href=\"https:\/\/blogsaverroes.juntadeandalucia.es\/eielcastillo\/?page_id=3201\"><img loading=\"lazy\" decoding=\"async\" class=\" wp-image-5513 alignleft\" src=\"https:\/\/blogsaverroes.juntadeandalucia.es\/eielcastillo\/files\/2018\/08\/Boton-acceso-albumdeimagenes.jpg\" alt=\"\" width=\"141\" height=\"71\" srcset=\"https:\/\/blogsaverroes.juntadeandalucia.es\/eielcastillo\/files\/2018\/08\/Boton-acceso-albumdeimagenes.jpg 283w, https:\/\/blogsaverroes.juntadeandalucia.es\/eielcastillo\/files\/2018\/08\/Boton-acceso-albumdeimagenes-280x142.jpg 280w, https:\/\/blogsaverroes.juntadeandalucia.es\/eielcastillo\/files\/2018\/08\/Boton-acceso-albumdeimagenes-24x12.jpg 24w, https:\/\/blogsaverroes.juntadeandalucia.es\/eielcastillo\/files\/2018\/08\/Boton-acceso-albumdeimagenes-36x18.jpg 36w, https:\/\/blogsaverroes.juntadeandalucia.es\/eielcastillo\/files\/2018\/08\/Boton-acceso-albumdeimagenes-48x24.jpg 48w\" sizes=\"(max-width: 141px) 100vw, 141px\" \/><\/a> Con la finalizaci\u00f3n del curso, todas las im\u00e1genes recopiladas pasar\u00e1n a formar parte del <strong><a href=\"https:\/\/blogsaverroes.juntadeandalucia.es\/eielcastillo\/?page_id=8062\">\u00c1LBUM DE IM\u00c1GENES.<\/a><\/strong><\/p>\n<p>&nbsp;<\/p>\n<\/div>\n<h3><span style=\"color: #ff0000\"><strong>ACTIVIDADES COMPLEMENTARIAS&nbsp; ABRIL 2021<\/strong><\/span><\/h3>\n<p><a href=\"https:\/\/blogsaverroes.juntadeandalucia.es\/eielcastillo\/files\/2021\/04\/Cartel_abril2021.pdf\">Ver cartel abril 2021<\/a><\/p>\n<p>En la representaci\u00f3n del cuento &#8220;LA&nbsp; MALETA&#8221;<\/p>\n<p><a href=\"https:\/\/blogsaverroes.juntadeandalucia.es\/eielcastillo\/files\/2021\/04\/Imagen_post-dramatizacionLaMaleta.jpg\"><img loading=\"lazy\" decoding=\"async\" class=\"alignnone size-medium wp-image-10896\" src=\"https:\/\/blogsaverroes.juntadeandalucia.es\/eielcastillo\/files\/2021\/04\/Imagen_post-dramatizacionLaMaleta-300x225.jpg\" alt=\"\" width=\"300\" height=\"225\" srcset=\"https:\/\/blogsaverroes.juntadeandalucia.es\/eielcastillo\/files\/2021\/04\/Imagen_post-dramatizacionLaMaleta-300x225.jpg 300w, https:\/\/blogsaverroes.juntadeandalucia.es\/eielcastillo\/files\/2021\/04\/Imagen_post-dramatizacionLaMaleta-1024x768.jpg 1024w, https:\/\/blogsaverroes.juntadeandalucia.es\/eielcastillo\/files\/2021\/04\/Imagen_post-dramatizacionLaMaleta-768x576.jpg 768w, https:\/\/blogsaverroes.juntadeandalucia.es\/eielcastillo\/files\/2021\/04\/Imagen_post-dramatizacionLaMaleta-1536x1152.jpg 1536w, https:\/\/blogsaverroes.juntadeandalucia.es\/eielcastillo\/files\/2021\/04\/Imagen_post-dramatizacionLaMaleta.jpg 1600w\" sizes=\"(max-width: 300px) 100vw, 300px\" \/> <\/a><a href=\"https:\/\/blogsaverroes.juntadeandalucia.es\/eielcastillo\/files\/2021\/04\/Imagen_PACABR2021_01.jpg\"><img loading=\"lazy\" decoding=\"async\" class=\"alignnone size-medium wp-image-10898\" src=\"https:\/\/blogsaverroes.juntadeandalucia.es\/eielcastillo\/files\/2021\/04\/Imagen_PACABR2021_01-300x225.jpg\" alt=\"\" width=\"300\" height=\"225\" srcset=\"https:\/\/blogsaverroes.juntadeandalucia.es\/eielcastillo\/files\/2021\/04\/Imagen_PACABR2021_01-300x225.jpg 300w, https:\/\/blogsaverroes.juntadeandalucia.es\/eielcastillo\/files\/2021\/04\/Imagen_PACABR2021_01-1024x768.jpg 1024w, https:\/\/blogsaverroes.juntadeandalucia.es\/eielcastillo\/files\/2021\/04\/Imagen_PACABR2021_01-768x576.jpg 768w, https:\/\/blogsaverroes.juntadeandalucia.es\/eielcastillo\/files\/2021\/04\/Imagen_PACABR2021_01-1536x1152.jpg 1536w, https:\/\/blogsaverroes.juntadeandalucia.es\/eielcastillo\/files\/2021\/04\/Imagen_PACABR2021_01.jpg 1600w\" sizes=\"(max-width: 300px) 100vw, 300px\" \/><\/a><a href=\"https:\/\/blogsaverroes.juntadeandalucia.es\/eielcastillo\/files\/2021\/04\/Imagen_PACABR2021_02-scaled.jpg\"><img loading=\"lazy\" decoding=\"async\" class=\"alignnone size-medium wp-image-10899\" src=\"https:\/\/blogsaverroes.juntadeandalucia.es\/eielcastillo\/files\/2021\/04\/Imagen_PACABR2021_02-300x225.jpg\" alt=\"\" width=\"300\" height=\"225\" srcset=\"https:\/\/blogsaverroes.juntadeandalucia.es\/eielcastillo\/files\/2021\/04\/Imagen_PACABR2021_02-300x225.jpg 300w, https:\/\/blogsaverroes.juntadeandalucia.es\/eielcastillo\/files\/2021\/04\/Imagen_PACABR2021_02-1024x768.jpg 1024w, https:\/\/blogsaverroes.juntadeandalucia.es\/eielcastillo\/files\/2021\/04\/Imagen_PACABR2021_02-768x576.jpg 768w, https:\/\/blogsaverroes.juntadeandalucia.es\/eielcastillo\/files\/2021\/04\/Imagen_PACABR2021_02-1536x1152.jpg 1536w, https:\/\/blogsaverroes.juntadeandalucia.es\/eielcastillo\/files\/2021\/04\/Imagen_PACABR2021_02-2048x1536.jpg 2048w\" sizes=\"(max-width: 300px) 100vw, 300px\" \/><\/a><a href=\"https:\/\/blogsaverroes.juntadeandalucia.es\/eielcastillo\/files\/2021\/04\/Imagen_PACABR2021_03.jpg\"><img loading=\"lazy\" decoding=\"async\" class=\"alignnone size-medium wp-image-10900\" src=\"https:\/\/blogsaverroes.juntadeandalucia.es\/eielcastillo\/files\/2021\/04\/Imagen_PACABR2021_03-300x225.jpg\" alt=\"\" width=\"300\" height=\"225\" srcset=\"https:\/\/blogsaverroes.juntadeandalucia.es\/eielcastillo\/files\/2021\/04\/Imagen_PACABR2021_03-300x225.jpg 300w, https:\/\/blogsaverroes.juntadeandalucia.es\/eielcastillo\/files\/2021\/04\/Imagen_PACABR2021_03-1024x768.jpg 1024w, https:\/\/blogsaverroes.juntadeandalucia.es\/eielcastillo\/files\/2021\/04\/Imagen_PACABR2021_03-768x576.jpg 768w, https:\/\/blogsaverroes.juntadeandalucia.es\/eielcastillo\/files\/2021\/04\/Imagen_PACABR2021_03-1536x1152.jpg 1536w, https:\/\/blogsaverroes.juntadeandalucia.es\/eielcastillo\/files\/2021\/04\/Imagen_PACABR2021_03.jpg 1600w\" sizes=\"(max-width: 300px) 100vw, 300px\" \/> <\/a><a href=\"https:\/\/blogsaverroes.juntadeandalucia.es\/eielcastillo\/files\/2021\/04\/Imagen_PACABR2021_04.jpg\"><img loading=\"lazy\" decoding=\"async\" class=\"alignnone size-medium wp-image-10901\" src=\"https:\/\/blogsaverroes.juntadeandalucia.es\/eielcastillo\/files\/2021\/04\/Imagen_PACABR2021_04-300x225.jpg\" alt=\"\" width=\"300\" height=\"225\" srcset=\"https:\/\/blogsaverroes.juntadeandalucia.es\/eielcastillo\/files\/2021\/04\/Imagen_PACABR2021_04-300x225.jpg 300w, https:\/\/blogsaverroes.juntadeandalucia.es\/eielcastillo\/files\/2021\/04\/Imagen_PACABR2021_04-1024x768.jpg 1024w, https:\/\/blogsaverroes.juntadeandalucia.es\/eielcastillo\/files\/2021\/04\/Imagen_PACABR2021_04-768x576.jpg 768w, https:\/\/blogsaverroes.juntadeandalucia.es\/eielcastillo\/files\/2021\/04\/Imagen_PACABR2021_04-1536x1152.jpg 1536w, https:\/\/blogsaverroes.juntadeandalucia.es\/eielcastillo\/files\/2021\/04\/Imagen_PACABR2021_04.jpg 1600w\" sizes=\"(max-width: 300px) 100vw, 300px\" \/><\/a><a href=\"https:\/\/blogsaverroes.juntadeandalucia.es\/eielcastillo\/files\/2021\/04\/Imagen_PACABR2021_05.jpg\"><img loading=\"lazy\" decoding=\"async\" class=\"alignnone size-medium wp-image-10902\" src=\"https:\/\/blogsaverroes.juntadeandalucia.es\/eielcastillo\/files\/2021\/04\/Imagen_PACABR2021_05-300x225.jpg\" alt=\"\" width=\"300\" height=\"225\" srcset=\"https:\/\/blogsaverroes.juntadeandalucia.es\/eielcastillo\/files\/2021\/04\/Imagen_PACABR2021_05-300x225.jpg 300w, https:\/\/blogsaverroes.juntadeandalucia.es\/eielcastillo\/files\/2021\/04\/Imagen_PACABR2021_05-1024x768.jpg 1024w, https:\/\/blogsaverroes.juntadeandalucia.es\/eielcastillo\/files\/2021\/04\/Imagen_PACABR2021_05-768x576.jpg 768w, https:\/\/blogsaverroes.juntadeandalucia.es\/eielcastillo\/files\/2021\/04\/Imagen_PACABR2021_05-1536x1152.jpg 1536w, https:\/\/blogsaverroes.juntadeandalucia.es\/eielcastillo\/files\/2021\/04\/Imagen_PACABR2021_05.jpg 1600w\" sizes=\"(max-width: 300px) 100vw, 300px\" \/><\/a><a href=\"https:\/\/blogsaverroes.juntadeandalucia.es\/eielcastillo\/files\/2021\/04\/Imagen_PACABR2021_06.jpg\"><img loading=\"lazy\" decoding=\"async\" class=\"alignnone size-medium wp-image-10903\" src=\"https:\/\/blogsaverroes.juntadeandalucia.es\/eielcastillo\/files\/2021\/04\/Imagen_PACABR2021_06-300x225.jpg\" alt=\"\" width=\"300\" height=\"225\" srcset=\"https:\/\/blogsaverroes.juntadeandalucia.es\/eielcastillo\/files\/2021\/04\/Imagen_PACABR2021_06-300x225.jpg 300w, https:\/\/blogsaverroes.juntadeandalucia.es\/eielcastillo\/files\/2021\/04\/Imagen_PACABR2021_06-1024x768.jpg 1024w, https:\/\/blogsaverroes.juntadeandalucia.es\/eielcastillo\/files\/2021\/04\/Imagen_PACABR2021_06-768x576.jpg 768w, https:\/\/blogsaverroes.juntadeandalucia.es\/eielcastillo\/files\/2021\/04\/Imagen_PACABR2021_06-1536x1152.jpg 1536w, https:\/\/blogsaverroes.juntadeandalucia.es\/eielcastillo\/files\/2021\/04\/Imagen_PACABR2021_06.jpg 1600w\" sizes=\"(max-width: 300px) 100vw, 300px\" \/><\/a> <a href=\"https:\/\/blogsaverroes.juntadeandalucia.es\/eielcastillo\/files\/2021\/04\/Imagen_PACABR2021_07.jpg\"><img loading=\"lazy\" decoding=\"async\" class=\"alignnone size-medium wp-image-10904\" src=\"https:\/\/blogsaverroes.juntadeandalucia.es\/eielcastillo\/files\/2021\/04\/Imagen_PACABR2021_07-300x225.jpg\" alt=\"\" width=\"300\" height=\"225\" srcset=\"https:\/\/blogsaverroes.juntadeandalucia.es\/eielcastillo\/files\/2021\/04\/Imagen_PACABR2021_07-300x225.jpg 300w, https:\/\/blogsaverroes.juntadeandalucia.es\/eielcastillo\/files\/2021\/04\/Imagen_PACABR2021_07-1024x768.jpg 1024w, https:\/\/blogsaverroes.juntadeandalucia.es\/eielcastillo\/files\/2021\/04\/Imagen_PACABR2021_07-768x576.jpg 768w, https:\/\/blogsaverroes.juntadeandalucia.es\/eielcastillo\/files\/2021\/04\/Imagen_PACABR2021_07-1536x1152.jpg 1536w, https:\/\/blogsaverroes.juntadeandalucia.es\/eielcastillo\/files\/2021\/04\/Imagen_PACABR2021_07.jpg 1600w\" sizes=\"(max-width: 300px) 100vw, 300px\" \/><\/a> <a href=\"https:\/\/blogsaverroes.juntadeandalucia.es\/eielcastillo\/files\/2021\/04\/Imagen_PACABR2021_08.jpg\"><img loading=\"lazy\" decoding=\"async\" class=\"alignnone size-medium wp-image-10905\" src=\"https:\/\/blogsaverroes.juntadeandalucia.es\/eielcastillo\/files\/2021\/04\/Imagen_PACABR2021_08-300x225.jpg\" alt=\"\" width=\"300\" height=\"225\" srcset=\"https:\/\/blogsaverroes.juntadeandalucia.es\/eielcastillo\/files\/2021\/04\/Imagen_PACABR2021_08-300x225.jpg 300w, https:\/\/blogsaverroes.juntadeandalucia.es\/eielcastillo\/files\/2021\/04\/Imagen_PACABR2021_08-1024x768.jpg 1024w, https:\/\/blogsaverroes.juntadeandalucia.es\/eielcastillo\/files\/2021\/04\/Imagen_PACABR2021_08-768x576.jpg 768w, https:\/\/blogsaverroes.juntadeandalucia.es\/eielcastillo\/files\/2021\/04\/Imagen_PACABR2021_08-1536x1152.jpg 1536w, https:\/\/blogsaverroes.juntadeandalucia.es\/eielcastillo\/files\/2021\/04\/Imagen_PACABR2021_08.jpg 1600w\" sizes=\"(max-width: 300px) 100vw, 300px\" \/><\/a> <a href=\"https:\/\/blogsaverroes.juntadeandalucia.es\/eielcastillo\/files\/2021\/04\/Imagen_PACABR2021_09.jpg\"><img loading=\"lazy\" decoding=\"async\" class=\"alignnone size-medium wp-image-10906\" src=\"https:\/\/blogsaverroes.juntadeandalucia.es\/eielcastillo\/files\/2021\/04\/Imagen_PACABR2021_09-300x225.jpg\" alt=\"\" width=\"300\" height=\"225\" srcset=\"https:\/\/blogsaverroes.juntadeandalucia.es\/eielcastillo\/files\/2021\/04\/Imagen_PACABR2021_09-300x225.jpg 300w, https:\/\/blogsaverroes.juntadeandalucia.es\/eielcastillo\/files\/2021\/04\/Imagen_PACABR2021_09-1024x768.jpg 1024w, https:\/\/blogsaverroes.juntadeandalucia.es\/eielcastillo\/files\/2021\/04\/Imagen_PACABR2021_09-768x576.jpg 768w, https:\/\/blogsaverroes.juntadeandalucia.es\/eielcastillo\/files\/2021\/04\/Imagen_PACABR2021_09-1536x1152.jpg 1536w, https:\/\/blogsaverroes.juntadeandalucia.es\/eielcastillo\/files\/2021\/04\/Imagen_PACABR2021_09.jpg 1600w\" sizes=\"(max-width: 300px) 100vw, 300px\" \/><\/a> <a href=\"https:\/\/blogsaverroes.juntadeandalucia.es\/eielcastillo\/files\/2021\/04\/Imagen_PACABR2021_10.jpg\"><img loading=\"lazy\" decoding=\"async\" class=\"alignnone size-medium wp-image-10907\" src=\"https:\/\/blogsaverroes.juntadeandalucia.es\/eielcastillo\/files\/2021\/04\/Imagen_PACABR2021_10-300x225.jpg\" alt=\"\" width=\"300\" height=\"225\" srcset=\"https:\/\/blogsaverroes.juntadeandalucia.es\/eielcastillo\/files\/2021\/04\/Imagen_PACABR2021_10-300x225.jpg 300w, https:\/\/blogsaverroes.juntadeandalucia.es\/eielcastillo\/files\/2021\/04\/Imagen_PACABR2021_10-1024x768.jpg 1024w, https:\/\/blogsaverroes.juntadeandalucia.es\/eielcastillo\/files\/2021\/04\/Imagen_PACABR2021_10-768x576.jpg 768w, https:\/\/blogsaverroes.juntadeandalucia.es\/eielcastillo\/files\/2021\/04\/Imagen_PACABR2021_10-1536x1152.jpg 1536w, https:\/\/blogsaverroes.juntadeandalucia.es\/eielcastillo\/files\/2021\/04\/Imagen_PACABR2021_10.jpg 1600w\" sizes=\"(max-width: 300px) 100vw, 300px\" \/><\/a> <a href=\"https:\/\/blogsaverroes.juntadeandalucia.es\/eielcastillo\/files\/2021\/04\/Imagen_PACABR2021_11.jpg\"><img loading=\"lazy\" decoding=\"async\" class=\"alignnone size-medium wp-image-10908\" src=\"https:\/\/blogsaverroes.juntadeandalucia.es\/eielcastillo\/files\/2021\/04\/Imagen_PACABR2021_11-300x225.jpg\" alt=\"\" width=\"300\" height=\"225\" srcset=\"https:\/\/blogsaverroes.juntadeandalucia.es\/eielcastillo\/files\/2021\/04\/Imagen_PACABR2021_11-300x225.jpg 300w, https:\/\/blogsaverroes.juntadeandalucia.es\/eielcastillo\/files\/2021\/04\/Imagen_PACABR2021_11-1024x768.jpg 1024w, https:\/\/blogsaverroes.juntadeandalucia.es\/eielcastillo\/files\/2021\/04\/Imagen_PACABR2021_11-768x576.jpg 768w, https:\/\/blogsaverroes.juntadeandalucia.es\/eielcastillo\/files\/2021\/04\/Imagen_PACABR2021_11-1536x1152.jpg 1536w, https:\/\/blogsaverroes.juntadeandalucia.es\/eielcastillo\/files\/2021\/04\/Imagen_PACABR2021_11.jpg 1600w\" sizes=\"(max-width: 300px) 100vw, 300px\" \/><\/a> <a href=\"https:\/\/blogsaverroes.juntadeandalucia.es\/eielcastillo\/files\/2021\/04\/Imagen_PACABR2021_12.jpg\"><img loading=\"lazy\" decoding=\"async\" class=\"alignnone size-medium wp-image-10909\" src=\"https:\/\/blogsaverroes.juntadeandalucia.es\/eielcastillo\/files\/2021\/04\/Imagen_PACABR2021_12-300x225.jpg\" alt=\"\" width=\"300\" height=\"225\" srcset=\"https:\/\/blogsaverroes.juntadeandalucia.es\/eielcastillo\/files\/2021\/04\/Imagen_PACABR2021_12-300x225.jpg 300w, https:\/\/blogsaverroes.juntadeandalucia.es\/eielcastillo\/files\/2021\/04\/Imagen_PACABR2021_12-1024x768.jpg 1024w, https:\/\/blogsaverroes.juntadeandalucia.es\/eielcastillo\/files\/2021\/04\/Imagen_PACABR2021_12-768x576.jpg 768w, https:\/\/blogsaverroes.juntadeandalucia.es\/eielcastillo\/files\/2021\/04\/Imagen_PACABR2021_12-1536x1152.jpg 1536w, https:\/\/blogsaverroes.juntadeandalucia.es\/eielcastillo\/files\/2021\/04\/Imagen_PACABR2021_12.jpg 1600w\" sizes=\"(max-width: 300px) 100vw, 300px\" \/><\/a> <a href=\"https:\/\/blogsaverroes.juntadeandalucia.es\/eielcastillo\/files\/2021\/04\/Imagen_PACABR2021_13.jpg\"><img loading=\"lazy\" decoding=\"async\" class=\"alignnone size-medium wp-image-10910\" src=\"https:\/\/blogsaverroes.juntadeandalucia.es\/eielcastillo\/files\/2021\/04\/Imagen_PACABR2021_13-300x225.jpg\" alt=\"\" width=\"300\" height=\"225\" srcset=\"https:\/\/blogsaverroes.juntadeandalucia.es\/eielcastillo\/files\/2021\/04\/Imagen_PACABR2021_13-300x225.jpg 300w, https:\/\/blogsaverroes.juntadeandalucia.es\/eielcastillo\/files\/2021\/04\/Imagen_PACABR2021_13-1024x768.jpg 1024w, https:\/\/blogsaverroes.juntadeandalucia.es\/eielcastillo\/files\/2021\/04\/Imagen_PACABR2021_13-768x576.jpg 768w, https:\/\/blogsaverroes.juntadeandalucia.es\/eielcastillo\/files\/2021\/04\/Imagen_PACABR2021_13-1536x1152.jpg 1536w, https:\/\/blogsaverroes.juntadeandalucia.es\/eielcastillo\/files\/2021\/04\/Imagen_PACABR2021_13.jpg 1600w\" sizes=\"(max-width: 300px) 100vw, 300px\" \/><\/a> <a href=\"https:\/\/blogsaverroes.juntadeandalucia.es\/eielcastillo\/files\/2021\/04\/Imagen_PACABR2021_14.jpeg\"><img loading=\"lazy\" decoding=\"async\" class=\"alignnone size-medium wp-image-10911\" src=\"https:\/\/blogsaverroes.juntadeandalucia.es\/eielcastillo\/files\/2021\/04\/Imagen_PACABR2021_14-300x225.jpeg\" alt=\"\" width=\"300\" height=\"225\" srcset=\"https:\/\/blogsaverroes.juntadeandalucia.es\/eielcastillo\/files\/2021\/04\/Imagen_PACABR2021_14-300x225.jpeg 300w, https:\/\/blogsaverroes.juntadeandalucia.es\/eielcastillo\/files\/2021\/04\/Imagen_PACABR2021_14-768x576.jpeg 768w, https:\/\/blogsaverroes.juntadeandalucia.es\/eielcastillo\/files\/2021\/04\/Imagen_PACABR2021_14.jpeg 1024w\" sizes=\"(max-width: 300px) 100vw, 300px\" \/><\/a> <a href=\"https:\/\/blogsaverroes.juntadeandalucia.es\/eielcastillo\/files\/2021\/04\/Imagen_PACABR2021_15.jpeg\"><img loading=\"lazy\" decoding=\"async\" class=\"alignnone size-medium wp-image-10912\" src=\"https:\/\/blogsaverroes.juntadeandalucia.es\/eielcastillo\/files\/2021\/04\/Imagen_PACABR2021_15-300x225.jpeg\" alt=\"\" width=\"300\" height=\"225\" srcset=\"https:\/\/blogsaverroes.juntadeandalucia.es\/eielcastillo\/files\/2021\/04\/Imagen_PACABR2021_15-300x225.jpeg 300w, https:\/\/blogsaverroes.juntadeandalucia.es\/eielcastillo\/files\/2021\/04\/Imagen_PACABR2021_15-768x576.jpeg 768w, https:\/\/blogsaverroes.juntadeandalucia.es\/eielcastillo\/files\/2021\/04\/Imagen_PACABR2021_15.jpeg 1024w\" sizes=\"(max-width: 300px) 100vw, 300px\" \/><\/a> <a href=\"https:\/\/blogsaverroes.juntadeandalucia.es\/eielcastillo\/files\/2021\/04\/ImagenPACABR2021_16.jpeg\"><img loading=\"lazy\" decoding=\"async\" class=\"alignnone size-medium wp-image-10913\" src=\"https:\/\/blogsaverroes.juntadeandalucia.es\/eielcastillo\/files\/2021\/04\/ImagenPACABR2021_16-300x225.jpeg\" alt=\"\" width=\"300\" height=\"225\" srcset=\"https:\/\/blogsaverroes.juntadeandalucia.es\/eielcastillo\/files\/2021\/04\/ImagenPACABR2021_16-300x225.jpeg 300w, https:\/\/blogsaverroes.juntadeandalucia.es\/eielcastillo\/files\/2021\/04\/ImagenPACABR2021_16-768x576.jpeg 768w, https:\/\/blogsaverroes.juntadeandalucia.es\/eielcastillo\/files\/2021\/04\/ImagenPACABR2021_16.jpeg 1024w\" sizes=\"(max-width: 300px) 100vw, 300px\" \/><\/a><\/p>\n<p>&nbsp;<\/p>\n<p>&nbsp;<\/p>\n<hr>\n","protected":false},"excerpt":{"rendered":"<p>El centro, una vez aprobado por los \u00f3rganos de coordinaci\u00f3n docente,&nbsp; publicar\u00e1 cada mes&nbsp; unos carteles informativos donde se har\u00e1 referencia a las actividades complementarias&hellip;<\/p>\n","protected":false},"author":3249,"featured_media":0,"parent":10213,"menu_order":7,"comment_status":"closed","ping_status":"closed","template":"","meta":{"ngg_post_thumbnail":0,"footnotes":"","_mc_calendar":[]},"aioseo_notices":[],"_links":{"self":[{"href":"https:\/\/blogsaverroes.juntadeandalucia.es\/eielcastillo\/index.php?rest_route=\/wp\/v2\/pages\/10879"}],"collection":[{"href":"https:\/\/blogsaverroes.juntadeandalucia.es\/eielcastillo\/index.php?rest_route=\/wp\/v2\/pages"}],"about":[{"href":"https:\/\/blogsaverroes.juntadeandalucia.es\/eielcastillo\/index.php?rest_route=\/wp\/v2\/types\/page"}],"author":[{"embeddable":true,"href":"https:\/\/blogsaverroes.juntadeandalucia.es\/eielcastillo\/index.php?rest_route=\/wp\/v2\/users\/3249"}],"replies":[{"embeddable":true,"href":"https:\/\/blogsaverroes.juntadeandalucia.es\/eielcastillo\/index.php?rest_route=%2Fwp%2Fv2%2Fcomments&post=10879"}],"version-history":[{"count":4,"href":"https:\/\/blogsaverroes.juntadeandalucia.es\/eielcastillo\/index.php?rest_route=\/wp\/v2\/pages\/10879\/revisions"}],"predecessor-version":[{"id":13379,"href":"https:\/\/blogsaverroes.juntadeandalucia.es\/eielcastillo\/index.php?rest_route=\/wp\/v2\/pages\/10879\/revisions\/13379"}],"up":[{"embeddable":true,"href":"https:\/\/blogsaverroes.juntadeandalucia.es\/eielcastillo\/index.php?rest_route=\/wp\/v2\/pages\/10213"}],"wp:attachment":[{"href":"https:\/\/blogsaverroes.juntadeandalucia.es\/eielcastillo\/index.php?rest_route=%2Fwp%2Fv2%2Fmedia&parent=10879"}],"curies":[{"name":"wp","href":"https:\/\/api.w.org\/{rel}","templated":true}]}}