{"id":11157,"date":"2021-06-05T18:48:26","date_gmt":"2021-06-05T17:48:26","guid":{"rendered":"https:\/\/blogsaverroes.juntadeandalucia.es\/eielcastillo\/?page_id=11157"},"modified":"2022-07-26T19:50:40","modified_gmt":"2022-07-26T18:50:40","slug":"actividades-junio-2021","status":"publish","type":"page","link":"https:\/\/blogsaverroes.juntadeandalucia.es\/eielcastillo\/?page_id=11157","title":{"rendered":"Actividades junio 2021"},"content":{"rendered":"<div class=\"entry-content cf\">\n<h5 style=\"text-align: justify\">El centro, una vez aprobado por los \u00f3rganos de coordinaci\u00f3n docente,&nbsp; publicar\u00e1 cada mes&nbsp; unos carteles informativos donde se har\u00e1 referencia a las actividades complementarias que se prevean. Esa informaci\u00f3n la comparte primero el jefe de estudios con las madres delegadas, despu\u00e9s se suele trasladar a las familias, lo haremos a trav\u00e9s de Pasen\/iPasen.<\/h5>\n<h5 style=\"text-align: justify\">&nbsp;&nbsp; En esta p\u00e1gina web tendr\u00e1n oportunidad de acceder a los referidos carteles y a algunas im\u00e1genes tomadas a t\u00edtulo informativo para la comunidad educativa, siempre en los t\u00e9rminos establecidos en el Plan de Centro.<\/h5>\n<p style=\"text-align: justify\">&nbsp; <a href=\"https:\/\/blogsaverroes.juntadeandalucia.es\/eielcastillo\/?page_id=3201\"><img loading=\"lazy\" decoding=\"async\" class=\" wp-image-5513 alignleft\" src=\"https:\/\/blogsaverroes.juntadeandalucia.es\/eielcastillo\/files\/2018\/08\/Boton-acceso-albumdeimagenes.jpg\" alt=\"\" width=\"141\" height=\"71\" srcset=\"https:\/\/blogsaverroes.juntadeandalucia.es\/eielcastillo\/files\/2018\/08\/Boton-acceso-albumdeimagenes.jpg 283w, https:\/\/blogsaverroes.juntadeandalucia.es\/eielcastillo\/files\/2018\/08\/Boton-acceso-albumdeimagenes-280x142.jpg 280w, https:\/\/blogsaverroes.juntadeandalucia.es\/eielcastillo\/files\/2018\/08\/Boton-acceso-albumdeimagenes-24x12.jpg 24w, https:\/\/blogsaverroes.juntadeandalucia.es\/eielcastillo\/files\/2018\/08\/Boton-acceso-albumdeimagenes-36x18.jpg 36w, https:\/\/blogsaverroes.juntadeandalucia.es\/eielcastillo\/files\/2018\/08\/Boton-acceso-albumdeimagenes-48x24.jpg 48w\" sizes=\"(max-width: 141px) 100vw, 141px\" \/><\/a> Con la finalizaci\u00f3n del curso, todas las im\u00e1genes recopiladas pasar\u00e1n a formar parte del <strong><a href=\"https:\/\/blogsaverroes.juntadeandalucia.es\/eielcastillo\/?page_id=8062\">\u00c1LBUM DE IM\u00c1GENES.<\/a><\/strong><\/p>\n<p style=\"text-align: justify\">&nbsp;<\/p>\n<\/div>\n<h3 style=\"text-align: justify\"><strong>ACTIVIDADES COMPLEMENTARIAS&nbsp; JUNIO 2021<\/strong><\/h3>\n<p style=\"text-align: justify\">Ver cartel junio 2021<\/p>\n<hr>\n<p>\u00a1 Pendiente subir im\u00e1genes !<\/p>\n","protected":false},"excerpt":{"rendered":"<p>El centro, una vez aprobado por los \u00f3rganos de coordinaci\u00f3n docente,&nbsp; publicar\u00e1 cada mes&nbsp; unos carteles informativos donde se har\u00e1 referencia a las actividades complementarias&hellip;<\/p>\n","protected":false},"author":3249,"featured_media":0,"parent":10213,"menu_order":9,"comment_status":"closed","ping_status":"closed","template":"","meta":{"ngg_post_thumbnail":0,"footnotes":"","_mc_calendar":[]},"aioseo_notices":[],"_links":{"self":[{"href":"https:\/\/blogsaverroes.juntadeandalucia.es\/eielcastillo\/index.php?rest_route=\/wp\/v2\/pages\/11157"}],"collection":[{"href":"https:\/\/blogsaverroes.juntadeandalucia.es\/eielcastillo\/index.php?rest_route=\/wp\/v2\/pages"}],"about":[{"href":"https:\/\/blogsaverroes.juntadeandalucia.es\/eielcastillo\/index.php?rest_route=\/wp\/v2\/types\/page"}],"author":[{"embeddable":true,"href":"https:\/\/blogsaverroes.juntadeandalucia.es\/eielcastillo\/index.php?rest_route=\/wp\/v2\/users\/3249"}],"replies":[{"embeddable":true,"href":"https:\/\/blogsaverroes.juntadeandalucia.es\/eielcastillo\/index.php?rest_route=%2Fwp%2Fv2%2Fcomments&post=11157"}],"version-history":[{"count":4,"href":"https:\/\/blogsaverroes.juntadeandalucia.es\/eielcastillo\/index.php?rest_route=\/wp\/v2\/pages\/11157\/revisions"}],"predecessor-version":[{"id":13377,"href":"https:\/\/blogsaverroes.juntadeandalucia.es\/eielcastillo\/index.php?rest_route=\/wp\/v2\/pages\/11157\/revisions\/13377"}],"up":[{"embeddable":true,"href":"https:\/\/blogsaverroes.juntadeandalucia.es\/eielcastillo\/index.php?rest_route=\/wp\/v2\/pages\/10213"}],"wp:attachment":[{"href":"https:\/\/blogsaverroes.juntadeandalucia.es\/eielcastillo\/index.php?rest_route=%2Fwp%2Fv2%2Fmedia&parent=11157"}],"curies":[{"name":"wp","href":"https:\/\/api.w.org\/{rel}","templated":true}]}}