{"id":11616,"date":"2021-10-12T14:00:39","date_gmt":"2021-10-12T13:00:39","guid":{"rendered":"https:\/\/blogsaverroes.juntadeandalucia.es\/eielcastillo\/?page_id=11616"},"modified":"2022-07-26T19:44:05","modified_gmt":"2022-07-26T18:44:05","slug":"actividades-enero-2021","status":"publish","type":"page","link":"https:\/\/blogsaverroes.juntadeandalucia.es\/eielcastillo\/?page_id=11616","title":{"rendered":"Actividades ENERO 2022"},"content":{"rendered":"<div class=\"entry-content cf\">\n<p style=\"text-align: justify\">El centro, una vez aprobado por los \u00f3rganos de coordinaci\u00f3n docente,&nbsp; publicar\u00e1 cada mes&nbsp; unos carteles informativos donde se har\u00e1 referencia a las actividades complementarias que se prevean. Esa informaci\u00f3n la comparte primero el jefe de estudios con las madres delegadas, despu\u00e9s se suele trasladar a las familias.<\/p>\n<p style=\"text-align: justify\">&nbsp;&nbsp; En esta p\u00e1gina web tendr\u00e1n oportunidad de acceder a los referidos carteles y a algunas im\u00e1genes tomadas a t\u00edtulo informativo para la comunidad educativa, siempre en los t\u00e9rminos establecidos en el Plan de Centro.<\/p>\n<p style=\"text-align: justify\">&nbsp;&nbsp;<a href=\"https:\/\/blogsaverroes.juntadeandalucia.es\/eielcastillo\/?page_id=3201\"><img loading=\"lazy\" decoding=\"async\" class=\" wp-image-5513 alignleft\" src=\"https:\/\/i2.wp.com\/blogsaverroes.juntadeandalucia.es\/eielcastillo\/files\/2018\/08\/Boton-acceso-albumdeimagenes.jpg?resize=141%2C71&amp;ssl=1\" alt=\"\" width=\"141\" height=\"72\" srcset=\"https:\/\/blogsaverroes.juntadeandalucia.es\/eielcastillo\/files\/2018\/08\/Boton-acceso-albumdeimagenes.jpg 283w, https:\/\/blogsaverroes.juntadeandalucia.es\/eielcastillo\/files\/2018\/08\/Boton-acceso-albumdeimagenes-280x142.jpg 280w, https:\/\/blogsaverroes.juntadeandalucia.es\/eielcastillo\/files\/2018\/08\/Boton-acceso-albumdeimagenes-24x12.jpg 24w, https:\/\/blogsaverroes.juntadeandalucia.es\/eielcastillo\/files\/2018\/08\/Boton-acceso-albumdeimagenes-36x18.jpg 36w, https:\/\/blogsaverroes.juntadeandalucia.es\/eielcastillo\/files\/2018\/08\/Boton-acceso-albumdeimagenes-48x24.jpg 48w\" sizes=\"(max-width: 141px) 100vw, 141px\" \/><\/a>Con la finalizaci\u00f3n del curso, todas las im\u00e1genes recopiladas pasar\u00e1n a formar parte del&nbsp;<strong><a href=\"https:\/\/blogsaverroes.juntadeandalucia.es\/eielcastillo\/?page_id=8062\">\u00c1LBUM DE IM\u00c1GENES.<\/a><\/strong><\/p>\n<p style=\"text-align: justify\">&nbsp;<\/p>\n<\/div>\n<h3 style=\"text-align: justify\"><strong><span style=\"color: #008000\">ACTIVIDADES COMPLEMENTARIAS&nbsp; ENERO 2022<\/span><br \/>\n<\/strong><\/h3>\n<p style=\"text-align: justify\"><a href=\"https:\/\/blogsaverroes.juntadeandalucia.es\/eielcastillo\/files\/2022\/01\/Cartel_enero2022.pdf\">Ver cartel enero 2022<\/a><\/p>\n<hr>\n<p><span style=\"color: #800000\">Visita del Frutib\u00fas:<\/span><\/p>\n<p><a href=\"https:\/\/blogsaverroes.juntadeandalucia.es\/eielcastillo\/files\/2022\/01\/Imagen_PAC21-22_ene01.jpeg\"><img loading=\"lazy\" decoding=\"async\" class=\"alignnone size-medium wp-image-12342\" src=\"https:\/\/blogsaverroes.juntadeandalucia.es\/eielcastillo\/files\/2022\/01\/Imagen_PAC21-22_ene01-300x225.jpeg\" alt=\"\" width=\"300\" height=\"225\" srcset=\"https:\/\/blogsaverroes.juntadeandalucia.es\/eielcastillo\/files\/2022\/01\/Imagen_PAC21-22_ene01-300x225.jpeg 300w, https:\/\/blogsaverroes.juntadeandalucia.es\/eielcastillo\/files\/2022\/01\/Imagen_PAC21-22_ene01-1024x768.jpeg 1024w, https:\/\/blogsaverroes.juntadeandalucia.es\/eielcastillo\/files\/2022\/01\/Imagen_PAC21-22_ene01-768x576.jpeg 768w, https:\/\/blogsaverroes.juntadeandalucia.es\/eielcastillo\/files\/2022\/01\/Imagen_PAC21-22_ene01-1536x1152.jpeg 1536w, https:\/\/blogsaverroes.juntadeandalucia.es\/eielcastillo\/files\/2022\/01\/Imagen_PAC21-22_ene01.jpeg 2048w\" sizes=\"(max-width: 300px) 100vw, 300px\" \/><\/a> <a href=\"https:\/\/blogsaverroes.juntadeandalucia.es\/eielcastillo\/files\/2022\/01\/Imagen_PAC21-22_ene03.jpeg\"><img loading=\"lazy\" decoding=\"async\" class=\"alignnone size-medium wp-image-12344\" src=\"https:\/\/blogsaverroes.juntadeandalucia.es\/eielcastillo\/files\/2022\/01\/Imagen_PAC21-22_ene03-224x300.jpeg\" alt=\"\" width=\"224\" height=\"300\" srcset=\"https:\/\/blogsaverroes.juntadeandalucia.es\/eielcastillo\/files\/2022\/01\/Imagen_PAC21-22_ene03-224x300.jpeg 224w, https:\/\/blogsaverroes.juntadeandalucia.es\/eielcastillo\/files\/2022\/01\/Imagen_PAC21-22_ene03-765x1024.jpeg 765w, https:\/\/blogsaverroes.juntadeandalucia.es\/eielcastillo\/files\/2022\/01\/Imagen_PAC21-22_ene03-768x1027.jpeg 768w, https:\/\/blogsaverroes.juntadeandalucia.es\/eielcastillo\/files\/2022\/01\/Imagen_PAC21-22_ene03-1148x1536.jpeg 1148w, https:\/\/blogsaverroes.juntadeandalucia.es\/eielcastillo\/files\/2022\/01\/Imagen_PAC21-22_ene03.jpeg 1196w\" sizes=\"(max-width: 224px) 100vw, 224px\" \/><\/a> <a href=\"https:\/\/blogsaverroes.juntadeandalucia.es\/eielcastillo\/files\/2022\/01\/Imagen_PAC21-22_ene04.jpeg\"><img loading=\"lazy\" decoding=\"async\" class=\"alignnone size-medium wp-image-12345\" src=\"https:\/\/blogsaverroes.juntadeandalucia.es\/eielcastillo\/files\/2022\/01\/Imagen_PAC21-22_ene04-224x300.jpeg\" alt=\"\" width=\"224\" height=\"300\" srcset=\"https:\/\/blogsaverroes.juntadeandalucia.es\/eielcastillo\/files\/2022\/01\/Imagen_PAC21-22_ene04-224x300.jpeg 224w, https:\/\/blogsaverroes.juntadeandalucia.es\/eielcastillo\/files\/2022\/01\/Imagen_PAC21-22_ene04-765x1024.jpeg 765w, https:\/\/blogsaverroes.juntadeandalucia.es\/eielcastillo\/files\/2022\/01\/Imagen_PAC21-22_ene04-768x1027.jpeg 768w, https:\/\/blogsaverroes.juntadeandalucia.es\/eielcastillo\/files\/2022\/01\/Imagen_PAC21-22_ene04-1148x1536.jpeg 1148w, https:\/\/blogsaverroes.juntadeandalucia.es\/eielcastillo\/files\/2022\/01\/Imagen_PAC21-22_ene04.jpeg 1196w\" sizes=\"(max-width: 224px) 100vw, 224px\" \/><\/a> <a href=\"https:\/\/blogsaverroes.juntadeandalucia.es\/eielcastillo\/files\/2022\/01\/Imagen_PAC21-22_ene05.jpeg\"><img loading=\"lazy\" decoding=\"async\" class=\"alignnone size-medium wp-image-12346\" src=\"https:\/\/blogsaverroes.juntadeandalucia.es\/eielcastillo\/files\/2022\/01\/Imagen_PAC21-22_ene05-224x300.jpeg\" alt=\"\" width=\"224\" height=\"300\" srcset=\"https:\/\/blogsaverroes.juntadeandalucia.es\/eielcastillo\/files\/2022\/01\/Imagen_PAC21-22_ene05-224x300.jpeg 224w, https:\/\/blogsaverroes.juntadeandalucia.es\/eielcastillo\/files\/2022\/01\/Imagen_PAC21-22_ene05-765x1024.jpeg 765w, https:\/\/blogsaverroes.juntadeandalucia.es\/eielcastillo\/files\/2022\/01\/Imagen_PAC21-22_ene05-768x1027.jpeg 768w, https:\/\/blogsaverroes.juntadeandalucia.es\/eielcastillo\/files\/2022\/01\/Imagen_PAC21-22_ene05-1148x1536.jpeg 1148w, https:\/\/blogsaverroes.juntadeandalucia.es\/eielcastillo\/files\/2022\/01\/Imagen_PAC21-22_ene05.jpeg 1196w\" sizes=\"(max-width: 224px) 100vw, 224px\" \/><\/a> <a href=\"https:\/\/blogsaverroes.juntadeandalucia.es\/eielcastillo\/files\/2022\/01\/Imagen_PAC21-22_ene06.jpeg\"><img loading=\"lazy\" decoding=\"async\" class=\"alignnone size-medium wp-image-12347\" src=\"https:\/\/blogsaverroes.juntadeandalucia.es\/eielcastillo\/files\/2022\/01\/Imagen_PAC21-22_ene06-300x225.jpeg\" alt=\"\" width=\"300\" height=\"225\" srcset=\"https:\/\/blogsaverroes.juntadeandalucia.es\/eielcastillo\/files\/2022\/01\/Imagen_PAC21-22_ene06-300x225.jpeg 300w, https:\/\/blogsaverroes.juntadeandalucia.es\/eielcastillo\/files\/2022\/01\/Imagen_PAC21-22_ene06-1024x768.jpeg 1024w, https:\/\/blogsaverroes.juntadeandalucia.es\/eielcastillo\/files\/2022\/01\/Imagen_PAC21-22_ene06-768x576.jpeg 768w, https:\/\/blogsaverroes.juntadeandalucia.es\/eielcastillo\/files\/2022\/01\/Imagen_PAC21-22_ene06-1536x1152.jpeg 1536w, https:\/\/blogsaverroes.juntadeandalucia.es\/eielcastillo\/files\/2022\/01\/Imagen_PAC21-22_ene06.jpeg 2048w\" sizes=\"(max-width: 300px) 100vw, 300px\" \/><\/a> <a href=\"https:\/\/blogsaverroes.juntadeandalucia.es\/eielcastillo\/files\/2022\/01\/Imagen_PAC21-22_ene07.jpeg\"><img loading=\"lazy\" decoding=\"async\" class=\"alignnone size-medium wp-image-12348\" src=\"https:\/\/blogsaverroes.juntadeandalucia.es\/eielcastillo\/files\/2022\/01\/Imagen_PAC21-22_ene07-300x225.jpeg\" alt=\"\" width=\"300\" height=\"225\" srcset=\"https:\/\/blogsaverroes.juntadeandalucia.es\/eielcastillo\/files\/2022\/01\/Imagen_PAC21-22_ene07-300x225.jpeg 300w, https:\/\/blogsaverroes.juntadeandalucia.es\/eielcastillo\/files\/2022\/01\/Imagen_PAC21-22_ene07-1024x768.jpeg 1024w, https:\/\/blogsaverroes.juntadeandalucia.es\/eielcastillo\/files\/2022\/01\/Imagen_PAC21-22_ene07-768x576.jpeg 768w, https:\/\/blogsaverroes.juntadeandalucia.es\/eielcastillo\/files\/2022\/01\/Imagen_PAC21-22_ene07-1536x1152.jpeg 1536w, https:\/\/blogsaverroes.juntadeandalucia.es\/eielcastillo\/files\/2022\/01\/Imagen_PAC21-22_ene07.jpeg 2048w\" sizes=\"(max-width: 300px) 100vw, 300px\" \/><\/a> <a href=\"https:\/\/blogsaverroes.juntadeandalucia.es\/eielcastillo\/files\/2022\/01\/Imagen_PAC21-22_ene08.jpeg\"><img loading=\"lazy\" decoding=\"async\" class=\"alignnone size-medium wp-image-12349\" src=\"https:\/\/blogsaverroes.juntadeandalucia.es\/eielcastillo\/files\/2022\/01\/Imagen_PAC21-22_ene08-300x225.jpeg\" alt=\"\" width=\"300\" height=\"225\" srcset=\"https:\/\/blogsaverroes.juntadeandalucia.es\/eielcastillo\/files\/2022\/01\/Imagen_PAC21-22_ene08-300x225.jpeg 300w, https:\/\/blogsaverroes.juntadeandalucia.es\/eielcastillo\/files\/2022\/01\/Imagen_PAC21-22_ene08-1024x768.jpeg 1024w, https:\/\/blogsaverroes.juntadeandalucia.es\/eielcastillo\/files\/2022\/01\/Imagen_PAC21-22_ene08-768x576.jpeg 768w, https:\/\/blogsaverroes.juntadeandalucia.es\/eielcastillo\/files\/2022\/01\/Imagen_PAC21-22_ene08-1536x1152.jpeg 1536w, https:\/\/blogsaverroes.juntadeandalucia.es\/eielcastillo\/files\/2022\/01\/Imagen_PAC21-22_ene08.jpeg 2048w\" sizes=\"(max-width: 300px) 100vw, 300px\" \/><\/a> <a href=\"https:\/\/blogsaverroes.juntadeandalucia.es\/eielcastillo\/files\/2022\/01\/Imagen_PAC21-22_ene09.jpeg\"><img loading=\"lazy\" decoding=\"async\" class=\"alignnone size-medium wp-image-12350\" src=\"https:\/\/blogsaverroes.juntadeandalucia.es\/eielcastillo\/files\/2022\/01\/Imagen_PAC21-22_ene09-300x225.jpeg\" alt=\"\" width=\"300\" height=\"225\" srcset=\"https:\/\/blogsaverroes.juntadeandalucia.es\/eielcastillo\/files\/2022\/01\/Imagen_PAC21-22_ene09-300x225.jpeg 300w, https:\/\/blogsaverroes.juntadeandalucia.es\/eielcastillo\/files\/2022\/01\/Imagen_PAC21-22_ene09-1024x768.jpeg 1024w, https:\/\/blogsaverroes.juntadeandalucia.es\/eielcastillo\/files\/2022\/01\/Imagen_PAC21-22_ene09-768x576.jpeg 768w, https:\/\/blogsaverroes.juntadeandalucia.es\/eielcastillo\/files\/2022\/01\/Imagen_PAC21-22_ene09-1536x1152.jpeg 1536w, https:\/\/blogsaverroes.juntadeandalucia.es\/eielcastillo\/files\/2022\/01\/Imagen_PAC21-22_ene09.jpeg 2048w\" sizes=\"(max-width: 300px) 100vw, 300px\" \/><\/a> <a href=\"https:\/\/blogsaverroes.juntadeandalucia.es\/eielcastillo\/files\/2022\/01\/Imagen_PAC21-22_ene10.jpeg\"><img loading=\"lazy\" decoding=\"async\" class=\"alignnone size-medium wp-image-12351\" src=\"https:\/\/blogsaverroes.juntadeandalucia.es\/eielcastillo\/files\/2022\/01\/Imagen_PAC21-22_ene10-300x225.jpeg\" alt=\"\" width=\"300\" height=\"225\" srcset=\"https:\/\/blogsaverroes.juntadeandalucia.es\/eielcastillo\/files\/2022\/01\/Imagen_PAC21-22_ene10-300x225.jpeg 300w, https:\/\/blogsaverroes.juntadeandalucia.es\/eielcastillo\/files\/2022\/01\/Imagen_PAC21-22_ene10-1024x768.jpeg 1024w, https:\/\/blogsaverroes.juntadeandalucia.es\/eielcastillo\/files\/2022\/01\/Imagen_PAC21-22_ene10-768x576.jpeg 768w, https:\/\/blogsaverroes.juntadeandalucia.es\/eielcastillo\/files\/2022\/01\/Imagen_PAC21-22_ene10-1536x1152.jpeg 1536w, https:\/\/blogsaverroes.juntadeandalucia.es\/eielcastillo\/files\/2022\/01\/Imagen_PAC21-22_ene10.jpeg 2048w\" sizes=\"(max-width: 300px) 100vw, 300px\" \/><\/a> <a href=\"https:\/\/blogsaverroes.juntadeandalucia.es\/eielcastillo\/files\/2022\/01\/Imagen_PAC21-22_ene11.jpeg\"><img loading=\"lazy\" decoding=\"async\" class=\"alignnone size-medium wp-image-12352\" src=\"https:\/\/blogsaverroes.juntadeandalucia.es\/eielcastillo\/files\/2022\/01\/Imagen_PAC21-22_ene11-300x138.jpeg\" alt=\"\" width=\"300\" height=\"138\" srcset=\"https:\/\/blogsaverroes.juntadeandalucia.es\/eielcastillo\/files\/2022\/01\/Imagen_PAC21-22_ene11-300x138.jpeg 300w, https:\/\/blogsaverroes.juntadeandalucia.es\/eielcastillo\/files\/2022\/01\/Imagen_PAC21-22_ene11-1024x472.jpeg 1024w, https:\/\/blogsaverroes.juntadeandalucia.es\/eielcastillo\/files\/2022\/01\/Imagen_PAC21-22_ene11-768x354.jpeg 768w, https:\/\/blogsaverroes.juntadeandalucia.es\/eielcastillo\/files\/2022\/01\/Imagen_PAC21-22_ene11-1536x708.jpeg 1536w, https:\/\/blogsaverroes.juntadeandalucia.es\/eielcastillo\/files\/2022\/01\/Imagen_PAC21-22_ene11.jpeg 2000w\" sizes=\"(max-width: 300px) 100vw, 300px\" \/><\/a> <a href=\"https:\/\/blogsaverroes.juntadeandalucia.es\/eielcastillo\/files\/2022\/01\/Imagen_PAC21-22_ene02.jpeg\"><img loading=\"lazy\" decoding=\"async\" class=\"alignnone size-medium wp-image-12343\" src=\"https:\/\/blogsaverroes.juntadeandalucia.es\/eielcastillo\/files\/2022\/01\/Imagen_PAC21-22_ene02-300x224.jpeg\" alt=\"\" width=\"300\" height=\"224\" srcset=\"https:\/\/blogsaverroes.juntadeandalucia.es\/eielcastillo\/files\/2022\/01\/Imagen_PAC21-22_ene02-300x224.jpeg 300w, https:\/\/blogsaverroes.juntadeandalucia.es\/eielcastillo\/files\/2022\/01\/Imagen_PAC21-22_ene02-1024x765.jpeg 1024w, https:\/\/blogsaverroes.juntadeandalucia.es\/eielcastillo\/files\/2022\/01\/Imagen_PAC21-22_ene02-768x574.jpeg 768w, https:\/\/blogsaverroes.juntadeandalucia.es\/eielcastillo\/files\/2022\/01\/Imagen_PAC21-22_ene02-1536x1148.jpeg 1536w, https:\/\/blogsaverroes.juntadeandalucia.es\/eielcastillo\/files\/2022\/01\/Imagen_PAC21-22_ene02.jpeg 1600w\" sizes=\"(max-width: 300px) 100vw, 300px\" \/><\/a><\/p>\n<hr>\n<p><a href=\"https:\/\/blogsaverroes.juntadeandalucia.es\/eielcastillo\/files\/2022\/01\/Imagen_PAC21-22_ene14.jpg\"><img loading=\"lazy\" decoding=\"async\" class=\"alignnone size-medium wp-image-12363\" src=\"https:\/\/blogsaverroes.juntadeandalucia.es\/eielcastillo\/files\/2022\/01\/Imagen_PAC21-22_ene14-300x191.jpg\" alt=\"\" width=\"300\" height=\"191\" srcset=\"https:\/\/blogsaverroes.juntadeandalucia.es\/eielcastillo\/files\/2022\/01\/Imagen_PAC21-22_ene14-300x191.jpg 300w, https:\/\/blogsaverroes.juntadeandalucia.es\/eielcastillo\/files\/2022\/01\/Imagen_PAC21-22_ene14-1024x652.jpg 1024w, https:\/\/blogsaverroes.juntadeandalucia.es\/eielcastillo\/files\/2022\/01\/Imagen_PAC21-22_ene14-768x489.jpg 768w, https:\/\/blogsaverroes.juntadeandalucia.es\/eielcastillo\/files\/2022\/01\/Imagen_PAC21-22_ene14-1536x977.jpg 1536w, https:\/\/blogsaverroes.juntadeandalucia.es\/eielcastillo\/files\/2022\/01\/Imagen_PAC21-22_ene14.jpg 1600w\" sizes=\"(max-width: 300px) 100vw, 300px\" \/><\/a> <a href=\"https:\/\/blogsaverroes.juntadeandalucia.es\/eielcastillo\/files\/2022\/01\/Imagen_PAC21-22_ene15.jpeg\"><img loading=\"lazy\" decoding=\"async\" class=\"alignnone size-medium wp-image-12364\" src=\"https:\/\/blogsaverroes.juntadeandalucia.es\/eielcastillo\/files\/2022\/01\/Imagen_PAC21-22_ene15-300x225.jpeg\" alt=\"\" width=\"300\" height=\"225\" srcset=\"https:\/\/blogsaverroes.juntadeandalucia.es\/eielcastillo\/files\/2022\/01\/Imagen_PAC21-22_ene15-300x225.jpeg 300w, https:\/\/blogsaverroes.juntadeandalucia.es\/eielcastillo\/files\/2022\/01\/Imagen_PAC21-22_ene15-768x576.jpeg 768w, https:\/\/blogsaverroes.juntadeandalucia.es\/eielcastillo\/files\/2022\/01\/Imagen_PAC21-22_ene15.jpeg 1024w\" sizes=\"(max-width: 300px) 100vw, 300px\" \/><\/a> <a href=\"https:\/\/blogsaverroes.juntadeandalucia.es\/eielcastillo\/files\/2022\/01\/Imagen_PAC21-22_ene16.jpeg\"><img loading=\"lazy\" decoding=\"async\" class=\"alignnone size-medium wp-image-12365\" src=\"https:\/\/blogsaverroes.juntadeandalucia.es\/eielcastillo\/files\/2022\/01\/Imagen_PAC21-22_ene16-300x225.jpeg\" alt=\"\" width=\"300\" height=\"225\" srcset=\"https:\/\/blogsaverroes.juntadeandalucia.es\/eielcastillo\/files\/2022\/01\/Imagen_PAC21-22_ene16-300x225.jpeg 300w, https:\/\/blogsaverroes.juntadeandalucia.es\/eielcastillo\/files\/2022\/01\/Imagen_PAC21-22_ene16-768x576.jpeg 768w, https:\/\/blogsaverroes.juntadeandalucia.es\/eielcastillo\/files\/2022\/01\/Imagen_PAC21-22_ene16.jpeg 1024w\" sizes=\"(max-width: 300px) 100vw, 300px\" \/><\/a> <a href=\"https:\/\/blogsaverroes.juntadeandalucia.es\/eielcastillo\/files\/2022\/01\/Imagen_PAC21-22_ene17.jpeg\"><img loading=\"lazy\" decoding=\"async\" class=\"alignnone size-medium wp-image-12366\" src=\"https:\/\/blogsaverroes.juntadeandalucia.es\/eielcastillo\/files\/2022\/01\/Imagen_PAC21-22_ene17-300x225.jpeg\" alt=\"\" width=\"300\" height=\"225\" srcset=\"https:\/\/blogsaverroes.juntadeandalucia.es\/eielcastillo\/files\/2022\/01\/Imagen_PAC21-22_ene17-300x225.jpeg 300w, https:\/\/blogsaverroes.juntadeandalucia.es\/eielcastillo\/files\/2022\/01\/Imagen_PAC21-22_ene17-1024x768.jpeg 1024w, https:\/\/blogsaverroes.juntadeandalucia.es\/eielcastillo\/files\/2022\/01\/Imagen_PAC21-22_ene17-768x576.jpeg 768w, https:\/\/blogsaverroes.juntadeandalucia.es\/eielcastillo\/files\/2022\/01\/Imagen_PAC21-22_ene17-1536x1152.jpeg 1536w, https:\/\/blogsaverroes.juntadeandalucia.es\/eielcastillo\/files\/2022\/01\/Imagen_PAC21-22_ene17.jpeg 1600w\" sizes=\"(max-width: 300px) 100vw, 300px\" \/><\/a> <a href=\"https:\/\/blogsaverroes.juntadeandalucia.es\/eielcastillo\/files\/2022\/01\/Imagen_PAC21-22_ene18.jpeg\"><img loading=\"lazy\" decoding=\"async\" class=\"alignnone size-medium wp-image-12367\" src=\"https:\/\/blogsaverroes.juntadeandalucia.es\/eielcastillo\/files\/2022\/01\/Imagen_PAC21-22_ene18-225x300.jpeg\" alt=\"\" width=\"225\" height=\"300\" srcset=\"https:\/\/blogsaverroes.juntadeandalucia.es\/eielcastillo\/files\/2022\/01\/Imagen_PAC21-22_ene18-225x300.jpeg 225w, https:\/\/blogsaverroes.juntadeandalucia.es\/eielcastillo\/files\/2022\/01\/Imagen_PAC21-22_ene18-768x1024.jpeg 768w, https:\/\/blogsaverroes.juntadeandalucia.es\/eielcastillo\/files\/2022\/01\/Imagen_PAC21-22_ene18-1152x1536.jpeg 1152w, https:\/\/blogsaverroes.juntadeandalucia.es\/eielcastillo\/files\/2022\/01\/Imagen_PAC21-22_ene18.jpeg 1200w\" sizes=\"(max-width: 225px) 100vw, 225px\" \/><\/a> <a href=\"https:\/\/blogsaverroes.juntadeandalucia.es\/eielcastillo\/files\/2022\/01\/Imagen_PAC21-22_ene19.jpeg\"><img loading=\"lazy\" decoding=\"async\" class=\"alignnone size-medium wp-image-12368\" src=\"https:\/\/blogsaverroes.juntadeandalucia.es\/eielcastillo\/files\/2022\/01\/Imagen_PAC21-22_ene19-225x300.jpeg\" alt=\"\" width=\"225\" height=\"300\" srcset=\"https:\/\/blogsaverroes.juntadeandalucia.es\/eielcastillo\/files\/2022\/01\/Imagen_PAC21-22_ene19-225x300.jpeg 225w, https:\/\/blogsaverroes.juntadeandalucia.es\/eielcastillo\/files\/2022\/01\/Imagen_PAC21-22_ene19.jpeg 768w\" sizes=\"(max-width: 225px) 100vw, 225px\" \/><\/a> <a href=\"https:\/\/blogsaverroes.juntadeandalucia.es\/eielcastillo\/files\/2022\/01\/Imagen_PAC21-22_ene20.jpeg\"><img loading=\"lazy\" decoding=\"async\" class=\"alignnone size-medium wp-image-12369\" src=\"https:\/\/blogsaverroes.juntadeandalucia.es\/eielcastillo\/files\/2022\/01\/Imagen_PAC21-22_ene20-225x300.jpeg\" alt=\"\" width=\"225\" height=\"300\" srcset=\"https:\/\/blogsaverroes.juntadeandalucia.es\/eielcastillo\/files\/2022\/01\/Imagen_PAC21-22_ene20-225x300.jpeg 225w, https:\/\/blogsaverroes.juntadeandalucia.es\/eielcastillo\/files\/2022\/01\/Imagen_PAC21-22_ene20.jpeg 768w\" sizes=\"(max-width: 225px) 100vw, 225px\" \/><\/a><\/p>\n","protected":false},"excerpt":{"rendered":"<p>El centro, una vez aprobado por los \u00f3rganos de coordinaci\u00f3n docente,&nbsp; publicar\u00e1 cada mes&nbsp; unos carteles informativos donde se har\u00e1 referencia a las actividades complementarias&hellip;<\/p>\n","protected":false},"author":3249,"featured_media":0,"parent":11337,"menu_order":5,"comment_status":"closed","ping_status":"closed","template":"","meta":{"ngg_post_thumbnail":0,"footnotes":"","_mc_calendar":[]},"aioseo_notices":[],"_links":{"self":[{"href":"https:\/\/blogsaverroes.juntadeandalucia.es\/eielcastillo\/index.php?rest_route=\/wp\/v2\/pages\/11616"}],"collection":[{"href":"https:\/\/blogsaverroes.juntadeandalucia.es\/eielcastillo\/index.php?rest_route=\/wp\/v2\/pages"}],"about":[{"href":"https:\/\/blogsaverroes.juntadeandalucia.es\/eielcastillo\/index.php?rest_route=\/wp\/v2\/types\/page"}],"author":[{"embeddable":true,"href":"https:\/\/blogsaverroes.juntadeandalucia.es\/eielcastillo\/index.php?rest_route=\/wp\/v2\/users\/3249"}],"replies":[{"embeddable":true,"href":"https:\/\/blogsaverroes.juntadeandalucia.es\/eielcastillo\/index.php?rest_route=%2Fwp%2Fv2%2Fcomments&post=11616"}],"version-history":[{"count":7,"href":"https:\/\/blogsaverroes.juntadeandalucia.es\/eielcastillo\/index.php?rest_route=\/wp\/v2\/pages\/11616\/revisions"}],"predecessor-version":[{"id":13370,"href":"https:\/\/blogsaverroes.juntadeandalucia.es\/eielcastillo\/index.php?rest_route=\/wp\/v2\/pages\/11616\/revisions\/13370"}],"up":[{"embeddable":true,"href":"https:\/\/blogsaverroes.juntadeandalucia.es\/eielcastillo\/index.php?rest_route=\/wp\/v2\/pages\/11337"}],"wp:attachment":[{"href":"https:\/\/blogsaverroes.juntadeandalucia.es\/eielcastillo\/index.php?rest_route=%2Fwp%2Fv2%2Fmedia&parent=11616"}],"curies":[{"name":"wp","href":"https:\/\/api.w.org\/{rel}","templated":true}]}}