{"id":2362,"date":"2016-11-16T10:00:35","date_gmt":"2016-11-16T09:00:35","guid":{"rendered":"http:\/\/blogsaverroes.juntadeandalucia.es\/eielcastillo\/?page_id=2362"},"modified":"2022-07-26T20:00:53","modified_gmt":"2022-07-26T19:00:53","slug":"actividades-octubre2016","status":"publish","type":"page","link":"https:\/\/blogsaverroes.juntadeandalucia.es\/eielcastillo\/?page_id=2362","title":{"rendered":"Actividades Octubre"},"content":{"rendered":"<p>&nbsp;<\/p>\n<div class=\"entry-content cf\">\n<h5 style=\"text-align: justify\">&nbsp;&nbsp; El centro, una vez aprobado por los \u00f3rganos de coordinaci\u00f3n docente,&nbsp; publicar\u00e1 cada mes&nbsp; unos carteles informativos donde se har\u00e1 referencia a las actividades complementarias que se prevean.<\/h5>\n<h5 style=\"text-align: justify\">&nbsp;&nbsp; En esta p\u00e1gina web tendr\u00e1n oportunidad de acceder a los referidos carteles y a algunas im\u00e1genes tomadas a t\u00edtulo informativo para la comunidad educativa, siempre en los t\u00e9rminos establecidos en el Plan de Centro.<\/h5>\n<p style=\"text-align: justify\">&nbsp; <a href=\"https:\/\/blogsaverroes.juntadeandalucia.es\/eielcastillo\/?page_id=3201\"><img loading=\"lazy\" decoding=\"async\" class=\" wp-image-5513 alignleft\" src=\"https:\/\/blogsaverroes.juntadeandalucia.es\/eielcastillo\/files\/2018\/08\/Boton-acceso-albumdeimagenes.jpg\" alt=\"\" width=\"141\" height=\"71\" srcset=\"https:\/\/blogsaverroes.juntadeandalucia.es\/eielcastillo\/files\/2018\/08\/Boton-acceso-albumdeimagenes.jpg 283w, https:\/\/blogsaverroes.juntadeandalucia.es\/eielcastillo\/files\/2018\/08\/Boton-acceso-albumdeimagenes-280x142.jpg 280w, https:\/\/blogsaverroes.juntadeandalucia.es\/eielcastillo\/files\/2018\/08\/Boton-acceso-albumdeimagenes-24x12.jpg 24w, https:\/\/blogsaverroes.juntadeandalucia.es\/eielcastillo\/files\/2018\/08\/Boton-acceso-albumdeimagenes-36x18.jpg 36w, https:\/\/blogsaverroes.juntadeandalucia.es\/eielcastillo\/files\/2018\/08\/Boton-acceso-albumdeimagenes-48x24.jpg 48w\" sizes=\"(max-width: 141px) 100vw, 141px\" \/><\/a> Con la finalizaci\u00f3n del curso, todas las im\u00e1genes recopiladas pasar\u00e1n a formar parte del <strong><a href=\"https:\/\/blogsaverroes.juntadeandalucia.es\/eielcastillo\/?page_id=8062\">\u00c1LBUM DE IM\u00c1GENES.<\/a><\/strong><\/p>\n<p style=\"text-align: justify\">&nbsp;<\/p>\n<\/div>\n<h2><span style=\"text-decoration: underline;color: #993300\"><strong>ACTIVIDADES COMPLEMENTARIAS&nbsp; OCTUBRE 2019<\/strong><\/span><\/h2>\n<p><a href=\"https:\/\/blogsaverroes.juntadeandalucia.es\/eielcastillo\/files\/2019\/10\/cartel_octubre2019.pdf\">Cartel octubre 2019 VER<\/a><em><br \/>\n<\/em><\/p>\n<p>Se ofrecen im\u00e1genes de:<\/p>\n<h6>&#8211; Cuentacuentos &#8220;Mis peque\u00f1as alegr\u00edas&#8221; (Programa Valores y Educaci\u00f3n Emocional)<\/h6>\n<h6>&#8211; Visita ambulancia SAS<\/h6>\n<h6>&#8211; Taller Halloween (madres haciendo cestas)<\/h6>\n<h6>&#8211; Decoraci\u00f3n Halloween<\/h6>\n<h6>-Gui\u00f1ol HALLOWEEN&nbsp; a cargo de AMPA &#8220;El Reloj&#8221;<\/h6>\n<h6>-Alumando caracterizado para celebrar Halloween y actividad Truco o Trato.<\/h6>\n<hr>\n<p>A continuaci\u00f3n una galer\u00eda de im\u00e1genes (aprox.67) de las actividades referidas anteriormente<\/p>\nngg_shortcode_0_placeholder\n","protected":false},"excerpt":{"rendered":"<p>&nbsp; &nbsp;&nbsp; El centro, una vez aprobado por los \u00f3rganos de coordinaci\u00f3n docente,&nbsp; publicar\u00e1 cada mes&nbsp; unos carteles informativos donde se har\u00e1 referencia a las&hellip;<\/p>\n","protected":false},"author":3249,"featured_media":0,"parent":2208,"menu_order":1,"comment_status":"closed","ping_status":"closed","template":"","meta":{"ngg_post_thumbnail":0,"footnotes":"","_mc_calendar":[]},"aioseo_notices":[],"_links":{"self":[{"href":"https:\/\/blogsaverroes.juntadeandalucia.es\/eielcastillo\/index.php?rest_route=\/wp\/v2\/pages\/2362"}],"collection":[{"href":"https:\/\/blogsaverroes.juntadeandalucia.es\/eielcastillo\/index.php?rest_route=\/wp\/v2\/pages"}],"about":[{"href":"https:\/\/blogsaverroes.juntadeandalucia.es\/eielcastillo\/index.php?rest_route=\/wp\/v2\/types\/page"}],"author":[{"embeddable":true,"href":"https:\/\/blogsaverroes.juntadeandalucia.es\/eielcastillo\/index.php?rest_route=\/wp\/v2\/users\/3249"}],"replies":[{"embeddable":true,"href":"https:\/\/blogsaverroes.juntadeandalucia.es\/eielcastillo\/index.php?rest_route=%2Fwp%2Fv2%2Fcomments&post=2362"}],"version-history":[{"count":49,"href":"https:\/\/blogsaverroes.juntadeandalucia.es\/eielcastillo\/index.php?rest_route=\/wp\/v2\/pages\/2362\/revisions"}],"predecessor-version":[{"id":13387,"href":"https:\/\/blogsaverroes.juntadeandalucia.es\/eielcastillo\/index.php?rest_route=\/wp\/v2\/pages\/2362\/revisions\/13387"}],"up":[{"embeddable":true,"href":"https:\/\/blogsaverroes.juntadeandalucia.es\/eielcastillo\/index.php?rest_route=\/wp\/v2\/pages\/2208"}],"wp:attachment":[{"href":"https:\/\/blogsaverroes.juntadeandalucia.es\/eielcastillo\/index.php?rest_route=%2Fwp%2Fv2%2Fmedia&parent=2362"}],"curies":[{"name":"wp","href":"https:\/\/api.w.org\/{rel}","templated":true}]}}