{"id":428,"date":"2015-03-20T07:06:21","date_gmt":"2015-03-20T07:06:21","guid":{"rendered":"http:\/\/blogsaverroes.juntadeandalucia.es\/pre\/ceip\/?page_id=428"},"modified":"2019-11-08T10:51:44","modified_gmt":"2019-11-08T09:51:44","slug":"ed-primaria-1o-ciclo","status":"publish","type":"page","link":"https:\/\/blogsaverroes.juntadeandalucia.es\/eielcastillo\/?page_id=428","title":{"rendered":"Tutor\u00eda-grupo_4A"},"content":{"rendered":"<p><strong>\u2022 Responsable de la tutor\u00eda\/grupo:<\/strong> <span style=\"color: #800000\"><strong>D. Juan Manuel Mart\u00ednez Ol\u00edas<\/strong><\/span><a href=\"https:\/\/blogsaverroes.juntadeandalucia.es\/eielcastillo\/files\/2018\/08\/Boton-acceso-aula4A.jpg\"><img loading=\"lazy\" decoding=\"async\" class=\"alignright wp-image-5526\" src=\"https:\/\/blogsaverroes.juntadeandalucia.es\/eielcastillo\/files\/2018\/08\/Boton-acceso-aula4A-162x300.jpg\" alt=\"\" width=\"54\" height=\"100\" srcset=\"https:\/\/blogsaverroes.juntadeandalucia.es\/eielcastillo\/files\/2018\/08\/Boton-acceso-aula4A-162x300.jpg 162w, https:\/\/blogsaverroes.juntadeandalucia.es\/eielcastillo\/files\/2018\/08\/Boton-acceso-aula4A-13x24.jpg 13w, https:\/\/blogsaverroes.juntadeandalucia.es\/eielcastillo\/files\/2018\/08\/Boton-acceso-aula4A-19x36.jpg 19w, https:\/\/blogsaverroes.juntadeandalucia.es\/eielcastillo\/files\/2018\/08\/Boton-acceso-aula4A-26x48.jpg 26w, https:\/\/blogsaverroes.juntadeandalucia.es\/eielcastillo\/files\/2018\/08\/Boton-acceso-aula4A.jpg 165w\" sizes=\"(max-width: 54px) 100vw, 54px\" \/><\/a><\/p>\n<p><strong>\u2022 Tutor\u00edas con madres\/padres en el curso 2019-20<\/strong>: lunes de 17:00 a 18:00 previa consulta disponibilidad.<\/p>\n<p><strong>\u2022 Im\u00e1genes: <\/strong>(toca sobre la imagen para verla a mayor tama\u00f1o)<\/p>\n<h6><span style=\"color: #800080\">El grupo en el curso 2018-19<\/span><\/h6>\n<p><a href=\"https:\/\/blogsaverroes.juntadeandalucia.es\/eielcastillo\/files\/2018\/12\/FotoGrupo_3A_2018-19.jpg\"><img loading=\"lazy\" decoding=\"async\" class=\"alignnone size-medium wp-image-6232\" src=\"https:\/\/blogsaverroes.juntadeandalucia.es\/eielcastillo\/files\/2018\/12\/FotoGrupo_3A_2018-19-300x185.jpg\" alt=\"\" width=\"300\" height=\"185\" srcset=\"https:\/\/blogsaverroes.juntadeandalucia.es\/eielcastillo\/files\/2018\/12\/FotoGrupo_3A_2018-19-300x185.jpg 300w, https:\/\/blogsaverroes.juntadeandalucia.es\/eielcastillo\/files\/2018\/12\/FotoGrupo_3A_2018-19-768x474.jpg 768w, https:\/\/blogsaverroes.juntadeandalucia.es\/eielcastillo\/files\/2018\/12\/FotoGrupo_3A_2018-19-1024x631.jpg 1024w, https:\/\/blogsaverroes.juntadeandalucia.es\/eielcastillo\/files\/2018\/12\/FotoGrupo_3A_2018-19-24x15.jpg 24w, https:\/\/blogsaverroes.juntadeandalucia.es\/eielcastillo\/files\/2018\/12\/FotoGrupo_3A_2018-19-36x22.jpg 36w, https:\/\/blogsaverroes.juntadeandalucia.es\/eielcastillo\/files\/2018\/12\/FotoGrupo_3A_2018-19-48x30.jpg 48w, https:\/\/blogsaverroes.juntadeandalucia.es\/eielcastillo\/files\/2018\/12\/FotoGrupo_3A_2018-19.jpg 1600w\" sizes=\"(max-width: 300px) 100vw, 300px\" \/><\/a><\/p>\n<h6><span style=\"color: #800080\">El grupo en el curso 2019-20<\/span><\/h6>\n<p><a href=\"https:\/\/blogsaverroes.juntadeandalucia.es\/eielcastillo\/files\/2019\/10\/Fotogrupo4A_2019-20.jpg\"><img loading=\"lazy\" decoding=\"async\" class=\"alignnone size-medium wp-image-8405\" src=\"https:\/\/blogsaverroes.juntadeandalucia.es\/eielcastillo\/files\/2019\/10\/Fotogrupo4A_2019-20-300x199.jpg\" alt=\"\" width=\"300\" height=\"199\" srcset=\"https:\/\/blogsaverroes.juntadeandalucia.es\/eielcastillo\/files\/2019\/10\/Fotogrupo4A_2019-20-300x199.jpg 300w, https:\/\/blogsaverroes.juntadeandalucia.es\/eielcastillo\/files\/2019\/10\/Fotogrupo4A_2019-20-768x510.jpg 768w, https:\/\/blogsaverroes.juntadeandalucia.es\/eielcastillo\/files\/2019\/10\/Fotogrupo4A_2019-20-1024x680.jpg 1024w, https:\/\/blogsaverroes.juntadeandalucia.es\/eielcastillo\/files\/2019\/10\/Fotogrupo4A_2019-20-24x16.jpg 24w, https:\/\/blogsaverroes.juntadeandalucia.es\/eielcastillo\/files\/2019\/10\/Fotogrupo4A_2019-20-36x24.jpg 36w, https:\/\/blogsaverroes.juntadeandalucia.es\/eielcastillo\/files\/2019\/10\/Fotogrupo4A_2019-20-48x32.jpg 48w, https:\/\/blogsaverroes.juntadeandalucia.es\/eielcastillo\/files\/2019\/10\/Fotogrupo4A_2019-20.jpg 1600w\" sizes=\"(max-width: 300px) 100vw, 300px\" \/><\/a><\/p>\n<p><strong>\u2022 Documentos de inter\u00e9s 2019-20:<\/strong><\/p>\n<p>&#8211;<a href=\"https:\/\/blogsaverroes.juntadeandalucia.es\/eielcastillo\/files\/2019\/09\/Orden5ago2008_curriculoInfantil.pdf\">Orden de 5 de agosto de 2008, por la que se desarrolla el Curr\u00edculo correspondiente a la Educaci\u00f3n Infantil en Andaluc\u00eda<\/a>.<\/p>\n<p>&#8211;<a href=\"https:\/\/blogsaverroes.juntadeandalucia.es\/eielcastillo\/files\/2019\/09\/Documento_Desarrollarcapacidades_Nivel-INF4a\u00f1os.pdf\">Documento informativo sobre capacidades a desarrollar, objetivos, contenidos,&nbsp; criterios de evaluaci\u00f3n<\/a>.<em><br \/>\n<\/em><\/p>\n<p>&#8211;<a href=\"https:\/\/blogsaverroes.juntadeandalucia.es\/eielcastillo\/files\/2019\/09\/Documento_EstandaresAprendizajeBasicos_4-a\u00f1os.pdf\">Documento con los est\u00e1ndares b\u00e1sicos para el nivel de 4 a\u00f1os.<\/a><\/p>\n<p>&#8211;<a href=\"https:\/\/blogsaverroes.juntadeandalucia.es\/eielcastillo\/files\/2019\/10\/PropuestaPedag\u00f3gica_4a\u00f1os_2019-20.pdf\">Propuesta Pedag\u00f3gica para el curso<\/a><\/p>\n<p>&#8211;<a href=\"https:\/\/blogsaverroes.juntadeandalucia.es\/eielcastillo\/files\/2019\/10\/HorarioTiempos_4A_.pdf\">Horario&nbsp; semanal en el que se hace referencia a los tiempos y rutinas<\/a>.<\/p>\n<p>&#8211;<a href=\"https:\/\/blogsaverroes.juntadeandalucia.es\/eielcastillo\/files\/2019\/10\/PGA_2019-20_PlanActividadessComplementarias.pdf\">Plan de Actividades Complementarias 2019\/20<\/a>. Se trata de la previsi\u00f3n inicial que ir\u00e1 complet\u00e1ndose mes a mes. <span style=\"color: red\"><a href=\"https:\/\/blogsaverroes.juntadeandalucia.es\/eielcastillo\/?page_id=2208\">Ver p\u00e1gina de esta web en la que se ir\u00e1 complementando la informaci\u00f3n<\/a>.<\/span><\/p>\n<p>PARA CUALQUIER CONSULTA SOBRE ESTOS DOCUMENTOS U OTROS, DIRIGIRSE AL TUTOR O TUTORA DE SU HIJO\/A<\/p>\n","protected":false},"excerpt":{"rendered":"<p>\u2022 Responsable de la tutor\u00eda\/grupo: D. Juan Manuel Mart\u00ednez Ol\u00edas \u2022 Tutor\u00edas con madres\/padres en el curso 2019-20: lunes de 17:00 a 18:00 previa consulta&hellip;<\/p>\n","protected":false},"author":1,"featured_media":0,"parent":3391,"menu_order":3,"comment_status":"closed","ping_status":"open","template":"","meta":{"ngg_post_thumbnail":0,"footnotes":"","_mc_calendar":[]},"aioseo_notices":[],"_links":{"self":[{"href":"https:\/\/blogsaverroes.juntadeandalucia.es\/eielcastillo\/index.php?rest_route=\/wp\/v2\/pages\/428"}],"collection":[{"href":"https:\/\/blogsaverroes.juntadeandalucia.es\/eielcastillo\/index.php?rest_route=\/wp\/v2\/pages"}],"about":[{"href":"https:\/\/blogsaverroes.juntadeandalucia.es\/eielcastillo\/index.php?rest_route=\/wp\/v2\/types\/page"}],"author":[{"embeddable":true,"href":"https:\/\/blogsaverroes.juntadeandalucia.es\/eielcastillo\/index.php?rest_route=\/wp\/v2\/users\/1"}],"replies":[{"embeddable":true,"href":"https:\/\/blogsaverroes.juntadeandalucia.es\/eielcastillo\/index.php?rest_route=%2Fwp%2Fv2%2Fcomments&post=428"}],"version-history":[{"count":43,"href":"https:\/\/blogsaverroes.juntadeandalucia.es\/eielcastillo\/index.php?rest_route=\/wp\/v2\/pages\/428\/revisions"}],"predecessor-version":[{"id":8568,"href":"https:\/\/blogsaverroes.juntadeandalucia.es\/eielcastillo\/index.php?rest_route=\/wp\/v2\/pages\/428\/revisions\/8568"}],"up":[{"embeddable":true,"href":"https:\/\/blogsaverroes.juntadeandalucia.es\/eielcastillo\/index.php?rest_route=\/wp\/v2\/pages\/3391"}],"wp:attachment":[{"href":"https:\/\/blogsaverroes.juntadeandalucia.es\/eielcastillo\/index.php?rest_route=%2Fwp%2Fv2%2Fmedia&parent=428"}],"curies":[{"name":"wp","href":"https:\/\/api.w.org\/{rel}","templated":true}]}}