{"id":8062,"date":"2019-07-24T18:06:12","date_gmt":"2019-07-24T17:06:12","guid":{"rendered":"https:\/\/blogsaverroes.juntadeandalucia.es\/eielcastillo\/?page_id=8062"},"modified":"2023-08-12T11:27:12","modified_gmt":"2023-08-12T10:27:12","slug":"galerias-de-fotos","status":"publish","type":"page","link":"https:\/\/blogsaverroes.juntadeandalucia.es\/eielcastillo\/?page_id=8062","title":{"rendered":"Galer\u00edas de im\u00e1genes"},"content":{"rendered":"<p><a href=\"https:\/\/blogsaverroes.juntadeandalucia.es\/eielcastillo\/files\/2018\/08\/Boton-acceso-albumdeimagenes.jpg\"><img loading=\"lazy\" decoding=\"async\" class=\"alignnone size-full wp-image-5513\" src=\"https:\/\/blogsaverroes.juntadeandalucia.es\/eielcastillo\/files\/2018\/08\/Boton-acceso-albumdeimagenes.jpg\" alt=\"\" width=\"283\" height=\"142\" srcset=\"https:\/\/blogsaverroes.juntadeandalucia.es\/eielcastillo\/files\/2018\/08\/Boton-acceso-albumdeimagenes.jpg 283w, https:\/\/blogsaverroes.juntadeandalucia.es\/eielcastillo\/files\/2018\/08\/Boton-acceso-albumdeimagenes-24x12.jpg 24w, https:\/\/blogsaverroes.juntadeandalucia.es\/eielcastillo\/files\/2018\/08\/Boton-acceso-albumdeimagenes-36x18.jpg 36w, https:\/\/blogsaverroes.juntadeandalucia.es\/eielcastillo\/files\/2018\/08\/Boton-acceso-albumdeimagenes-48x24.jpg 48w\" sizes=\"(max-width: 283px) 100vw, 283px\" \/><\/a><\/p>\n<h3><span style=\"color: #ff0000\"><strong>CURSO 2022-23:<\/strong><\/span><\/h3>\n<p><a href=\"https:\/\/blogsaverroes.juntadeandalucia.es\/eielcastillo\/?page_id=15833\"><img loading=\"lazy\" decoding=\"async\" class=\"alignnone wp-image-15863 \" src=\"https:\/\/blogsaverroes.juntadeandalucia.es\/eielcastillo\/files\/2023\/06\/Imagen_pagActCom_jun2023-300x212.jpg\" alt=\"\" width=\"140\" height=\"99\" srcset=\"https:\/\/blogsaverroes.juntadeandalucia.es\/eielcastillo\/files\/2023\/06\/Imagen_pagActCom_jun2023-300x212.jpg 300w, https:\/\/blogsaverroes.juntadeandalucia.es\/eielcastillo\/files\/2023\/06\/Imagen_pagActCom_jun2023.jpg 486w\" sizes=\"(max-width: 140px) 100vw, 140px\" \/><\/a> <a href=\"https:\/\/blogsaverroes.juntadeandalucia.es\/eielcastillo\/?page_id=15586\"><img loading=\"lazy\" decoding=\"async\" class=\"alignnone wp-image-15592\" src=\"https:\/\/blogsaverroes.juntadeandalucia.es\/eielcastillo\/files\/2023\/05\/Imagen_pagActCom_may2023.jpg\" alt=\"\" width=\"140\" height=\"100\" srcset=\"https:\/\/blogsaverroes.juntadeandalucia.es\/eielcastillo\/files\/2023\/05\/Imagen_pagActCom_may2023.jpg 485w, https:\/\/blogsaverroes.juntadeandalucia.es\/eielcastillo\/files\/2023\/05\/Imagen_pagActCom_may2023-300x214.jpg 300w\" sizes=\"(max-width: 140px) 100vw, 140px\" \/><\/a> <a href=\"https:\/\/blogsaverroes.juntadeandalucia.es\/eielcastillo\/?page_id=15422\"><img loading=\"lazy\" decoding=\"async\" class=\"alignnone wp-image-15436\" src=\"https:\/\/blogsaverroes.juntadeandalucia.es\/eielcastillo\/files\/2023\/04\/Imagen_pagActCom_abr2023.jpg\" alt=\"\" width=\"140\" height=\"99\" srcset=\"https:\/\/blogsaverroes.juntadeandalucia.es\/eielcastillo\/files\/2023\/04\/Imagen_pagActCom_abr2023.jpg 504w, https:\/\/blogsaverroes.juntadeandalucia.es\/eielcastillo\/files\/2023\/04\/Imagen_pagActCom_abr2023-300x213.jpg 300w\" sizes=\"(max-width: 140px) 100vw, 140px\" \/><\/a> <a href=\"https:\/\/blogsaverroes.juntadeandalucia.es\/eielcastillo\/?page_id=15178\"><img loading=\"lazy\" decoding=\"async\" class=\"alignnone wp-image-15176\" src=\"https:\/\/blogsaverroes.juntadeandalucia.es\/eielcastillo\/files\/2023\/02\/Imagen_pagActCom_mar2023.jpg\" alt=\"\" width=\"140\" height=\"99\" srcset=\"https:\/\/blogsaverroes.juntadeandalucia.es\/eielcastillo\/files\/2023\/02\/Imagen_pagActCom_mar2023.jpg 504w, https:\/\/blogsaverroes.juntadeandalucia.es\/eielcastillo\/files\/2023\/02\/Imagen_pagActCom_mar2023-300x213.jpg 300w\" sizes=\"(max-width: 140px) 100vw, 140px\" \/><\/a> <a href=\"https:\/\/blogsaverroes.juntadeandalucia.es\/eielcastillo\/?page_id=14938\"><img loading=\"lazy\" decoding=\"async\" class=\"alignnone wp-image-14936\" src=\"https:\/\/blogsaverroes.juntadeandalucia.es\/eielcastillo\/files\/2023\/02\/Imagen_pagActCom_feb2023.jpg\" alt=\"\" width=\"140\" height=\"99\" srcset=\"https:\/\/blogsaverroes.juntadeandalucia.es\/eielcastillo\/files\/2023\/02\/Imagen_pagActCom_feb2023.jpg 477w, https:\/\/blogsaverroes.juntadeandalucia.es\/eielcastillo\/files\/2023\/02\/Imagen_pagActCom_feb2023-300x212.jpg 300w\" sizes=\"(max-width: 140px) 100vw, 140px\" \/><\/a> <a href=\"https:\/\/blogsaverroes.juntadeandalucia.es\/eielcastillo\/?page_id=14745\"><img loading=\"lazy\" decoding=\"async\" class=\"alignnone wp-image-14751\" src=\"https:\/\/blogsaverroes.juntadeandalucia.es\/eielcastillo\/files\/2023\/01\/Imagen_pagActCom_ene2023.jpg\" alt=\"\" width=\"135\" height=\"100\" srcset=\"https:\/\/blogsaverroes.juntadeandalucia.es\/eielcastillo\/files\/2023\/01\/Imagen_pagActCom_ene2023.jpg 501w, https:\/\/blogsaverroes.juntadeandalucia.es\/eielcastillo\/files\/2023\/01\/Imagen_pagActCom_ene2023-300x222.jpg 300w\" sizes=\"(max-width: 135px) 100vw, 135px\" \/><\/a> <a href=\"https:\/\/blogsaverroes.juntadeandalucia.es\/eielcastillo\/?page_id=14441\"><img loading=\"lazy\" decoding=\"async\" class=\"alignnone wp-image-14446\" src=\"https:\/\/blogsaverroes.juntadeandalucia.es\/eielcastillo\/files\/2022\/11\/Imagen_pagActCom_dic2022.jpg\" alt=\"\" width=\"140\" height=\"101\" srcset=\"https:\/\/blogsaverroes.juntadeandalucia.es\/eielcastillo\/files\/2022\/11\/Imagen_pagActCom_dic2022.jpg 469w, https:\/\/blogsaverroes.juntadeandalucia.es\/eielcastillo\/files\/2022\/11\/Imagen_pagActCom_dic2022-300x217.jpg 300w\" sizes=\"(max-width: 140px) 100vw, 140px\" \/><\/a> <a href=\"https:\/\/blogsaverroes.juntadeandalucia.es\/eielcastillo\/?page_id=14187\"><img loading=\"lazy\" decoding=\"async\" class=\"alignnone wp-image-14423\" src=\"https:\/\/blogsaverroes.juntadeandalucia.es\/eielcastillo\/files\/2022\/11\/Imagen_pagActCom_nov2022.jpg\" alt=\"\" width=\"140\" height=\"101\" srcset=\"https:\/\/blogsaverroes.juntadeandalucia.es\/eielcastillo\/files\/2022\/11\/Imagen_pagActCom_nov2022.jpg 470w, https:\/\/blogsaverroes.juntadeandalucia.es\/eielcastillo\/files\/2022\/11\/Imagen_pagActCom_nov2022-300x217.jpg 300w\" sizes=\"(max-width: 140px) 100vw, 140px\" \/><\/a> <a href=\"https:\/\/blogsaverroes.juntadeandalucia.es\/eielcastillo\/?page_id=13678\"><img loading=\"lazy\" decoding=\"async\" class=\"alignnone wp-image-13787\" src=\"https:\/\/blogsaverroes.juntadeandalucia.es\/eielcastillo\/files\/2022\/10\/Imagen_pagActCom_oct2022.jpg\" alt=\"\" width=\"140\" height=\"105\"><\/a> <a href=\"https:\/\/blogsaverroes.juntadeandalucia.es\/eielcastillo\/?page_id=13569\"><img loading=\"lazy\" decoding=\"async\" class=\"alignnone wp-image-13788\" src=\"https:\/\/blogsaverroes.juntadeandalucia.es\/eielcastillo\/files\/2022\/10\/Imagen_pagActCom_sep2022.jpg\" alt=\"\" width=\"140\" height=\"105\"><\/a><\/p>\n<p>Toca sobre cada una de las im\u00e1genes anteriores para acceder a su galer\u00eda.<\/p>\n<p>&nbsp;<\/p>\n<h3><span style=\"color: #ff0000\"><strong>CURSO 2021-22:<\/strong><\/span><\/h3>\n<p style=\"padding-left: 40px\"><span style=\"color: #008000\"><strong>&#8211;<a style=\"color: #008000\" href=\"https:\/\/blogsaverroes.juntadeandalucia.es\/eielcastillo\/?page_id=11628\">Galer\u00eda, im\u00e1genes de actividades JUNIO 2022<\/a><\/strong><\/span><\/p>\n<p style=\"padding-left: 40px\"><span style=\"color: #008000\"><strong>&#8211;<a style=\"color: #008000\" href=\"https:\/\/blogsaverroes.juntadeandalucia.es\/eielcastillo\/?page_id=11626\">Galer\u00eda, im\u00e1genes de actividades MAYO 2022<\/a><\/strong><\/span><\/p>\n<p style=\"padding-left: 40px\"><span style=\"color: #008000\"><strong>&#8211;<a style=\"color: #008000\" href=\"https:\/\/blogsaverroes.juntadeandalucia.es\/eielcastillo\/?page_id=11624\">Galer\u00eda, im\u00e1genes de actividades ABRIL 2022<\/a><\/strong><\/span><\/p>\n<p style=\"padding-left: 40px\"><span style=\"color: #008000\"><strong>&#8211;<a style=\"color: #008000\" href=\"https:\/\/blogsaverroes.juntadeandalucia.es\/eielcastillo\/?page_id=11622\">Galer\u00eda, im\u00e1genes de actividades MARZO 2022<\/a><\/strong><\/span><\/p>\n<p style=\"padding-left: 40px\"><span style=\"color: #008000\"><strong>&#8211;<a style=\"color: #008000\" href=\"https:\/\/blogsaverroes.juntadeandalucia.es\/eielcastillo\/?page_id=11618\">Galer\u00eda, im\u00e1genes de actividades FEBRERO 2022<\/a><\/strong><\/span><\/p>\n<p style=\"padding-left: 40px\"><span style=\"color: #008000\"><strong>&#8211;<a style=\"color: #008000\" href=\"https:\/\/blogsaverroes.juntadeandalucia.es\/eielcastillo\/?page_id=11616\">Galer\u00eda, im\u00e1genes de actividades ENERO 2022<\/a><\/strong><\/span><\/p>\n<p style=\"padding-left: 40px\"><span style=\"color: #008000\"><strong>&#8211;<a style=\"color: #008000\" href=\"https:\/\/blogsaverroes.juntadeandalucia.es\/eielcastillo\/?page_id=11614\">Galer\u00eda, im\u00e1genes de actividades DICIEMBRE 2021<\/a><\/strong><\/span><\/p>\n<p style=\"padding-left: 40px\"><span style=\"color: #008000\"><strong>&#8211;<a style=\"color: #008000\" href=\"https:\/\/blogsaverroes.juntadeandalucia.es\/eielcastillo\/?page_id=11612\">Galer\u00eda, im\u00e1genes de actividades NOVIEMBRE 2021<\/a><\/strong><\/span><\/p>\n<p style=\"padding-left: 40px\"><span style=\"color: #008000\"><strong><span style=\"color: #008000\">&#8211;<\/span><a href=\"https:\/\/blogsaverroes.juntadeandalucia.es\/eielcastillo\/?page_id=11610\"><span style=\"color: #008000\">Galer\u00eda, im\u00e1genes de actividades OCTUBRE 2021<\/span><\/a><\/strong><\/span><\/p>\n<h3><span style=\"color: #ff0000\"><strong>CURSO 2020-21:<\/strong><\/span><\/h3>\n<p style=\"padding-left: 40px\"><span style=\"color: #800000\"><strong>&#8211;<a style=\"color: #800000\" href=\"https:\/\/blogsaverroes.juntadeandalucia.es\/eielcastillo\/?page_id=11157\">Galer\u00eda, im\u00e1genes de actividades JUNIO 2021<\/a><\/strong><\/span><\/p>\n<p style=\"padding-left: 40px\"><span style=\"color: #800000\"><strong>&#8211;<a style=\"color: #800000\" href=\"https:\/\/blogsaverroes.juntadeandalucia.es\/eielcastillo\/?page_id=11155\">Galer\u00eda, im\u00e1genes de actividades MAYO 2021<\/a><\/strong><\/span><\/p>\n<p style=\"padding-left: 40px\"><span style=\"color: #800000\"><strong>&#8211;<a style=\"color: #800000\" href=\"https:\/\/blogsaverroes.juntadeandalucia.es\/eielcastillo\/?page_id=10879\">Galer\u00eda, im\u00e1genes de actividades ABRIL 2021<\/a><\/strong><\/span><\/p>\n<p style=\"padding-left: 40px\"><span style=\"color: #800000\"><strong>&#8211;<a style=\"color: #800000\" href=\"https:\/\/blogsaverroes.juntadeandalucia.es\/eielcastillo\/?page_id=10741\">Galer\u00eda, im\u00e1genes de actividades MARZO 2021<\/a><\/strong><\/span><\/p>\n<p style=\"padding-left: 40px\"><span style=\"color: #800000\"><strong>&#8211;<a style=\"color: #800000\" href=\"https:\/\/blogsaverroes.juntadeandalucia.es\/eielcastillo\/?page_id=10616\">Galer\u00eda, im\u00e1genes de actividades FEBRERO 2021<\/a><\/strong><\/span><\/p>\n<p style=\"padding-left: 40px\"><span style=\"color: #800000\"><strong>&#8211;<a style=\"color: #800000\" href=\"https:\/\/blogsaverroes.juntadeandalucia.es\/eielcastillo\/?page_id=10444\">Galer\u00eda, im\u00e1genes de actividades ENERO 2021<\/a><\/strong><\/span><\/p>\n<p style=\"padding-left: 40px\"><span style=\"color: #800000\"><strong>&#8211;<a style=\"color: #800000\" href=\"https:\/\/blogsaverroes.juntadeandalucia.es\/eielcastillo\/?page_id=10354\">Galer\u00eda, im\u00e1genes de actividades DICIEMBRE 2020<\/a><\/strong><\/span><\/p>\n<p style=\"padding-left: 40px\"><span style=\"color: #800000\"><strong>&#8211;<a style=\"color: #800000\" href=\"https:\/\/blogsaverroes.juntadeandalucia.es\/eielcastillo\/?page_id=10259\">Galer\u00eda, im\u00e1genes de actividades NOVIEMBRE 2020<\/a><\/strong><\/span><\/p>\n<p style=\"padding-left: 40px\"><span style=\"color: #800000\"><strong>&#8211;<a style=\"color: #800000\" href=\"https:\/\/blogsaverroes.juntadeandalucia.es\/eielcastillo\/?page_id=10227\">Galer\u00eda, im\u00e1genes de actividades OCTUBRE 2020<\/a><\/strong><\/span><\/p>\n<h3><span style=\"color: #ff0000\"><strong>CURSO 2019-20:<\/strong><\/span><\/h3>\n<p style=\"padding-left: 40px\"><span style=\"color: #0000ff\"><strong>&#8211;<a style=\"color: #0000ff\" href=\"https:\/\/blogsaverroes.juntadeandalucia.es\/eielcastillo\/?page_id=9411\">Galer\u00eda, im\u00e1genes de actividades FEBRERO 2020<\/a><\/strong><\/span><\/p>\n<p style=\"padding-left: 40px\"><span style=\"color: #0000ff\"><strong>&#8211;<a style=\"color: #0000ff\" href=\"https:\/\/blogsaverroes.juntadeandalucia.es\/eielcastillo\/?page_id=9408\">Galer\u00eda, im\u00e1genes de actividades ENERO 2020<\/a><\/strong><\/span><\/p>\n<p style=\"padding-left: 40px\"><span style=\"color: #0000ff\"><strong>&#8211;<a style=\"color: #0000ff\" href=\"https:\/\/blogsaverroes.juntadeandalucia.es\/eielcastillo\/?page_id=9404\">Galer\u00eda, im\u00e1genes de actividades DICIEMBRE 2019<\/a><\/strong><\/span><\/p>\n<p style=\"padding-left: 40px\"><span style=\"color: #0000ff\"><strong>&#8211;<a style=\"color: #0000ff\" href=\"https:\/\/blogsaverroes.juntadeandalucia.es\/eielcastillo\/?page_id=9401\">Galer\u00eda, im\u00e1genes de actividades NOVIEMBRE 2019<\/a><\/strong><\/span><\/p>\n<p style=\"padding-left: 40px\"><span style=\"color: #0000ff\"><strong>&#8211;<\/strong><\/span><a href=\"https:\/\/blogsaverroes.juntadeandalucia.es\/eielcastillo\/?page_id=8799\"><span style=\"color: #333300\"><span style=\"color: #339966\"><span style=\"color: #0000ff\"><strong>Galer\u00eda, im\u00e1genes de actividades OCTUBRE 2019<\/strong><\/span><\/span><\/span><\/a><\/p>\n<h3><span style=\"color: #ff0000\"><strong>CURSO 2018-19:<\/strong><\/span><\/h3>\n<p style=\"padding-left: 40px\"><span style=\"color: #ff6600\"><strong>&#8211;<a style=\"color: #ff6600\" href=\"https:\/\/blogsaverroes.juntadeandalucia.es\/eielcastillo\/?page_id=8064\">Galer\u00eda, im\u00e1genes de actividades JUNIO 2019<\/a><\/strong><\/span><\/p>\n<p style=\"padding-left: 40px\"><span style=\"color: #ff6600\"><strong>&#8211;<a style=\"color: #ff6600\" href=\"https:\/\/blogsaverroes.juntadeandalucia.es\/eielcastillo\/?page_id=8069\">Galer\u00eda, im\u00e1genes de actividades MAYO 2019<\/a><\/strong><\/span><\/p>\n<p style=\"padding-left: 40px\"><span style=\"color: #ff6600\"><strong>&#8211;<a style=\"color: #ff6600\" href=\"https:\/\/blogsaverroes.juntadeandalucia.es\/eielcastillo\/?page_id=8073\">Galer\u00eda, im\u00e1genes de actividades ABRIL 2019<\/a><\/strong><\/span><\/p>\n<p style=\"padding-left: 40px\"><span style=\"color: #ff6600\"><strong>&#8211;<a style=\"color: #ff6600\" href=\"https:\/\/blogsaverroes.juntadeandalucia.es\/eielcastillo\/?page_id=8075\">Galer\u00eda, im\u00e1genes de actividades MARZO 2019<\/a><\/strong><\/span><\/p>\n<p style=\"padding-left: 40px\"><span style=\"color: #ff6600\"><strong>&#8211;<a style=\"color: #ff6600\" href=\"https:\/\/blogsaverroes.juntadeandalucia.es\/eielcastillo\/?page_id=8077\">Galer\u00eda, im\u00e1genes de actividades FEBRERO 2019<\/a><\/strong><\/span><\/p>\n<p style=\"padding-left: 40px\"><span style=\"color: #ff6600\"><strong>&#8211;<a style=\"color: #ff6600\" href=\"https:\/\/blogsaverroes.juntadeandalucia.es\/eielcastillo\/?page_id=8079\">Galer\u00eda, im\u00e1genes de actividades ENERO 2019<\/a><\/strong><\/span><\/p>\n<p style=\"padding-left: 40px\"><span style=\"color: #ff6600\"><strong>&#8211;<a style=\"color: #ff6600\" href=\"https:\/\/blogsaverroes.juntadeandalucia.es\/eielcastillo\/?page_id=8081\">Galer\u00eda, im\u00e1genes de actividades DICIEMBRE 2018<\/a><\/strong><\/span><\/p>\n<p style=\"padding-left: 40px\"><span style=\"color: #ff6600\"><strong>&#8211;<a style=\"color: #ff6600\" href=\"https:\/\/blogsaverroes.juntadeandalucia.es\/eielcastillo\/?page_id=8085\">Galer\u00eda, im\u00e1genes de actividades NOVIEMBRE 2018<\/a><\/strong><\/span><\/p>\n<p style=\"padding-left: 40px\"><span style=\"color: #ff6600\"><strong>&#8211;<\/strong><\/span><a href=\"https:\/\/blogsaverroes.juntadeandalucia.es\/eielcastillo\/?page_id=8088\"><span style=\"color: #ff6600\"><strong>Galer\u00eda, im\u00e1genes de actividades OCTUBRE 2018<\/strong><\/span><\/a><\/p>\n<h3><span style=\"color: #ff0000\"><strong>CURSO 2017-18:<\/strong><\/span><\/h3>\n<p style=\"padding-left: 40px\"><span style=\"color: #333399\"><strong>&#8211;<a style=\"color: #333399\" href=\"https:\/\/blogsaverroes.juntadeandalucia.es\/eielcastillo\/?page_id=8109\">Galer\u00eda, im\u00e1genes de actividades JUNIO 2018<\/a><\/strong><\/span><\/p>\n<p style=\"padding-left: 40px\"><span style=\"color: #333399\"><strong>&#8211;<a style=\"color: #333399\" href=\"https:\/\/blogsaverroes.juntadeandalucia.es\/eielcastillo\/?page_id=8111\">Galer\u00eda, im\u00e1genes de actividades MAYO 2018<\/a><\/strong><\/span><\/p>\n<p style=\"padding-left: 40px\"><span style=\"color: #333399\"><strong>&#8211;<a style=\"color: #333399\" href=\"https:\/\/blogsaverroes.juntadeandalucia.es\/eielcastillo\/?page_id=8115\">Galer\u00eda, im\u00e1genes de actividades ABRIL 2018<\/a><\/strong><\/span><\/p>\n<p style=\"padding-left: 40px\"><span style=\"color: #333399\"><strong>&#8211;<a style=\"color: #333399\" href=\"https:\/\/blogsaverroes.juntadeandalucia.es\/eielcastillo\/?page_id=8117\">Galer\u00eda, im\u00e1genes de actividades MARZO 2018<\/a><\/strong><\/span><\/p>\n<p style=\"padding-left: 40px\"><span style=\"color: #333399\"><strong>&#8211;<a style=\"color: #333399\" href=\"https:\/\/blogsaverroes.juntadeandalucia.es\/eielcastillo\/?page_id=8119\">Galer\u00eda, im\u00e1genes de actividades FEBRERO 2018<\/a><\/strong><\/span><\/p>\n<p style=\"padding-left: 40px\"><span style=\"color: #333399\"><strong>&#8211;<a style=\"color: #333399\" href=\"https:\/\/blogsaverroes.juntadeandalucia.es\/eielcastillo\/?page_id=8122\">Galer\u00eda, im\u00e1genes de actividades ENERO 2018<\/a><\/strong><\/span><\/p>\n<p style=\"padding-left: 40px\"><span style=\"color: #333399\"><strong>&#8211;<a style=\"color: #333399\" href=\"https:\/\/blogsaverroes.juntadeandalucia.es\/eielcastillo\/?page_id=8124\">Galer\u00eda, im\u00e1genes de actividades DICIEMBRE 2017<\/a><\/strong><\/span><\/p>\n<p style=\"padding-left: 40px\"><span style=\"color: #333399\"><strong>&#8211;<a style=\"color: #333399\" href=\"https:\/\/blogsaverroes.juntadeandalucia.es\/eielcastillo\/?page_id=8126\">Galer\u00eda, im\u00e1genes de actividades NOVIEMBRE 2017<\/a><\/strong><\/span><\/p>\n<p style=\"padding-left: 40px\"><span style=\"color: #333399\"><strong>&#8211;<\/strong><\/span><a href=\"https:\/\/blogsaverroes.juntadeandalucia.es\/eielcastillo\/?page_id=8128\"><span style=\"color: #800000\"><span style=\"color: #333399\"><strong>Galer\u00eda, im\u00e1genes de actividades OCTUBRE 2017<\/strong><\/span><\/span><\/a><\/p>\n<p>&nbsp;<\/p>\n","protected":false},"excerpt":{"rendered":"<p>CURSO 2022-23: Toca sobre cada una de las im\u00e1genes anteriores para acceder a su galer\u00eda. &nbsp; CURSO 2021-22: &#8211;Galer\u00eda, im\u00e1genes de actividades JUNIO 2022 &#8211;Galer\u00eda,&hellip;<\/p>\n","protected":false},"author":3249,"featured_media":0,"parent":0,"menu_order":0,"comment_status":"closed","ping_status":"closed","template":"","meta":{"ngg_post_thumbnail":0,"footnotes":"","_mc_calendar":[]},"aioseo_notices":[],"_links":{"self":[{"href":"https:\/\/blogsaverroes.juntadeandalucia.es\/eielcastillo\/index.php?rest_route=\/wp\/v2\/pages\/8062"}],"collection":[{"href":"https:\/\/blogsaverroes.juntadeandalucia.es\/eielcastillo\/index.php?rest_route=\/wp\/v2\/pages"}],"about":[{"href":"https:\/\/blogsaverroes.juntadeandalucia.es\/eielcastillo\/index.php?rest_route=\/wp\/v2\/types\/page"}],"author":[{"embeddable":true,"href":"https:\/\/blogsaverroes.juntadeandalucia.es\/eielcastillo\/index.php?rest_route=\/wp\/v2\/users\/3249"}],"replies":[{"embeddable":true,"href":"https:\/\/blogsaverroes.juntadeandalucia.es\/eielcastillo\/index.php?rest_route=%2Fwp%2Fv2%2Fcomments&post=8062"}],"version-history":[{"count":25,"href":"https:\/\/blogsaverroes.juntadeandalucia.es\/eielcastillo\/index.php?rest_route=\/wp\/v2\/pages\/8062\/revisions"}],"predecessor-version":[{"id":16083,"href":"https:\/\/blogsaverroes.juntadeandalucia.es\/eielcastillo\/index.php?rest_route=\/wp\/v2\/pages\/8062\/revisions\/16083"}],"wp:attachment":[{"href":"https:\/\/blogsaverroes.juntadeandalucia.es\/eielcastillo\/index.php?rest_route=%2Fwp%2Fv2%2Fmedia&parent=8062"}],"curies":[{"name":"wp","href":"https:\/\/api.w.org\/{rel}","templated":true}]}}